{"id":2547,"date":"2025-07-17T11:33:38","date_gmt":"2025-07-17T11:33:38","guid":{"rendered":"https:\/\/roscar.ma\/?page_id=2547"},"modified":"2025-07-26T20:13:44","modified_gmt":"2025-07-26T20:13:44","slug":"tanca-arac-kiralama","status":"publish","type":"page","link":"https:\/\/roscar.ma\/tr\/tanca-arac-kiralama\/","title":{"rendered":"Tanca Ara\u00e7 Kiralama"},"content":{"rendered":"<h2>RosCar&#8217;dan Tanca Ara\u00e7 Kiralama<\/h2>\n<p>Kuzey Fas, iki k\u0131tan\u0131n (Avrupa ve Afrika) bulu\u015ftu\u011fu, iklimin y\u0131l\u0131n 365 g\u00fcn\u00fc s\u0131cak oldu\u011fu ve her zaman parlak an\u0131lar\u0131n oldu\u011fu yerdir. Burada Tangier \u015fehrinde araba kiralayabilir ve seyahatinizi yepyeni bir seviyeye ta\u015f\u0131yabilirsiniz:<\/p>\n<ul>\n<li>Toplu ta\u015f\u0131ma veya taksiler i\u00e7in daha az harcama<\/li>\n<li>\u0130stedi\u011finiz zaman hareket etme \u00f6zg\u00fcrl\u00fc\u011f\u00fc<\/li>\n<li>7\/24 kolay teslim alma ve rezervasyon<\/li>\n<li>Y\u00fcksek kalite ile ucuz fiyatlar.<\/li>\n<\/ul>\n<p>Hala harcad\u0131\u011f\u0131n\u0131z her dolar i\u00e7in en iyi de\u011feri mi ar\u0131yorsunuz? O zaman RosCar&#8217;da arac\u0131n\u0131z\u0131 aray\u0131n, rezervasyon yap\u0131n ve onay i\u00e7in kart\u0131n\u0131z\u0131 kullan\u0131n (tutar\u0131n %20&#8217;sine kadar). Evet, bu kadar kolay.<\/p>\n<h2>Tanca Ara\u00e7 Kiralama: Rehber<\/h2>\n<p>B\u00fct\u00e7enizi, seyahat tarz\u0131n\u0131z\u0131 ve ihtiya\u00e7lar\u0131n\u0131z\u0131 g\u00f6z \u00f6n\u00fcnde bulundurarak do\u011fru Tanca kiral\u0131k arac\u0131 se\u00e7mek kolay bir i\u015f gibi g\u00f6r\u00fcnmeyebilir. Ancak sizi gitmek istedi\u011finiz yere g\u00f6t\u00fcrmek i\u00e7in iki ad\u0131m yeterlidir.<\/p>\n<h3>1. Ara\u00e7 tipi<\/h3>\n<p>Geni\u015f mi yoksa kompakt m\u0131, ucuz mu yoksa pahal\u0131 m\u0131 olmal\u0131? Kendinizinkini se\u00e7mek i\u00e7in filtreleri kullan\u0131n:<\/p>\n<ul>\n<li>Ekonomik araba<\/li>\n<li>Kompakt araba<\/li>\n<li>SUV veya Crossover<\/li>\n<li>Mini araba<\/li>\n<li>Standart araba<\/li>\n<li>L\u00fcks araba<\/li>\n<li>\u00dcst\u00fc A\u00e7\u0131labilir<\/li>\n<li>Van, Minivan ve daha fazlas\u0131.<\/li>\n<\/ul>\n<h3>2. Ek hizmetler<\/h3>\n<p>Bu, a\u015fa\u011f\u0131daki \u00f6zelliklerle seyahatlerinizin kalitesini art\u0131rman\u0131n en kolay ve en uygun fiyatl\u0131 yolu olabilir:<\/p>\n<ul>\n<li>\u00dccretsiz iptal: Bu se\u00e7enek yaln\u0131zca ba\u015flang\u0131\u00e7 tarihinden 48 saat \u00f6nce kullan\u0131labilir.<\/li>\n<li>Kredi kart\u0131 gerekmez: Her zaman aralar\u0131ndan se\u00e7im yapabilece\u011finiz \u00e7ok say\u0131da ara\u00e7 vard\u0131r.<\/li>\n<li>SIM kart: Seyahat ederken herkesin h\u0131zl\u0131 internete veya aramalara ihtiyac\u0131 vard\u0131r.<\/li>\n<li>Ek s\u00fcr\u00fcc\u00fc: Sizin i\u00e7in ara\u00e7 kullanmaya haz\u0131r birinin olmas\u0131 her zaman iyidir.<\/li>\n<li>S\u0131n\u0131rs\u0131z Kilometre: Tangier&#8217;de ucuz bir araba kiralamaya harika bir ek.<\/li>\n<li>Depozito yok: 10-15 daha pahal\u0131 olabilir, ancak kredi kartlar\u0131nda depozito blokaj\u0131 yoktur.<\/li>\n<li>\u00c7ocuk koltu\u011fu: 10 ya\u015f\u0131n alt\u0131ndaki \u00e7ocuklar yaln\u0131zca \u00e7ocuk koltu\u011funda (arka s\u0131ra) ta\u015f\u0131nabilir.<\/li>\n<li>Ek sigorta: SuperCDW veya Tam Kapsam ile finansal \u00f6zg\u00fcrl\u00fck konusunda endi\u015felenmenize gerek yok.<\/li>\n<li>Garantili model: Toyota Corolla i\u00e7in mi rezervasyon yapt\u0131n\u0131z? Tam olarak Toyota Corolla alacaks\u0131n\u0131z.<\/li>\n<li>\u015eanz\u0131man: Manuel vs Otomatik. Ucuz vs Konforlu.<\/li>\n<\/ul>\n<blockquote class=\"info\">\n<h2>Tangier ara\u00e7 kiralama: Rezervasyon<\/h2>\n<p>Be\u015f dakikan\u0131z var m\u0131? O zaman RosCar&#8217;da herhangi bir arac\u0131 \u015fu \u015fekilde kiralayabilirsiniz:<\/p>\n<ol>\n<li>Ba\u015flang\u0131\u00e7-Biti\u015f tarihlerini ve konumlar\u0131 belirtin.<\/li>\n<li>Filtrelere gidin ve uygun bulduklar\u0131n\u0131za t\u0131klay\u0131n. Bir liste al\u0131n.<\/li>\n<li>\u015eimdi Rezervasyon Yap ile arac\u0131n\u0131z\u0131 se\u00e7in.<\/li>\n<li>Formda \u00f6deme t\u00fcr\u00fcn\u00fc, sigortay\u0131 ve ekstra \u00f6zellikleri se\u00e7in.<\/li>\n<li>Di\u011fer bilgileri ekleyin ve Onaylay\u0131n.<\/li>\n<li>\u015eimdi \u00d6de.<\/li>\n<\/ol>\n<p>Tangier ara\u00e7 kiralama, ehliyeti (21 ya\u015f \u00fcst\u00fc) ve banka kart\u0131 (onay \u00f6demesi i\u00e7in% 20&#8217;ye kadar) olan herkes taraf\u0131ndan rezerve edilebilir. Kalan k\u0131sm\u0131n %80&#8217;i formda belirtti\u011finiz herhangi bir y\u00f6ntemle yerinde \u00f6denir.<\/p><\/blockquote>\n<h2>Ara\u00e7 kiralama Tangier fiyat<\/h2>\n<p>Fas&#8217;\u0131n bu b\u00f6lgesinde, Tangier&#8217;de ara\u00e7 kiralama i\u00e7in olduk\u00e7a d\u00fc\u015f\u00fck fiyatlar bulabilirsiniz:<\/p>\n<ul>\n<li>Ekonomi veya Mini i\u00e7in 15-20 $<\/li>\n<li>Standart i\u00e7in $25-30<\/li>\n<li>Minivan, SUV, 4&#215;4 veya Crossover i\u00e7in 35-50 $<\/li>\n<li>L\u00fcks veya Cabrio i\u00e7in 60$+.<\/li>\n<\/ul>\n<p>Turizm sezonunun ortas\u0131nda fiyatlar %60&#8217;a kadar artabilir, hatta daha da y\u00fckselebilir. Bu nedenle, daha d\u00fc\u015f\u00fck maliyetler i\u00e7in a\u015fa\u011f\u0131daki hayat hilelerini dikkate almal\u0131s\u0131n\u0131z:<\/p>\n<ul>\n<li>M\u00fcmk\u00fcn oldu\u011funca erken rezervasyon yapt\u0131r\u0131n<\/li>\n<li>B\u00fct\u00e7enizi tehdit etmeyen bir ara\u00e7 t\u00fcr\u00fc se\u00e7in<\/li>\n<li>\u00dccretsiz \u00f6zellikleri aray\u0131n (Depozito yok, kredi kart\u0131 yok, s\u0131n\u0131rs\u0131z kilometre, vb.)<\/li>\n<li>Ba\u015flang\u0131\u00e7 tarihini hafta ortas\u0131 olarak belirleyin.<\/li>\n<\/ul>\n<p>Ayr\u0131ca fiyat\u0131 da kar\u015f\u0131la\u015ft\u0131rmal\u0131s\u0131n\u0131z:<\/p>\n<h3>Tangier, Fas ara\u00e7 kiralama fiyatlar\u0131 tablosu<\/h3>\n<table>\n<thead>\n<tr>\n<th>Araba modeli<\/th>\n<th>V\u00fccut tipi<\/th>\n<th>G\u00fcnl\u00fck fiyat (d\u00fc\u015f\u00fck sezon)<\/th>\n<th>G\u00fcnl\u00fck fiyat (y\u00fcksek sezon)<\/th>\n<th>Yolcular<\/th>\n<th>Bagaj kapasitesi<\/th>\n<\/tr>\n<\/thead>\n<tbody>\n<tr>\n<td>Fiat Panda<\/td>\n<td>Hatchback<\/td>\n<td>20 \u20ac<\/td>\n<td>27 \u20ac<\/td>\n<td>4<\/td>\n<td>1<\/td>\n<\/tr>\n<tr>\n<td>Kia Picanto<\/td>\n<td>Hatchback<\/td>\n<td>22 \u20ac<\/td>\n<td>29 \u20ac<\/td>\n<td>4<\/td>\n<td>1<\/td>\n<\/tr>\n<tr>\n<td>Dacia Logan<\/td>\n<td>Sedan<\/td>\n<td>24 \u20ac<\/td>\n<td>32 \u20ac<\/td>\n<td>5<\/td>\n<td>2<\/td>\n<\/tr>\n<tr>\n<td>Peugeot 208<\/td>\n<td>Hatchback<\/td>\n<td>26 \u20ac<\/td>\n<td>35 \u20ac<\/td>\n<td>5<\/td>\n<td>2<\/td>\n<\/tr>\n<tr>\n<td>Renault Clio<\/td>\n<td>Hatchback<\/td>\n<td>27 \u20ac<\/td>\n<td>36 \u20ac<\/td>\n<td>5<\/td>\n<td>2<\/td>\n<\/tr>\n<tr>\n<td>Citro\u00ebn C-Elys\u00e9e<\/td>\n<td>Sedan<\/td>\n<td>29 \u20ac<\/td>\n<td>39 \u20ac<\/td>\n<td>5<\/td>\n<td>3<\/td>\n<\/tr>\n<tr>\n<td>Hyundai i20<\/td>\n<td>Hatchback<\/td>\n<td>28 \u20ac<\/td>\n<td>38 \u20ac<\/td>\n<td>5<\/td>\n<td>2<\/td>\n<\/tr>\n<tr>\n<td>Dacia Duster<\/td>\n<td>SUV<\/td>\n<td>38 \u20ac<\/td>\n<td>49 \u20ac<\/td>\n<td>5<\/td>\n<td>3<\/td>\n<\/tr>\n<tr>\n<td>Renault Kadjar<\/td>\n<td>SUV<\/td>\n<td>50 \u20ac<\/td>\n<td>62 \u20ac<\/td>\n<td>5<\/td>\n<td>4<\/td>\n<\/tr>\n<tr>\n<td>Peugeot 3008<\/td>\n<td>SUV<\/td>\n<td>55 \u20ac<\/td>\n<td>70 \u20ac<\/td>\n<td>5<\/td>\n<td>4<\/td>\n<\/tr>\n<\/tbody>\n<\/table>\n        <div class=\"rpc-chart\">\n            <h3>Tangier konumunda araba kiralama fiyatlar\u0131 nas\u0131l de\u011fi\u015fiyor: Ger\u00e7ek rezervasyonlara dayal\u0131 genel bak\u0131\u015f<\/h3>\n            <div><p>roscar.ma, son \u00fc\u00e7 y\u0131ld\u0131r Tanca'daki ara\u00e7 kiralama fiyatlar\u0131n\u0131 takip etmektedir. Burada sunulan t\u00fcm veriler ger\u00e7ek rezervasyonlara dayanmaktad\u0131r, bu da kiralama fiyatlar\u0131ndaki mevsimsel dalgalanmalar\u0131n g\u00fcvenilir bir resmini olu\u015fturmam\u0131z\u0131 sa\u011flar.<\/p>\n<p>Analiz, kompakt modellerden SUV'lara, \u00fcst\u00fc a\u00e7\u0131k arabalara ve premium ara\u00e7lara kadar \u00e7e\u015fitli ara\u00e7 kategorilerini i\u00e7ermektedir. Bu sayede turist hareketlili\u011finin ve y\u0131l\u0131n zaman\u0131n\u0131n fiyatlar\u0131 nas\u0131l etkiledi\u011fini g\u00f6rebiliyoruz.<\/p>\n<p>RosCar Morocco uzmanlar\u0131 Fas'ta m\u00fc\u015fteri hizmetleri konusunda geni\u015f deneyime sahiptir ve Tanca'ya seyahat planlayan ve ula\u015f\u0131m maliyetlerini etkin bir \u015fekilde planlamak isteyen herkes i\u00e7in yararl\u0131 olacak do\u011frulanm\u0131\u015f bilgiler sunmaktad\u0131r.<\/p>\n<\/div>\n            <div class=\"rpc-chart-bars\">\n                                    <div class=\"rpc-chart-column\">\n                        <div class=\"rpc-chart-inner\" style=\"height: 24.528301886792%\">\n                            <div class=\"rpc-chart-column-value\">13 \u20ac<\/div>\n                            <div class=\"rpc-chart-month\">JAN<\/div>\n                        <\/div>\n                    <\/div>\n                                    <div class=\"rpc-chart-column\">\n                        <div class=\"rpc-chart-inner\" style=\"height: 26.415094339623%\">\n                            <div class=\"rpc-chart-column-value\">14 \u20ac<\/div>\n                            <div class=\"rpc-chart-month\">FEB<\/div>\n                        <\/div>\n                    <\/div>\n                                    <div class=\"rpc-chart-column\">\n                        <div class=\"rpc-chart-inner\" style=\"height: 28.301886792453%\">\n                            <div class=\"rpc-chart-column-value\">15 \u20ac<\/div>\n                            <div class=\"rpc-chart-month\">MAR<\/div>\n                        <\/div>\n                    <\/div>\n                                    <div class=\"rpc-chart-column\">\n                        <div class=\"rpc-chart-inner\" style=\"height: 45.283018867925%\">\n                            <div class=\"rpc-chart-column-value\">24 \u20ac<\/div>\n                            <div class=\"rpc-chart-month\">APR<\/div>\n                        <\/div>\n                    <\/div>\n                                    <div class=\"rpc-chart-column\">\n                        <div class=\"rpc-chart-inner\" style=\"height: 32.075471698113%\">\n                            <div class=\"rpc-chart-column-value\">17 \u20ac<\/div>\n                            <div class=\"rpc-chart-month\">MAY<\/div>\n                        <\/div>\n                    <\/div>\n                                    <div class=\"rpc-chart-column\">\n                        <div class=\"rpc-chart-inner\" style=\"height: 30.188679245283%\">\n                            <div class=\"rpc-chart-column-value\">16 \u20ac<\/div>\n                            <div class=\"rpc-chart-month\">JUN<\/div>\n                        <\/div>\n                    <\/div>\n                                    <div class=\"rpc-chart-column\">\n                        <div class=\"rpc-chart-inner\" style=\"height: 52.830188679245%\">\n                            <div class=\"rpc-chart-column-value\">28 \u20ac<\/div>\n                            <div class=\"rpc-chart-month\">JUL<\/div>\n                        <\/div>\n                    <\/div>\n                                    <div class=\"rpc-chart-column\">\n                        <div class=\"rpc-chart-inner\" style=\"height: 62.264150943396%\">\n                            <div class=\"rpc-chart-column-value\">33 \u20ac<\/div>\n                            <div class=\"rpc-chart-month\">AUG<\/div>\n                        <\/div>\n                    <\/div>\n                                    <div class=\"rpc-chart-column\">\n                        <div class=\"rpc-chart-inner\" style=\"height: 39.622641509434%\">\n                            <div class=\"rpc-chart-column-value\">21 \u20ac<\/div>\n                            <div class=\"rpc-chart-month\">SEP<\/div>\n                        <\/div>\n                    <\/div>\n                                    <div class=\"rpc-chart-column\">\n                        <div class=\"rpc-chart-inner\" style=\"height: 35.849056603774%\">\n                            <div class=\"rpc-chart-column-value\">19 \u20ac<\/div>\n                            <div class=\"rpc-chart-month\">OCT<\/div>\n                        <\/div>\n                    <\/div>\n                                    <div class=\"rpc-chart-column\">\n                        <div class=\"rpc-chart-inner\" style=\"height: 32.075471698113%\">\n                            <div class=\"rpc-chart-column-value\">17 \u20ac<\/div>\n                            <div class=\"rpc-chart-month\">NOV<\/div>\n                        <\/div>\n                    <\/div>\n                                    <div class=\"rpc-chart-column\">\n                        <div class=\"rpc-chart-inner\" style=\"height: 41.509433962264%\">\n                            <div class=\"rpc-chart-column-value\">22 \u20ac<\/div>\n                            <div class=\"rpc-chart-month\">DEC<\/div>\n                        <\/div>\n                    <\/div>\n                            <\/div>\n        <\/div>\n        \n<h2>Tanca&#8217;da araba kiralamak: Belgeler<\/h2>\n<p>Fas, d\u00fcnyan\u0131n her yerinden turistlerin eri\u015febildi\u011fi a\u00e7\u0131k bir \u00fclkedir. Bu nedenle, kiralama i\u00e7in yaln\u0131zca standart belgeler gereklidir:<\/p>\n<ol>\n<li>Ehliyet (2 y\u0131ll\u0131k deneyim gereklidir)<\/li>\n<li>Pasaport veya kimlik kart\u0131<\/li>\n<li>Voucher veya Rezervasyon Sertifikas\u0131<\/li>\n<li>Kredi kart\u0131 (iste\u011fe ba\u011fl\u0131).<\/li>\n<\/ol>\n","protected":false},"excerpt":{"rendered":"<p>RosCar&#8217;dan Tanca Ara\u00e7 Kiralama Kuzey Fas, iki k\u0131tan\u0131n (Avrupa ve Afrika) bulu\u015ftu\u011fu, iklimin y\u0131l\u0131n 365 g\u00fcn\u00fc s\u0131cak oldu\u011fu ve her zaman parlak an\u0131lar\u0131n oldu\u011fu yerdir. Burada Tangier \u015fehrinde araba kiralayabilir ve seyahatinizi yepyeni bir seviyeye ta\u015f\u0131yabilirsiniz: Toplu ta\u015f\u0131ma veya taksiler i\u00e7in daha az harcama \u0130stedi\u011finiz zaman hareket etme \u00f6zg\u00fcrl\u00fc\u011f\u00fc 7\/24 kolay teslim alma ve rezervasyon [&hellip;]<\/p>\n","protected":false},"author":1,"featured_media":297,"parent":0,"menu_order":0,"comment_status":"closed","ping_status":"closed","template":"","meta":{"footnotes":""},"class_list":["post-2547","page","type-page","status-publish","has-post-thumbnail",""],"_links":{"self":[{"href":"https:\/\/roscar.ma\/tr\/wp-json\/wp\/v2\/pages\/2547","targetHints":{"allow":["GET"]}}],"collection":[{"href":"https:\/\/roscar.ma\/tr\/wp-json\/wp\/v2\/pages"}],"about":[{"href":"https:\/\/roscar.ma\/tr\/wp-json\/wp\/v2\/types\/page"}],"author":[{"embeddable":true,"href":"https:\/\/roscar.ma\/tr\/wp-json\/wp\/v2\/users\/1"}],"replies":[{"embeddable":true,"href":"https:\/\/roscar.ma\/tr\/wp-json\/wp\/v2\/comments?post=2547"}],"version-history":[{"count":1,"href":"https:\/\/roscar.ma\/tr\/wp-json\/wp\/v2\/pages\/2547\/revisions"}],"predecessor-version":[{"id":2548,"href":"https:\/\/roscar.ma\/tr\/wp-json\/wp\/v2\/pages\/2547\/revisions\/2548"}],"wp:featuredmedia":[{"embeddable":true,"href":"https:\/\/roscar.ma\/tr\/wp-json\/wp\/v2\/media\/297"}],"wp:attachment":[{"href":"https:\/\/roscar.ma\/tr\/wp-json\/wp\/v2\/media?parent=2547"}],"curies":[{"name":"wp","href":"https:\/\/api.w.org\/{rel}","templated":true}]}}