{"id":2316,"date":"2025-07-17T11:14:56","date_gmt":"2025-07-17T11:14:56","guid":{"rendered":"https:\/\/roscar.ma\/?page_id=2316"},"modified":"2025-07-26T16:44:51","modified_gmt":"2025-07-26T16:44:51","slug":"fes-arac-kiralama","status":"publish","type":"page","link":"https:\/\/roscar.ma\/tr\/fes-arac-kiralama\/","title":{"rendered":"Fes Ara\u00e7 Kiralama"},"content":{"rendered":"<h2>RosCar&#8217;dan Fes Ara\u00e7 Kiralama<\/h2>\n<p>Neredeyse her \u00fclkenin, t\u00fcm devletin k\u00fclt\u00fcrel ya\u015fam\u0131n\u0131n merkezi olan gayri resmi bir ba\u015fkenti vard\u0131r. Fas&#8217;ta bu g\u00fczel \u015fehri bulmak ister misiniz? O zaman Fes \u015fehrinde ara\u00e7 kiralaman\u0131z gerekiyor:<\/p>\n<ul>\n<li>D\u00fc\u015f\u00fck fiyata en iyi s\u00fcr\u00fc\u015f deneyimini ya\u015fay\u0131n<\/li>\n<li>\u0130deal eklemelerle en iyi arac\u0131 se\u00e7in<\/li>\n<li>Seyahatinizi ba\u015fka bir konfor seviyesine ta\u015f\u0131y\u0131n<\/li>\n<li>Seyahat se\u00e7eneklerinizle s\u0131n\u0131rl\u0131 kalmay\u0131n.<\/li>\n<\/ul>\n<p>RosCar arac\u0131l\u0131\u011f\u0131yla Fez&#8217;de bir araba kiralay\u0131n ve bu muhte\u015fem Arap d\u00fcnyas\u0131n\u0131n t\u00fcm s\u0131rlar\u0131n\u0131 ortaya \u00e7\u0131karabileceksiniz. Ama \u00f6nce, rezervasyonu onaylamak i\u00e7in kart\u0131n\u0131z\u0131 haz\u0131rlay\u0131n, \u00e7\u00fcnk\u00fc arac\u0131n\u0131z\u0131 alman\u0131n ba\u015fka yolu yok. \u015eimdi rezervasyon yap\u0131n.<\/p>\n<h2>Fes Ara\u00e7 Kiralama: Rehber<\/h2>\n<p>Bazen deneyimli gezginler bile iyi tavsiyelere ihtiya\u00e7 duyar. Bunlar, daha az \u00f6deme yapman\u0131z\u0131 ve en k\u0131sa s\u00fcrede en iyi de\u011feri elde etmenizi sa\u011flayacak t\u00fcrden ipu\u00e7lar\u0131d\u0131r.<\/p>\n<h3>Birinci ipucu: T\u00fcre g\u00f6re filtreler kullan\u0131n<\/h3>\n<p>\u0130lgilenmedi\u011finiz ara\u00e7lar i\u00e7in arama yaparak zaman kaybetmeyin. Sadece birini se\u00e7in:<\/p>\n<ul>\n<li>Ekonomi<\/li>\n<li>Standart<\/li>\n<li>Mini<\/li>\n<li>\u00dcst\u00fc A\u00e7\u0131labilir<\/li>\n<li>SUV veya Crossover<\/li>\n<li>Minivan veya Van<\/li>\n<li>Di\u011ferleri.<\/li>\n<\/ul>\n<h3>\u0130kinci ipucu: Ekstralar bulun<\/h3>\n<p>Fes&#8217;te ucuz ara\u00e7 kiralamadan alabilece\u011finiz bir de\u011fil, bir d\u00fczine ekstra:<\/p>\n<ul>\n<li>Kredi kart\u0131 yok: Ba\u015fka herhangi bir kredi kart\u0131 veya nakit i\u015fe yarayacakt\u0131r.<\/li>\n<li>SIM kart: Fez&#8217;in bir\u00e7ok turistik yerinde gezinmek i\u00e7in bir tanesine ihtiyac\u0131n\u0131z olacak.<\/li>\n<li>Ek s\u00fcr\u00fcc\u00fc: Kiralama ya\u015f gereksinimlerini kar\u015f\u0131layan herkes.<\/li>\n<li>\u00c7ocuk koltu\u011fu: \u00c7ocuklarla seyahat etmek g\u00fcvenli olmal\u0131d\u0131r.<\/li>\n<li>\u00dccretsiz iptal: Rezervasyon masraflar\u0131 48 saat \u00f6nceden iptal ederseniz iade edilecektir.<\/li>\n<li>S\u0131n\u0131rs\u0131z Kilometre: Sonsuz miktarda inan\u0131lmaz Arap g\u00fczelli\u011fi.<\/li>\n<li>Depozito yok: Kredi kartlar\u0131nda depozito blokesi olmad\u0131\u011f\u0131nda daha az stres.<\/li>\n<li>Garantili model: Teslim ald\u0131\u011f\u0131n\u0131z ara\u00e7 talep etti\u011finizle ayn\u0131d\u0131r.<\/li>\n<li>\u015eanz\u0131man: Hangisini tercih edersiniz, manuel mi otomatik mi?<\/li>\n<li>Ek sigorta: S\u00fcper CDW veya Tam Kapsam en iyi y\u00fckseltme se\u00e7enekleridir.<\/li>\n<\/ul>\n<blockquote class=\"info\">\n<h2>Ayr\u0131nt\u0131l\u0131 Fez ara\u00e7 kiralama<\/h2>\n<p>RosCar, herhangi bir yeti\u015fkinin (21 ya\u015f ve \u00fcst\u00fc) halledebilece\u011fi basit bir rezervasyon prosed\u00fcr\u00fcne sahiptir:<\/p>\n<ol>\n<li>Tarihleri ve yerleri belirtin.<\/li>\n<li>Filtrelere gidin, istediklerinize t\u0131klay\u0131n.<\/li>\n<li>Listeyi kayd\u0131r\u0131n ve en iyisini g\u00f6rd\u00fc\u011f\u00fcn\u00fczde \u015fimdi rezervasyon yap\u0131n.<\/li>\n<li>Sigorta t\u00fcr\u00fcn\u00fc (Standart veya Y\u00fckseltme) ve ek se\u00e7enekleri se\u00e7in.<\/li>\n<li>Ana s\u00fcr\u00fcc\u00fc ayr\u0131nt\u0131lar\u0131n\u0131 doldurun.<\/li>\n<li>Onaylay\u0131n.<\/li>\n<\/ol>\n<p>Fes ara\u00e7 kiralamalar\u0131nda herhangi bir banka kart\u0131n\u0131n otomatik olarak onaylanmas\u0131 gerekir. \u00d6deme tutar\u0131 be\u015fte bir ile tam kiralama tutar\u0131 aras\u0131nda de\u011fi\u015febilir.<\/p><\/blockquote>\n<h2>Fes Ara\u00e7 Kiralama Fiyat\u0131<\/h2>\n<p>Afrika&#8217;n\u0131n Atina&#8217;s\u0131 seyahat etmek i\u00e7in pek de ucuz bir yer de\u011fildir, ancak her b\u00fct\u00e7eye uygun bir ara\u00e7 bulabilirsiniz:<\/p>\n<ul>\n<li>Mini veya Ekonomi i\u00e7in 20-30 $<\/li>\n<li>Standart i\u00e7in 30-40 dolar<\/li>\n<li>Minivan, SUV veya Crossover i\u00e7in 40-55 $<\/li>\n<li>L\u00fcks veya Cabrio i\u00e7in $70+.<\/li>\n<\/ul>\n<p>L\u00fctfen fiyatlar\u0131n her zaman oldu\u011fu gibi olmayabilece\u011fini unutmay\u0131n. Ortalama g\u00fcnl\u00fck fiyat \u00e7e\u015fitli fakt\u00f6rlere ba\u011fl\u0131 olarak \u00f6nemli \u00f6l\u00e7\u00fcde de\u011fi\u015febilir:<\/p>\n<ul>\n<li>Kiralama s\u00fcresi<\/li>\n<li>Teslim alma y\u00f6ntemi (Fez \u015fehri veya Havaalan\u0131)<\/li>\n<li>Ek se\u00e7enek say\u0131s\u0131<\/li>\n<li>Operat\u00f6r i\u015f y\u00fck\u00fc.<\/li>\n<\/ul>\n<p>Fes \u015fehrindeki ara\u00e7 kiralama fiyatlar\u0131n\u0131 burada kar\u015f\u0131la\u015ft\u0131rabilirsiniz:<\/p>\n<h3>Fes, Fas ara\u00e7 kiralama fiyatlar\u0131 tablosu<\/h3>\n<table border=\"1\">\n<thead>\n<tr>\n<th>Araba modeli<\/th>\n<th>V\u00fccut tipi<\/th>\n<th>G\u00fcnl\u00fck fiyat (d\u00fc\u015f\u00fck sezon)<\/th>\n<th>G\u00fcnl\u00fck fiyat (y\u00fcksek sezon)<\/th>\n<th>Yolcular<\/th>\n<th>Bagaj kapasitesi<\/th>\n<\/tr>\n<\/thead>\n<tbody>\n<tr>\n<td>Fiat Panda<\/td>\n<td>Hatchback<\/td>\n<td>19 \u20ac<\/td>\n<td>26 \u20ac<\/td>\n<td>4<\/td>\n<td>1<\/td>\n<\/tr>\n<tr>\n<td>Hyundai i10<\/td>\n<td>Hatchback<\/td>\n<td>21 \u20ac<\/td>\n<td>28 \u20ac<\/td>\n<td>4<\/td>\n<td>1<\/td>\n<\/tr>\n<tr>\n<td>Kia Picanto<\/td>\n<td>Hatchback<\/td>\n<td>22 \u20ac<\/td>\n<td>30 \u20ac<\/td>\n<td>4<\/td>\n<td>1<\/td>\n<\/tr>\n<tr>\n<td>Peugeot 208<\/td>\n<td>Hatchback<\/td>\n<td>24 \u20ac<\/td>\n<td>33 \u20ac<\/td>\n<td>5<\/td>\n<td>2<\/td>\n<\/tr>\n<tr>\n<td>Dacia Logan<\/td>\n<td>Sedan<\/td>\n<td>25 \u20ac<\/td>\n<td>34 \u20ac<\/td>\n<td>5<\/td>\n<td>2<\/td>\n<\/tr>\n<tr>\n<td>Renault Clio<\/td>\n<td>Hatchback<\/td>\n<td>27 \u20ac<\/td>\n<td>36 \u20ac<\/td>\n<td>5<\/td>\n<td>2<\/td>\n<\/tr>\n<tr>\n<td>Citro\u00ebn C-Elys\u00e9e<\/td>\n<td>Sedan<\/td>\n<td>28 \u20ac<\/td>\n<td>38 \u20ac<\/td>\n<td>5<\/td>\n<td>3<\/td>\n<\/tr>\n<tr>\n<td>Renault Captur<\/td>\n<td>\u00c7apraz Ge\u00e7i\u015f<\/td>\n<td>32 \u20ac<\/td>\n<td>43 \u20ac<\/td>\n<td>5<\/td>\n<td>3<\/td>\n<\/tr>\n<tr>\n<td>Dacia Duster<\/td>\n<td>SUV<\/td>\n<td>36 \u20ac<\/td>\n<td>47 \u20ac<\/td>\n<td>5<\/td>\n<td>3<\/td>\n<\/tr>\n<tr>\n<td>Peugeot 3008<\/td>\n<td>SUV<\/td>\n<td>52 \u20ac<\/td>\n<td>66 \u20ac<\/td>\n<td>5<\/td>\n<td>4<\/td>\n<\/tr>\n<\/tbody>\n<\/table>\n        <div class=\"rpc-chart\">\n            <h3>Fez ara\u00e7 kiralama fiyatlar\u0131 sezona g\u00f6re nas\u0131l de\u011fi\u015fir: Ger\u00e7ek rezervasyonlara dayal\u0131 analiz<\/h3>\n            <div><p>Kalan \u00fc\u00e7 y\u0131l boyunca, Fez, Fas'tan ara\u00e7 kiralama i\u00e7in ortalama fiyatlardaki de\u011fi\u015fiklikleri ve roscar.ma platformu \u00fczerinden yap\u0131lan ger\u00e7ek rezervasyon verilerini kaydettik. Yaln\u0131zca do\u011frulanm\u0131\u015f yerel kiralama \u015firketleriyle \u00e7al\u0131\u015f\u0131yoruz, bu da kiralama zihinlerinin i\u00e7g\u00f6r\u00fcs\u00fcn\u00fc ve g\u00fcvenilirli\u011fini garanti ediyor.<\/p>\n<p>Analitik, t\u00fcm ula\u015f\u0131m ara\u00e7lar\u0131n\u0131 kapsar: yerel ula\u015f\u0131m i\u00e7in ucuz hatchback'lerden ticari ara\u00e7lara, \u00fcst\u00fc a\u00e7\u0131k arabalara ve birinci s\u0131n\u0131f arabalara kadar. Bu yakla\u015f\u0131m, karakteristik mevsimsel fiyat dalgalanmalar\u0131n\u0131 tespit etmeyi ve fiyat de\u011fi\u015fikliklerine an\u0131nda yan\u0131t vermeyi m\u00fcmk\u00fcn k\u0131lar.<\/p>\n<p>Ara\u00e7 kiralamak i\u00e7in en uygun zaman\u0131 \u00f6\u011frenmek i\u00e7in bilgilerimize g\u00f6z at\u0131n. RosCar, Fas'ta manuel ve verimli bir transfer planlamas\u0131nda g\u00fcvenilir yard\u0131mc\u0131n\u0131zd\u0131r.<\/p>\n<\/div>\n            <div class=\"rpc-chart-bars\">\n                                    <div class=\"rpc-chart-column\">\n                        <div class=\"rpc-chart-inner\" style=\"height: 25%\">\n                            <div class=\"rpc-chart-column-value\">12 \u20ac<\/div>\n                            <div class=\"rpc-chart-month\">JAN<\/div>\n                        <\/div>\n                    <\/div>\n                                    <div class=\"rpc-chart-column\">\n                        <div class=\"rpc-chart-inner\" style=\"height: 27.083333333333%\">\n                            <div class=\"rpc-chart-column-value\">13 \u20ac<\/div>\n                            <div class=\"rpc-chart-month\">FEB<\/div>\n                        <\/div>\n                    <\/div>\n                                    <div class=\"rpc-chart-column\">\n                        <div class=\"rpc-chart-inner\" style=\"height: 29.166666666667%\">\n                            <div class=\"rpc-chart-column-value\">14 \u20ac<\/div>\n                            <div class=\"rpc-chart-month\">MAR<\/div>\n                        <\/div>\n                    <\/div>\n                                    <div class=\"rpc-chart-column\">\n                        <div class=\"rpc-chart-inner\" style=\"height: 35.416666666667%\">\n                            <div class=\"rpc-chart-column-value\">17 \u20ac<\/div>\n                            <div class=\"rpc-chart-month\">APR<\/div>\n                        <\/div>\n                    <\/div>\n                                    <div class=\"rpc-chart-column\">\n                        <div class=\"rpc-chart-inner\" style=\"height: 37.5%\">\n                            <div class=\"rpc-chart-column-value\">18 \u20ac<\/div>\n                            <div class=\"rpc-chart-month\">MAY<\/div>\n                        <\/div>\n                    <\/div>\n                                    <div class=\"rpc-chart-column\">\n                        <div class=\"rpc-chart-inner\" style=\"height: 43.75%\">\n                            <div class=\"rpc-chart-column-value\">21 \u20ac<\/div>\n                            <div class=\"rpc-chart-month\">JUN<\/div>\n                        <\/div>\n                    <\/div>\n                                    <div class=\"rpc-chart-column\">\n                        <div class=\"rpc-chart-inner\" style=\"height: 52.083333333333%\">\n                            <div class=\"rpc-chart-column-value\">25 \u20ac<\/div>\n                            <div class=\"rpc-chart-month\">JUL<\/div>\n                        <\/div>\n                    <\/div>\n                                    <div class=\"rpc-chart-column\">\n                        <div class=\"rpc-chart-inner\" style=\"height: 58.333333333333%\">\n                            <div class=\"rpc-chart-column-value\">28 \u20ac<\/div>\n                            <div class=\"rpc-chart-month\">AUG<\/div>\n                        <\/div>\n                    <\/div>\n                                    <div class=\"rpc-chart-column\">\n                        <div class=\"rpc-chart-inner\" style=\"height: 39.583333333333%\">\n                            <div class=\"rpc-chart-column-value\">19 \u20ac<\/div>\n                            <div class=\"rpc-chart-month\">SEP<\/div>\n                        <\/div>\n                    <\/div>\n                                    <div class=\"rpc-chart-column\">\n                        <div class=\"rpc-chart-inner\" style=\"height: 35.416666666667%\">\n                            <div class=\"rpc-chart-column-value\">17 \u20ac<\/div>\n                            <div class=\"rpc-chart-month\">OCT<\/div>\n                        <\/div>\n                    <\/div>\n                                    <div class=\"rpc-chart-column\">\n                        <div class=\"rpc-chart-inner\" style=\"height: 27.083333333333%\">\n                            <div class=\"rpc-chart-column-value\">13 \u20ac<\/div>\n                            <div class=\"rpc-chart-month\">NOV<\/div>\n                        <\/div>\n                    <\/div>\n                                    <div class=\"rpc-chart-column\">\n                        <div class=\"rpc-chart-inner\" style=\"height: 39.583333333333%\">\n                            <div class=\"rpc-chart-column-value\">19 \u20ac<\/div>\n                            <div class=\"rpc-chart-month\">DEC<\/div>\n                        <\/div>\n                    <\/div>\n                            <\/div>\n        <\/div>\n        \n<h2>Fes&#8217;te ara\u00e7 kiralama: Belgeler<\/h2>\n<p>Her kiralama \u015firketinin ya\u015f (21-25) veya belge gereksinimleri olabilir. Ancak, her zaman ihtiyac\u0131n\u0131z olacak:<\/p>\n<ol>\n<li>Pasaport<\/li>\n<li>Kredi kart\u0131 (Depozito veya teminat \u00e7eki)<\/li>\n<li>S\u00fcr\u00fcc\u00fc belgesi.<\/li>\n<\/ol>\n<p>Voucher (rezervasyon onay\u0131) zorunlu de\u011fildir, ancak RosCar&#8217;da rezervasyon yapt\u0131ktan sonra e-postan\u0131za g\u00f6nderilir. Ara\u00e7 Kiralama Fez, \u015fehrin zengin k\u00fclt\u00fcr\u00fcn\u00fc ve gizli m\u00fccevherlerini ke\u015ffetmek i\u00e7in giri\u015f kap\u0131n\u0131zd\u0131r &#8211; sorunsuz ve esnek bir seyahat deneyimi i\u00e7in arac\u0131n\u0131z\u0131 bug\u00fcn ay\u0131rt\u0131n.<\/p>\n","protected":false},"excerpt":{"rendered":"<p>RosCar&#8217;dan Fes Ara\u00e7 Kiralama Neredeyse her \u00fclkenin, t\u00fcm devletin k\u00fclt\u00fcrel ya\u015fam\u0131n\u0131n merkezi olan gayri resmi bir ba\u015fkenti vard\u0131r. Fas&#8217;ta bu g\u00fczel \u015fehri bulmak ister misiniz? O zaman Fes \u015fehrinde ara\u00e7 kiralaman\u0131z gerekiyor: D\u00fc\u015f\u00fck fiyata en iyi s\u00fcr\u00fc\u015f deneyimini ya\u015fay\u0131n \u0130deal eklemelerle en iyi arac\u0131 se\u00e7in Seyahatinizi ba\u015fka bir konfor seviyesine ta\u015f\u0131y\u0131n Seyahat se\u00e7eneklerinizle s\u0131n\u0131rl\u0131 kalmay\u0131n. [&hellip;]<\/p>\n","protected":false},"author":1,"featured_media":254,"parent":0,"menu_order":0,"comment_status":"closed","ping_status":"closed","template":"","meta":{"footnotes":""},"class_list":["post-2316","page","type-page","status-publish","has-post-thumbnail",""],"_links":{"self":[{"href":"https:\/\/roscar.ma\/tr\/wp-json\/wp\/v2\/pages\/2316","targetHints":{"allow":["GET"]}}],"collection":[{"href":"https:\/\/roscar.ma\/tr\/wp-json\/wp\/v2\/pages"}],"about":[{"href":"https:\/\/roscar.ma\/tr\/wp-json\/wp\/v2\/types\/page"}],"author":[{"embeddable":true,"href":"https:\/\/roscar.ma\/tr\/wp-json\/wp\/v2\/users\/1"}],"replies":[{"embeddable":true,"href":"https:\/\/roscar.ma\/tr\/wp-json\/wp\/v2\/comments?post=2316"}],"version-history":[{"count":1,"href":"https:\/\/roscar.ma\/tr\/wp-json\/wp\/v2\/pages\/2316\/revisions"}],"predecessor-version":[{"id":2329,"href":"https:\/\/roscar.ma\/tr\/wp-json\/wp\/v2\/pages\/2316\/revisions\/2329"}],"wp:featuredmedia":[{"embeddable":true,"href":"https:\/\/roscar.ma\/tr\/wp-json\/wp\/v2\/media\/254"}],"wp:attachment":[{"href":"https:\/\/roscar.ma\/tr\/wp-json\/wp\/v2\/media?parent=2316"}],"curies":[{"name":"wp","href":"https:\/\/api.w.org\/{rel}","templated":true}]}}