{"id":2072,"date":"2025-07-17T11:07:41","date_gmt":"2025-07-17T11:07:41","guid":{"rendered":"https:\/\/roscar.ma\/?page_id=2072"},"modified":"2025-07-25T08:37:14","modified_gmt":"2025-07-25T08:37:14","slug":"rabat-arac-kiralama","status":"publish","type":"page","link":"https:\/\/roscar.ma\/tr\/rabat-arac-kiralama\/","title":{"rendered":"Rabat Ara\u00e7 Kiralama"},"content":{"rendered":"<h2>RosCar&#8217;dan Rabat Ara\u00e7 Kiralama<\/h2>\n<p>Fas, ba\u015fka hi\u00e7bir yerde bulamayaca\u011f\u0131n\u0131z \u00e7\u00f6l g\u00fczelli\u011fi, deniz manzaralar\u0131 ve muhte\u015fem mimarinin inan\u0131lmaz bir kombinasyonuna sahip bir \u00fclkedir. Bu y\u00fczden Kuzey Afrika&#8217;ya bir gezi planlarken, kendinizi M\u00fcsl\u00fcman cennetine tamamen kapt\u0131rmak i\u00e7in zaman ay\u0131rsan\u0131z iyi olur. Ancak maceran\u0131z\u0131 daha rahat hale getirmek i\u00e7in Rabat&#8217;ta bir araba kiralaman\u0131z da gerekir:<\/p>\n<ul>\n<li>Geni\u015f bir ara\u00e7 yelpazesi (her t\u00fcr, fiyat veya renk)<\/li>\n<li>Bir\u00e7ok ekstra ve \u00f6zellik bulunabilir<\/li>\n<li>K\u0131sa ve uzun d\u00f6nem ara\u00e7 kiralama<\/li>\n<li>Kullan\u0131c\u0131 dostu bir aray\u00fcz ile 24 saat rezervasyon.<\/li>\n<\/ul>\n<p>RosCar nedir? Fiyatlar\u0131 kar\u015f\u0131la\u015ft\u0131rmak, istenen kriterlere g\u00f6re s\u0131ralamak ve h\u0131zl\u0131 rezervasyon yapmak i\u00e7in harika \u00f6zelliklere sahip bir sitedir. \u015eimdi rezervasyon yap\u0131n ve rezervasyonunuzu kartla onaylay\u0131n (sipari\u015f tutar\u0131n\u0131n %20&#8217;sine kadar gereklidir).<\/p>\n<h2>RosCar Rabat ara\u00e7 kiralama rehberi<\/h2>\n<p>Bu \u00fclke al\u0131\u015f\u0131k oldu\u011fumuz Avrupa veya Amerika sokaklar\u0131na hi\u00e7 benzemese de, yakla\u015fan seyahat deneyimi olduk\u00e7a benzer olacakt\u0131r. Ayn\u0131 \u015fey Rabat&#8217;ta ara\u00e7 kiralama i\u00e7in de ge\u00e7erli, ancak iki incelik h\u0131zl\u0131ca \u00e7\u00f6z\u00fcl\u00fcyor.<\/p>\n<h3>1. Tipiniz nedir?<\/h3>\n<p>Buldu\u011funuz ilk araca rezervasyon yapmay\u0131n. Listeyi arama filtreleri arac\u0131l\u0131\u011f\u0131yla mevcut t\u00fcrlere g\u00f6re s\u0131ralaman\u0131z daha iyi olur:<\/p>\n<ul>\n<li>Standart veya Kompakt<\/li>\n<li>SUV veya Crossover<\/li>\n<li>Van veya Minivan<\/li>\n<li>Mini veya Ekonomi (Rabat&#8217;ta ucuz ara\u00e7 kiralama i\u00e7in do\u011fru olan)<\/li>\n<li>Cabrio veya L\u00fcks.<\/li>\n<\/ul>\n<h3>2. Ekstralar<\/h3>\n<p>Ek hizmetler, s\u00fcr\u00fc\u015f deneyiminizi benzersiz ihtiya\u00e7lar\u0131n\u0131za g\u00f6re \u00f6zelle\u015ftirmenin iyi bir yoludur. \u0130\u015fte aralar\u0131ndan se\u00e7im yapabilece\u011finiz birka\u00e7 hizmet:<\/p>\n<ul>\n<li>\u015eanz\u0131man: Rahat bir s\u00fcr\u00fc\u015f m\u00fc istiyorsunuz? Otomatik \u015fanz\u0131man se\u00e7in.<\/li>\n<li>SIM kart: A\u015f\u0131r\u0131 dola\u015f\u0131m \u00fccreti \u00f6dememek i\u00e7in ak\u0131ll\u0131 telefonunuzun bir SIM karta ihtiyac\u0131 var.<\/li>\n<li>\u00c7ocuk koltu\u011fu: Re\u015fit olmayanlar veya 10 ya\u015f\u0131na kadar olan \u00e7ocuklar bir emniyet sistemine ihtiya\u00e7 duyar.<\/li>\n<li>S\u0131n\u0131rs\u0131z Kilometre: Bu \u00f6zellik ile t\u00fcm Fas size a\u00e7\u0131kt\u0131r.<\/li>\n<li>Kredi kart\u0131 yok: T\u0131pk\u0131 geleneksel y\u00f6ntem gibi, ancak kredi kart\u0131 olmadan.<\/li>\n<li>Garantili model: K\u00f6t\u00fc bir deneyim ya\u015fayanlar i\u00e7in olmazsa olmaz bir se\u00e7enek.<\/li>\n<li>\u00dccretsiz iptal: Zaman\u0131nda kullan\u0131lmal\u0131d\u0131r (ba\u015flang\u0131\u00e7 tarihinden en az 48 saat \u00f6nce).<\/li>\n<li>Ek s\u00fcr\u00fcc\u00fc: Arkada\u015f\u0131n\u0131z\u0131n s\u00fcrmesine izin verin.<\/li>\n<li>Depozito yok: Kredi kartlar\u0131nda depozito blokesi olmadan gereksiz banka \u00fccretlerinden ka\u00e7\u0131n\u0131n.<\/li>\n<li>Ek sigorta: \u0130stisnas\u0131z herkesin ihtiya\u00e7 duydu\u011fu bir \u00f6zellik. S\u00fcper CDW veya Tam Kapsam&#8217;a y\u00fckseltin ve rahatlay\u0131n.<\/li>\n<\/ul>\n<blockquote class=\"check\">\n<h2>Rabat ara\u00e7 kiralama:\u00a0K\u0131lavuz<\/h2>\n<p>RosCar, Teslim Almadan Teslim Etmeye kadar size harika seyahat deneyimleri sunmak i\u00e7in \u00e7al\u0131\u015f\u0131r. Bu y\u00fczden bizimle rezervasyon yapmak olabildi\u011fince kolay:<\/p>\n<ol>\n<li>Ayr\u0131nt\u0131lar\u0131 girin: Teslim alma, Teslim etme ve tarihler.<\/li>\n<li>Filtrelere gidin ve \u00e7ekici buldu\u011funuz birka\u00e7\u0131n\u0131 se\u00e7in ve bir liste al\u0131n.<\/li>\n<li>\u015eimdi Rezervasyon Yap\u0131n.<\/li>\n<li>Bilgi ekleyin.<\/li>\n<li>\u015eimdi \u00d6de.<\/li>\n<\/ol>\n<p>Rabat ara\u00e7 kiralamalar\u0131 banka kart\u0131 olmadan onaylanamaz. G\u00fcvenlik \u00f6demesinden sonra (tutar\u0131n maksimum% 20&#8217;si), bir rezervasyon onay sertifikas\u0131 ile \u00f6d\u00fcllendirileceksiniz.<\/p><\/blockquote>\n<h2>Rabat Ara\u00e7 Kiralama Fiyat\u0131<\/h2>\n<p>Fas&#8217;\u0131n ba\u015fkentindeki fiyatlar size \u00e7ok pahal\u0131 gelmeyecektir, ancak yine de Avrupa ortalamas\u0131ndan daha y\u00fcksektir:<\/p>\n<ul>\n<li>G\u00fcnl\u00fck 20-30 $ kar\u015f\u0131l\u0131\u011f\u0131nda ekonomi<\/li>\n<li>Standart 35-50 $\/g\u00fcn<\/li>\n<li>G\u00fcnl\u00fck 50-70 dolar aras\u0131 SUV<\/li>\n<li>G\u00fcnl\u00fck 80 $ kar\u015f\u0131l\u0131\u011f\u0131nda l\u00fcks.<\/li>\n<\/ul>\n<p>Rabat konumunda ara\u00e7 kiralama sizin i\u00e7in daha ucuz olacakt\u0131r:<\/p>\n<ul>\n<li>K\u0131sa s\u00fcreli ara\u00e7 kiralamadan ka\u00e7\u0131n\u0131n<\/li>\n<li>Ba\u015flang\u0131\u00e7 tarihini hafta ortas\u0131na ayarlay\u0131n<\/li>\n<li>\u00d6nceden rezervasyon yapt\u0131r\u0131n<\/li>\n<li>Do\u011fru ara\u00e7 tipini se\u00e7in.<\/li>\n<\/ul>\n<p>En iyi de\u011feri bulmak i\u00e7in fiyat\u0131 kar\u015f\u0131la\u015ft\u0131r\u0131n:<\/p>\n<h3>Rabat, Fas ara\u00e7 kiralama fiyatlar\u0131 tablosu<\/h3>\n<table border=\"1\">\n<thead>\n<tr>\n<th>Araba modeli<\/th>\n<th>V\u00fccut tipi<\/th>\n<th>G\u00fcnl\u00fck fiyat (d\u00fc\u015f\u00fck sezon)<\/th>\n<th>G\u00fcnl\u00fck fiyat (y\u00fcksek sezon)<\/th>\n<th>Yolcular<\/th>\n<th>Bagaj kapasitesi<\/th>\n<\/tr>\n<\/thead>\n<tbody>\n<tr>\n<td>Hyundai i10<\/td>\n<td>Hatchback<\/td>\n<td>21 \u20ac<\/td>\n<td>29 \u20ac<\/td>\n<td>4<\/td>\n<td>1<\/td>\n<\/tr>\n<tr>\n<td>Dacia Logan<\/td>\n<td>Sedan<\/td>\n<td>23 \u20ac<\/td>\n<td>32 \u20ac<\/td>\n<td>5<\/td>\n<td>2<\/td>\n<\/tr>\n<tr>\n<td>Peugeot 208<\/td>\n<td>Hatchback<\/td>\n<td>24 \u20ac<\/td>\n<td>34 \u20ac<\/td>\n<td>5<\/td>\n<td>2<\/td>\n<\/tr>\n<tr>\n<td>Renault Clio<\/td>\n<td>Hatchback<\/td>\n<td>26 \u20ac<\/td>\n<td>36 \u20ac<\/td>\n<td>5<\/td>\n<td>2<\/td>\n<\/tr>\n<tr>\n<td>Volkswagen Golf<\/td>\n<td>Hatchback<\/td>\n<td>30 \u20ac<\/td>\n<td>42 \u20ac<\/td>\n<td>5<\/td>\n<td>3<\/td>\n<\/tr>\n<tr>\n<td>Citro\u00ebn C-Elys\u00e9e<\/td>\n<td>Sedan<\/td>\n<td>25 \u20ac<\/td>\n<td>35 \u20ac<\/td>\n<td>5<\/td>\n<td>3<\/td>\n<\/tr>\n<tr>\n<td>Renault Captur<\/td>\n<td>\u00c7apraz Ge\u00e7i\u015f<\/td>\n<td>32 \u20ac<\/td>\n<td>44 \u20ac<\/td>\n<td>5<\/td>\n<td>3<\/td>\n<\/tr>\n<tr>\n<td>Dacia Duster<\/td>\n<td>SUV<\/td>\n<td>36 \u20ac<\/td>\n<td>48 \u20ac<\/td>\n<td>5<\/td>\n<td>3<\/td>\n<\/tr>\n<tr>\n<td>Hyundai Tucson<\/td>\n<td>SUV<\/td>\n<td>52 \u20ac<\/td>\n<td>66 \u20ac<\/td>\n<td>5<\/td>\n<td>4<\/td>\n<\/tr>\n<tr>\n<td>Peugeot 3008<\/td>\n<td>SUV<\/td>\n<td>55 \u20ac<\/td>\n<td>70 \u20ac<\/td>\n<td>5<\/td>\n<td>4<\/td>\n<\/tr>\n<\/tbody>\n<\/table>\n        <div class=\"rpc-chart\">\n            <h3>Rabat&#039;ta ara\u00e7 kiralama fiyatlar\u0131ndaki mevsimsel dalgalanmalar: ger\u00e7ek rezervasyonlara dayal\u0131 analizler<\/h3>\n            <div><p>A\u015fa\u011f\u0131daki tablo, son \u00fc\u00e7 y\u0131lda Rabat'ta ortalama ara\u00e7 kiralama fiyatlar\u0131ndaki de\u011fi\u015fikliklerin dinamiklerini g\u00f6stermektedir. Bilgi kayna\u011f\u0131, arac\u0131lar olmadan do\u011frulanm\u0131\u015f yerel kiralama \u015firketlerinin tekliflerini bir araya getiren roscar.ma platformu \u00fczerinden verilen ger\u00e7ek sipari\u015flerdir.<\/p>\n<p>Analiz, kompakt \u015fehir modellerinden konforlu SUV'lere, cabrio ve premium arabalara kadar geni\u015f bir ara\u00e7 yelpazesini kapsamaktad\u0131r. Bu yakla\u015f\u0131m, fiyatlar\u0131n mevsime ve turistik aktiviteye g\u00f6re nas\u0131l de\u011fi\u015fti\u011fine dair objektif bir tablo sunmaktad\u0131r.<\/p>\n<p>Yolcularla uzun y\u0131llara dayanan \u00e7al\u0131\u015fma deneyimimizden yararlan\u0131yor ve verilerimizi pazar trendlerine g\u00f6re s\u00fcrekli g\u00fcncelliyoruz. Bu, kullan\u0131c\u0131lara b\u00fct\u00e7elerini planlamalar\u0131na ve Fas'\u0131n ba\u015fkentinde araba kiralamak i\u00e7in en avantajl\u0131 zaman\u0131 se\u00e7melerine yard\u0131mc\u0131 olacak pratik ve g\u00fcvenilir bilgiler sa\u011flar.<\/p>\n<\/div>\n            <div class=\"rpc-chart-bars\">\n                                    <div class=\"rpc-chart-column\">\n                        <div class=\"rpc-chart-inner\" style=\"height: 28.301886792453%\">\n                            <div class=\"rpc-chart-column-value\">15 \u20ac<\/div>\n                            <div class=\"rpc-chart-month\">JAN<\/div>\n                        <\/div>\n                    <\/div>\n                                    <div class=\"rpc-chart-column\">\n                        <div class=\"rpc-chart-inner\" style=\"height: 26.415094339623%\">\n                            <div class=\"rpc-chart-column-value\">14 \u20ac<\/div>\n                            <div class=\"rpc-chart-month\">FEB<\/div>\n                        <\/div>\n                    <\/div>\n                                    <div class=\"rpc-chart-column\">\n                        <div class=\"rpc-chart-inner\" style=\"height: 24.528301886792%\">\n                            <div class=\"rpc-chart-column-value\">13 \u20ac<\/div>\n                            <div class=\"rpc-chart-month\">MAR<\/div>\n                        <\/div>\n                    <\/div>\n                                    <div class=\"rpc-chart-column\">\n                        <div class=\"rpc-chart-inner\" style=\"height: 39.622641509434%\">\n                            <div class=\"rpc-chart-column-value\">21 \u20ac<\/div>\n                            <div class=\"rpc-chart-month\">APR<\/div>\n                        <\/div>\n                    <\/div>\n                                    <div class=\"rpc-chart-column\">\n                        <div class=\"rpc-chart-inner\" style=\"height: 32.075471698113%\">\n                            <div class=\"rpc-chart-column-value\">17 \u20ac<\/div>\n                            <div class=\"rpc-chart-month\">MAY<\/div>\n                        <\/div>\n                    <\/div>\n                                    <div class=\"rpc-chart-column\">\n                        <div class=\"rpc-chart-inner\" style=\"height: 32.075471698113%\">\n                            <div class=\"rpc-chart-column-value\">17 \u20ac<\/div>\n                            <div class=\"rpc-chart-month\">JUN<\/div>\n                        <\/div>\n                    <\/div>\n                                    <div class=\"rpc-chart-column\">\n                        <div class=\"rpc-chart-inner\" style=\"height: 49.056603773585%\">\n                            <div class=\"rpc-chart-column-value\">26 \u20ac<\/div>\n                            <div class=\"rpc-chart-month\">JUL<\/div>\n                        <\/div>\n                    <\/div>\n                                    <div class=\"rpc-chart-column\">\n                        <div class=\"rpc-chart-inner\" style=\"height: 62.264150943396%\">\n                            <div class=\"rpc-chart-column-value\">33 \u20ac<\/div>\n                            <div class=\"rpc-chart-month\">AUG<\/div>\n                        <\/div>\n                    <\/div>\n                                    <div class=\"rpc-chart-column\">\n                        <div class=\"rpc-chart-inner\" style=\"height: 47.169811320755%\">\n                            <div class=\"rpc-chart-column-value\">25 \u20ac<\/div>\n                            <div class=\"rpc-chart-month\">SEP<\/div>\n                        <\/div>\n                    <\/div>\n                                    <div class=\"rpc-chart-column\">\n                        <div class=\"rpc-chart-inner\" style=\"height: 37.735849056604%\">\n                            <div class=\"rpc-chart-column-value\">20 \u20ac<\/div>\n                            <div class=\"rpc-chart-month\">OCT<\/div>\n                        <\/div>\n                    <\/div>\n                                    <div class=\"rpc-chart-column\">\n                        <div class=\"rpc-chart-inner\" style=\"height: 45.283018867925%\">\n                            <div class=\"rpc-chart-column-value\">24 \u20ac<\/div>\n                            <div class=\"rpc-chart-month\">NOV<\/div>\n                        <\/div>\n                    <\/div>\n                                    <div class=\"rpc-chart-column\">\n                        <div class=\"rpc-chart-inner\" style=\"height: 37.735849056604%\">\n                            <div class=\"rpc-chart-column-value\">20 \u20ac<\/div>\n                            <div class=\"rpc-chart-month\">DEC<\/div>\n                        <\/div>\n                    <\/div>\n                            <\/div>\n        <\/div>\n        \n<h2>Rabat&#8217;ta ara\u00e7 kiralama: Belgeler<\/h2>\n<p>S\u00f6zle\u015fmeyi imzalamak ve arac\u0131n\u0131z\u0131 teslim almak i\u00e7in birka\u00e7 belgeye ihtiyac\u0131n\u0131z olacak (\u0130ngilizce isimli ve %100 ge\u00e7erli):<\/p>\n<ol>\n<li>Ehliyet<\/li>\n<li>Pasaport<\/li>\n<li>Kredi kart\u0131 (iste\u011fe ba\u011fl\u0131).<\/li>\n<\/ol>\n<p>Ara\u00e7 kiralama Rabat, Fas&#8217;ta rahat ve kayg\u0131s\u0131z bir seyahat i\u00e7in ideal se\u00e7imdir.<\/p>\n","protected":false},"excerpt":{"rendered":"<p>RosCar&#8217;dan Rabat Ara\u00e7 Kiralama Fas, ba\u015fka hi\u00e7bir yerde bulamayaca\u011f\u0131n\u0131z \u00e7\u00f6l g\u00fczelli\u011fi, deniz manzaralar\u0131 ve muhte\u015fem mimarinin inan\u0131lmaz bir kombinasyonuna sahip bir \u00fclkedir. Bu y\u00fczden Kuzey Afrika&#8217;ya bir gezi planlarken, kendinizi M\u00fcsl\u00fcman cennetine tamamen kapt\u0131rmak i\u00e7in zaman ay\u0131rsan\u0131z iyi olur. Ancak maceran\u0131z\u0131 daha rahat hale getirmek i\u00e7in Rabat&#8217;ta bir araba kiralaman\u0131z da gerekir: Geni\u015f bir ara\u00e7 [&hellip;]<\/p>\n","protected":false},"author":1,"featured_media":225,"parent":0,"menu_order":0,"comment_status":"closed","ping_status":"closed","template":"","meta":{"footnotes":""},"class_list":["post-2072","page","type-page","status-publish","has-post-thumbnail",""],"_links":{"self":[{"href":"https:\/\/roscar.ma\/tr\/wp-json\/wp\/v2\/pages\/2072","targetHints":{"allow":["GET"]}}],"collection":[{"href":"https:\/\/roscar.ma\/tr\/wp-json\/wp\/v2\/pages"}],"about":[{"href":"https:\/\/roscar.ma\/tr\/wp-json\/wp\/v2\/types\/page"}],"author":[{"embeddable":true,"href":"https:\/\/roscar.ma\/tr\/wp-json\/wp\/v2\/users\/1"}],"replies":[{"embeddable":true,"href":"https:\/\/roscar.ma\/tr\/wp-json\/wp\/v2\/comments?post=2072"}],"version-history":[{"count":2,"href":"https:\/\/roscar.ma\/tr\/wp-json\/wp\/v2\/pages\/2072\/revisions"}],"predecessor-version":[{"id":2074,"href":"https:\/\/roscar.ma\/tr\/wp-json\/wp\/v2\/pages\/2072\/revisions\/2074"}],"wp:featuredmedia":[{"embeddable":true,"href":"https:\/\/roscar.ma\/tr\/wp-json\/wp\/v2\/media\/225"}],"wp:attachment":[{"href":"https:\/\/roscar.ma\/tr\/wp-json\/wp\/v2\/media?parent=2072"}],"curies":[{"name":"wp","href":"https:\/\/api.w.org\/{rel}","templated":true}]}}