{"id":1798,"date":"2025-07-17T11:01:21","date_gmt":"2025-07-17T11:01:21","guid":{"rendered":"https:\/\/roscar.ma\/?page_id=1798"},"modified":"2025-07-24T08:02:09","modified_gmt":"2025-07-24T08:02:09","slug":"marakes-arac-kiralama","status":"publish","type":"page","link":"https:\/\/roscar.ma\/tr\/marakes-arac-kiralama\/","title":{"rendered":"Marake\u015f Ara\u00e7 Kiralama"},"content":{"rendered":"<h2>RosCar&#8217;dan Marake\u015f Ara\u00e7 Kiralama<\/h2>\n<p>Kuzey Afrika \u00fclkeleri, gelenekleri ve renkli manzaralar\u0131yla d\u00fcnyan\u0131n d\u00f6rt bir yan\u0131ndan gelen turistleri b\u00fcy\u00fcleme konusunda inan\u0131lmaz bir yetene\u011fe sahiptir. Belki de bu k\u00fclt\u00fcr, e\u015fsiz yerel mutfak ya da g\u00fcnl\u00fck ya\u015famdaki g\u00fczelliktir. Ancak Fas&#8217;a tam anlam\u0131yla dalmak i\u00e7in Marake\u015f&#8217;te bir araba kiralaman\u0131z gerekti\u011finden eminiz. Neden RosCar arac\u0131l\u0131\u011f\u0131yla bir ara\u00e7 rezervasyonu yapmal\u0131s\u0131n\u0131z? D\u00f6rt cevap var:<\/p>\n<ul>\n<li>Uzun s\u00fcreli veya k\u0131sa s\u00fcreli ara\u00e7 kiralama<\/li>\n<li>Her f\u0131rsat bulabilece\u011finiz en iyi de\u011ferdir<\/li>\n<li>Konfor i\u00e7inde seyahat etmenin tek yolu bu<\/li>\n<li>Ucuz fiyatlar ve aralar\u0131ndan se\u00e7im yapabilece\u011finiz bir\u00e7ok se\u00e7enek.<\/li>\n<\/ul>\n<p>Kendiniz i\u00e7in bir tane almak ister misiniz? O zaman \u015eimdi Rezervasyon Yap\u0131n ve birka\u00e7 dakika i\u00e7inde haz\u0131r bir rezervasyon alacaks\u0131n\u0131z.<\/p>\n<h2>Marake\u015f Ara\u00e7 Kiralama: Rehber<\/h2>\n<p>Yanl\u0131\u015fl\u0131kla Marake\u015f&#8217;te ara\u00e7 kiralaman\u0131n belirli bir bilgi gerektiren benzersiz bir prosed\u00fcre sahip tamamen farkl\u0131 bir hizmet t\u00fcr\u00fc oldu\u011funu d\u00fc\u015f\u00fcnebilirsiniz. Ancak, haz\u0131rlanmak i\u00e7in sadece iki dakikaya ihtiyac\u0131n\u0131z var.<\/p>\n<h3>\u0130lk dakika: Ara\u00e7 t\u00fcr\u00fcn\u00fc se\u00e7in<\/h3>\n<p>Bir\u00e7ok t\u00fcr aras\u0131nda, yakla\u015fan maceradaki t\u00fcm sorunlar\u0131 \u00e7\u00f6zecek yaln\u0131zca birine ihtiyac\u0131n\u0131z var:<\/p>\n<ul>\n<li>Standart araba<\/li>\n<li>\u00dcst\u00fc A\u00e7\u0131labilir<\/li>\n<li>L\u00fcks araba<\/li>\n<li>SUV veya Crossover<\/li>\n<li>Mini\/Economy (Marake\u015f&#8217;te ucuz ara\u00e7 kiralama)<\/li>\n<li>Minivan veya Van.<\/li>\n<\/ul>\n<h3>\u0130kinci dakika: Ek hizmetleri se\u00e7in<\/h3>\n<p>Burada aralar\u0131ndan se\u00e7im yapabilece\u011finiz bir\u00e7ok se\u00e7enek var, ancak yaln\u0131zca birine (veya birka\u00e7\u0131na) ihtiyac\u0131n\u0131z var:<\/p>\n<ul>\n<li>S\u0131n\u0131rs\u0131z Kilometre: Fas&#8217;\u0131n en uzak \u015fehirleri bile ke\u015ffedilebilir.<\/li>\n<li>Depozito yok: Kredi kartlar\u0131nda depozito blokesi s\u00f6z konusu olmad\u0131\u011f\u0131nda b\u00fct\u00e7eniz daha \u00f6zg\u00fcr.<\/li>\n<li>Garantili model: Volkswagen Passat rezervasyonu mu yapt\u0131n\u0131z? Passat&#8217;\u0131 al\u0131n!<\/li>\n<li>\u015eanz\u0131man: Manuel de\u011fil, ancak her durumda otomatik \u00f6nerilir.<\/li>\n<li>Ek sigorta: Bu, pi\u015fman olmayaca\u011f\u0131n\u0131z bir y\u00fckseltme t\u00fcr\u00fcd\u00fcr. Varsa Tam Kapsam\/S\u00fcper CDW&#8217;yi deneyin.<\/li>\n<li>Kredi kart\u0131 yok: Nakit veya ba\u015fka bir banka kart\u0131 kullan\u0131n.<\/li>\n<li>SIM kart: Ucuz fiyata istikrarl\u0131 bir ba\u011flant\u0131, 2025&#8217;te seyahatin ana \u00f6nceli\u011fidir.<\/li>\n<li>Ek s\u00fcr\u00fcc\u00fc: Umar\u0131m arkada\u015f\u0131n\u0131z\u0131n ehliyeti vard\u0131r.<\/li>\n<li>\u00c7ocuk koltu\u011fu: 10 ya\u015f\u0131n alt\u0131ndaki her ki\u015fi i\u00e7in bir tane olmal\u0131d\u0131r.<\/li>\n<li>\u00dccretsiz iptal: \u00d6n \u00f6demeli tutar hesab\u0131n\u0131za iade edilecektir. Sadece tarihten 48 saat \u00f6nce \u00e7al\u0131\u015f\u0131r<\/li>\n<\/ul>\n<blockquote class=\"info\">\n<h2>Marake\u015f Ara\u00e7 Kiralama detaylar\u0131<\/h2>\n<p>Ara\u00e7 tipine ve ek hizmetlere zaten karar verdiniz mi? Marake\u015f ara\u00e7 kiralama rezervasyonu art\u0131k yap\u0131labilir:<\/p>\n<ol>\n<li>Ana sayfada tarihleri ve yerleri belirleyin.<\/li>\n<li>Filtrelere t\u0131klay\u0131n, istediklerinizi se\u00e7in.<\/li>\n<li>Listeyi al\u0131n ve en iyisini bulun. \u015eimdi rezervasyon yap.<\/li>\n<li>A\u00e7\u0131l\u0131r form doldurulmal\u0131d\u0131r.<\/li>\n<li>\u015eimdi \u00f6de.<\/li>\n<\/ol>\n<p>Her RosCar rezervasyonu sadece \u00f6n \u00f6deme ile onaylanabilir. Kural olarak, bu tutar\u0131n sadece k\u00fc\u00e7\u00fck bir k\u0131sm\u0131d\u0131r ve herhangi bir kartla kolayca yap\u0131labilir.<\/p><\/blockquote>\n<h2>Marake\u015f Ara\u00e7 Kiralama Fiyat\u0131<\/h2>\n<p>\u0130nternette bulabilece\u011finiz ortalama fiyatlar:<\/p>\n<ul>\n<li>Ekonomi veya Mini i\u00e7in 15-25 $\/g\u00fcn<\/li>\n<li>Standart i\u00e7in 30-40 $\/g\u00fcn<\/li>\n<li>SUV, Crossover, Minivan veya 4&#215;4 i\u00e7in 40-60 $\/g\u00fcn<\/li>\n<li>Cabrio veya L\u00fcks i\u00e7in g\u00fcnl\u00fck 80+$<\/li>\n<\/ul>\n<p>Marake\u015f&#8217;te ara\u00e7 kiralama daha ucuz olacakt\u0131r:<\/p>\n<ul>\n<li>Erken rezervasyon yapt\u0131rmay\u0131 ba\u015fard\u0131m<\/li>\n<li>RosCar tekliflerini izleyin<\/li>\n<li>Hafta ortas\u0131 rezervasyon yap\u0131n<\/li>\n<li>Uzun s\u00fcreli ara\u00e7 kiralamay\u0131 tercih edin<\/li>\n<li>\u0130htiya\u00e7lar\u0131n\u0131z ve b\u00fct\u00e7eniz i\u00e7in do\u011fru tipi se\u00e7in.<\/li>\n<\/ul>\n<p>\u0130\u015fte fiyatlar\u0131 nas\u0131l kar\u015f\u0131la\u015ft\u0131raca\u011f\u0131n\u0131z:<\/p>\n<h3>Marake\u015f, Fas ara\u00e7 kiralama fiyatlar\u0131 tablosu<\/h3>\n<table border=\"1\">\n<thead>\n<tr>\n<th>Araba modeli<\/th>\n<th>V\u00fccut tipi<\/th>\n<th>G\u00fcnl\u00fck fiyat (d\u00fc\u015f\u00fck sezon)<\/th>\n<th>G\u00fcnl\u00fck fiyat (y\u00fcksek sezon)<\/th>\n<th>Yolcular<\/th>\n<th>Bagaj kapasitesi<\/th>\n<\/tr>\n<\/thead>\n<tbody>\n<tr>\n<td>Fiat Panda<\/td>\n<td>Hatchback<\/td>\n<td>20 \u20ac<\/td>\n<td>28 \u20ac<\/td>\n<td>4<\/td>\n<td>1<\/td>\n<\/tr>\n<tr>\n<td>Kia Picanto<\/td>\n<td>Hatchback<\/td>\n<td>22 \u20ac<\/td>\n<td>30 \u20ac<\/td>\n<td>4<\/td>\n<td>1<\/td>\n<\/tr>\n<tr>\n<td>Dacia Logan<\/td>\n<td>Sedan<\/td>\n<td>24 \u20ac<\/td>\n<td>34 \u20ac<\/td>\n<td>5<\/td>\n<td>2<\/td>\n<\/tr>\n<tr>\n<td>Peugeot 208<\/td>\n<td>Hatchback<\/td>\n<td>26 \u20ac<\/td>\n<td>36 \u20ac<\/td>\n<td>5<\/td>\n<td>2<\/td>\n<\/tr>\n<tr>\n<td>Renault Clio<\/td>\n<td>Hatchback<\/td>\n<td>27 \u20ac<\/td>\n<td>38 \u20ac<\/td>\n<td>5<\/td>\n<td>2<\/td>\n<\/tr>\n<tr>\n<td>Citro\u00ebn C-Elys\u00e9e<\/td>\n<td>Sedan<\/td>\n<td>28 \u20ac<\/td>\n<td>39 \u20ac<\/td>\n<td>5<\/td>\n<td>3<\/td>\n<\/tr>\n<tr>\n<td>Dacia Duster<\/td>\n<td>SUV<\/td>\n<td>37 \u20ac<\/td>\n<td>49 \u20ac<\/td>\n<td>5<\/td>\n<td>3<\/td>\n<\/tr>\n<tr>\n<td>Hyundai Kona<\/td>\n<td>\u00c7apraz Ge\u00e7i\u015f<\/td>\n<td>40 \u20ac<\/td>\n<td>52 \u20ac<\/td>\n<td>5<\/td>\n<td>3<\/td>\n<\/tr>\n<tr>\n<td>Renault Kadjar<\/td>\n<td>SUV<\/td>\n<td>50 \u20ac<\/td>\n<td>65 \u20ac<\/td>\n<td>5<\/td>\n<td>4<\/td>\n<\/tr>\n<tr>\n<td>Peugeot 3008<\/td>\n<td>SUV<\/td>\n<td>55 \u20ac<\/td>\n<td>70 \u20ac<\/td>\n<td>5<\/td>\n<td>4<\/td>\n<\/tr>\n<\/tbody>\n<\/table>\n        <div class=\"rpc-chart\">\n            <h3>Marake\u015f&#039;te ara\u00e7 kiralama i\u00e7in mevsimsel fiyat de\u011fi\u015fiklikleri: ger\u00e7ek rezervasyonlara dayal\u0131 g\u00fcvenilir analizler<\/h3>\n            <div><p>A\u015fa\u011f\u0131da, kalan \u00fc\u00e7 y\u0131l boyunca Marake\u015f'teki ortalama ara\u00e7 kiralama maliyetindeki de\u011fi\u015fimle ilgili analitik veriler bulunmaktad\u0131r. T\u00fcm bilgiler roscar.ma platformu \u00fczerinden yap\u0131lan ger\u00e7ek i\u015flemlere dayanmaktad\u0131r.<\/p>\n<p>Ara\u015ft\u0131rma, ekonomik modellerden SUV'lara, \u00fcst\u00fc a\u00e7\u0131k ara\u00e7lara ve premium s\u0131n\u0131fa kadar t\u00fcm ana otomobil kategorilerini kapsamaktad\u0131r. B\u00f6ylesine geni\u015f bir kapsam, turizm sezonlar\u0131 ve i\u00e7me al\u0131\u015fkanl\u0131klar\u0131 boyunca servetteki de\u011fi\u015fikliklerin tam bir resmini olu\u015fturmay\u0131 m\u00fcmk\u00fcn k\u0131lmaktad\u0131r.<\/p>\n<p>Fiyatlar\u0131n ve maliyetlerin en iyi oldu\u011fu zamanlarda arac\u0131n\u0131z\u0131 \u00f6nceden ay\u0131rtman\u0131z\u0131 tavsiye etti\u011fimiz a\u00e7\u0131kt\u0131r. RosCar Morocco'nun g\u00fcvenilir bilgileri, Marake\u015f'te konforlu ve g\u00fcvenli transfer i\u00e7in rehberinizdir.<\/p>\n<\/div>\n            <div class=\"rpc-chart-bars\">\n                                    <div class=\"rpc-chart-column\">\n                        <div class=\"rpc-chart-inner\" style=\"height: 30.769230769231%\">\n                            <div class=\"rpc-chart-column-value\">16 \u20ac<\/div>\n                            <div class=\"rpc-chart-month\">JAN<\/div>\n                        <\/div>\n                    <\/div>\n                                    <div class=\"rpc-chart-column\">\n                        <div class=\"rpc-chart-inner\" style=\"height: 28.846153846154%\">\n                            <div class=\"rpc-chart-column-value\">15 \u20ac<\/div>\n                            <div class=\"rpc-chart-month\">FEB<\/div>\n                        <\/div>\n                    <\/div>\n                                    <div class=\"rpc-chart-column\">\n                        <div class=\"rpc-chart-inner\" style=\"height: 26.923076923077%\">\n                            <div class=\"rpc-chart-column-value\">14 \u20ac<\/div>\n                            <div class=\"rpc-chart-month\">MAR<\/div>\n                        <\/div>\n                    <\/div>\n                                    <div class=\"rpc-chart-column\">\n                        <div class=\"rpc-chart-inner\" style=\"height: 42.307692307692%\">\n                            <div class=\"rpc-chart-column-value\">22 \u20ac<\/div>\n                            <div class=\"rpc-chart-month\">APR<\/div>\n                        <\/div>\n                    <\/div>\n                                    <div class=\"rpc-chart-column\">\n                        <div class=\"rpc-chart-inner\" style=\"height: 32.692307692308%\">\n                            <div class=\"rpc-chart-column-value\">17 \u20ac<\/div>\n                            <div class=\"rpc-chart-month\">MAY<\/div>\n                        <\/div>\n                    <\/div>\n                                    <div class=\"rpc-chart-column\">\n                        <div class=\"rpc-chart-inner\" style=\"height: 30.769230769231%\">\n                            <div class=\"rpc-chart-column-value\">16 \u20ac<\/div>\n                            <div class=\"rpc-chart-month\">JUN<\/div>\n                        <\/div>\n                    <\/div>\n                                    <div class=\"rpc-chart-column\">\n                        <div class=\"rpc-chart-inner\" style=\"height: 50%\">\n                            <div class=\"rpc-chart-column-value\">26 \u20ac<\/div>\n                            <div class=\"rpc-chart-month\">JUL<\/div>\n                        <\/div>\n                    <\/div>\n                                    <div class=\"rpc-chart-column\">\n                        <div class=\"rpc-chart-inner\" style=\"height: 61.538461538462%\">\n                            <div class=\"rpc-chart-column-value\">32 \u20ac<\/div>\n                            <div class=\"rpc-chart-month\">AUG<\/div>\n                        <\/div>\n                    <\/div>\n                                    <div class=\"rpc-chart-column\">\n                        <div class=\"rpc-chart-inner\" style=\"height: 42.307692307692%\">\n                            <div class=\"rpc-chart-column-value\">22 \u20ac<\/div>\n                            <div class=\"rpc-chart-month\">SEP<\/div>\n                        <\/div>\n                    <\/div>\n                                    <div class=\"rpc-chart-column\">\n                        <div class=\"rpc-chart-inner\" style=\"height: 36.538461538462%\">\n                            <div class=\"rpc-chart-column-value\">19 \u20ac<\/div>\n                            <div class=\"rpc-chart-month\">OCT<\/div>\n                        <\/div>\n                    <\/div>\n                                    <div class=\"rpc-chart-column\">\n                        <div class=\"rpc-chart-inner\" style=\"height: 32.692307692308%\">\n                            <div class=\"rpc-chart-column-value\">17 \u20ac<\/div>\n                            <div class=\"rpc-chart-month\">NOV<\/div>\n                        <\/div>\n                    <\/div>\n                                    <div class=\"rpc-chart-column\">\n                        <div class=\"rpc-chart-inner\" style=\"height: 44.230769230769%\">\n                            <div class=\"rpc-chart-column-value\">23 \u20ac<\/div>\n                            <div class=\"rpc-chart-month\">DEC<\/div>\n                        <\/div>\n                    <\/div>\n                            <\/div>\n        <\/div>\n        \n<h2>Marake\u015f Ara\u00e7 Kiralama: Belgeler<\/h2>\n<p>Arac\u0131n\u0131z\u0131 teslim almak i\u00e7in sizden a\u015fa\u011f\u0131daki belgeler istenebilir:<\/p>\n<ol>\n<li>Pasaport<\/li>\n<li>Ehliyet<\/li>\n<li>Rezervasyon onay\u0131 veya Voucher (RosCar size bir tane g\u00f6nderecektir)<\/li>\n<li>Kredi kart\u0131.<\/li>\n<\/ol>\n<p>Kredi kart\u0131n\u0131z yok mu? O zaman ihtiyac\u0131n\u0131z olan kiralama se\u00e7ene\u011fini bulmak i\u00e7in filtreleri kullan\u0131n. Ara\u00e7 kiralama Marake\u015f, sadece Marake\u015f&#8217;i de\u011fil, t\u00fcm Fas&#8217;\u0131 g\u00f6rmenizi sa\u011flayan vazge\u00e7ilmez bir hizmettir.<\/p>\n","protected":false},"excerpt":{"rendered":"<p>RosCar&#8217;dan Marake\u015f Ara\u00e7 Kiralama Kuzey Afrika \u00fclkeleri, gelenekleri ve renkli manzaralar\u0131yla d\u00fcnyan\u0131n d\u00f6rt bir yan\u0131ndan gelen turistleri b\u00fcy\u00fcleme konusunda inan\u0131lmaz bir yetene\u011fe sahiptir. Belki de bu k\u00fclt\u00fcr, e\u015fsiz yerel mutfak ya da g\u00fcnl\u00fck ya\u015famdaki g\u00fczelliktir. Ancak Fas&#8217;a tam anlam\u0131yla dalmak i\u00e7in Marake\u015f&#8217;te bir araba kiralaman\u0131z gerekti\u011finden eminiz. Neden RosCar arac\u0131l\u0131\u011f\u0131yla bir ara\u00e7 rezervasyonu yapmal\u0131s\u0131n\u0131z? D\u00f6rt [&hellip;]<\/p>\n","protected":false},"author":1,"featured_media":194,"parent":0,"menu_order":0,"comment_status":"closed","ping_status":"closed","template":"","meta":{"footnotes":""},"class_list":["post-1798","page","type-page","status-publish","has-post-thumbnail",""],"_links":{"self":[{"href":"https:\/\/roscar.ma\/tr\/wp-json\/wp\/v2\/pages\/1798","targetHints":{"allow":["GET"]}}],"collection":[{"href":"https:\/\/roscar.ma\/tr\/wp-json\/wp\/v2\/pages"}],"about":[{"href":"https:\/\/roscar.ma\/tr\/wp-json\/wp\/v2\/types\/page"}],"author":[{"embeddable":true,"href":"https:\/\/roscar.ma\/tr\/wp-json\/wp\/v2\/users\/1"}],"replies":[{"embeddable":true,"href":"https:\/\/roscar.ma\/tr\/wp-json\/wp\/v2\/comments?post=1798"}],"version-history":[{"count":1,"href":"https:\/\/roscar.ma\/tr\/wp-json\/wp\/v2\/pages\/1798\/revisions"}],"predecessor-version":[{"id":1799,"href":"https:\/\/roscar.ma\/tr\/wp-json\/wp\/v2\/pages\/1798\/revisions\/1799"}],"wp:featuredmedia":[{"embeddable":true,"href":"https:\/\/roscar.ma\/tr\/wp-json\/wp\/v2\/media\/194"}],"wp:attachment":[{"href":"https:\/\/roscar.ma\/tr\/wp-json\/wp\/v2\/media?parent=1798"}],"curies":[{"name":"wp","href":"https:\/\/api.w.org\/{rel}","templated":true}]}}