{"id":1604,"date":"2025-07-17T10:09:50","date_gmt":"2025-07-17T10:09:50","guid":{"rendered":"https:\/\/roscar.ma\/?page_id=1604"},"modified":"2025-07-23T18:32:50","modified_gmt":"2025-07-23T18:32:50","slug":"hakkimizda","status":"publish","type":"page","link":"https:\/\/roscar.ma\/tr\/hakkimizda\/","title":{"rendered":"Hakk\u0131m\u0131zda"},"content":{"rendered":"<p>RosCar Morocco, 2022 y\u0131l\u0131ndan beri Fas&#8217;ta faaliyet g\u00f6steren modern bir ara\u00e7 kiralama hizmetidir. Biz bir ara\u00e7 kiralama \u015firketi de\u011filiz, \u00fclke \u00e7ap\u0131ndaki yerel ortaklar\u0131n en iyi tekliflerini bir araya getiren kullan\u0131\u015fl\u0131 bir \u00e7evrimi\u00e7i agregat\u00f6r\u00fcz.<\/p>\n<p>roscar.ma web sitemizde, kompakt \u015fehir modellerinden konforlu SUV&#8217;lere kadar \u00e7e\u015fitli s\u0131n\u0131flarda 200&#8217;den fazla kan\u0131tlanm\u0131\u015f ara\u00e7 bulabilirsiniz. Rezervasyon s\u00fcrecini olabildi\u011fince basit ve uygun fiyatl\u0131 hale getiriyoruz: depozito ve kredi kart\u0131 olmadan ara\u00e7 kiralayabilirsiniz.<\/p>\n<p>Amac\u0131m\u0131z, yerel \u015firketlerin deneyimi ve g\u00fcvenilirli\u011fine dayanarak gezginlere Fas&#8217;ta seyahat etmeleri i\u00e7in esnek ve uygun maliyetli bir yol sunmakt\u0131r. RosCar Morocco&#8217;yu se\u00e7in ve konforlu bir seyahate \u00e7\u0131k\u0131n!<\/p>\n","protected":false},"excerpt":{"rendered":"<p>RosCar Morocco, 2022 y\u0131l\u0131ndan beri Fas&#8217;ta faaliyet g\u00f6steren modern bir ara\u00e7 kiralama hizmetidir. Biz bir ara\u00e7 kiralama \u015firketi de\u011filiz, \u00fclke \u00e7ap\u0131ndaki yerel ortaklar\u0131n en iyi tekliflerini bir araya getiren kullan\u0131\u015fl\u0131 bir \u00e7evrimi\u00e7i agregat\u00f6r\u00fcz. roscar.ma web sitemizde, kompakt \u015fehir modellerinden konforlu SUV&#8217;lere kadar \u00e7e\u015fitli s\u0131n\u0131flarda 200&#8217;den fazla kan\u0131tlanm\u0131\u015f ara\u00e7 bulabilirsiniz. Rezervasyon s\u00fcrecini olabildi\u011fince basit ve uygun [&hellip;]<\/p>\n","protected":false},"author":2,"featured_media":0,"parent":0,"menu_order":0,"comment_status":"closed","ping_status":"closed","template":"","meta":{"footnotes":""},"class_list":["post-1604","page","type-page","status-publish",""],"_links":{"self":[{"href":"https:\/\/roscar.ma\/tr\/wp-json\/wp\/v2\/pages\/1604","targetHints":{"allow":["GET"]}}],"collection":[{"href":"https:\/\/roscar.ma\/tr\/wp-json\/wp\/v2\/pages"}],"about":[{"href":"https:\/\/roscar.ma\/tr\/wp-json\/wp\/v2\/types\/page"}],"author":[{"embeddable":true,"href":"https:\/\/roscar.ma\/tr\/wp-json\/wp\/v2\/users\/2"}],"replies":[{"embeddable":true,"href":"https:\/\/roscar.ma\/tr\/wp-json\/wp\/v2\/comments?post=1604"}],"version-history":[{"count":2,"href":"https:\/\/roscar.ma\/tr\/wp-json\/wp\/v2\/pages\/1604\/revisions"}],"predecessor-version":[{"id":1609,"href":"https:\/\/roscar.ma\/tr\/wp-json\/wp\/v2\/pages\/1604\/revisions\/1609"}],"wp:attachment":[{"href":"https:\/\/roscar.ma\/tr\/wp-json\/wp\/v2\/media?parent=1604"}],"curies":[{"name":"wp","href":"https:\/\/api.w.org\/{rel}","templated":true}]}}