{"id":1391,"date":"2025-07-23T08:46:35","date_gmt":"2025-07-23T08:46:35","guid":{"rendered":"https:\/\/roscar.ma\/?page_id=1391"},"modified":"2025-07-23T13:50:35","modified_gmt":"2025-07-23T13:50:35","slug":"fas-arac-kiralama-depozitosuz","status":"publish","type":"page","link":"https:\/\/roscar.ma\/tr\/fas-arac-kiralama-depozitosuz\/","title":{"rendered":"Fas Ara\u00e7 Kiralama Depozitosuz"},"content":{"rendered":"<h2>RosCar ile Fas Ara\u00e7 Kiralama Depozitosuz<\/h2>\n<p>Geleneksel olan\u0131n aksine, Fas&#8217;ta depozito gerektirmeyen ara\u00e7 kiralama, g\u00f6z ard\u0131 edilemeyecek etkileyici bir avantajlar listesi sunar:<\/p>\n<ul>\n<li>Gelecekte anla\u015fmazl\u0131k riski yoktur (Baz\u0131 \u015firketler k\u00fc\u00e7\u00fck \u00e7izikler, benzin veya di\u011fer ayr\u0131nt\u0131lar i\u00e7in sizden para almaya \u00e7al\u0131\u015f\u0131r)<\/li>\n<li>Al\u0131\u015f ve iade i\u015flemleri \u00e7ok daha kolay (ve h\u0131zl\u0131)d\u0131r<\/li>\n<li>Daha az para gerektirir<\/li>\n<li>Kredi kartlar\u0131nda depozito bloke edilmez<\/li>\n<li>Stres i\u00e7ermeyen bir deneyim.<\/li>\n<\/ul>\n<p>Bu, RosCar filtrelerinde bulabilece\u011finiz bir\u00e7ok \u00f6zellikten sadece biridir. Deneyin ve dakikalar i\u00e7inde ideal arac\u0131n\u0131z\u0131 bulun. \u015eimdi Rezervasyon Yap\u0131n.<\/p>\n<blockquote class=\"check\">\n<h2>Fas&#8217;ta depozito olmadan araba kiralamak nas\u0131l yap\u0131l\u0131r?<\/h2>\n<p>21-25 ya\u015f\u0131n\u0131 doldurmu\u015f ve gerekli belgelere (pasaport ve ehliyet) sahip her s\u00fcr\u00fcc\u00fc, Fas&#8217;ta a\u015fa\u011f\u0131daki \u015fekilde depozito olmadan araba kiralayabilir:<\/p>\n<ol>\n<li>\u201cDepozitosuz\u201d filtresine t\u0131klayarak listeyi g\u00f6r\u00fcnt\u00fcleyin.<\/li>\n<li>Birka\u00e7 teklifi inceleyin, en uygun olan\u0131 bulun ve \u015eimdi Rezervasyon Yap&#8217;a t\u0131klay\u0131n.<\/li>\n<li>Gereksinimleri kontrol edin ve sigorta t\u00fcr\u00fcn\u00fc se\u00e7in.<\/li>\n<li>Ek hizmetleri se\u00e7in ve \u201cDevam Et\u201de t\u0131klay\u0131n.<\/li>\n<li>S\u00fcr\u00fcc\u00fc bilgilerini ekleyin.<\/li>\n<li>Onaylay\u0131n.<\/li>\n<\/ol>\n<p>Depozito veya ba\u015fka herhangi bir kiralama t\u00fcr\u00fc, banka kart\u0131n\u0131zla onaylanmal\u0131d\u0131r. \u00d6n \u00f6deme olarak %20&#8217;den fazla bir tutar \u00e7ekilmeyecektir.<\/p><\/blockquote>\n<h3>Fas&#8217;ta depozitosuz araba kiralama fiyat tablosu<\/h3>\n<table>\n<thead>\n<tr>\n<th>Araba modeli<\/th>\n<th>G\u00f6vde tipi<\/th>\n<th>G\u00fcnl\u00fck fiyat (d\u00fc\u015f\u00fck sezon)<\/th>\n<th>G\u00fcnl\u00fck fiyat (y\u00fcksek sezon)<\/th>\n<th>Yolcu say\u0131s\u0131<\/th>\n<th>Bagaj kapasitesi<\/th>\n<\/tr>\n<\/thead>\n<tbody>\n<tr>\n<td>Chevrolet Spark<\/td>\n<td>Hatchback<\/td>\n<td>19 \u20ac<\/td>\n<td>26 \u20ac<\/td>\n<td>4<\/td>\n<td>1<\/td>\n<\/tr>\n<tr>\n<td>Hyundai Grand i10<\/td>\n<td>Hatchback<\/td>\n<td>21 \u20ac<\/td>\n<td>28 \u20ac<\/td>\n<td>4<\/td>\n<td>1<\/td>\n<\/tr>\n<tr>\n<td>Skoda Fabia<\/td>\n<td>Hatchback<\/td>\n<td>23 \u20ac<\/td>\n<td>31 \u20ac<\/td>\n<td>5<\/td>\n<td>2<\/td>\n<\/tr>\n<tr>\n<td>Peugeot 2008<\/td>\n<td>Crossover<\/td>\n<td>26 \u20ac<\/td>\n<td>35 \u20ac<\/td>\n<td>5<\/td>\n<td>2<\/td>\n<\/tr>\n<tr>\n<td>Volkswagen Golf<\/td>\n<td>Hatchback<\/td>\n<td>27 \u20ac<\/td>\n<td>36 \u20ac<\/td>\n<td>5<\/td>\n<td>2<\/td>\n<\/tr>\n<tr>\n<td>Toyota Yaris Sedan<\/td>\n<td>Sedan<\/td>\n<td>28 \u20ac<\/td>\n<td>37 \u20ac<\/td>\n<td>5<\/td>\n<td>3<\/td>\n<\/tr>\n<tr>\n<td>Nissan Sunny<\/td>\n<td>Sedan<\/td>\n<td>29 \u20ac<\/td>\n<td>38 \u20ac<\/td>\n<td>5<\/td>\n<td>3<\/td>\n<\/tr>\n<tr>\n<td>Renault Arkana<\/td>\n<td>Crossover<\/td>\n<td>35 \u20ac<\/td>\n<td>45 \u20ac<\/td>\n<td>5<\/td>\n<td>3<\/td>\n<\/tr>\n<tr>\n<td>MG ZS<\/td>\n<td>SUV<\/td>\n<td>39 \u20ac<\/td>\n<td>49 \u20ac<\/td>\n<td>5<\/td>\n<td>3<\/td>\n<\/tr>\n<tr>\n<td>Volkswagen Tiguan<\/td>\n<td>SUV<\/td>\n<td>55 \u20ac<\/td>\n<td>69 \u20ac<\/td>\n<td>5<\/td>\n<td>4<\/td>\n<\/tr>\n<\/tbody>\n<\/table>\n","protected":false},"excerpt":{"rendered":"<p>RosCar ile Fas Ara\u00e7 Kiralama Depozitosuz Geleneksel olan\u0131n aksine, Fas&#8217;ta depozito gerektirmeyen ara\u00e7 kiralama, g\u00f6z ard\u0131 edilemeyecek etkileyici bir avantajlar listesi sunar: Gelecekte anla\u015fmazl\u0131k riski yoktur (Baz\u0131 \u015firketler k\u00fc\u00e7\u00fck \u00e7izikler, benzin veya di\u011fer ayr\u0131nt\u0131lar i\u00e7in sizden para almaya \u00e7al\u0131\u015f\u0131r) Al\u0131\u015f ve iade i\u015flemleri \u00e7ok daha kolay (ve h\u0131zl\u0131)d\u0131r Daha az para gerektirir Kredi kartlar\u0131nda depozito [&hellip;]<\/p>\n","protected":false},"author":1,"featured_media":1291,"parent":0,"menu_order":0,"comment_status":"closed","ping_status":"closed","template":"","meta":{"footnotes":""},"class_list":["post-1391","page","type-page","status-publish","has-post-thumbnail",""],"_links":{"self":[{"href":"https:\/\/roscar.ma\/tr\/wp-json\/wp\/v2\/pages\/1391","targetHints":{"allow":["GET"]}}],"collection":[{"href":"https:\/\/roscar.ma\/tr\/wp-json\/wp\/v2\/pages"}],"about":[{"href":"https:\/\/roscar.ma\/tr\/wp-json\/wp\/v2\/types\/page"}],"author":[{"embeddable":true,"href":"https:\/\/roscar.ma\/tr\/wp-json\/wp\/v2\/users\/1"}],"replies":[{"embeddable":true,"href":"https:\/\/roscar.ma\/tr\/wp-json\/wp\/v2\/comments?post=1391"}],"version-history":[{"count":0,"href":"https:\/\/roscar.ma\/tr\/wp-json\/wp\/v2\/pages\/1391\/revisions"}],"wp:featuredmedia":[{"embeddable":true,"href":"https:\/\/roscar.ma\/tr\/wp-json\/wp\/v2\/media\/1291"}],"wp:attachment":[{"href":"https:\/\/roscar.ma\/tr\/wp-json\/wp\/v2\/media?parent=1391"}],"curies":[{"name":"wp","href":"https:\/\/api.w.org\/{rel}","templated":true}]}}