{"id":1315,"date":"2025-07-17T10:56:33","date_gmt":"2025-07-17T10:56:33","guid":{"rendered":"https:\/\/roscar.ma\/?page_id=1315"},"modified":"2025-07-23T10:49:18","modified_gmt":"2025-07-23T10:49:18","slug":"kazablanka-arac-kiralama","status":"publish","type":"page","link":"https:\/\/roscar.ma\/tr\/kazablanka-arac-kiralama\/","title":{"rendered":"Kazablanka Ara\u00e7 Kiralama"},"content":{"rendered":"<h2>RosCar&#8217;dan Kazablanka Ara\u00e7 Kiralama<\/h2>\n<p>Fas&#8217;\u0131n ana ekonomik ve k\u00fclt\u00fcrel \u015fehri, Kuzey Afrika&#8217;ya harika bir gezi i\u00e7in her zaman iyi bir ba\u015flang\u0131\u00e7t\u0131r. E\u015fsiz Arap k\u00fclt\u00fcr\u00fc, modern mimaride binlerce y\u0131ll\u0131k tarih, gelenekler ve lezzetli yemekler eylem plan\u0131n\u0131zd\u0131r. Ama \u00f6nce Kazablanka&#8217;da bir araba kiralaman\u0131z gerekiyor. Burada araba yolculu\u011funu se\u00e7mek i\u00e7in birka\u00e7 neden var:<\/p>\n<ul>\n<li>Toplu ta\u015f\u0131ma ara\u00e7lar\u0131na g\u00f6re \u00e7ok daha konforlu<\/li>\n<li>\u0130ndirimler, ucuz fiyatlar ve bir\u00e7ok se\u00e7enek (baz\u0131lar\u0131 \u00fccretsiz)<\/li>\n<li>Do\u011fru olan\u0131 bulmak kolay<\/li>\n<li>Tam hareket \u00f6zg\u00fcrl\u00fc\u011f\u00fc.<\/li>\n<\/ul>\n<p>RosCar \u015fa\u015f\u0131rt\u0131c\u0131 derecede basit bir rezervasyon prosed\u00fcr\u00fcne sahiptir. Sadece \u015eimdi Rezervasyon Yap\u0131n, \u00f6deme i\u00e7in kart\u0131n\u0131z\u0131 ekleyin ve i\u015finiz bitti.<\/p>\n<h2>Kazablanka Ara\u00e7 Kiralama: Rehber<\/h2>\n<p>Kazablanka&#8217;da ucuz ara\u00e7 kiralama bir kurgu de\u011fil, birka\u00e7 kural\u0131 bilen her insan\u0131n ger\u00e7e\u011fidir. Onlar\u0131 takip edin ve hayal k\u0131r\u0131kl\u0131\u011f\u0131na u\u011framadan istedi\u011finiz sonuca ula\u015facaks\u0131n\u0131z.<\/p>\n<h3>1. Do\u011fru t\u00fcr\u00fc se\u00e7in<\/h3>\n<p>Filtreleri a\u00e7arak, t\u00fcrlerden birine g\u00f6re kolayca bir teklif listesi olu\u015fturabilirsiniz:<\/p>\n<ul>\n<li>SUV veya Crossover<\/li>\n<li>Standart araba<\/li>\n<li>Ekonomik araba<\/li>\n<li>Kompakt araba<\/li>\n<li>Mini araba<\/li>\n<li>\u00dcst\u00fc A\u00e7\u0131labilir<\/li>\n<li>Minivan, Van ve di\u011ferleri.<\/li>\n<\/ul>\n<h3>2. Ekstra se\u00e7enekler kullan\u0131n<\/h3>\n<p>Kazablanka&#8217;da ara\u00e7 kiralama bir veya daha fazla ek hizmetle (\u00fccretli veya \u00fccretsiz) birlikte gelebilir:<\/p>\n<ul>\n<li>Garantili model: Arac\u0131n\u0131z\u0131 teslim al\u0131rken k\u00f6t\u00fc s\u00fcrprizlerle kar\u015f\u0131la\u015fmazs\u0131n\u0131z.<\/li>\n<li>\u015eanz\u0131man: \u0130ki kere d\u00fc\u015f\u00fcnmeyin, otomatik vites al\u0131n.<\/li>\n<li>Ek sigorta: Tam Kapsam veya SuperCDW ile finansal riskleri ortadan kald\u0131ran \u00fccretli bir \u00f6zellik.<\/li>\n<li>Ek s\u00fcr\u00fcc\u00fc: S\u00f6zle\u015fmeye bir ki\u015fi ekleyebilece\u011finizi biliyor muydunuz?<\/li>\n<li>\u00c7ocuk koltu\u011fu: Her ya\u015ftan \u00e7ocuk i\u00e7in d\u00f6rt adede kadar koltuk tipi vard\u0131r.<\/li>\n<li>\u00dccretsiz iptal: Sipari\u015finizi iptal etmek i\u00e7in en az 48 saatiniz var.<\/li>\n<li>S\u0131n\u0131rs\u0131z Kilometre: \u00dccretsiz millerle \u00fccretsiz bir \u00f6zellik.<\/li>\n<li>Depozito yok: Kredi kartlar\u0131nda depozito blokesi olmad\u0131\u011f\u0131nda herkes buna bay\u0131l\u0131r.<\/li>\n<li>Kredi kart\u0131 yok: G\u00fcvenlik kontrolleri i\u00e7in ek gereksinimlerle birlikte gelebilir.<\/li>\n<li>SIM kart: Y\u00fcksek h\u0131zl\u0131 mobil internet her zaman elinizin alt\u0131nda.<\/li>\n<\/ul>\n<blockquote class=\"info\">\n<h2>Kazablanka ara\u00e7 kiralama: RosCar ile rezervasyon<\/h2>\n<p>Kazablanka ara\u00e7 kiralama, \u015fimdiye kadar ald\u0131\u011f\u0131n\u0131z en basit seyahat hizmetlerinden biri gibi g\u00f6r\u00fcnebilir:<\/p>\n<ol>\n<li>Yerleri ve tarihleri ayarlay\u0131n.<\/li>\n<li>Arama filtrelerini ayarlay\u0131n (Tip, se\u00e7enekler ve daha fazlas\u0131)<\/li>\n<li>Listeden herhangi bir arac\u0131 \u015fimdi rezerve edin.<\/li>\n<li>Formu ayr\u0131nt\u0131larla doldurun.<\/li>\n<li>Onayla.<\/li>\n<\/ol>\n<p>Ba\u015fvuru, yaln\u0131zca \u015eimdi \u00d6de arac\u0131l\u0131\u011f\u0131yla \u00f6n \u00f6deme (tutar\u0131n% 14-20&#8217;si) yap\u0131ld\u0131ktan sonra onaylanm\u0131\u015f say\u0131lacakt\u0131r. RosCar&#8217;da banka veya kredi kart\u0131 kabul edili.<\/p><\/blockquote>\n<h2>Kazablanka ara\u00e7 kiralama fiyat\u0131<\/h2>\n<p>\u0130\u015fte bu \u015fehirde bulabilece\u011finiz yakla\u015f\u0131k fiyatlar:<\/p>\n<ul>\n<li>Mini-Ekonomi i\u00e7in 15-25 $<\/li>\n<li>Compact-Standard i\u00e7in 30-40 $<\/li>\n<li>Minivan, Cabrio, Crossover veya SUV i\u00e7in 40-60 $<\/li>\n<li>L\u00fcks i\u00e7in 70+$.<\/li>\n<\/ul>\n<p>Kazablanka konumunda ara\u00e7 kiralama, a\u015fa\u011f\u0131daki fakt\u00f6rlere ba\u011fl\u0131 olarak %40&#8217;a kadar daha pahal\u0131 veya daha ucuz olabilir:<\/p>\n<ul>\n<li>Ayr\u0131lan g\u00fcn say\u0131s\u0131 (uzun s\u00fcreli bir ara\u00e7 kiralasan\u0131z iyi olur)<\/li>\n<li>Teslim alma yeri (Havaalan\u0131, \u015fehir veya teslimat)<\/li>\n<li>Sezon ve \u015firket i\u015f y\u00fck\u00fc<\/li>\n<li>Ek hizmetler dahildir.<\/li>\n<\/ul>\n<p>\u0130\u015fte fiyat\u0131 nas\u0131l kar\u015f\u0131la\u015ft\u0131raca\u011f\u0131n\u0131z:<\/p>\n<h3>Kazablanka, Fas ara\u00e7 kiralama fiyatlar\u0131 tablosu<\/h3>\n<table border=\"1\">\n<thead>\n<tr>\n<th>Araba modeli<\/th>\n<th>V\u00fccut tipi<\/th>\n<th>G\u00fcnl\u00fck fiyat (d\u00fc\u015f\u00fck sezon)<\/th>\n<th>G\u00fcnl\u00fck fiyat (y\u00fcksek sezon)<\/th>\n<th>Yolcular<\/th>\n<th>Bagaj kapasitesi<\/th>\n<\/tr>\n<\/thead>\n<tbody>\n<tr>\n<td>Kia Picanto<\/td>\n<td>Hatchback<\/td>\n<td>20 \u20ac<\/td>\n<td>27 \u20ac<\/td>\n<td>4<\/td>\n<td>1<\/td>\n<\/tr>\n<tr>\n<td>Dacia Logan<\/td>\n<td>Sedan<\/td>\n<td>22 \u20ac<\/td>\n<td>30 \u20ac<\/td>\n<td>5<\/td>\n<td>2<\/td>\n<\/tr>\n<tr>\n<td>Renault Clio<\/td>\n<td>Hatchback<\/td>\n<td>25 \u20ac<\/td>\n<td>34 \u20ac<\/td>\n<td>5<\/td>\n<td>2<\/td>\n<\/tr>\n<tr>\n<td>Hyundai i20<\/td>\n<td>Hatchback<\/td>\n<td>24 \u20ac<\/td>\n<td>33 \u20ac<\/td>\n<td>5<\/td>\n<td>2<\/td>\n<\/tr>\n<tr>\n<td>Volkswagen Polo<\/td>\n<td>Hatchback<\/td>\n<td>26 \u20ac<\/td>\n<td>36 \u20ac<\/td>\n<td>5<\/td>\n<td>2<\/td>\n<\/tr>\n<tr>\n<td>Citro\u00ebn C-Elys\u00e9e<\/td>\n<td>Sedan<\/td>\n<td>27 \u20ac<\/td>\n<td>37 \u20ac<\/td>\n<td>5<\/td>\n<td>3<\/td>\n<\/tr>\n<tr>\n<td>Peugeot 301<\/td>\n<td>Sedan<\/td>\n<td>28 \u20ac<\/td>\n<td>38 \u20ac<\/td>\n<td>5<\/td>\n<td>3<\/td>\n<\/tr>\n<tr>\n<td>Dacia Duster<\/td>\n<td>SUV<\/td>\n<td>35 \u20ac<\/td>\n<td>46 \u20ac<\/td>\n<td>5<\/td>\n<td>3<\/td>\n<\/tr>\n<tr>\n<td>Renault Kadjar<\/td>\n<td>SUV<\/td>\n<td>48 \u20ac<\/td>\n<td>60 \u20ac<\/td>\n<td>5<\/td>\n<td>4<\/td>\n<\/tr>\n<tr>\n<td>Peugeot 3008<\/td>\n<td>SUV<\/td>\n<td>54 \u20ac<\/td>\n<td>68 \u20ac<\/td>\n<td>5<\/td>\n<td>4<\/td>\n<\/tr>\n<\/tbody>\n<\/table>\n        <div class=\"rpc-chart\">\n            <h3>Kazablanka ara\u00e7 kiralama fiyatlar\u0131ndaki mevsimsel de\u011fi\u015fiklikler: teyit edilmi\u015f rezervasyonlara g\u00f6re genel bak\u0131\u015f<\/h3>\n            <div><p>Son \u00fc\u00e7 y\u0131lda, roscar.ma uzmanlar\u0131 Kazablanka'da ara\u00e7 kiralaman\u0131n ortalama maliyetindeki de\u011fi\u015fiklikleri sistematik olarak analiz etti. Veriler, yaln\u0131zca g\u00fcvenilir yerel ara\u00e7 kiralama \u015firketleriyle i\u015fbirli\u011fi yapan platformumuz arac\u0131l\u0131\u011f\u0131yla verilen ger\u00e7ek sipari\u015flere dayanmaktad\u0131r.<\/p>\n<p>\u0130zleme, kompakt \u015fehir modellerinden SUV'lara, \u00fcst\u00fc a\u00e7\u0131k arabalara ve makam ara\u00e7lar\u0131na kadar t\u00fcm ara\u00e7 kategorilerini kapsamaktad\u0131r. Bu sayede mevsimsel trendleri do\u011fru bir \u015fekilde takip edebiliyor, talebe ve turizm d\u00f6nemlerine ba\u011fl\u0131 olarak fiyat dalgalanmalar\u0131n\u0131 \u00f6ng\u00f6rebiliyoruz.<\/p>\n<p>Fas'ta ara\u00e7 kiralama alan\u0131nda uzun y\u0131llara dayanan deneyimimizle, kullan\u0131c\u0131lara g\u00fcncel ve g\u00fcvenilir veriler sunmak i\u00e7in bilgileri d\u00fczenli olarak g\u00fcncelliyoruz. Bu, \u00f6zellikle Kazablanka'ya bir gezi planlayan ve ula\u015f\u0131m i\u00e7in uygun ko\u015fullar arayanlar i\u00e7in \u00f6nemlidir.<\/p>\n<\/div>\n            <div class=\"rpc-chart-bars\">\n                                    <div class=\"rpc-chart-column\">\n                        <div class=\"rpc-chart-inner\" style=\"height: 30.188679245283%\">\n                            <div class=\"rpc-chart-column-value\">16 \u20ac<\/div>\n                            <div class=\"rpc-chart-month\">JAN<\/div>\n                        <\/div>\n                    <\/div>\n                                    <div class=\"rpc-chart-column\">\n                        <div class=\"rpc-chart-inner\" style=\"height: 28.301886792453%\">\n                            <div class=\"rpc-chart-column-value\">15 \u20ac<\/div>\n                            <div class=\"rpc-chart-month\">FEB<\/div>\n                        <\/div>\n                    <\/div>\n                                    <div class=\"rpc-chart-column\">\n                        <div class=\"rpc-chart-inner\" style=\"height: 30.188679245283%\">\n                            <div class=\"rpc-chart-column-value\">16 \u20ac<\/div>\n                            <div class=\"rpc-chart-month\">MAR<\/div>\n                        <\/div>\n                    <\/div>\n                                    <div class=\"rpc-chart-column\">\n                        <div class=\"rpc-chart-inner\" style=\"height: 39.622641509434%\">\n                            <div class=\"rpc-chart-column-value\">21 \u20ac<\/div>\n                            <div class=\"rpc-chart-month\">APR<\/div>\n                        <\/div>\n                    <\/div>\n                                    <div class=\"rpc-chart-column\">\n                        <div class=\"rpc-chart-inner\" style=\"height: 32.075471698113%\">\n                            <div class=\"rpc-chart-column-value\">17 \u20ac<\/div>\n                            <div class=\"rpc-chart-month\">MAY<\/div>\n                        <\/div>\n                    <\/div>\n                                    <div class=\"rpc-chart-column\">\n                        <div class=\"rpc-chart-inner\" style=\"height: 33.962264150943%\">\n                            <div class=\"rpc-chart-column-value\">18 \u20ac<\/div>\n                            <div class=\"rpc-chart-month\">JUN<\/div>\n                        <\/div>\n                    <\/div>\n                                    <div class=\"rpc-chart-column\">\n                        <div class=\"rpc-chart-inner\" style=\"height: 54.716981132075%\">\n                            <div class=\"rpc-chart-column-value\">29 \u20ac<\/div>\n                            <div class=\"rpc-chart-month\">JUL<\/div>\n                        <\/div>\n                    <\/div>\n                                    <div class=\"rpc-chart-column\">\n                        <div class=\"rpc-chart-inner\" style=\"height: 62.264150943396%\">\n                            <div class=\"rpc-chart-column-value\">33 \u20ac<\/div>\n                            <div class=\"rpc-chart-month\">AUG<\/div>\n                        <\/div>\n                    <\/div>\n                                    <div class=\"rpc-chart-column\">\n                        <div class=\"rpc-chart-inner\" style=\"height: 43.396226415094%\">\n                            <div class=\"rpc-chart-column-value\">23 \u20ac<\/div>\n                            <div class=\"rpc-chart-month\">SEP<\/div>\n                        <\/div>\n                    <\/div>\n                                    <div class=\"rpc-chart-column\">\n                        <div class=\"rpc-chart-inner\" style=\"height: 39.622641509434%\">\n                            <div class=\"rpc-chart-column-value\">21 \u20ac<\/div>\n                            <div class=\"rpc-chart-month\">OCT<\/div>\n                        <\/div>\n                    <\/div>\n                                    <div class=\"rpc-chart-column\">\n                        <div class=\"rpc-chart-inner\" style=\"height: 33.962264150943%\">\n                            <div class=\"rpc-chart-column-value\">18 \u20ac<\/div>\n                            <div class=\"rpc-chart-month\">NOV<\/div>\n                        <\/div>\n                    <\/div>\n                                    <div class=\"rpc-chart-column\">\n                        <div class=\"rpc-chart-inner\" style=\"height: 41.509433962264%\">\n                            <div class=\"rpc-chart-column-value\">22 \u20ac<\/div>\n                            <div class=\"rpc-chart-month\">DEC<\/div>\n                        <\/div>\n                    <\/div>\n                            <\/div>\n        <\/div>\n        \n<h2>Kazablanka&#8217;da ara\u00e7 kiralama: Belgeler<\/h2>\n<p>S\u00fcr\u00fcc\u00fcn\u00fcn kiral\u0131k arac\u0131n\u0131 teslim almak i\u00e7in sahip olmas\u0131 gereken yaln\u0131zca birka\u00e7 belge:<\/p>\n<ol>\n<li>Ehliyet<\/li>\n<li>Pasaport<\/li>\n<li>Kredi kart\u0131 (depozito, kredi veya kimlik kontrol\u00fc)<\/li>\n<li>Voucher (Rezervasyon onay\u0131n\u0131zla birlikte size bir tane g\u00f6nderece\u011fiz).<\/li>\n<\/ol>\n","protected":false},"excerpt":{"rendered":"<p>RosCar&#8217;dan Kazablanka Ara\u00e7 Kiralama Fas&#8217;\u0131n ana ekonomik ve k\u00fclt\u00fcrel \u015fehri, Kuzey Afrika&#8217;ya harika bir gezi i\u00e7in her zaman iyi bir ba\u015flang\u0131\u00e7t\u0131r. E\u015fsiz Arap k\u00fclt\u00fcr\u00fc, modern mimaride binlerce y\u0131ll\u0131k tarih, gelenekler ve lezzetli yemekler eylem plan\u0131n\u0131zd\u0131r. Ama \u00f6nce Kazablanka&#8217;da bir araba kiralaman\u0131z gerekiyor. Burada araba yolculu\u011funu se\u00e7mek i\u00e7in birka\u00e7 neden var: Toplu ta\u015f\u0131ma ara\u00e7lar\u0131na g\u00f6re \u00e7ok [&hellip;]<\/p>\n","protected":false},"author":1,"featured_media":163,"parent":0,"menu_order":0,"comment_status":"closed","ping_status":"closed","template":"","meta":{"footnotes":""},"class_list":["post-1315","page","type-page","status-publish","has-post-thumbnail",""],"_links":{"self":[{"href":"https:\/\/roscar.ma\/tr\/wp-json\/wp\/v2\/pages\/1315","targetHints":{"allow":["GET"]}}],"collection":[{"href":"https:\/\/roscar.ma\/tr\/wp-json\/wp\/v2\/pages"}],"about":[{"href":"https:\/\/roscar.ma\/tr\/wp-json\/wp\/v2\/types\/page"}],"author":[{"embeddable":true,"href":"https:\/\/roscar.ma\/tr\/wp-json\/wp\/v2\/users\/1"}],"replies":[{"embeddable":true,"href":"https:\/\/roscar.ma\/tr\/wp-json\/wp\/v2\/comments?post=1315"}],"version-history":[{"count":0,"href":"https:\/\/roscar.ma\/tr\/wp-json\/wp\/v2\/pages\/1315\/revisions"}],"wp:featuredmedia":[{"embeddable":true,"href":"https:\/\/roscar.ma\/tr\/wp-json\/wp\/v2\/media\/163"}],"wp:attachment":[{"href":"https:\/\/roscar.ma\/tr\/wp-json\/wp\/v2\/media?parent=1315"}],"curies":[{"name":"wp","href":"https:\/\/api.w.org\/{rel}","templated":true}]}}