{"id":2544,"date":"2025-07-17T11:33:38","date_gmt":"2025-07-17T11:33:38","guid":{"rendered":"https:\/\/roscar.ma\/?page_id=2544"},"modified":"2025-07-26T20:09:39","modified_gmt":"2025-07-26T20:09:39","slug":"hyrbil-tanger","status":"publish","type":"page","link":"https:\/\/roscar.ma\/sv\/hyrbil-tanger\/","title":{"rendered":"Hyrbil Tanger"},"content":{"rendered":"<h2>Hyrbil Tanger fr\u00e5n RosCar<\/h2>\n<p>Norra Marocko \u00e4r d\u00e4r tv\u00e5 kontinenter (Europa och Afrika) m\u00f6ts, d\u00e4r klimatet \u00e4r varmt 365 dagar om \u00e5ret, och alltid ljusa minnen. H\u00e4r kan du hyra en bil i Tangier och ta din resa till en helt ny niv\u00e5:<\/p>\n<ul>\n<li>Mindre utgifter f\u00f6r kollektivtrafik eller taxi<\/li>\n<li>Frihet att r\u00f6ra dig n\u00e4r du vill<\/li>\n<li>Enkel upph\u00e4mtning och bokning 24\/7<\/li>\n<li>Billiga priser med h\u00f6g kvalitet.<\/li>\n<\/ul>\n<p>Letar du fortfarande efter det b\u00e4sta v\u00e4rdet f\u00f6r varje spenderad dollar? S\u00f6k d\u00e5 efter ditt fordon p\u00e5 RosCar, boka och anv\u00e4nd kortet f\u00f6r bekr\u00e4ftelse (upp till 20% av beloppet). Ja, det \u00e4r s\u00e5 enkelt.<\/p>\n<h2>Hyrbil Tanger: Guiden<\/h2>\n<p>Att v\u00e4lja r\u00e4tt hyrbil Tangier kanske inte verkar som en l\u00e4tt uppgift, med tanke p\u00e5 din budget, resestil och behov. Men tv\u00e5 steg \u00e4r tillr\u00e4ckligt f\u00f6r att ta dig dit du vill \u00e5ka.<\/p>\n<h3>1. Typ av fordon<\/h3>\n<p>Ska den vara rymlig eller kompakt, billig eller dyr? Anv\u00e4nd filter f\u00f6r att v\u00e4lja din:<\/p>\n<ul>\n<li>Ekonomisk bil<\/li>\n<li>Kompakt bil<\/li>\n<li>SUV eller Crossover<\/li>\n<li>Minibil<\/li>\n<li>Standardbil<\/li>\n<li>Lyxbil<\/li>\n<li>Cabriolet<\/li>\n<li>Sk\u00e5pbil, minivan och mycket mer.<\/li>\n<\/ul>\n<h3>2. Ytterligare tj\u00e4nster<\/h3>\n<p>Detta kan vara det enklaste och mest prisv\u00e4rda s\u00e4ttet att f\u00f6rb\u00e4ttra kvaliteten p\u00e5 dina resor med f\u00f6ljande funktioner:<\/p>\n<ul>\n<li>Gratis avbokning: Detta alternativ kan endast anv\u00e4ndas 48 timmar f\u00f6re startdatumet.<\/li>\n<li>Inget kreditkort: Det finns alltid gott om fordon att v\u00e4lja mellan.<\/li>\n<li>SIM-kort: Alla beh\u00f6ver snabbt internet eller samtal n\u00e4r de reser.<\/li>\n<li>Extra f\u00f6rare: Det \u00e4r alltid bra att ha n\u00e5gon som \u00e4r redo att k\u00f6ra \u00e5t dig.<\/li>\n<li>Obegr\u00e4nsad k\u00f6rstr\u00e4cka: Ett bra till\u00e4gg till en billig hyrbil i Tangier.<\/li>\n<li>Ingen deposition: Kan vara 10-15% dyrare, men kommer med ingen depositionssp\u00e4rr p\u00e5 kreditkort.<\/li>\n<li>Barnstol: Barn under 10 \u00e5r kan endast flyttas i en bilbarnstol (bakre raden).<\/li>\n<li>Ytterligare f\u00f6rs\u00e4kring: Du beh\u00f6ver inte oroa dig f\u00f6r den ekonomiska friheten med SuperCDW eller Full T\u00e4ckning.<\/li>\n<li>Garanterad modell: Har du bokat en Toyota Corolla? Du kommer att f\u00e5 exakt Toyota Corolla.<\/li>\n<li>V\u00e4xell\u00e5da: Manuell vs. automatisk. Billig vs. bekv\u00e4m.<\/li>\n<\/ul>\n<blockquote class=\"info\">\n<h2>Tangier biluthyrning: Bokning<\/h2>\n<p>Har du fem minuter? D\u00e5 kan du hyra ett fordon p\u00e5 RosCar p\u00e5 detta s\u00e4tt:<\/p>\n<ol>\n<li>Ange Start-Slut datum, samt platser.<\/li>\n<li>G\u00e5 till filter och klicka p\u00e5 de som du tycker \u00e4r \u00f6nskv\u00e4rda. F\u00e5 en lista.<\/li>\n<li>V\u00e4lj din bil via Boka nu.<\/li>\n<li>V\u00e4lj typ av betalning, f\u00f6rs\u00e4kring och extrafunktioner i formul\u00e4ret.<\/li>\n<li>L\u00e4gg till annan information och bekr\u00e4fta.<\/li>\n<li>Betala nu.<\/li>\n<\/ol>\n<p>Tangier biluthyrning kan bokas av alla med k\u00f6rkort (\u00f6ver 21 \u00e5r) och ett bankkort (upp till 20% f\u00f6r bekr\u00e4ftelsebetalning). 80% av \u00e5terstoden betalas p\u00e5 plats, med vilken metod du angav i formul\u00e4ret.<\/p><\/blockquote>\n<h2>Hyra bil Tangier pris<\/h2>\n<p>I den h\u00e4r delen av Marocko kan du hitta ganska l\u00e5ga priser f\u00f6r biluthyrning i Tangier:<\/p>\n<ul>\n<li>$15-20 f\u00f6r Economy eller Mini<\/li>\n<li>$25-30 f\u00f6r Standard<\/li>\n<li>$35-50 f\u00f6r Minivan, SUV, 4&#215;4, eller Crossover<\/li>\n<li>$60+ f\u00f6r lyxbil eller cabriolet.<\/li>\n<\/ul>\n<p>Priserna i mitten av turists\u00e4songen kan \u00f6ka upp till 60%, eller \u00e4nnu h\u00f6gre. D\u00e4rf\u00f6r b\u00f6r du ta h\u00e4nsyn till f\u00f6ljande livshackar f\u00f6r l\u00e4gre kostnader:<\/p>\n<ul>\n<li>Boka s\u00e5 tidigt som m\u00f6jligt<\/li>\n<li>V\u00e4lj en typ av fordon som inte hotar din budget<\/li>\n<li>Leta efter gratisfunktioner (ingen deposition, inget kreditkort, obegr\u00e4nsad k\u00f6rstr\u00e4cka etc.)<\/li>\n<li>Ange startdatum till mitten av veckan.<\/li>\n<\/ul>\n<p>Du b\u00f6r ocks\u00e5 j\u00e4mf\u00f6ra priset:<\/p>\n<h3>Tabell med priser f\u00f6r hyrbil i Tangier, Marocko<\/h3>\n<table>\n<thead>\n<tr>\n<th>Bilmodell<\/th>\n<th>Typ av kaross<\/th>\n<th>Pris per dag (l\u00e5gs\u00e4song)<\/th>\n<th>Pris per dag (h\u00f6gs\u00e4song)<\/th>\n<th>Antal passagerare<\/th>\n<th>Bagagekapacitet<\/th>\n<\/tr>\n<\/thead>\n<tbody>\n<tr>\n<td>Fiat Panda<\/td>\n<td>Halvkombi<\/td>\n<td>20 \u20ac<\/td>\n<td>27 \u20ac<\/td>\n<td>4<\/td>\n<td>1<\/td>\n<\/tr>\n<tr>\n<td>Kia Picanto<\/td>\n<td>Halvkombi<\/td>\n<td>22 \u20ac<\/td>\n<td>29 \u20ac<\/td>\n<td>4<\/td>\n<td>1<\/td>\n<\/tr>\n<tr>\n<td>Dacia Logan<\/td>\n<td>Sedan<\/td>\n<td>24 \u20ac<\/td>\n<td>32 \u20ac<\/td>\n<td>5<\/td>\n<td>2<\/td>\n<\/tr>\n<tr>\n<td>Peugeot 208<\/td>\n<td>Halvkombi<\/td>\n<td>26 \u20ac<\/td>\n<td>35 \u20ac<\/td>\n<td>5<\/td>\n<td>2<\/td>\n<\/tr>\n<tr>\n<td>Renault Clio<\/td>\n<td>Halvkombi<\/td>\n<td>27 \u20ac<\/td>\n<td>36 \u20ac<\/td>\n<td>5<\/td>\n<td>2<\/td>\n<\/tr>\n<tr>\n<td>Citro\u00ebn C-Elys\u00e9e<\/td>\n<td>Sedan<\/td>\n<td>29 \u20ac<\/td>\n<td>39 \u20ac<\/td>\n<td>5<\/td>\n<td>3<\/td>\n<\/tr>\n<tr>\n<td>Hyundai i20<\/td>\n<td>Halvkombi<\/td>\n<td>28 \u20ac<\/td>\n<td>38 \u20ac<\/td>\n<td>5<\/td>\n<td>2<\/td>\n<\/tr>\n<tr>\n<td>Dacia Duster<\/td>\n<td>SUV<\/td>\n<td>38 \u20ac<\/td>\n<td>49 \u20ac<\/td>\n<td>5<\/td>\n<td>3<\/td>\n<\/tr>\n<tr>\n<td>Renault Kadjar<\/td>\n<td>SUV<\/td>\n<td>50 \u20ac<\/td>\n<td>62 \u20ac<\/td>\n<td>5<\/td>\n<td>4<\/td>\n<\/tr>\n<tr>\n<td>Peugeot 3008<\/td>\n<td>SUV<\/td>\n<td>55 \u20ac<\/td>\n<td>70 \u20ac<\/td>\n<td>5<\/td>\n<td>4<\/td>\n<\/tr>\n<\/tbody>\n<\/table>\n        <div class=\"rpc-chart\">\n            <h3>Hur biluthyrningspriserna \u00e4ndras i Tangier: en \u00f6versikt baserad p\u00e5 verkliga bokningar<\/h3>\n            <div><p>Under de senaste tre \u00e5ren har roscar.ma \u00f6vervakat hyrbilspriser i Tangier. Alla uppgifter som presenteras h\u00e4r \u00e4r baserade p\u00e5 verkliga bokningar, vilket g\u00f6r att vi kan skapa en tillf\u00f6rlitlig bild av s\u00e4songsvariationer i hyrespriserna.<\/p>\n<p>Analysen omfattar olika kategorier av bilar - fr\u00e5n kompakta modeller till SUV:ar, cabrioleter och premiumbilar. Detta g\u00f6r det m\u00f6jligt f\u00f6r oss att se hur turistaktivitet och \u00e5rstid p\u00e5verkar priss\u00e4ttningen.<\/p>\n<p>RosCar Marockos specialister har l\u00e5ng erfarenhet av kundservice i Marocko och erbjuder verifierad information som kommer att vara anv\u00e4ndbar f\u00f6r alla som planerar en resa till Tanger och vill planera sina transportkostnader effektivt.<\/p>\n<\/div>\n            <div class=\"rpc-chart-bars\">\n                                    <div class=\"rpc-chart-column\">\n                        <div class=\"rpc-chart-inner\" style=\"height: 24.528301886792%\">\n                            <div class=\"rpc-chart-column-value\">13 \u20ac<\/div>\n                            <div class=\"rpc-chart-month\">JAN<\/div>\n                        <\/div>\n                    <\/div>\n                                    <div class=\"rpc-chart-column\">\n                        <div class=\"rpc-chart-inner\" style=\"height: 26.415094339623%\">\n                            <div class=\"rpc-chart-column-value\">14 \u20ac<\/div>\n                            <div class=\"rpc-chart-month\">FEB<\/div>\n                        <\/div>\n                    <\/div>\n                                    <div class=\"rpc-chart-column\">\n                        <div class=\"rpc-chart-inner\" style=\"height: 28.301886792453%\">\n                            <div class=\"rpc-chart-column-value\">15 \u20ac<\/div>\n                            <div class=\"rpc-chart-month\">MAR<\/div>\n                        <\/div>\n                    <\/div>\n                                    <div class=\"rpc-chart-column\">\n                        <div class=\"rpc-chart-inner\" style=\"height: 45.283018867925%\">\n                            <div class=\"rpc-chart-column-value\">24 \u20ac<\/div>\n                            <div class=\"rpc-chart-month\">APR<\/div>\n                        <\/div>\n                    <\/div>\n                                    <div class=\"rpc-chart-column\">\n                        <div class=\"rpc-chart-inner\" style=\"height: 32.075471698113%\">\n                            <div class=\"rpc-chart-column-value\">17 \u20ac<\/div>\n                            <div class=\"rpc-chart-month\">MAY<\/div>\n                        <\/div>\n                    <\/div>\n                                    <div class=\"rpc-chart-column\">\n                        <div class=\"rpc-chart-inner\" style=\"height: 30.188679245283%\">\n                            <div class=\"rpc-chart-column-value\">16 \u20ac<\/div>\n                            <div class=\"rpc-chart-month\">JUN<\/div>\n                        <\/div>\n                    <\/div>\n                                    <div class=\"rpc-chart-column\">\n                        <div class=\"rpc-chart-inner\" style=\"height: 52.830188679245%\">\n                            <div class=\"rpc-chart-column-value\">28 \u20ac<\/div>\n                            <div class=\"rpc-chart-month\">JUL<\/div>\n                        <\/div>\n                    <\/div>\n                                    <div class=\"rpc-chart-column\">\n                        <div class=\"rpc-chart-inner\" style=\"height: 62.264150943396%\">\n                            <div class=\"rpc-chart-column-value\">33 \u20ac<\/div>\n                            <div class=\"rpc-chart-month\">AUG<\/div>\n                        <\/div>\n                    <\/div>\n                                    <div class=\"rpc-chart-column\">\n                        <div class=\"rpc-chart-inner\" style=\"height: 39.622641509434%\">\n                            <div class=\"rpc-chart-column-value\">21 \u20ac<\/div>\n                            <div class=\"rpc-chart-month\">SEP<\/div>\n                        <\/div>\n                    <\/div>\n                                    <div class=\"rpc-chart-column\">\n                        <div class=\"rpc-chart-inner\" style=\"height: 35.849056603774%\">\n                            <div class=\"rpc-chart-column-value\">19 \u20ac<\/div>\n                            <div class=\"rpc-chart-month\">OCT<\/div>\n                        <\/div>\n                    <\/div>\n                                    <div class=\"rpc-chart-column\">\n                        <div class=\"rpc-chart-inner\" style=\"height: 32.075471698113%\">\n                            <div class=\"rpc-chart-column-value\">17 \u20ac<\/div>\n                            <div class=\"rpc-chart-month\">NOV<\/div>\n                        <\/div>\n                    <\/div>\n                                    <div class=\"rpc-chart-column\">\n                        <div class=\"rpc-chart-inner\" style=\"height: 41.509433962264%\">\n                            <div class=\"rpc-chart-column-value\">22 \u20ac<\/div>\n                            <div class=\"rpc-chart-month\">DEC<\/div>\n                        <\/div>\n                    <\/div>\n                            <\/div>\n        <\/div>\n        \n<h2>Hyrbil Tanger: Dokument<\/h2>\n<p>Marocko \u00e4r ett \u00f6ppet land som \u00e4r tillg\u00e4ngligt f\u00f6r turister fr\u00e5n hela v\u00e4rlden. D\u00e4rf\u00f6r kr\u00e4vs endast standarddokument f\u00f6r att hyra:<\/p>\n<ol>\n<li>K\u00f6rkort (2 \u00e5rs erfarenhet kr\u00e4vs)<\/li>\n<li>Pass eller ID-kort<\/li>\n<li>Voucher eller bokningscertifikat<\/li>\n<li>Kreditkort (valfritt).<\/li>\n<\/ol>\n","protected":false},"excerpt":{"rendered":"<p>Hyrbil Tanger fr\u00e5n RosCar Norra Marocko \u00e4r d\u00e4r tv\u00e5 kontinenter (Europa och Afrika) m\u00f6ts, d\u00e4r klimatet \u00e4r varmt 365 dagar om \u00e5ret, och alltid ljusa minnen. H\u00e4r kan du hyra en bil i Tangier och ta din resa till en helt ny niv\u00e5: Mindre utgifter f\u00f6r kollektivtrafik eller taxi Frihet att r\u00f6ra dig n\u00e4r du [&hellip;]<\/p>\n","protected":false},"author":1,"featured_media":296,"parent":0,"menu_order":0,"comment_status":"closed","ping_status":"closed","template":"","meta":{"footnotes":""},"class_list":["post-2544","page","type-page","status-publish","has-post-thumbnail",""],"_links":{"self":[{"href":"https:\/\/roscar.ma\/sv\/wp-json\/wp\/v2\/pages\/2544","targetHints":{"allow":["GET"]}}],"collection":[{"href":"https:\/\/roscar.ma\/sv\/wp-json\/wp\/v2\/pages"}],"about":[{"href":"https:\/\/roscar.ma\/sv\/wp-json\/wp\/v2\/types\/page"}],"author":[{"embeddable":true,"href":"https:\/\/roscar.ma\/sv\/wp-json\/wp\/v2\/users\/1"}],"replies":[{"embeddable":true,"href":"https:\/\/roscar.ma\/sv\/wp-json\/wp\/v2\/comments?post=2544"}],"version-history":[{"count":2,"href":"https:\/\/roscar.ma\/sv\/wp-json\/wp\/v2\/pages\/2544\/revisions"}],"predecessor-version":[{"id":2546,"href":"https:\/\/roscar.ma\/sv\/wp-json\/wp\/v2\/pages\/2544\/revisions\/2546"}],"wp:featuredmedia":[{"embeddable":true,"href":"https:\/\/roscar.ma\/sv\/wp-json\/wp\/v2\/media\/296"}],"wp:attachment":[{"href":"https:\/\/roscar.ma\/sv\/wp-json\/wp\/v2\/media?parent=2544"}],"curies":[{"name":"wp","href":"https:\/\/api.w.org\/{rel}","templated":true}]}}