{"id":2172,"date":"2025-07-17T11:30:24","date_gmt":"2025-07-17T11:30:24","guid":{"rendered":"https:\/\/roscar.ma\/?page_id=2172"},"modified":"2025-07-26T13:12:17","modified_gmt":"2025-07-26T13:12:17","slug":"hyrbil-agadir","status":"publish","type":"page","link":"https:\/\/roscar.ma\/sv\/hyrbil-agadir\/","title":{"rendered":"Hyrbil Agadir"},"content":{"rendered":"<h2>Hyrbil Agadir fr\u00e5n RosCar<\/h2>\n<p>Marocko \u00e4r ett land med en unik atmosf\u00e4r, livliga landskap och dussintals uts\u00f6kta kustst\u00e4der. Det \u00e4r den perfekta platsen f\u00f6r dem som s\u00f6ker n\u00e5got mer \u00e4n bara koppla av p\u00e5 stranden. Och det finns bara ett s\u00e4tt att g\u00e5 om du vill f\u00e5 ut det mesta av din resa och f\u00e5 din fyllning av levande k\u00e4nslor: biluthyrning Agadir. \u00c4r du redo att f\u00e5 din? Boka d\u00e5 nu med RosCar s\u00e5 kommer du att kunna g\u00f6ra det:<\/p>\n<ul>\n<li>V\u00e4lj de b\u00e4sta erbjudandena med win-win villkor<\/li>\n<li>Utrusta extra alternativ som g\u00f6r livet b\u00e4ttre och enklare<\/li>\n<li>R\u00f6r dig l\u00e4ngs din unika v\u00e4g utan att vara bunden till n\u00e5gon annans schema<\/li>\n<li>Ta l\u00e5ga priser f\u00f6r l\u00e5ngtidshyra av bil.<\/li>\n<\/ul>\n<h2>Hyrbil Agadir: Guiden<\/h2>\n<p>Innan du trycker p\u00e5 knappen &#8221;Boka nu&#8221; f\u00f6resl\u00e5r vi att du l\u00e4ser en kort introduktion. Det h\u00e4r \u00e4r v\u00e4gen f\u00f6r tusentals aktiva resen\u00e4rer fr\u00e5n hela v\u00e4rlden, vilket g\u00f6r att du kan ta det du inte kommer att \u00e5ngra.<\/p>\n<h3>1. V\u00e4lj den typ av fordon som passar din budget och dina m\u00e5l<\/h3>\n<p>Billig biluthyrning i Agadir \u00e4r endast tillg\u00e4nglig f\u00f6r dem som v\u00e4ljer r\u00e4tt typ:<\/p>\n<ul>\n<li>Standardbil (b\u00e4sts\u00e4ljare i Marocko)<\/li>\n<li>Crossover eller SUV<\/li>\n<li>Minibil eller ekonomibil<\/li>\n<li>Minivan eller Van<\/li>\n<li>Cabriolet, Lyx eller andra.<\/li>\n<\/ul>\n<h3>2. Vad s\u00e4gs om ytterligare tj\u00e4nster?<\/h3>\n<p>Detta \u00e4r den del av bokningen som m\u00e5nga turister ofta hoppar \u00f6ver, men sedan \u00e5ngrar att de inte \u00e4gnade mer uppm\u00e4rksamhet \u00e5t den. Kanske finns det n\u00e5got h\u00e4r som kommer att g\u00f6ra din hyrbil i Agadir b\u00e4ttre:<\/p>\n<ul>\n<li>Ytterligare f\u00f6rs\u00e4kring: De finansiella riskerna kommer att vara l\u00e4gre om du har betalat f\u00f6r en uppgradering till Full Coverage eller SuperCDW.<\/li>\n<li>Fri avbest\u00e4llning: Om du inte \u00e4r 100% s\u00e4ker p\u00e5 dina planer.<\/li>\n<li>Obegr\u00e4nsad k\u00f6rstr\u00e4cka: Noll avgifter f\u00f6r o\u00e4ndliga resem\u00f6jligheter.<\/li>\n<li>Ingen deposition: Du beh\u00f6ver inte sk\u00e4ra i din budget, prova inga ins\u00e4ttningssp\u00e4rrar p\u00e5 kreditkort.<\/li>\n<li>Garanterad modell: Samma bil kommer att reserveras, inga undantag.<\/li>\n<li>Transmission: Du kommer inte att bli f\u00f6rv\u00e5nad \u00f6ver att vi rekommenderar en automatisk v\u00e4xell\u00e5da.<\/li>\n<li>Inget kreditkort: M\u00e5nga bra fordon finns tillg\u00e4ngliga med denna kostnadsfria funktion.<\/li>\n<li>SIM-kort: Att resa i 2025 \u00e4r om\u00f6jligt utan en stabil och billig internetanslutning.<\/li>\n<li>Ytterligare f\u00f6rare: V\u00e4lj det h\u00e4r alternativet om du vill l\u00e5ta en v\u00e4n k\u00f6ra p\u00e5 v\u00e4gen.<\/li>\n<li>Barnstol: Barn under 10 \u00e5r m\u00e5ste sitta fastsp\u00e4nda i en bilbarnstol i Marocko.<\/li>\n<\/ul>\n<blockquote class=\"check\">\n<h2>Agadir biluthyrning: Bokning<\/h2>\n<p>Har du k\u00f6rkort och \u00e4r \u00f6ver 21 \u00e5r gammal? G\u00e5 sedan och f\u00e5 Agadir biluthyrning s\u00e5 snart som m\u00f6jligt:<\/p>\n<ol>\n<li>Ange platser och datum.<\/li>\n<li>G\u00e5 till filter f\u00f6r att anpassa din s\u00f6kning.<\/li>\n<li>Hittade du \u00f6nskat fordon i listan? Boka nu.<\/li>\n<li>L\u00e4gg till ytterligare tj\u00e4nster eller f\u00f6rs\u00e4kringstyp (om du beh\u00f6ver en uppgradering).<\/li>\n<li>Fyll i din f\u00f6rares information.<\/li>\n<li>Bekr\u00e4fta.<\/li>\n<\/ol>\n<p>Bekr\u00e4ftelse av bokning p\u00e5 RosCar utf\u00f6rs via ett bankkort, vilket kr\u00e4ver ungef\u00e4r en femtedel av hyresbetalningen. Vouchern (bokningsbekr\u00e4ftelsen) skickas s\u00e5 snart betalningen \u00e4r krediterad.<\/p><\/blockquote>\n<h2>Hyrbil Agadir pris<\/h2>\n<p>Kostnaden f\u00f6r en dags k\u00f6rning med ett hyrt fordon \u00e4r:<\/p>\n<ul>\n<li>$15-20 f\u00f6r Economy\/Mini<\/li>\n<li>$25-35 f\u00f6r Standard\/Compact<\/li>\n<li>$40-60 f\u00f6r Crossover\/SUV\/Minivan<\/li>\n<li>$80+ f\u00f6r Lyx\/Cabriolet.<\/li>\n<\/ul>\n<p>Detta \u00e4r endast ungef\u00e4rliga v\u00e4rden i genomsnitt \u00f6ver \u00e5ret. Att hyra en bil i Agadir blir billigare om du:<\/p>\n<ul>\n<li>H\u00e5ller dig borta fr\u00e5n sista minuten-s\u00e4songer eller helgdagar<\/li>\n<li>Leta efter l\u00e5ngsiktig biluthyrning<\/li>\n<li>Plockar upp i staden (flygplats eller transfer \u00e4r dyrare)<\/li>\n<li>G\u00f6r en reservation i tid (10-20 dagar f\u00f6re start).<\/li>\n<\/ul>\n<p>Vi rekommenderar ocks\u00e5 att du j\u00e4mf\u00f6r priset:<\/p>\n<h3>Tabell med priser p\u00e5 hyrbilar i Agadir, Marocko<\/h3>\n<table border=\"1\" cellspacing=\"0\" cellpadding=\"0\">\n<thead>\n<tr>\n<th>Bilmodell<\/th>\n<th>Typ av kaross<\/th>\n<th>Pris per dag (l\u00e5gs\u00e4song)<\/th>\n<th>Pris per dag (h\u00f6gs\u00e4song)<\/th>\n<th>Antal passagerare<\/th>\n<th>Bagagekapacitet<\/th>\n<\/tr>\n<\/thead>\n<tbody>\n<tr>\n<td>Fiat Panda<\/td>\n<td>Halvkombi<\/td>\n<td>19 \u20ac<\/td>\n<td>25 \u20ac<\/td>\n<td>4<\/td>\n<td>1<\/td>\n<\/tr>\n<tr>\n<td>Kia Picanto<\/td>\n<td>Halvkombi<\/td>\n<td>21 \u20ac<\/td>\n<td>28 \u20ac<\/td>\n<td>4<\/td>\n<td>1<\/td>\n<\/tr>\n<tr>\n<td>Dacia Logan<\/td>\n<td>Sedan<\/td>\n<td>23 \u20ac<\/td>\n<td>31 \u20ac<\/td>\n<td>5<\/td>\n<td>2<\/td>\n<\/tr>\n<tr>\n<td>Hyundai i20<\/td>\n<td>Halvkombi<\/td>\n<td>25 \u20ac<\/td>\n<td>34 \u20ac<\/td>\n<td>5<\/td>\n<td>2<\/td>\n<\/tr>\n<tr>\n<td>Peugeot 208<\/td>\n<td>Halvkombi<\/td>\n<td>26 \u20ac<\/td>\n<td>35 \u20ac<\/td>\n<td>5<\/td>\n<td>2<\/td>\n<\/tr>\n<tr>\n<td>Renault Clio<\/td>\n<td>Halvkombi<\/td>\n<td>27 \u20ac<\/td>\n<td>37 \u20ac<\/td>\n<td>5<\/td>\n<td>2<\/td>\n<\/tr>\n<tr>\n<td>Citro\u00ebn C-Elys\u00e9e<\/td>\n<td>Sedan<\/td>\n<td>28 \u20ac<\/td>\n<td>38 \u20ac<\/td>\n<td>5<\/td>\n<td>3<\/td>\n<\/tr>\n<tr>\n<td>Renault Captur<\/td>\n<td>Crossover<\/td>\n<td>33 \u20ac<\/td>\n<td>44 \u20ac<\/td>\n<td>5<\/td>\n<td>3<\/td>\n<\/tr>\n<tr>\n<td>Dacia Duster<\/td>\n<td>SUV<\/td>\n<td>37 \u20ac<\/td>\n<td>48 \u20ac<\/td>\n<td>5<\/td>\n<td>3<\/td>\n<\/tr>\n<tr>\n<td>Peugeot 3008<\/td>\n<td>SUV<\/td>\n<td>54 \u20ac<\/td>\n<td>68 \u20ac<\/td>\n<td>5<\/td>\n<td>4<\/td>\n<\/tr>\n<\/tbody>\n<\/table>\n        <div class=\"rpc-chart\">\n            <h3>S\u00e4songsm\u00e4ssiga f\u00f6r\u00e4ndringar i hyrbilspriser i Agadir: faktisk analys baserad p\u00e5 bokningar<\/h3>\n            <div><p>Under de senaste tre \u00e5ren har roscar.ma-teamet samlat in och analyserat uppgifter om den genomsnittliga kostnaden f\u00f6r att hyra en bil i Agadir. Alla resultat baseras p\u00e5 verkliga bokningar som gjorts via plattformen, som uteslutande arbetar med betrodda lokala partners.<\/p>\n<p>Studien tar h\u00e4nsyn till alla kategorier av bilar - fr\u00e5n kompakta stadsmodeller till rymliga SUV: er, cabrioleter och bilar i aff\u00e4rsklass. Detta tillv\u00e4gag\u00e5ngss\u00e4tt g\u00f6r att du kan identifiera exakta s\u00e4songsm\u00e4ssiga pristrender och ge kunderna den mest anv\u00e4ndbara informationen f\u00f6r att planera sin resa.<\/p>\n<p>RosCar Marockos specialister har en djup f\u00f6rst\u00e5else f\u00f6r biluthyrningsmarknaden i Marocko och arbetar dagligen f\u00f6r att uppdatera aktuell statistik. Detta s\u00e4kerst\u00e4ller att anv\u00e4ndarna inte bara f\u00e5r medelv\u00e4rden, utan p\u00e5litlig, praktisk information som uppfyller verkliga f\u00f6rh\u00e5llanden.<\/p>\n<\/div>\n            <div class=\"rpc-chart-bars\">\n                                    <div class=\"rpc-chart-column\">\n                        <div class=\"rpc-chart-inner\" style=\"height: 27.659574468085%\">\n                            <div class=\"rpc-chart-column-value\">13 \u20ac<\/div>\n                            <div class=\"rpc-chart-month\">JAN<\/div>\n                        <\/div>\n                    <\/div>\n                                    <div class=\"rpc-chart-column\">\n                        <div class=\"rpc-chart-inner\" style=\"height: 29.787234042553%\">\n                            <div class=\"rpc-chart-column-value\">14 \u20ac<\/div>\n                            <div class=\"rpc-chart-month\">FEB<\/div>\n                        <\/div>\n                    <\/div>\n                                    <div class=\"rpc-chart-column\">\n                        <div class=\"rpc-chart-inner\" style=\"height: 27.659574468085%\">\n                            <div class=\"rpc-chart-column-value\">13 \u20ac<\/div>\n                            <div class=\"rpc-chart-month\">MAR<\/div>\n                        <\/div>\n                    <\/div>\n                                    <div class=\"rpc-chart-column\">\n                        <div class=\"rpc-chart-inner\" style=\"height: 38.297872340426%\">\n                            <div class=\"rpc-chart-column-value\">18 \u20ac<\/div>\n                            <div class=\"rpc-chart-month\">APR<\/div>\n                        <\/div>\n                    <\/div>\n                                    <div class=\"rpc-chart-column\">\n                        <div class=\"rpc-chart-inner\" style=\"height: 29.787234042553%\">\n                            <div class=\"rpc-chart-column-value\">14 \u20ac<\/div>\n                            <div class=\"rpc-chart-month\">MAY<\/div>\n                        <\/div>\n                    <\/div>\n                                    <div class=\"rpc-chart-column\">\n                        <div class=\"rpc-chart-inner\" style=\"height: 27.659574468085%\">\n                            <div class=\"rpc-chart-column-value\">13 \u20ac<\/div>\n                            <div class=\"rpc-chart-month\">JUN<\/div>\n                        <\/div>\n                    <\/div>\n                                    <div class=\"rpc-chart-column\">\n                        <div class=\"rpc-chart-inner\" style=\"height: 46.808510638298%\">\n                            <div class=\"rpc-chart-column-value\">22 \u20ac<\/div>\n                            <div class=\"rpc-chart-month\">JUL<\/div>\n                        <\/div>\n                    <\/div>\n                                    <div class=\"rpc-chart-column\">\n                        <div class=\"rpc-chart-inner\" style=\"height: 57.446808510638%\">\n                            <div class=\"rpc-chart-column-value\">27 \u20ac<\/div>\n                            <div class=\"rpc-chart-month\">AUG<\/div>\n                        <\/div>\n                    <\/div>\n                                    <div class=\"rpc-chart-column\">\n                        <div class=\"rpc-chart-inner\" style=\"height: 31.914893617021%\">\n                            <div class=\"rpc-chart-column-value\">15 \u20ac<\/div>\n                            <div class=\"rpc-chart-month\">SEP<\/div>\n                        <\/div>\n                    <\/div>\n                                    <div class=\"rpc-chart-column\">\n                        <div class=\"rpc-chart-inner\" style=\"height: 38.297872340426%\">\n                            <div class=\"rpc-chart-column-value\">18 \u20ac<\/div>\n                            <div class=\"rpc-chart-month\">OCT<\/div>\n                        <\/div>\n                    <\/div>\n                                    <div class=\"rpc-chart-column\">\n                        <div class=\"rpc-chart-inner\" style=\"height: 31.914893617021%\">\n                            <div class=\"rpc-chart-column-value\">15 \u20ac<\/div>\n                            <div class=\"rpc-chart-month\">NOV<\/div>\n                        <\/div>\n                    <\/div>\n                                    <div class=\"rpc-chart-column\">\n                        <div class=\"rpc-chart-inner\" style=\"height: 40.425531914894%\">\n                            <div class=\"rpc-chart-column-value\">19 \u20ac<\/div>\n                            <div class=\"rpc-chart-month\">DEC<\/div>\n                        <\/div>\n                    <\/div>\n                            <\/div>\n        <\/div>\n        \n<h2>Hyrbil Agadir: Dokument<\/h2>\n<p>21-25 \u00e5rs \u00e5lder, viss k\u00f6rvana och f\u00f6ljande dokument kr\u00e4vs f\u00f6r att hyra bil i Agadir:<\/p>\n<ol>\n<li>Kreditkort (tillval)<\/li>\n<li>pass<\/li>\n<li>Voucher\/Bokningsintyg<\/li>\n<li>K\u00f6rkort (eller IDP).<\/li>\n<\/ol>\n<p>Biluthyrning Agadir \u00e4r en oumb\u00e4rlig tj\u00e4nst f\u00f6r turister som inte bara vill se Agadir utan hela Marocko.<\/p>\n","protected":false},"excerpt":{"rendered":"<p>Hyrbil Agadir fr\u00e5n RosCar Marocko \u00e4r ett land med en unik atmosf\u00e4r, livliga landskap och dussintals uts\u00f6kta kustst\u00e4der. Det \u00e4r den perfekta platsen f\u00f6r dem som s\u00f6ker n\u00e5got mer \u00e4n bara koppla av p\u00e5 stranden. Och det finns bara ett s\u00e4tt att g\u00e5 om du vill f\u00e5 ut det mesta av din resa och f\u00e5 [&hellip;]<\/p>\n","protected":false},"author":1,"featured_media":806,"parent":0,"menu_order":0,"comment_status":"closed","ping_status":"closed","template":"","meta":{"footnotes":""},"class_list":["post-2172","page","type-page","status-publish","has-post-thumbnail",""],"_links":{"self":[{"href":"https:\/\/roscar.ma\/sv\/wp-json\/wp\/v2\/pages\/2172","targetHints":{"allow":["GET"]}}],"collection":[{"href":"https:\/\/roscar.ma\/sv\/wp-json\/wp\/v2\/pages"}],"about":[{"href":"https:\/\/roscar.ma\/sv\/wp-json\/wp\/v2\/types\/page"}],"author":[{"embeddable":true,"href":"https:\/\/roscar.ma\/sv\/wp-json\/wp\/v2\/users\/1"}],"replies":[{"embeddable":true,"href":"https:\/\/roscar.ma\/sv\/wp-json\/wp\/v2\/comments?post=2172"}],"version-history":[{"count":3,"href":"https:\/\/roscar.ma\/sv\/wp-json\/wp\/v2\/pages\/2172\/revisions"}],"predecessor-version":[{"id":2175,"href":"https:\/\/roscar.ma\/sv\/wp-json\/wp\/v2\/pages\/2172\/revisions\/2175"}],"wp:featuredmedia":[{"embeddable":true,"href":"https:\/\/roscar.ma\/sv\/wp-json\/wp\/v2\/media\/806"}],"wp:attachment":[{"href":"https:\/\/roscar.ma\/sv\/wp-json\/wp\/v2\/media?parent=2172"}],"curies":[{"name":"wp","href":"https:\/\/api.w.org\/{rel}","templated":true}]}}