{"id":2125,"date":"2025-07-17T11:14:56","date_gmt":"2025-07-17T11:14:56","guid":{"rendered":"https:\/\/roscar.ma\/?page_id=2125"},"modified":"2025-07-25T19:53:16","modified_gmt":"2025-07-25T19:53:16","slug":"hyrbil-fes","status":"publish","type":"page","link":"https:\/\/roscar.ma\/sv\/hyrbil-fes\/","title":{"rendered":"Hyrbil Fes (Fez)"},"content":{"rendered":"<h2>Hyrbil Fes (Fez) fr\u00e5n RosCar<\/h2>\n<p>N\u00e4stan varje land har en inofficiell huvudstad, som \u00e4r centrum f\u00f6r kulturlivet i hela staten. Vill du hitta denna vackra stad i Marocko? D\u00e5 m\u00e5ste du hyra en bil i Fes till:<\/p>\n<ul>\n<li>F\u00e5 den b\u00e4sta k\u00f6rupplevelsen till ett l\u00e5gt pris<\/li>\n<li>V\u00e4lj det b\u00e4sta fordonet med idealiska till\u00e4gg<\/li>\n<li>Ta din resa till en annan niv\u00e5 av komfort<\/li>\n<li>Var inte begr\u00e4nsad i dina resealternativ.<\/li>\n<\/ul>\n<p>Hyr en bil i Fez genom RosCar och du kommer att kunna avsl\u00f6ja alla hemligheter i denna fantastiska arabiska v\u00e4rld. Men f\u00f6rst, f\u00f6rbered ditt kort f\u00f6r att bekr\u00e4fta bokningen, eftersom det inte finns n\u00e5got annat s\u00e4tt att f\u00e5 ditt fordon. Boka din bil nu.<\/p>\n<h2>Hyrbil Fes: Guide<\/h2>\n<p>Ibland beh\u00f6ver \u00e4ven erfarna resen\u00e4rer n\u00e5gra goda r\u00e5d. Dessa \u00e4r de typer av tips som g\u00f6r att du kan betala mindre och f\u00e5 det b\u00e4sta v\u00e4rdet p\u00e5 kortast m\u00f6jliga tid.<\/p>\n<h3>Tips ett: Anv\u00e4nd filter efter typ<\/h3>\n<p>Sl\u00f6sa inte tid p\u00e5 att s\u00f6ka efter fordon som du inte \u00e4r intresserad av. V\u00e4lj bara en:<\/p>\n<ul>\n<li>Ekonomi<\/li>\n<li>Standard<\/li>\n<li>Mini<\/li>\n<li>Cabriolet<\/li>\n<li>SUV eller Crossover<\/li>\n<li>Minivan eller sk\u00e5pbil<\/li>\n<li>Annan.<\/li>\n<\/ul>\n<h3>Tips tv\u00e5: Hitta extrafunktioner<\/h3>\n<p>Inte en, men ett dussin extrafunktioner du kan f\u00e5 fr\u00e5n billig biluthyrning i Fes:<\/p>\n<ul>\n<li>Inget kreditkort: Alla andra kreditkort eller kontanter kommer att fungera.<\/li>\n<li>SIM-kort: Du kommer att beh\u00f6va ett f\u00f6r att navigera genom de m\u00e5nga attraktionerna i Fez.<\/li>\n<li>Ytterligare f\u00f6rare: Alla som uppfyller \u00e5lderskraven f\u00f6r uthyrning.<\/li>\n<li>Barnstol: Att resa med barn ska vara s\u00e4kert.<\/li>\n<li>Gratis avbokning: Bokningskostnaderna \u00e5terbetalas om du avbokar 48 timmar i f\u00f6rv\u00e4g.<\/li>\n<li>Obegr\u00e4nsad k\u00f6rstr\u00e4cka: En o\u00e4ndlig m\u00e4ngd otrolig arabisk sk\u00f6nhet.<\/li>\n<li>Ingen deposition: Mindre stress involverad n\u00e4r det \u00e4r blockeringar utan ins\u00e4ttning p\u00e5 kreditkort.<\/li>\n<li>Garanterad modell: H\u00e4mtning sker med samma fordon som du beg\u00e4rde.<\/li>\n<li>V\u00e4xell\u00e5da: Vilket f\u00f6redrar du, manuell eller automatisk?<\/li>\n<li>Ytterligare f\u00f6rs\u00e4kring: Super CDW eller Full Coverage \u00e4r de b\u00e4sta uppgraderingsalternativen.<\/li>\n<\/ul>\n<blockquote class=\"info\">\n<h2>Fez biluthyrning i detaljer<\/h2>\n<p>RosCar har en enkel bokningsprocedur som alla vuxna (21 \u00e5r och \u00e4ldre) kan hantera:<\/p>\n<ol>\n<li>Ange datum och platser.<\/li>\n<li>G\u00e5 till filter, klicka p\u00e5 \u00f6nskade.<\/li>\n<li>Bl\u00e4ddra i listan och Boka nu n\u00e4r du ser den b\u00e4sta.<\/li>\n<li>V\u00e4lj typ av f\u00f6rs\u00e4kring (Standard eller Upgrade), samt ytterligare alternativ.<\/li>\n<li>Fyll i de viktigaste f\u00f6raruppgifterna.<\/li>\n<li>Bekr\u00e4fta.<\/li>\n<\/ol>\n<p>Fes biluthyrning kr\u00e4ver att alla bankkort bekr\u00e4ftas automatiskt. Betalningsbeloppet kan variera fr\u00e5n en femtedel till hela hyresbeloppet.<\/p><\/blockquote>\n<h2>Hyrbil Fes Pris<\/h2>\n<p>Aten i Afrika \u00e4r knappast en billig plats att resa, men du kan alltid hitta ett fordon f\u00f6r alla budgetar:<\/p>\n<ul>\n<li>$ 20-30 f\u00f6r Mini eller Economy<\/li>\n<li>$30-40 f\u00f6r Standard<\/li>\n<li>$ 40-55 f\u00f6r Minivan, SUV eller Crossover<\/li>\n<li>$70+ f\u00f6r lyxbil eller cabriolet.<\/li>\n<\/ul>\n<p>Observera att priserna kanske inte alltid \u00e4r som de \u00e4r. Det genomsnittliga dagspriset kan variera betydligt beroende p\u00e5 flera faktorer:<\/p>\n<ul>\n<li>Hyrestidens l\u00e4ngd<\/li>\n<li>Upph\u00e4mtningsmetod (Fez stad eller flygplats)<\/li>\n<li>Antal ytterligare alternativ<\/li>\n<li>Operat\u00f6rens arbetsbelastning.<\/li>\n<\/ul>\n<p>S\u00e5 h\u00e4r j\u00e4mf\u00f6r du priset f\u00f6r hyrbil i Fez:<\/p>\n<h3>Tabell med priser f\u00f6r hyrbil i Fes, Marocko<\/h3>\n<table border=\"1\">\n<thead>\n<tr>\n<th>Bilmodell<\/th>\n<th>Typ av kaross<\/th>\n<th>Pris per dag (l\u00e5gs\u00e4song)<\/th>\n<th>Pris per dag (h\u00f6gs\u00e4song)<\/th>\n<th>Antal passagerare<\/th>\n<th>Bagagekapacitet<\/th>\n<\/tr>\n<\/thead>\n<tbody>\n<tr>\n<td>Fiat Panda<\/td>\n<td>Halvkombi<\/td>\n<td>19 \u20ac<\/td>\n<td>26 \u20ac<\/td>\n<td>4<\/td>\n<td>1<\/td>\n<\/tr>\n<tr>\n<td>Hyundai i10<\/td>\n<td>Halvkombi<\/td>\n<td>21 \u20ac<\/td>\n<td>28 \u20ac<\/td>\n<td>4<\/td>\n<td>1<\/td>\n<\/tr>\n<tr>\n<td>Kia Picanto<\/td>\n<td>Halvkombi<\/td>\n<td>22 \u20ac<\/td>\n<td>30 \u20ac<\/td>\n<td>4<\/td>\n<td>1<\/td>\n<\/tr>\n<tr>\n<td>Peugeot 208<\/td>\n<td>Halvkombi<\/td>\n<td>24 \u20ac<\/td>\n<td>33 \u20ac<\/td>\n<td>5<\/td>\n<td>2<\/td>\n<\/tr>\n<tr>\n<td>Dacia Logan<\/td>\n<td>Sedan<\/td>\n<td>25 \u20ac<\/td>\n<td>34 \u20ac<\/td>\n<td>5<\/td>\n<td>2<\/td>\n<\/tr>\n<tr>\n<td>Renault Clio<\/td>\n<td>Halvkombi<\/td>\n<td>27 \u20ac<\/td>\n<td>36 \u20ac<\/td>\n<td>5<\/td>\n<td>2<\/td>\n<\/tr>\n<tr>\n<td>Citro\u00ebn C-Elys\u00e9e<\/td>\n<td>Sedan<\/td>\n<td>28 \u20ac<\/td>\n<td>38 \u20ac<\/td>\n<td>5<\/td>\n<td>3<\/td>\n<\/tr>\n<tr>\n<td>Renault Captur<\/td>\n<td>Crossover<\/td>\n<td>32 \u20ac<\/td>\n<td>43 \u20ac<\/td>\n<td>5<\/td>\n<td>3<\/td>\n<\/tr>\n<tr>\n<td>Dacia Duster<\/td>\n<td>SUV<\/td>\n<td>36 \u20ac<\/td>\n<td>47 \u20ac<\/td>\n<td>5<\/td>\n<td>3<\/td>\n<\/tr>\n<tr>\n<td>Peugeot 3008<\/td>\n<td>SUV<\/td>\n<td>52 \u20ac<\/td>\n<td>66 \u20ac<\/td>\n<td>5<\/td>\n<td>4<\/td>\n<\/tr>\n<\/tbody>\n<\/table>\n        <div class=\"rpc-chart\">\n            <h3>Hur priserna f\u00f6r biluthyrning i Fez f\u00f6r\u00e4ndras beroende p\u00e5 s\u00e4song: analys baserad p\u00e5 verkliga bokningar<\/h3>\n            <div><p>Under de \u00e5terst\u00e5ende tre \u00e5ren registrerade vi f\u00f6r\u00e4ndringar i genomsnittspriserna f\u00f6r biluthyrning fr\u00e5n Fez, vikoryst och faktiska bokningsdata gjorda via plattformen roscar.ma. Vi arbetar endast med verifierade lokala uthyrningsf\u00f6retag, vilket garanterar insikt och tillf\u00f6rlitlighet i uthyrningsuppgifterna.<\/p>\n<p>Analysen omfattar hela utbudet av transportfordon: fr\u00e5n billiga hatchbacks f\u00f6r lokala pendlingar till nyttofordon, cabrioleter och bilar i premiumklassen. Detta tillv\u00e4gag\u00e5ngss\u00e4tt g\u00f6r det m\u00f6jligt att identifiera karakteristiska s\u00e4songsm\u00e4ssiga prisfluktuationer och omedelbart reagera p\u00e5 pris\u00e4ndringar.<\/p>\n<p>Kolla in v\u00e5r information f\u00f6r att ta reda p\u00e5 den b\u00e4sta tiden att hyra en bil. RosCar \u00e4r din p\u00e5litliga assistent n\u00e4r du planerar en manuell och effektiv transfer i Marocko.<\/p>\n<\/div>\n            <div class=\"rpc-chart-bars\">\n                                    <div class=\"rpc-chart-column\">\n                        <div class=\"rpc-chart-inner\" style=\"height: 25%\">\n                            <div class=\"rpc-chart-column-value\">12 \u20ac<\/div>\n                            <div class=\"rpc-chart-month\">JAN<\/div>\n                        <\/div>\n                    <\/div>\n                                    <div class=\"rpc-chart-column\">\n                        <div class=\"rpc-chart-inner\" style=\"height: 27.083333333333%\">\n                            <div class=\"rpc-chart-column-value\">13 \u20ac<\/div>\n                            <div class=\"rpc-chart-month\">FEB<\/div>\n                        <\/div>\n                    <\/div>\n                                    <div class=\"rpc-chart-column\">\n                        <div class=\"rpc-chart-inner\" style=\"height: 29.166666666667%\">\n                            <div class=\"rpc-chart-column-value\">14 \u20ac<\/div>\n                            <div class=\"rpc-chart-month\">MAR<\/div>\n                        <\/div>\n                    <\/div>\n                                    <div class=\"rpc-chart-column\">\n                        <div class=\"rpc-chart-inner\" style=\"height: 35.416666666667%\">\n                            <div class=\"rpc-chart-column-value\">17 \u20ac<\/div>\n                            <div class=\"rpc-chart-month\">APR<\/div>\n                        <\/div>\n                    <\/div>\n                                    <div class=\"rpc-chart-column\">\n                        <div class=\"rpc-chart-inner\" style=\"height: 37.5%\">\n                            <div class=\"rpc-chart-column-value\">18 \u20ac<\/div>\n                            <div class=\"rpc-chart-month\">MAY<\/div>\n                        <\/div>\n                    <\/div>\n                                    <div class=\"rpc-chart-column\">\n                        <div class=\"rpc-chart-inner\" style=\"height: 43.75%\">\n                            <div class=\"rpc-chart-column-value\">21 \u20ac<\/div>\n                            <div class=\"rpc-chart-month\">JUN<\/div>\n                        <\/div>\n                    <\/div>\n                                    <div class=\"rpc-chart-column\">\n                        <div class=\"rpc-chart-inner\" style=\"height: 52.083333333333%\">\n                            <div class=\"rpc-chart-column-value\">25 \u20ac<\/div>\n                            <div class=\"rpc-chart-month\">JUL<\/div>\n                        <\/div>\n                    <\/div>\n                                    <div class=\"rpc-chart-column\">\n                        <div class=\"rpc-chart-inner\" style=\"height: 58.333333333333%\">\n                            <div class=\"rpc-chart-column-value\">28 \u20ac<\/div>\n                            <div class=\"rpc-chart-month\">AUG<\/div>\n                        <\/div>\n                    <\/div>\n                                    <div class=\"rpc-chart-column\">\n                        <div class=\"rpc-chart-inner\" style=\"height: 39.583333333333%\">\n                            <div class=\"rpc-chart-column-value\">19 \u20ac<\/div>\n                            <div class=\"rpc-chart-month\">SEP<\/div>\n                        <\/div>\n                    <\/div>\n                                    <div class=\"rpc-chart-column\">\n                        <div class=\"rpc-chart-inner\" style=\"height: 35.416666666667%\">\n                            <div class=\"rpc-chart-column-value\">17 \u20ac<\/div>\n                            <div class=\"rpc-chart-month\">OCT<\/div>\n                        <\/div>\n                    <\/div>\n                                    <div class=\"rpc-chart-column\">\n                        <div class=\"rpc-chart-inner\" style=\"height: 27.083333333333%\">\n                            <div class=\"rpc-chart-column-value\">13 \u20ac<\/div>\n                            <div class=\"rpc-chart-month\">NOV<\/div>\n                        <\/div>\n                    <\/div>\n                                    <div class=\"rpc-chart-column\">\n                        <div class=\"rpc-chart-inner\" style=\"height: 39.583333333333%\">\n                            <div class=\"rpc-chart-column-value\">19 \u20ac<\/div>\n                            <div class=\"rpc-chart-month\">DEC<\/div>\n                        <\/div>\n                    <\/div>\n                            <\/div>\n        <\/div>\n        \n<h2>Hyrbil Fes: Dokument<\/h2>\n<p>Varje uthyrningsf\u00f6retag kan ha sina krav p\u00e5 \u00e5lder (21-25) eller dokument. Du kommer dock alltid att beh\u00f6va:<\/p>\n<ol>\n<li>Pass<\/li>\n<li>Kreditkort (deposition eller s\u00e4kerhetskontroll)<\/li>\n<li>K\u00f6rkort (k\u00f6rkort).<\/li>\n<\/ol>\n<p>Voucher (bekr\u00e4ftelse p\u00e5 bokning) \u00e4r inte obligatoriskt, men skickas till din e-post efter bokning p\u00e5 RosCar. Biluthyrning Fez \u00e4r din gateway f\u00f6r att utforska den rika kulturen och dolda p\u00e4rlor i staden &#8211; boka din bil idag f\u00f6r en smidig och flexibel reseupplevelse.<\/p>\n","protected":false},"excerpt":{"rendered":"<p>Hyrbil Fes (Fez) fr\u00e5n RosCar N\u00e4stan varje land har en inofficiell huvudstad, som \u00e4r centrum f\u00f6r kulturlivet i hela staten. Vill du hitta denna vackra stad i Marocko? D\u00e5 m\u00e5ste du hyra en bil i Fes till: F\u00e5 den b\u00e4sta k\u00f6rupplevelsen till ett l\u00e5gt pris V\u00e4lj det b\u00e4sta fordonet med idealiska till\u00e4gg Ta din resa [&hellip;]<\/p>\n","protected":false},"author":1,"featured_media":253,"parent":0,"menu_order":0,"comment_status":"closed","ping_status":"closed","template":"","meta":{"footnotes":""},"class_list":["post-2125","page","type-page","status-publish","has-post-thumbnail",""],"_links":{"self":[{"href":"https:\/\/roscar.ma\/sv\/wp-json\/wp\/v2\/pages\/2125","targetHints":{"allow":["GET"]}}],"collection":[{"href":"https:\/\/roscar.ma\/sv\/wp-json\/wp\/v2\/pages"}],"about":[{"href":"https:\/\/roscar.ma\/sv\/wp-json\/wp\/v2\/types\/page"}],"author":[{"embeddable":true,"href":"https:\/\/roscar.ma\/sv\/wp-json\/wp\/v2\/users\/1"}],"replies":[{"embeddable":true,"href":"https:\/\/roscar.ma\/sv\/wp-json\/wp\/v2\/comments?post=2125"}],"version-history":[{"count":1,"href":"https:\/\/roscar.ma\/sv\/wp-json\/wp\/v2\/pages\/2125\/revisions"}],"predecessor-version":[{"id":2126,"href":"https:\/\/roscar.ma\/sv\/wp-json\/wp\/v2\/pages\/2125\/revisions\/2126"}],"wp:featuredmedia":[{"embeddable":true,"href":"https:\/\/roscar.ma\/sv\/wp-json\/wp\/v2\/media\/253"}],"wp:attachment":[{"href":"https:\/\/roscar.ma\/sv\/wp-json\/wp\/v2\/media?parent=2125"}],"curies":[{"name":"wp","href":"https:\/\/api.w.org\/{rel}","templated":true}]}}