{"id":2054,"date":"2025-07-17T11:07:41","date_gmt":"2025-07-17T11:07:41","guid":{"rendered":"https:\/\/roscar.ma\/?page_id=2054"},"modified":"2025-07-24T20:19:34","modified_gmt":"2025-07-24T20:19:34","slug":"hyrbil-rabat","status":"publish","type":"page","link":"https:\/\/roscar.ma\/sv\/hyrbil-rabat\/","title":{"rendered":"Hyrbil Rabat"},"content":{"rendered":"<h2>Hyrbil Rabat fr\u00e5n RosCar<\/h2>\n<p>Marocko \u00e4r ett land med en fantastisk kombination av \u00f6ken sk\u00f6nhet, havslandskap och magnifik arkitektur som du inte kan hitta n\u00e5gon annanstans. S\u00e5 n\u00e4r du planerar en resa till Nordafrika, skulle du b\u00e4ttre ta dig tid att helt f\u00f6rdjupa dig i det muslimska paradiset. Men du m\u00e5ste ocks\u00e5 hyra en bil i Rabat f\u00f6r att g\u00f6ra ditt \u00e4ventyr bekv\u00e4mare med:<\/p>\n<ul>\n<li>Ett stort urval av fordon (alla typer, priser eller f\u00e4rger)<\/li>\n<li>M\u00e5nga extrafunktioner och funktioner kan hittas<\/li>\n<li>Kort- och l\u00e5ngtidsuthyrning av bilar<\/li>\n<li>24-timmars reservationer med ett anv\u00e4ndarv\u00e4nligt gr\u00e4nssnitt.<\/li>\n<\/ul>\n<p>Vad \u00e4r RosCar? Det \u00e4r en webbplats med fantastiska funktioner f\u00f6r att j\u00e4mf\u00f6ra priser, sortera efter \u00f6nskade kriterier och snabb bokning. Boka nu och bekr\u00e4fta din bokning via kort (upp till 20% av orderbeloppet kr\u00e4vs).<\/p>\n<h2>RosCar guide till biluthyrning Rabat<\/h2>\n<p>\u00c4ven om detta land inte ser ut som de europeiska eller amerikanska gatorna vi \u00e4r vana vid, kommer den kommande reseupplevelsen att vara ganska lik. Detsamma g\u00e4ller f\u00f6r biluthyrning i Rabat, med undantag f\u00f6r tv\u00e5 subtiliteter som snabbt sorteras ut.<\/p>\n<h3>1. Vad \u00e4r din typ?<\/h3>\n<p>Boka inte det f\u00f6rsta fordonet du hittar. Det \u00e4r b\u00e4ttre att du sorterar listan genom s\u00f6kfiltren efter tillg\u00e4ngliga typer:<\/p>\n<ul>\n<li>Standard eller kompakt<\/li>\n<li>SUV eller Crossover<\/li>\n<li>Sk\u00e5pbil eller Minivan<\/li>\n<li>Mini eller Ekonomi (Den r\u00e4tta f\u00f6r billig biluthyrning i Rabat)<\/li>\n<li>Cabriolet eller lyx.<\/li>\n<\/ul>\n<h3>2. Extra tj\u00e4nster<\/h3>\n<p>Till\u00e4ggstj\u00e4nster \u00e4r ett bra s\u00e4tt att anpassa din k\u00f6rupplevelse till dina unika behov. H\u00e4r \u00e4r n\u00e5gra av dem du kan v\u00e4lja mellan:<\/p>\n<ul>\n<li>V\u00e4xell\u00e5da: Vill du ha en avslappnad k\u00f6rning? V\u00e4lj en automatisk v\u00e4xell\u00e5da.<\/li>\n<li>SIM-kort: Din smartphone beh\u00f6ver ett s\u00e5dant f\u00f6r att slippa betala f\u00f6r h\u00f6ga roamingavgifter.<\/li>\n<li>Barnstol: Minder\u00e5riga eller barn upp till 10 \u00e5r beh\u00f6ver en fasth\u00e5llningsanordning.<\/li>\n<li>Obegr\u00e4nsad k\u00f6rstr\u00e4cka: Med denna funktion \u00e4r hela Marocko \u00f6ppet f\u00f6r dig.<\/li>\n<li>Inget kreditkort: Precis som den traditionella metoden, men utan kreditkort.<\/li>\n<li>Garanterad modell: Ett m\u00e5ste-ha-alternativ f\u00f6r dem som har haft en d\u00e5lig upplevelse.<\/li>\n<li>Gratis avbokning: M\u00e5ste anv\u00e4ndas i tid (minst 48 timmar f\u00f6re startdatumet).<\/li>\n<li>Extra f\u00f6rare: L\u00e5t din v\u00e4n k\u00f6ra.<\/li>\n<li>Ingen ins\u00e4ttning: Undvik on\u00f6diga bankavgifter genom att inte sp\u00e4rra n\u00e5gon ins\u00e4ttning p\u00e5 kreditkort.<\/li>\n<li>Till\u00e4ggsf\u00f6rs\u00e4kring: En funktion som alla beh\u00f6ver utan undantag. Uppgradera till Super CDW eller Full T\u00e4ckning och chill.<\/li>\n<\/ul>\n<blockquote class=\"check\">\n<h2>Hyrbil Rabat: En guide<\/h2>\n<p>RosCar arbetar f\u00f6r att ge dig fantastiska reseupplevelser fr\u00e5n Pick-up till Drop-off. Det \u00e4r d\u00e4rf\u00f6r det \u00e4r s\u00e5 enkelt att boka med oss:<\/p>\n<ol>\n<li>Ange detaljer: Upph\u00e4mtning, avl\u00e4mning och datum.<\/li>\n<li>G\u00e5 till filter och v\u00e4lj n\u00e5gra som du tycker \u00e4r attraktiva och f\u00e5 en lista.<\/li>\n<li>Boka nu.<\/li>\n<li>L\u00e4gg till information.<\/li>\n<li>Betala nu.<\/li>\n<\/ol>\n<p>Rabat biluthyrning kan inte bekr\u00e4ftas utan ett bankkort. Efter s\u00e4kerhetsbetalningen (h\u00f6gst 20% av beloppet) kommer du att bel\u00f6nas med ett bokningsbekr\u00e4ftelsecertifikat.<\/p><\/blockquote>\n<h2>Hyrbil Rabat Pris<\/h2>\n<p>Priserna i Marockos huvudstad kommer inte att verka f\u00f6r dyra f\u00f6r dig, men de \u00e4r fortfarande h\u00f6gre \u00e4n det europeiska genomsnittet:<\/p>\n<ul>\n<li>Ekonomi f\u00f6r $20-30\/dag<\/li>\n<li>Standard f\u00f6r $ 35-50 \/ dag<\/li>\n<li>SUV f\u00f6r $ 50-70 \/ dag<\/li>\n<li>Lyx f\u00f6r $ 80 \/ dag.<\/li>\n<\/ul>\n<p>Biluthyrning i Rabat blir billigare om du:<\/p>\n<ul>\n<li>Undviker korttidshyra av bil<\/li>\n<li>St\u00e4ll in startdatumet f\u00f6r mitten av veckan<\/li>\n<li>Boka i f\u00f6rv\u00e4g<\/li>\n<li>V\u00e4ljer r\u00e4tt typ av fordon.<\/li>\n<\/ul>\n<p>J\u00e4mf\u00f6r priset f\u00f6r att hitta det b\u00e4sta v\u00e4rdet:<\/p>\n<h3>Tabell med priser p\u00e5 hyrbilar i Rabat, Marocko<\/h3>\n<table border=\"1\">\n<thead>\n<tr>\n<th>Bilmodell<\/th>\n<th>Typ av kaross<\/th>\n<th>Pris per dag (l\u00e5gs\u00e4song)<\/th>\n<th>Pris per dag (h\u00f6gs\u00e4song)<\/th>\n<th>Antal passagerare<\/th>\n<th>Bagagekapacitet<\/th>\n<\/tr>\n<\/thead>\n<tbody>\n<tr>\n<td>Hyundai i10<\/td>\n<td>Halvkombi<\/td>\n<td>21 \u20ac<\/td>\n<td>29 \u20ac<\/td>\n<td>4<\/td>\n<td>1<\/td>\n<\/tr>\n<tr>\n<td>Dacia Logan<\/td>\n<td>Sedan<\/td>\n<td>23 \u20ac<\/td>\n<td>32 \u20ac<\/td>\n<td>5<\/td>\n<td>2<\/td>\n<\/tr>\n<tr>\n<td>Peugeot 208<\/td>\n<td>Halvkombi<\/td>\n<td>24 \u20ac<\/td>\n<td>34 \u20ac<\/td>\n<td>5<\/td>\n<td>2<\/td>\n<\/tr>\n<tr>\n<td>Renault Clio<\/td>\n<td>Halvkombi<\/td>\n<td>26 \u20ac<\/td>\n<td>36 \u20ac<\/td>\n<td>5<\/td>\n<td>2<\/td>\n<\/tr>\n<tr>\n<td>Volkswagen Golf<\/td>\n<td>Halvkombi<\/td>\n<td>30 \u20ac<\/td>\n<td>42 \u20ac<\/td>\n<td>5<\/td>\n<td>3<\/td>\n<\/tr>\n<tr>\n<td>Citro\u00ebn C-Elys\u00e9e<\/td>\n<td>Sedan<\/td>\n<td>25 \u20ac<\/td>\n<td>35 \u20ac<\/td>\n<td>5<\/td>\n<td>3<\/td>\n<\/tr>\n<tr>\n<td>Renault Captur<\/td>\n<td>Crossover<\/td>\n<td>32 \u20ac<\/td>\n<td>44 \u20ac<\/td>\n<td>5<\/td>\n<td>3<\/td>\n<\/tr>\n<tr>\n<td>Dacia Duster<\/td>\n<td>SUV<\/td>\n<td>36 \u20ac<\/td>\n<td>48 \u20ac<\/td>\n<td>5<\/td>\n<td>3<\/td>\n<\/tr>\n<tr>\n<td>Hyundai Tucson<\/td>\n<td>SUV<\/td>\n<td>52 \u20ac<\/td>\n<td>66 \u20ac<\/td>\n<td>5<\/td>\n<td>4<\/td>\n<\/tr>\n<tr>\n<td>Peugeot 3008<\/td>\n<td>SUV<\/td>\n<td>55 \u20ac<\/td>\n<td>70 \u20ac<\/td>\n<td>5<\/td>\n<td>4<\/td>\n<\/tr>\n<\/tbody>\n<\/table>\n        <div class=\"rpc-chart\">\n            <h3>S\u00e4songsvariationer i biluthyrningspriser i Rabat: analys baserad p\u00e5 verkliga bokningar<\/h3>\n            <div><p>Tabellen nedan visar dynamiken i f\u00f6r\u00e4ndringarna av genomsnittliga biluthyrningspriser i Rabat under de senaste tre \u00e5ren. Informationsk\u00e4llan \u00e4r verkliga best\u00e4llningar som gjorts via plattformen roscar.ma, en tj\u00e4nst som samlar erbjudanden fr\u00e5n verifierade lokala uthyrningsf\u00f6retag utan mellanh\u00e4nder.<\/p>\n<p>Analysen omfattar ett brett utbud av fordon: fr\u00e5n kompakta stadsmodeller till bekv\u00e4ma SUV:ar, cabrioleter och premiumbilar. Detta tillv\u00e4gag\u00e5ngss\u00e4tt ger en objektiv bild av hur priserna f\u00f6r\u00e4ndras beroende p\u00e5 s\u00e4song och turistaktivitet.<\/p>\n<p>Vi har m\u00e5nga \u00e5rs erfarenhet av att arbeta med resen\u00e4rer och uppdaterar st\u00e4ndigt v\u00e5ra data baserat p\u00e5 marknadstrender. Detta ger anv\u00e4ndarna praktisk och tillf\u00f6rlitlig information som hj\u00e4lper dem att planera sin budget och v\u00e4lja den mest f\u00f6rdelaktiga tiden att hyra en bil i Marockos huvudstad.<\/p>\n<\/div>\n            <div class=\"rpc-chart-bars\">\n                                    <div class=\"rpc-chart-column\">\n                        <div class=\"rpc-chart-inner\" style=\"height: 28.301886792453%\">\n                            <div class=\"rpc-chart-column-value\">15 \u20ac<\/div>\n                            <div class=\"rpc-chart-month\">JAN<\/div>\n                        <\/div>\n                    <\/div>\n                                    <div class=\"rpc-chart-column\">\n                        <div class=\"rpc-chart-inner\" style=\"height: 26.415094339623%\">\n                            <div class=\"rpc-chart-column-value\">14 \u20ac<\/div>\n                            <div class=\"rpc-chart-month\">FEB<\/div>\n                        <\/div>\n                    <\/div>\n                                    <div class=\"rpc-chart-column\">\n                        <div class=\"rpc-chart-inner\" style=\"height: 24.528301886792%\">\n                            <div class=\"rpc-chart-column-value\">13 \u20ac<\/div>\n                            <div class=\"rpc-chart-month\">MAR<\/div>\n                        <\/div>\n                    <\/div>\n                                    <div class=\"rpc-chart-column\">\n                        <div class=\"rpc-chart-inner\" style=\"height: 39.622641509434%\">\n                            <div class=\"rpc-chart-column-value\">21 \u20ac<\/div>\n                            <div class=\"rpc-chart-month\">APR<\/div>\n                        <\/div>\n                    <\/div>\n                                    <div class=\"rpc-chart-column\">\n                        <div class=\"rpc-chart-inner\" style=\"height: 32.075471698113%\">\n                            <div class=\"rpc-chart-column-value\">17 \u20ac<\/div>\n                            <div class=\"rpc-chart-month\">MAY<\/div>\n                        <\/div>\n                    <\/div>\n                                    <div class=\"rpc-chart-column\">\n                        <div class=\"rpc-chart-inner\" style=\"height: 32.075471698113%\">\n                            <div class=\"rpc-chart-column-value\">17 \u20ac<\/div>\n                            <div class=\"rpc-chart-month\">JUN<\/div>\n                        <\/div>\n                    <\/div>\n                                    <div class=\"rpc-chart-column\">\n                        <div class=\"rpc-chart-inner\" style=\"height: 49.056603773585%\">\n                            <div class=\"rpc-chart-column-value\">26 \u20ac<\/div>\n                            <div class=\"rpc-chart-month\">JUL<\/div>\n                        <\/div>\n                    <\/div>\n                                    <div class=\"rpc-chart-column\">\n                        <div class=\"rpc-chart-inner\" style=\"height: 62.264150943396%\">\n                            <div class=\"rpc-chart-column-value\">33 \u20ac<\/div>\n                            <div class=\"rpc-chart-month\">AUG<\/div>\n                        <\/div>\n                    <\/div>\n                                    <div class=\"rpc-chart-column\">\n                        <div class=\"rpc-chart-inner\" style=\"height: 47.169811320755%\">\n                            <div class=\"rpc-chart-column-value\">25 \u20ac<\/div>\n                            <div class=\"rpc-chart-month\">SEP<\/div>\n                        <\/div>\n                    <\/div>\n                                    <div class=\"rpc-chart-column\">\n                        <div class=\"rpc-chart-inner\" style=\"height: 37.735849056604%\">\n                            <div class=\"rpc-chart-column-value\">20 \u20ac<\/div>\n                            <div class=\"rpc-chart-month\">OCT<\/div>\n                        <\/div>\n                    <\/div>\n                                    <div class=\"rpc-chart-column\">\n                        <div class=\"rpc-chart-inner\" style=\"height: 45.283018867925%\">\n                            <div class=\"rpc-chart-column-value\">24 \u20ac<\/div>\n                            <div class=\"rpc-chart-month\">NOV<\/div>\n                        <\/div>\n                    <\/div>\n                                    <div class=\"rpc-chart-column\">\n                        <div class=\"rpc-chart-inner\" style=\"height: 37.735849056604%\">\n                            <div class=\"rpc-chart-column-value\">20 \u20ac<\/div>\n                            <div class=\"rpc-chart-month\">DEC<\/div>\n                        <\/div>\n                    <\/div>\n                            <\/div>\n        <\/div>\n        \n<h2>Hyrbil Rabat: Dokument<\/h2>\n<p>F\u00f6r att underteckna avtalet och h\u00e4mta ut ditt fordon beh\u00f6ver du flera dokument (med engelska namn och 100% giltiga):<\/p>\n<ol>\n<li>K\u00f6rkort<\/li>\n<li>pass<\/li>\n<li>Kreditkort (valfritt).<\/li>\n<\/ol>\n<p>Biluthyrning Rabat \u00e4r det perfekta valet f\u00f6r en bekv\u00e4m och bekymmersfri resa i Marocko.<\/p>\n","protected":false},"excerpt":{"rendered":"<p>Hyrbil Rabat fr\u00e5n RosCar Marocko \u00e4r ett land med en fantastisk kombination av \u00f6ken sk\u00f6nhet, havslandskap och magnifik arkitektur som du inte kan hitta n\u00e5gon annanstans. S\u00e5 n\u00e4r du planerar en resa till Nordafrika, skulle du b\u00e4ttre ta dig tid att helt f\u00f6rdjupa dig i det muslimska paradiset. Men du m\u00e5ste ocks\u00e5 hyra en bil [&hellip;]<\/p>\n","protected":false},"author":1,"featured_media":224,"parent":0,"menu_order":0,"comment_status":"closed","ping_status":"closed","template":"","meta":{"footnotes":""},"class_list":["post-2054","page","type-page","status-publish","has-post-thumbnail",""],"_links":{"self":[{"href":"https:\/\/roscar.ma\/sv\/wp-json\/wp\/v2\/pages\/2054","targetHints":{"allow":["GET"]}}],"collection":[{"href":"https:\/\/roscar.ma\/sv\/wp-json\/wp\/v2\/pages"}],"about":[{"href":"https:\/\/roscar.ma\/sv\/wp-json\/wp\/v2\/types\/page"}],"author":[{"embeddable":true,"href":"https:\/\/roscar.ma\/sv\/wp-json\/wp\/v2\/users\/1"}],"replies":[{"embeddable":true,"href":"https:\/\/roscar.ma\/sv\/wp-json\/wp\/v2\/comments?post=2054"}],"version-history":[{"count":0,"href":"https:\/\/roscar.ma\/sv\/wp-json\/wp\/v2\/pages\/2054\/revisions"}],"wp:featuredmedia":[{"embeddable":true,"href":"https:\/\/roscar.ma\/sv\/wp-json\/wp\/v2\/media\/224"}],"wp:attachment":[{"href":"https:\/\/roscar.ma\/sv\/wp-json\/wp\/v2\/media?parent=2054"}],"curies":[{"name":"wp","href":"https:\/\/api.w.org\/{rel}","templated":true}]}}