{"id":1769,"date":"2025-07-17T11:01:21","date_gmt":"2025-07-17T11:01:21","guid":{"rendered":"https:\/\/roscar.ma\/?page_id=1769"},"modified":"2025-07-24T07:04:01","modified_gmt":"2025-07-24T07:04:01","slug":"hyrbil-marrakech","status":"publish","type":"page","link":"https:\/\/roscar.ma\/sv\/hyrbil-marrakech\/","title":{"rendered":"Hyrbil Marrakech"},"content":{"rendered":"<h2>Hyrbil Marrakech fr\u00e5n RosCar<\/h2>\n<p>L\u00e4nderna i Nordafrika har en fantastisk f\u00f6rm\u00e5ga att f\u00f6rtrolla turister fr\u00e5n hela v\u00e4rlden med sina tullar och f\u00e4rgglada landskap. Kanske \u00e4r det kulturen, eller det unika lokala k\u00f6ket, eller sk\u00f6nheten i vardagen. Men vi vet med s\u00e4kerhet att du beh\u00f6ver hyra en bil i Marrakech f\u00f6r att komma n\u00e4rmare en fullst\u00e4ndig neds\u00e4nkning i Marocko. Varf\u00f6r ska du boka ett fordon via RosCar? Det finns fyra svar:<\/p>\n<ul>\n<li>L\u00e5ngsiktig eller kortsiktig biluthyrning<\/li>\n<li>Varje aff\u00e4r \u00e4r det b\u00e4sta v\u00e4rdet du kan hitta<\/li>\n<li>Det \u00e4r det enda s\u00e4ttet att resa bekv\u00e4mt<\/li>\n<li>Billiga priser och m\u00e5nga alternativ att v\u00e4lja mellan.<\/li>\n<\/ul>\n<p>Vill du f\u00e5 en till dig sj\u00e4lv? Boka nu och du kommer att f\u00e5 en klar bokning p\u00e5 n\u00e5gra minuter.<\/p>\n<h2>Hyrbil Marrakech: Guide<\/h2>\n<p>Du kanske felaktigt tror att biluthyrning i Marrakech \u00e4r en helt annan typ av tj\u00e4nst som har ett unikt f\u00f6rfarande som kr\u00e4ver viss kunskap. Du beh\u00f6ver dock bara tv\u00e5 minuter f\u00f6r att f\u00f6rbereda dig.<\/p>\n<h3>F\u00f6rsta minuten: V\u00e4lj typ av fordon<\/h3>\n<p>Bland m\u00e5nga typer beh\u00f6ver du bara en som kommer att l\u00f6sa alla problem i det kommande \u00e4ventyret:<\/p>\n<ul>\n<li>Standardbil<\/li>\n<li>Cabriolet<\/li>\n<li>Lyxbil<\/li>\n<li>SUV eller Crossover<\/li>\n<li>Mini\/Economy (Billig biluthyrning i Marrakesh)<\/li>\n<li>Minivan eller sk\u00e5pbil.<\/li>\n<\/ul>\n<h3>Andra minuten: V\u00e4lj ytterligare tj\u00e4nster<\/h3>\n<p>M\u00e5nga alternativ finns h\u00e4r att v\u00e4lja mellan, men du beh\u00f6ver bara en (eller flera):<\/p>\n<ul>\n<li>Obegr\u00e4nsad k\u00f6rstr\u00e4cka: \u00c4ven de mest avl\u00e4gsna st\u00e4derna i Marocko kan utforskas.<\/li>\n<li>Ingen deposition: Din budget \u00e4r friare n\u00e4r det g\u00e4ller blockeringar utan deposition p\u00e5 kreditkort.<\/li>\n<li>Garanterad modell: Bokade du en Volkswagen Passat? F\u00e5 Passat!<\/li>\n<li>V\u00e4xell\u00e5da: Inte en manuell, men en automatisk rekommenderas i alla situationer.<\/li>\n<li>Extra f\u00f6rs\u00e4kring: Detta \u00e4r den typ av uppgradering du inte kommer att \u00e5ngra. Prova Full T\u00e4ckning\/Super CDW om det finns tillg\u00e4ngligt.<\/li>\n<li>Inget kreditkort: Anv\u00e4nd kontanter eller n\u00e5got annat bankkort.<\/li>\n<li>SIM-kort: En stabil anslutning till ett billigt pris \u00e4r den viktigaste prioriteringen f\u00f6r resor 2025.<\/li>\n<li>Ytterligare en f\u00f6rare: F\u00f6rhoppningsvis har din v\u00e4n ett k\u00f6rkort.<\/li>\n<li>Barnstol: Varje person under 10 \u00e5r m\u00e5ste ha en.<\/li>\n<li>Gratis avbokning: Det f\u00f6rbetalda beloppet kommer att \u00e5terf\u00f6ras till ditt konto. Fungerar endast 48 timmar f\u00f6re datumet<\/li>\n<\/ul>\n<blockquote class=\"info\">\n<h2>Hyrbil Marrakech i detaljer<\/h2>\n<p>Har du redan best\u00e4mt dig f\u00f6r fordonstyp och till\u00e4ggstj\u00e4nster? Biluthyrning i Marrakech kan nu bokas:<\/p>\n<ol>\n<li>Ange datum och plats p\u00e5 huvudsidan.<\/li>\n<li>Klicka p\u00e5 Filter, v\u00e4lj \u00f6nskade filter.<\/li>\n<li>H\u00e4mta listan och hitta den b\u00e4sta. Boka nu.<\/li>\n<li>Pop-up formul\u00e4ret m\u00e5ste fyllas i.<\/li>\n<li>Betala nu.<\/li>\n<\/ol>\n<p>Varje RosCar bokning kan endast bekr\u00e4ftas genom f\u00f6rskottsbetalning. Som regel \u00e4r detta bara en liten del av beloppet och g\u00f6rs enkelt med vilket kort som helst.<\/p><\/blockquote>\n<h2>Hyrbil Marrakech Pris<\/h2>\n<p>De genomsnittliga priserna du kan hitta online \u00e4r:<\/p>\n<ul>\n<li>$15-25\/dag f\u00f6r Economy eller Mini<\/li>\n<li>$30-40\/dag f\u00f6r Standard<\/li>\n<li>$ 40-60 \/ dag f\u00f6r SUV, Crossover, Minivan eller 4&#215;4<\/li>\n<li>$80+\/dag f\u00f6r cabriolet eller lyxbil<\/li>\n<\/ul>\n<p>Biluthyrning i Marrakech kommer att vara billigare om du:<\/p>\n<ul>\n<li>Lyckas g\u00f6ra en tidig bokning<\/li>\n<li>\u00d6vervaka RosCar erbjudanden<\/li>\n<li>Boka mitt i veckan<\/li>\n<li>F\u00f6redrar l\u00e5ngsiktig biluthyrning<\/li>\n<li>V\u00e4lj r\u00e4tt typ f\u00f6r dina behov och budget.<\/li>\n<\/ul>\n<p>S\u00e5 h\u00e4r j\u00e4mf\u00f6r du priser:<\/p>\n<h3>Tabell med priser f\u00f6r hyrbil i Marrakech, Marocko<\/h3>\n<table border=\"1\">\n<thead>\n<tr>\n<th>Bilmodell<\/th>\n<th>Typ av kaross<\/th>\n<th>Pris per dag (l\u00e5gs\u00e4song)<\/th>\n<th>Pris per dag (h\u00f6gs\u00e4song)<\/th>\n<th>Antal passagerare<\/th>\n<th>Bagagekapacitet<\/th>\n<\/tr>\n<\/thead>\n<tbody>\n<tr>\n<td>Fiat Panda<\/td>\n<td>Halvkombi<\/td>\n<td>20 \u20ac<\/td>\n<td>28 \u20ac<\/td>\n<td>4<\/td>\n<td>1<\/td>\n<\/tr>\n<tr>\n<td>Kia Picanto<\/td>\n<td>Halvkombi<\/td>\n<td>22 \u20ac<\/td>\n<td>30 \u20ac<\/td>\n<td>4<\/td>\n<td>1<\/td>\n<\/tr>\n<tr>\n<td>Dacia Logan<\/td>\n<td>Sedan<\/td>\n<td>24 \u20ac<\/td>\n<td>34 \u20ac<\/td>\n<td>5<\/td>\n<td>2<\/td>\n<\/tr>\n<tr>\n<td>Peugeot 208<\/td>\n<td>Halvkombi<\/td>\n<td>26 \u20ac<\/td>\n<td>36 \u20ac<\/td>\n<td>5<\/td>\n<td>2<\/td>\n<\/tr>\n<tr>\n<td>Renault Clio<\/td>\n<td>Halvkombi<\/td>\n<td>27 \u20ac<\/td>\n<td>38 \u20ac<\/td>\n<td>5<\/td>\n<td>2<\/td>\n<\/tr>\n<tr>\n<td>Citro\u00ebn C-Elys\u00e9e<\/td>\n<td>Sedan<\/td>\n<td>28 \u20ac<\/td>\n<td>39 \u20ac<\/td>\n<td>5<\/td>\n<td>3<\/td>\n<\/tr>\n<tr>\n<td>Dacia Duster<\/td>\n<td>SUV<\/td>\n<td>37 \u20ac<\/td>\n<td>49 \u20ac<\/td>\n<td>5<\/td>\n<td>3<\/td>\n<\/tr>\n<tr>\n<td>Hyundai Kona<\/td>\n<td>Crossover<\/td>\n<td>40 \u20ac<\/td>\n<td>52 \u20ac<\/td>\n<td>5<\/td>\n<td>3<\/td>\n<\/tr>\n<tr>\n<td>Renault Kadjar<\/td>\n<td>SUV<\/td>\n<td>50 \u20ac<\/td>\n<td>65 \u20ac<\/td>\n<td>5<\/td>\n<td>4<\/td>\n<\/tr>\n<tr>\n<td>Peugeot 3008<\/td>\n<td>SUV<\/td>\n<td>55 \u20ac<\/td>\n<td>70 \u20ac<\/td>\n<td>5<\/td>\n<td>4<\/td>\n<\/tr>\n<\/tbody>\n<\/table>\n        <div class=\"rpc-chart\">\n            <h3>S\u00e4songsm\u00e4ssiga prisf\u00f6r\u00e4ndringar f\u00f6r hyrbil i Marrakech: p\u00e5litlig analys baserad p\u00e5 faktiska bokningar<\/h3>\n            <div><p>Nedan visas analytisk data om f\u00f6r\u00e4ndringen av den genomsnittliga kostnaden f\u00f6r hyrbil i Marrakech under de \u00e5terst\u00e5ende tre \u00e5ren. All information \u00e4r baserad p\u00e5 verkliga transaktioner som gjorts via roscar.ma-plattformen.<\/p>\n<p>Forskningen t\u00e4cker alla st\u00f6rre kategorier av bilar - fr\u00e5n ekonomiska modeller till SUV: er, cabrioleter och premiumklass. En s\u00e5 bred t\u00e4ckning g\u00f6r det m\u00f6jligt att formulera en fullst\u00e4ndig bild av f\u00f6r\u00e4ndringar i f\u00f6rm\u00f6genhet under turists\u00e4songer och dryckesvanor.<\/p>\n<p>Det \u00e4r tydligt att vi rekommenderar att du bokar din bil i f\u00f6rv\u00e4g n\u00e4r priserna och kostnaderna \u00e4r som b\u00e4st. P\u00e5litlig information fr\u00e5n RosCar Marocko \u00e4r din guide f\u00f6r bekv\u00e4m och s\u00e4ker transfer i Marrakech.<\/p>\n<\/div>\n            <div class=\"rpc-chart-bars\">\n                                    <div class=\"rpc-chart-column\">\n                        <div class=\"rpc-chart-inner\" style=\"height: 30.769230769231%\">\n                            <div class=\"rpc-chart-column-value\">16 \u20ac<\/div>\n                            <div class=\"rpc-chart-month\">JAN<\/div>\n                        <\/div>\n                    <\/div>\n                                    <div class=\"rpc-chart-column\">\n                        <div class=\"rpc-chart-inner\" style=\"height: 28.846153846154%\">\n                            <div class=\"rpc-chart-column-value\">15 \u20ac<\/div>\n                            <div class=\"rpc-chart-month\">FEB<\/div>\n                        <\/div>\n                    <\/div>\n                                    <div class=\"rpc-chart-column\">\n                        <div class=\"rpc-chart-inner\" style=\"height: 26.923076923077%\">\n                            <div class=\"rpc-chart-column-value\">14 \u20ac<\/div>\n                            <div class=\"rpc-chart-month\">MAR<\/div>\n                        <\/div>\n                    <\/div>\n                                    <div class=\"rpc-chart-column\">\n                        <div class=\"rpc-chart-inner\" style=\"height: 42.307692307692%\">\n                            <div class=\"rpc-chart-column-value\">22 \u20ac<\/div>\n                            <div class=\"rpc-chart-month\">APR<\/div>\n                        <\/div>\n                    <\/div>\n                                    <div class=\"rpc-chart-column\">\n                        <div class=\"rpc-chart-inner\" style=\"height: 32.692307692308%\">\n                            <div class=\"rpc-chart-column-value\">17 \u20ac<\/div>\n                            <div class=\"rpc-chart-month\">MAY<\/div>\n                        <\/div>\n                    <\/div>\n                                    <div class=\"rpc-chart-column\">\n                        <div class=\"rpc-chart-inner\" style=\"height: 30.769230769231%\">\n                            <div class=\"rpc-chart-column-value\">16 \u20ac<\/div>\n                            <div class=\"rpc-chart-month\">JUN<\/div>\n                        <\/div>\n                    <\/div>\n                                    <div class=\"rpc-chart-column\">\n                        <div class=\"rpc-chart-inner\" style=\"height: 50%\">\n                            <div class=\"rpc-chart-column-value\">26 \u20ac<\/div>\n                            <div class=\"rpc-chart-month\">JUL<\/div>\n                        <\/div>\n                    <\/div>\n                                    <div class=\"rpc-chart-column\">\n                        <div class=\"rpc-chart-inner\" style=\"height: 61.538461538462%\">\n                            <div class=\"rpc-chart-column-value\">32 \u20ac<\/div>\n                            <div class=\"rpc-chart-month\">AUG<\/div>\n                        <\/div>\n                    <\/div>\n                                    <div class=\"rpc-chart-column\">\n                        <div class=\"rpc-chart-inner\" style=\"height: 42.307692307692%\">\n                            <div class=\"rpc-chart-column-value\">22 \u20ac<\/div>\n                            <div class=\"rpc-chart-month\">SEP<\/div>\n                        <\/div>\n                    <\/div>\n                                    <div class=\"rpc-chart-column\">\n                        <div class=\"rpc-chart-inner\" style=\"height: 36.538461538462%\">\n                            <div class=\"rpc-chart-column-value\">19 \u20ac<\/div>\n                            <div class=\"rpc-chart-month\">OCT<\/div>\n                        <\/div>\n                    <\/div>\n                                    <div class=\"rpc-chart-column\">\n                        <div class=\"rpc-chart-inner\" style=\"height: 32.692307692308%\">\n                            <div class=\"rpc-chart-column-value\">17 \u20ac<\/div>\n                            <div class=\"rpc-chart-month\">NOV<\/div>\n                        <\/div>\n                    <\/div>\n                                    <div class=\"rpc-chart-column\">\n                        <div class=\"rpc-chart-inner\" style=\"height: 44.230769230769%\">\n                            <div class=\"rpc-chart-column-value\">23 \u20ac<\/div>\n                            <div class=\"rpc-chart-month\">DEC<\/div>\n                        <\/div>\n                    <\/div>\n                            <\/div>\n        <\/div>\n        \n<h2>Hyrbil Marrakech: Dokument<\/h2>\n<p>N\u00e4r du h\u00e4mtar ut ditt fordon kan du bli ombedd att visa upp f\u00f6ljande dokument:<\/p>\n<ol>\n<li>Pass<\/li>\n<li>K\u00f6rkort eller k\u00f6rkort<\/li>\n<li>Bokningsbekr\u00e4ftelse eller Voucher (RosCar kommer att skicka en till dig)<\/li>\n<li>Kreditkort.<\/li>\n<\/ol>\n<p>Har du inte ett kreditkort? Anv\u00e4nd sedan filtren f\u00f6r att hitta det hyresalternativ du beh\u00f6ver. Biluthyrning Marrakech \u00e4r en oumb\u00e4rlig tj\u00e4nst som g\u00f6r att du kan se inte bara Marrakech utan ocks\u00e5 hela Marocko.<\/p>\n","protected":false},"excerpt":{"rendered":"<p>Hyrbil Marrakech fr\u00e5n RosCar L\u00e4nderna i Nordafrika har en fantastisk f\u00f6rm\u00e5ga att f\u00f6rtrolla turister fr\u00e5n hela v\u00e4rlden med sina tullar och f\u00e4rgglada landskap. Kanske \u00e4r det kulturen, eller det unika lokala k\u00f6ket, eller sk\u00f6nheten i vardagen. Men vi vet med s\u00e4kerhet att du beh\u00f6ver hyra en bil i Marrakech f\u00f6r att komma n\u00e4rmare en fullst\u00e4ndig [&hellip;]<\/p>\n","protected":false},"author":1,"featured_media":193,"parent":0,"menu_order":0,"comment_status":"closed","ping_status":"closed","template":"","meta":{"footnotes":""},"class_list":["post-1769","page","type-page","status-publish","has-post-thumbnail",""],"_links":{"self":[{"href":"https:\/\/roscar.ma\/sv\/wp-json\/wp\/v2\/pages\/1769","targetHints":{"allow":["GET"]}}],"collection":[{"href":"https:\/\/roscar.ma\/sv\/wp-json\/wp\/v2\/pages"}],"about":[{"href":"https:\/\/roscar.ma\/sv\/wp-json\/wp\/v2\/types\/page"}],"author":[{"embeddable":true,"href":"https:\/\/roscar.ma\/sv\/wp-json\/wp\/v2\/users\/1"}],"replies":[{"embeddable":true,"href":"https:\/\/roscar.ma\/sv\/wp-json\/wp\/v2\/comments?post=1769"}],"version-history":[{"count":2,"href":"https:\/\/roscar.ma\/sv\/wp-json\/wp\/v2\/pages\/1769\/revisions"}],"predecessor-version":[{"id":1781,"href":"https:\/\/roscar.ma\/sv\/wp-json\/wp\/v2\/pages\/1769\/revisions\/1781"}],"wp:featuredmedia":[{"embeddable":true,"href":"https:\/\/roscar.ma\/sv\/wp-json\/wp\/v2\/media\/193"}],"wp:attachment":[{"href":"https:\/\/roscar.ma\/sv\/wp-json\/wp\/v2\/media?parent=1769"}],"curies":[{"name":"wp","href":"https:\/\/api.w.org\/{rel}","templated":true}]}}