{"id":1680,"date":"2025-07-23T08:46:35","date_gmt":"2025-07-23T08:46:35","guid":{"rendered":"https:\/\/roscar.ma\/?page_id=1680"},"modified":"2025-07-24T05:54:54","modified_gmt":"2025-07-24T05:54:54","slug":"hyrbil-marocko-utan-deposition","status":"publish","type":"page","link":"https:\/\/roscar.ma\/sv\/hyrbil-marocko-utan-deposition\/","title":{"rendered":"Hyrbil Marocko Utan Deposition"},"content":{"rendered":"<h2>Hyrbil Marocko Utan Deposition fr\u00e5n RosCar<\/h2>\n<p>Till skillnad fr\u00e5n traditionell biluthyrning erbjuder biluthyrning i Marocko utan deposition flera f\u00f6rdelar som inte b\u00f6r ignoreras:<\/p>\n<ul>\n<li>Ingen risk f\u00f6r framtida tvister (vissa f\u00f6retag f\u00f6rs\u00f6ker ta betalt f\u00f6r sm\u00e5 repor, br\u00e4nsle eller andra detaljer)<\/li>\n<li>Mycket enklare (och snabbare) att h\u00e4mta och l\u00e4mna bilen<\/li>\n<li>Kr\u00e4ver mindre pengar<\/li>\n<li>Ingen deposition blockeras p\u00e5 kreditkortet<\/li>\n<li>En stressfri upplevelse<\/li>\n<\/ul>\n<p>Detta \u00e4r bara en av m\u00e5nga funktioner du hittar bland RosCars filter. Prova sj\u00e4lv och hitta din perfekta bil p\u00e5 n\u00e5gra minuter. Boka nu.<\/p>\n<blockquote class=\"check\">\n<h2>Hur hyr man en bil i Marocko utan deposition?<\/h2>\n<p>Varje f\u00f6rare mellan 21 och 25 \u00e5r med giltiga dokument (pass och k\u00f6rkort) kan hyra en bil i Marocko utan deposition enligt f\u00f6ljande:<\/p>\n<ol>\n<li>Klicka p\u00e5 filtret &#8221;<strong>Ingen deposition<\/strong>&#8221; f\u00f6r att se tillg\u00e4ngliga alternativ.<\/li>\n<li>Bl\u00e4ddra bland erbjudandena, v\u00e4lj det b\u00e4sta och klicka p\u00e5 Boka nu.<\/li>\n<li>Kontrollera kraven och v\u00e4lj f\u00f6rs\u00e4kringstyp.<\/li>\n<li>V\u00e4lj eventuella tillvalstj\u00e4nster och klicka p\u00e5 &#8221;Forts\u00e4tt&#8221;.<\/li>\n<li>Fyll i f\u00f6rarinformationen.<\/li>\n<li>Bekr\u00e4fta.<\/li>\n<\/ol>\n<p>Hyra utan deposition, eller n\u00e5gon annan typ av bokning, m\u00e5ste bekr\u00e4ftas med ditt bankkort. H\u00f6gst 20 % debiteras som f\u00f6rskottsbetalning.<\/p><\/blockquote>\n<h3>Tabell \u00f6ver hyrbilspriser i Marocko utan deposition<\/h3>\n<table>\n<thead>\n<tr>\n<th>Bilmodell<\/th>\n<th>Karosstyp<\/th>\n<th>Pris per dag (l\u00e5gs\u00e4song)<\/th>\n<th>Pris per dag (h\u00f6gs\u00e4song)<\/th>\n<th>Passagerare<\/th>\n<th>Bagageutrymme<\/th>\n<\/tr>\n<\/thead>\n<tbody>\n<tr>\n<td>Chevrolet Spark<\/td>\n<td>Halvkombi<\/td>\n<td>19 \u20ac<\/td>\n<td>26 \u20ac<\/td>\n<td>4<\/td>\n<td>1<\/td>\n<\/tr>\n<tr>\n<td>Hyundai Grand i10<\/td>\n<td>Halvkombi<\/td>\n<td>21 \u20ac<\/td>\n<td>28 \u20ac<\/td>\n<td>4<\/td>\n<td>1<\/td>\n<\/tr>\n<tr>\n<td>Skoda Fabia<\/td>\n<td>Halvkombi<\/td>\n<td>23 \u20ac<\/td>\n<td>31 \u20ac<\/td>\n<td>5<\/td>\n<td>2<\/td>\n<\/tr>\n<tr>\n<td>Peugeot 2008<\/td>\n<td>Crossover<\/td>\n<td>26 \u20ac<\/td>\n<td>35 \u20ac<\/td>\n<td>5<\/td>\n<td>2<\/td>\n<\/tr>\n<tr>\n<td>Volkswagen Golf<\/td>\n<td>Halvkombi<\/td>\n<td>27 \u20ac<\/td>\n<td>36 \u20ac<\/td>\n<td>5<\/td>\n<td>2<\/td>\n<\/tr>\n<tr>\n<td>Toyota Yaris Sedan<\/td>\n<td>Sedan<\/td>\n<td>28 \u20ac<\/td>\n<td>37 \u20ac<\/td>\n<td>5<\/td>\n<td>3<\/td>\n<\/tr>\n<tr>\n<td>Nissan Sunny<\/td>\n<td>Sedan<\/td>\n<td>29 \u20ac<\/td>\n<td>38 \u20ac<\/td>\n<td>5<\/td>\n<td>3<\/td>\n<\/tr>\n<tr>\n<td>Renault Arkana<\/td>\n<td>Crossover<\/td>\n<td>35 \u20ac<\/td>\n<td>45 \u20ac<\/td>\n<td>5<\/td>\n<td>3<\/td>\n<\/tr>\n<tr>\n<td>MG ZS<\/td>\n<td>SUV<\/td>\n<td>39 \u20ac<\/td>\n<td>49 \u20ac<\/td>\n<td>5<\/td>\n<td>3<\/td>\n<\/tr>\n<tr>\n<td>Volkswagen Tiguan<\/td>\n<td>SUV<\/td>\n<td>55 \u20ac<\/td>\n<td>69 \u20ac<\/td>\n<td>5<\/td>\n<td>4<\/td>\n<\/tr>\n<\/tbody>\n<\/table>\n","protected":false},"excerpt":{"rendered":"<p>Hyrbil Marocko Utan Deposition fr\u00e5n RosCar Till skillnad fr\u00e5n traditionell biluthyrning erbjuder biluthyrning i Marocko utan deposition flera f\u00f6rdelar som inte b\u00f6r ignoreras: Ingen risk f\u00f6r framtida tvister (vissa f\u00f6retag f\u00f6rs\u00f6ker ta betalt f\u00f6r sm\u00e5 repor, br\u00e4nsle eller andra detaljer) Mycket enklare (och snabbare) att h\u00e4mta och l\u00e4mna bilen Kr\u00e4ver mindre pengar Ingen deposition blockeras [&hellip;]<\/p>\n","protected":false},"author":1,"featured_media":1290,"parent":0,"menu_order":0,"comment_status":"closed","ping_status":"closed","template":"","meta":{"footnotes":""},"class_list":["post-1680","page","type-page","status-publish","has-post-thumbnail",""],"_links":{"self":[{"href":"https:\/\/roscar.ma\/sv\/wp-json\/wp\/v2\/pages\/1680","targetHints":{"allow":["GET"]}}],"collection":[{"href":"https:\/\/roscar.ma\/sv\/wp-json\/wp\/v2\/pages"}],"about":[{"href":"https:\/\/roscar.ma\/sv\/wp-json\/wp\/v2\/types\/page"}],"author":[{"embeddable":true,"href":"https:\/\/roscar.ma\/sv\/wp-json\/wp\/v2\/users\/1"}],"replies":[{"embeddable":true,"href":"https:\/\/roscar.ma\/sv\/wp-json\/wp\/v2\/comments?post=1680"}],"version-history":[{"count":2,"href":"https:\/\/roscar.ma\/sv\/wp-json\/wp\/v2\/pages\/1680\/revisions"}],"predecessor-version":[{"id":1688,"href":"https:\/\/roscar.ma\/sv\/wp-json\/wp\/v2\/pages\/1680\/revisions\/1688"}],"wp:featuredmedia":[{"embeddable":true,"href":"https:\/\/roscar.ma\/sv\/wp-json\/wp\/v2\/media\/1290"}],"wp:attachment":[{"href":"https:\/\/roscar.ma\/sv\/wp-json\/wp\/v2\/media?parent=1680"}],"curies":[{"name":"wp","href":"https:\/\/api.w.org\/{rel}","templated":true}]}}