{"id":1598,"date":"2025-07-17T10:09:50","date_gmt":"2025-07-17T10:09:50","guid":{"rendered":"https:\/\/roscar.ma\/?page_id=1598"},"modified":"2025-07-23T18:32:25","modified_gmt":"2025-07-23T18:32:25","slug":"om-oss","status":"publish","type":"page","link":"https:\/\/roscar.ma\/sv\/om-oss\/","title":{"rendered":"Om oss"},"content":{"rendered":"<p>RosCar Morocco \u00e4r en modern biluthyrningstj\u00e4nst i Marocko som har varit verksam sedan 2022. Vi \u00e4r inte ett biluthyrningsf\u00f6retag, utan snarare en bekv\u00e4m online-aggregator som samlar de b\u00e4sta erbjudandena fr\u00e5n lokala partners \u00f6ver hela landet.<\/p>\n<p>P\u00e5 v\u00e5r webbplats roscar.ma hittar du mer \u00e4n 200 bepr\u00f6vade bilar i olika klasser \u2013 fr\u00e5n kompakta stadsmodeller till bekv\u00e4ma SUV:ar. Vi g\u00f6r bokningsprocessen s\u00e5 enkel och prisv\u00e4rd som m\u00f6jligt: du kan hyra en bil utan deposition och utan kreditkort.<\/p>\n<p>V\u00e5rt m\u00e5l \u00e4r att erbjuda resen\u00e4rer ett flexibelt och kostnadseffektivt s\u00e4tt att ta sig runt i Marocko, med hj\u00e4lp av lokala f\u00f6retags erfarenhet och tillf\u00f6rlitlighet. V\u00e4lj RosCar Morocco och \u00e5k p\u00e5 en bekv\u00e4m resa!<\/p>\n","protected":false},"excerpt":{"rendered":"<p>RosCar Morocco \u00e4r en modern biluthyrningstj\u00e4nst i Marocko som har varit verksam sedan 2022. Vi \u00e4r inte ett biluthyrningsf\u00f6retag, utan snarare en bekv\u00e4m online-aggregator som samlar de b\u00e4sta erbjudandena fr\u00e5n lokala partners \u00f6ver hela landet. P\u00e5 v\u00e5r webbplats roscar.ma hittar du mer \u00e4n 200 bepr\u00f6vade bilar i olika klasser \u2013 fr\u00e5n kompakta stadsmodeller till bekv\u00e4ma [&hellip;]<\/p>\n","protected":false},"author":2,"featured_media":0,"parent":0,"menu_order":0,"comment_status":"closed","ping_status":"closed","template":"","meta":{"footnotes":""},"class_list":["post-1598","page","type-page","status-publish",""],"_links":{"self":[{"href":"https:\/\/roscar.ma\/sv\/wp-json\/wp\/v2\/pages\/1598","targetHints":{"allow":["GET"]}}],"collection":[{"href":"https:\/\/roscar.ma\/sv\/wp-json\/wp\/v2\/pages"}],"about":[{"href":"https:\/\/roscar.ma\/sv\/wp-json\/wp\/v2\/types\/page"}],"author":[{"embeddable":true,"href":"https:\/\/roscar.ma\/sv\/wp-json\/wp\/v2\/users\/2"}],"replies":[{"embeddable":true,"href":"https:\/\/roscar.ma\/sv\/wp-json\/wp\/v2\/comments?post=1598"}],"version-history":[{"count":2,"href":"https:\/\/roscar.ma\/sv\/wp-json\/wp\/v2\/pages\/1598\/revisions"}],"predecessor-version":[{"id":1603,"href":"https:\/\/roscar.ma\/sv\/wp-json\/wp\/v2\/pages\/1598\/revisions\/1603"}],"wp:attachment":[{"href":"https:\/\/roscar.ma\/sv\/wp-json\/wp\/v2\/media?parent=1598"}],"curies":[{"name":"wp","href":"https:\/\/api.w.org\/{rel}","templated":true}]}}