{"id":1313,"date":"2025-07-17T10:56:33","date_gmt":"2025-07-17T10:56:33","guid":{"rendered":"https:\/\/roscar.ma\/?page_id=1313"},"modified":"2025-07-23T10:43:04","modified_gmt":"2025-07-23T10:43:04","slug":"hyrbil-casablanca","status":"publish","type":"page","link":"https:\/\/roscar.ma\/sv\/hyrbil-casablanca\/","title":{"rendered":"Hyrbil Casablanca"},"content":{"rendered":"<h2>Hyrbil Casablanca fr\u00e5n RosCar<\/h2>\n<p>Den viktigaste ekonomiska och kulturella staden i Marocko \u00e4r alltid en bra start f\u00f6r en fantastisk resa till Nordafrika. Unik arabisk kultur, tusentals \u00e5r av historia i modern arkitektur, traditioner och uts\u00f6kt mat \u00e4r din handlingsplan. Men f\u00f6rst m\u00e5ste du hyra en bil i Casablanca. Det finns flera anledningar att v\u00e4lja bilresor h\u00e4r:<\/p>\n<ul>\n<li>Det \u00e4r mycket bekv\u00e4mare \u00e4n kollektivtrafik<\/li>\n<li>Rabatter, billiga priser och m\u00e5nga alternativ (vissa av dem \u00e4r gratis)<\/li>\n<li>L\u00e4tt att hitta r\u00e4tt<\/li>\n<li>Fullst\u00e4ndig r\u00f6relsefrihet.<\/li>\n<\/ul>\n<p>RosCar har en f\u00f6rv\u00e5nansv\u00e4rt enkel bokningsprocedur. Bara boka nu, l\u00e4gg till ditt kort f\u00f6r betalning, och du \u00e4r klar.<\/p>\n<h2>Hyra bil Casablanca: Guiden<\/h2>\n<p>Billig biluthyrning i Casablanca \u00e4r inte fiktion, men verkligheten f\u00f6r varje person som k\u00e4nner till n\u00e5gra regler. F\u00f6lj dem och du kommer att komma till \u00f6nskat resultat utan besvikelse.<\/p>\n<h3>1. V\u00e4lj r\u00e4tt typ<\/h3>\n<p>Genom att sl\u00e5 p\u00e5 filter kan du enkelt skapa en lista med erbjudanden efter en av typerna:<\/p>\n<ul>\n<li>SUV eller Crossover<\/li>\n<li>Standard bil<\/li>\n<li>Ekonomisk bil<\/li>\n<li>Kompakt bil<\/li>\n<li>Mini bil<\/li>\n<li>Cabriolet<\/li>\n<li>Minivan, sk\u00e5pbil och andra.<\/li>\n<\/ul>\n<h3>2. Anv\u00e4nd extra alternativ<\/h3>\n<p>Hyra av bil i Casablanca kan komma med en eller flera till\u00e4ggstj\u00e4nster (betalda eller gratis):<\/p>\n<ul>\n<li>Garanterad modell: Inga d\u00e5liga \u00f6verraskningar n\u00e4r du h\u00e4mtar ut ditt fordon.<\/li>\n<li>V\u00e4xell\u00e5da: T\u00e4nk inte tv\u00e5 g\u00e5nger, skaffa en automatv\u00e4xel.<\/li>\n<li>Till\u00e4ggsf\u00f6rs\u00e4kring: En betald funktion som tar bort finansiella risker med Full T\u00e4ckning eller SuperCDW.<\/li>\n<li>Ytterligare f\u00f6rare: Visste du att du kan l\u00e4gga till en person i avtalet?<\/li>\n<li>Barnstol: Det finns upp till fyra typer av fasth\u00e5llningsanordningar f\u00f6r barn i alla \u00e5ldrar.<\/li>\n<li>Fri avbest\u00e4llning: Du har minst 48 timmar p\u00e5 dig att avbest\u00e4lla din best\u00e4llning.<\/li>\n<li>Obegr\u00e4nsad k\u00f6rstr\u00e4cka: En gratis funktion med gratis miles.<\/li>\n<li>Ingen ins\u00e4ttning: Alla \u00e4lskar det n\u00e4r det kommer till inga ins\u00e4ttningssp\u00e4rrar p\u00e5 kreditkort.<\/li>\n<li>Inget kreditkort: Kan komma med ytterligare krav p\u00e5 s\u00e4kerhetskontroller.<\/li>\n<li>SIM-kort: H\u00f6ghastighets mobilt Internet alltid till hands.<\/li>\n<\/ul>\n<blockquote class=\"info\">\n<h2>Hyrbil Casablanca: Bokning via RosCar<\/h2>\n<p>Casablanca biluthyrning kan tyckas vara en av de enklaste resetj\u00e4nsterna du n\u00e5gonsin har tagit:<\/p>\n<ol>\n<li>Ange platser och datum.<\/li>\n<li>Ange s\u00f6kfilter (Typ, alternativ och mer)<\/li>\n<li>Boka nu valfritt fordon fr\u00e5n listan.<\/li>\n<li>Fyll i formul\u00e4ret med detaljer.<\/li>\n<li>Bekr\u00e4fta<\/li>\n<\/ol>\n<p>Ans\u00f6kan kommer att betraktas som bekr\u00e4ftad f\u00f6rst efter f\u00f6rskottsbetalning (14-20% av beloppet) via Pay Now. Debet- eller kreditkort accepteras p\u00e5 RosCar.<\/p><\/blockquote>\n<h2>Hyr en bil Casablanca pris<\/h2>\n<p>H\u00e4r \u00e4r de ungef\u00e4rliga priser som du kan hitta i denna stad:<\/p>\n<ul>\n<li>$15-25 f\u00f6r Mini-Economy<\/li>\n<li>$30-40 f\u00f6r Compact-Standard<\/li>\n<li>$40-60 f\u00f6r Minivan, Cabriolet, Crossover eller SUV<\/li>\n<li>$ 70+ f\u00f6r lyx.<\/li>\n<\/ul>\n<p>Biluthyrning i Casablanca kan vara mer eller mindre dyrt upp till 40% beroende p\u00e5 f\u00f6ljande faktorer:<\/p>\n<ul>\n<li>Antal reserverade dagar (du borde b\u00e4ttre ta en l\u00e5ngsiktig biluthyrning)<\/li>\n<li>Upph\u00e4mtningsplats (flygplats, stad eller leverans)<\/li>\n<li>S\u00e4song och f\u00f6retagets arbetsbelastning<\/li>\n<li>Ytterligare tj\u00e4nster som ing\u00e5r.<\/li>\n<\/ul>\n<p>S\u00e5 h\u00e4r j\u00e4mf\u00f6r du priset:<\/p>\n<h3>Tabell med priser f\u00f6r biluthyrning i Casablanca, Marocko<\/h3>\n<table border=\"1\">\n<thead>\n<tr>\n<th>Bilmodell<\/th>\n<th>Typ av kaross<\/th>\n<th>Pris per dag (l\u00e5gs\u00e4song)<\/th>\n<th>Pris per dag (h\u00f6gs\u00e4song)<\/th>\n<th>Antal passagerare<\/th>\n<th>Bagagekapacitet<\/th>\n<\/tr>\n<\/thead>\n<tbody>\n<tr>\n<td>Kia Picanto<\/td>\n<td>Halvkombi<\/td>\n<td>20 \u20ac<\/td>\n<td>27 \u20ac<\/td>\n<td>4<\/td>\n<td>1<\/td>\n<\/tr>\n<tr>\n<td>Dacia Logan<\/td>\n<td>Sedan<\/td>\n<td>22 \u20ac<\/td>\n<td>30 \u20ac<\/td>\n<td>5<\/td>\n<td>2<\/td>\n<\/tr>\n<tr>\n<td>Renault Clio<\/td>\n<td>Halvkombi<\/td>\n<td>25 \u20ac<\/td>\n<td>34 \u20ac<\/td>\n<td>5<\/td>\n<td>2<\/td>\n<\/tr>\n<tr>\n<td>Hyundai i20<\/td>\n<td>Halvkombi<\/td>\n<td>24 \u20ac<\/td>\n<td>33 \u20ac<\/td>\n<td>5<\/td>\n<td>2<\/td>\n<\/tr>\n<tr>\n<td>Volkswagen Polo<\/td>\n<td>Halvkombi<\/td>\n<td>26 \u20ac<\/td>\n<td>36 \u20ac<\/td>\n<td>5<\/td>\n<td>2<\/td>\n<\/tr>\n<tr>\n<td>Citro\u00ebn C-Elys\u00e9e<\/td>\n<td>Sedan<\/td>\n<td>27 \u20ac<\/td>\n<td>37 \u20ac<\/td>\n<td>5<\/td>\n<td>3<\/td>\n<\/tr>\n<tr>\n<td>Peugeot 301<\/td>\n<td>Sedan<\/td>\n<td>28 \u20ac<\/td>\n<td>38 \u20ac<\/td>\n<td>5<\/td>\n<td>3<\/td>\n<\/tr>\n<tr>\n<td>Dacia Duster<\/td>\n<td>SUV<\/td>\n<td>35 \u20ac<\/td>\n<td>46 \u20ac<\/td>\n<td>5<\/td>\n<td>3<\/td>\n<\/tr>\n<tr>\n<td>Renault Kadjar<\/td>\n<td>SUV<\/td>\n<td>48 \u20ac<\/td>\n<td>60 \u20ac<\/td>\n<td>5<\/td>\n<td>4<\/td>\n<\/tr>\n<tr>\n<td>Peugeot 3008<\/td>\n<td>SUV<\/td>\n<td>54 \u20ac<\/td>\n<td>68 \u20ac<\/td>\n<td>5<\/td>\n<td>4<\/td>\n<\/tr>\n<\/tbody>\n<\/table>\n        <div class=\"rpc-chart\">\n            <h3>S\u00e4songsm\u00e4ssiga f\u00f6r\u00e4ndringar i hyrbilspriser i Casablanca: \u00d6versikt baserad p\u00e5 bekr\u00e4ftade bokningar<\/h3>\n            <div><p>Under de senaste tre \u00e5ren har experter p\u00e5 roscar.ma systematiskt analyserat f\u00f6r\u00e4ndringar i den genomsnittliga kostnaden f\u00f6r hyrbilar i Casablanca. Uppgifterna baseras uteslutande p\u00e5 verkliga best\u00e4llningar som gjorts via v\u00e5r plattform, som samarbetar med p\u00e5litliga lokala biluthyrningsf\u00f6retag.<\/p>\n<p>\u00d6vervakningen omfattar alla fordonskategorier: fr\u00e5n kompakta stadsmodeller till SUV:ar, cabrioleter och exklusiva bilar. Detta g\u00f6r att vi kan sp\u00e5ra s\u00e4songstrender och f\u00f6rutse prisfluktuationer beroende p\u00e5 efterfr\u00e5gan och turistperioder.<\/p>\n<p>Med m\u00e5nga \u00e5rs erfarenhet av biluthyrning i Marocko uppdaterar vi regelbundet information f\u00f6r att ge anv\u00e4ndarna aktuella och tillf\u00f6rlitliga uppgifter. Detta \u00e4r s\u00e4rskilt viktigt f\u00f6r dem som planerar en resa till Casablanca och letar efter gynnsamma villkor f\u00f6r transport.<\/p>\n<\/div>\n            <div class=\"rpc-chart-bars\">\n                                    <div class=\"rpc-chart-column\">\n                        <div class=\"rpc-chart-inner\" style=\"height: 30.188679245283%\">\n                            <div class=\"rpc-chart-column-value\">16 \u20ac<\/div>\n                            <div class=\"rpc-chart-month\">JAN<\/div>\n                        <\/div>\n                    <\/div>\n                                    <div class=\"rpc-chart-column\">\n                        <div class=\"rpc-chart-inner\" style=\"height: 28.301886792453%\">\n                            <div class=\"rpc-chart-column-value\">15 \u20ac<\/div>\n                            <div class=\"rpc-chart-month\">FEB<\/div>\n                        <\/div>\n                    <\/div>\n                                    <div class=\"rpc-chart-column\">\n                        <div class=\"rpc-chart-inner\" style=\"height: 30.188679245283%\">\n                            <div class=\"rpc-chart-column-value\">16 \u20ac<\/div>\n                            <div class=\"rpc-chart-month\">MAR<\/div>\n                        <\/div>\n                    <\/div>\n                                    <div class=\"rpc-chart-column\">\n                        <div class=\"rpc-chart-inner\" style=\"height: 39.622641509434%\">\n                            <div class=\"rpc-chart-column-value\">21 \u20ac<\/div>\n                            <div class=\"rpc-chart-month\">APR<\/div>\n                        <\/div>\n                    <\/div>\n                                    <div class=\"rpc-chart-column\">\n                        <div class=\"rpc-chart-inner\" style=\"height: 32.075471698113%\">\n                            <div class=\"rpc-chart-column-value\">17 \u20ac<\/div>\n                            <div class=\"rpc-chart-month\">MAY<\/div>\n                        <\/div>\n                    <\/div>\n                                    <div class=\"rpc-chart-column\">\n                        <div class=\"rpc-chart-inner\" style=\"height: 33.962264150943%\">\n                            <div class=\"rpc-chart-column-value\">18 \u20ac<\/div>\n                            <div class=\"rpc-chart-month\">JUN<\/div>\n                        <\/div>\n                    <\/div>\n                                    <div class=\"rpc-chart-column\">\n                        <div class=\"rpc-chart-inner\" style=\"height: 54.716981132075%\">\n                            <div class=\"rpc-chart-column-value\">29 \u20ac<\/div>\n                            <div class=\"rpc-chart-month\">JUL<\/div>\n                        <\/div>\n                    <\/div>\n                                    <div class=\"rpc-chart-column\">\n                        <div class=\"rpc-chart-inner\" style=\"height: 62.264150943396%\">\n                            <div class=\"rpc-chart-column-value\">33 \u20ac<\/div>\n                            <div class=\"rpc-chart-month\">AUG<\/div>\n                        <\/div>\n                    <\/div>\n                                    <div class=\"rpc-chart-column\">\n                        <div class=\"rpc-chart-inner\" style=\"height: 43.396226415094%\">\n                            <div class=\"rpc-chart-column-value\">23 \u20ac<\/div>\n                            <div class=\"rpc-chart-month\">SEP<\/div>\n                        <\/div>\n                    <\/div>\n                                    <div class=\"rpc-chart-column\">\n                        <div class=\"rpc-chart-inner\" style=\"height: 39.622641509434%\">\n                            <div class=\"rpc-chart-column-value\">21 \u20ac<\/div>\n                            <div class=\"rpc-chart-month\">OCT<\/div>\n                        <\/div>\n                    <\/div>\n                                    <div class=\"rpc-chart-column\">\n                        <div class=\"rpc-chart-inner\" style=\"height: 33.962264150943%\">\n                            <div class=\"rpc-chart-column-value\">18 \u20ac<\/div>\n                            <div class=\"rpc-chart-month\">NOV<\/div>\n                        <\/div>\n                    <\/div>\n                                    <div class=\"rpc-chart-column\">\n                        <div class=\"rpc-chart-inner\" style=\"height: 41.509433962264%\">\n                            <div class=\"rpc-chart-column-value\">22 \u20ac<\/div>\n                            <div class=\"rpc-chart-month\">DEC<\/div>\n                        <\/div>\n                    <\/div>\n                            <\/div>\n        <\/div>\n        \n<h2>Hyrbil Casablanca: Dokument<\/h2>\n<p>Endast ett f\u00e5tal dokument som f\u00f6raren m\u00e5ste ha f\u00f6r att h\u00e4mta ut sin hyrbil:<\/p>\n<ol>\n<li>K\u00f6rkort<\/li>\n<li>pass<\/li>\n<li>Kreditkort (deposition, kredit- eller identitetskontroll)<\/li>\n<li>Voucher (vi skickar en s\u00e5dan till dig med din bokningsbekr\u00e4ftelse).<\/li>\n<\/ol>\n","protected":false},"excerpt":{"rendered":"<p>Hyrbil Casablanca fr\u00e5n RosCar Den viktigaste ekonomiska och kulturella staden i Marocko \u00e4r alltid en bra start f\u00f6r en fantastisk resa till Nordafrika. Unik arabisk kultur, tusentals \u00e5r av historia i modern arkitektur, traditioner och uts\u00f6kt mat \u00e4r din handlingsplan. Men f\u00f6rst m\u00e5ste du hyra en bil i Casablanca. Det finns flera anledningar att v\u00e4lja [&hellip;]<\/p>\n","protected":false},"author":1,"featured_media":162,"parent":0,"menu_order":0,"comment_status":"closed","ping_status":"closed","template":"","meta":{"footnotes":""},"class_list":["post-1313","page","type-page","status-publish","has-post-thumbnail",""],"_links":{"self":[{"href":"https:\/\/roscar.ma\/sv\/wp-json\/wp\/v2\/pages\/1313","targetHints":{"allow":["GET"]}}],"collection":[{"href":"https:\/\/roscar.ma\/sv\/wp-json\/wp\/v2\/pages"}],"about":[{"href":"https:\/\/roscar.ma\/sv\/wp-json\/wp\/v2\/types\/page"}],"author":[{"embeddable":true,"href":"https:\/\/roscar.ma\/sv\/wp-json\/wp\/v2\/users\/1"}],"replies":[{"embeddable":true,"href":"https:\/\/roscar.ma\/sv\/wp-json\/wp\/v2\/comments?post=1313"}],"version-history":[{"count":0,"href":"https:\/\/roscar.ma\/sv\/wp-json\/wp\/v2\/pages\/1313\/revisions"}],"wp:featuredmedia":[{"embeddable":true,"href":"https:\/\/roscar.ma\/sv\/wp-json\/wp\/v2\/media\/162"}],"wp:attachment":[{"href":"https:\/\/roscar.ma\/sv\/wp-json\/wp\/v2\/media?parent=1313"}],"curies":[{"name":"wp","href":"https:\/\/api.w.org\/{rel}","templated":true}]}}