{"id":1036,"date":"2025-07-17T09:45:33","date_gmt":"2025-07-17T09:45:33","guid":{"rendered":"https:\/\/roscar.ma\/?page_id=1036"},"modified":"2025-07-22T11:57:27","modified_gmt":"2025-07-22T11:57:27","slug":"hyrbil-marocko","status":"publish","type":"page","link":"https:\/\/roscar.ma\/sv\/","title":{"rendered":"Hyrbil Marocko"},"content":{"rendered":"<h2>Hyrbil Marocko fr\u00e5n RosCar<\/h2>\n<p>Tusentals \u00e5r av historia och forntida arabiska traditioner drar miljoner turister som en magnet. H\u00e4r kan du hitta ljudet av den stora Sahara och Atlanten, liksom moderna och f\u00f6rhistoriska kulturer, tillsammans med utm\u00e4rkta f\u00f6ruts\u00e4ttningar f\u00f6r alla typer av resor. Men m\u00e5ste jag hyra en bil i Marocko? Det kanske inte \u00e4r det enda alternativet, men det \u00e4r ett alternativ med n\u00e5gra tydliga f\u00f6rdelar:<\/p>\n<ul>\n<li>Fri r\u00f6rlighet vart du \u00e4n vill<\/li>\n<li>H\u00f6g komfort och o\u00f6vertr\u00e4ffad bekv\u00e4mlighet<\/li>\n<li>Stort urval av fordon<\/li>\n<li>Biluthyrning p\u00e5 kort eller l\u00e5ng sikt \u00e4r tillg\u00e4nglig.<\/li>\n<\/ul>\n<p>Vill du ge dig ut p\u00e5 v\u00e4garna s\u00e5 snart som m\u00f6jligt? Boka nu vilken bil du vill p\u00e5 RosCar: n\u00e5gra klick, fyll i ett standardformul\u00e4r och g\u00f6r en f\u00f6rskottsbetalning f\u00f6r bekr\u00e4ftelse.<\/p>\n<h2>P\u00e5 v\u00e4g till en hyrbil Marocko<\/h2>\n<p>Detta \u00e4r en uppgift som inte b\u00f6r skyndas p\u00e5, men som inte heller b\u00f6r skjutas upp till imorgon. L\u00e4s d\u00e4rf\u00f6r en liten f\u00f6rberedande guide p\u00e5 din v\u00e4g till biluthyrning i Marocko.<\/p>\n<h3>1. Hitta r\u00e4tt typ av bil<\/h3>\n<p>Ett d\u00e5ligt valt fordon kommer inte att ge dig \u00f6nskat n\u00f6je eller bekv\u00e4mlighet. Ta en titt p\u00e5 listan och fundera p\u00e5 vilken av dessa typer som l\u00e5ter som din l\u00f6sning:<\/p>\n<ul>\n<li>Ekonomi eller Mini (Billig biluthyrning i Marocko)<\/li>\n<li>Standard<\/li>\n<li>SUV eller Crossover<\/li>\n<li>Lyxig<\/li>\n<li>Cabriolet<\/li>\n<li>Van eller Minivan.<\/li>\n<\/ul>\n<h3>2. Ytterligare tj\u00e4nster<\/h3>\n<p>Inte alla dessa extrafunktioner betalas, men var och en av dem \u00e4r ett bra val:<\/p>\n<ul>\n<li>Gratis avbokning: Detta alternativ m\u00e5ste anv\u00e4ndas i tid (upp till 48 timmar f\u00f6re avresa).<\/li>\n<li>Ingen ins\u00e4ttning: Den b\u00e4sta funktionen f\u00f6r budgetresen\u00e4rer \u00e4r att den inte har n\u00e5gon ins\u00e4ttning p\u00e5 kreditkort.<\/li>\n<li>Garanterad modell: F\u00e5 \u00e5tminstone det du bokade f\u00f6r.<\/li>\n<li>Barnstol: Ett lagkrav f\u00f6r att resa med barn som \u00e4r 10 \u00e5r eller yngre ombord.<\/li>\n<li>Ytterligare f\u00f6rs\u00e4kringar: Betala bara extra f\u00f6r Super CDW och Full T\u00e4ckning f\u00f6r sinnesfrid.<\/li>\n<li>SIM-kort: Ta ett f\u00f6r att njuta av h\u00f6ghastighetsinternet.<\/li>\n<li>Extra f\u00f6rare: Mer gl\u00e4djefyllda kilometer med en v\u00e4n bakom ratten.<\/li>\n<li>Transmission: Leta efter en automatisk f\u00f6r avslappnade resor.<\/li>\n<li>Obegr\u00e4nsad k\u00f6rstr\u00e4cka: Obegr\u00e4nsade vyer g\u00f6mda bakom \u00f6knar och havslandskap.<\/li>\n<\/ul>\n<blockquote class=\"check\">\n<h3>RosCar Marocko biluthyrning i detaljer<\/h3>\n<p>Hitta dig sj\u00e4lv n\u00e5gra minuter att ta Marocko biluthyrning:<\/p>\n<ol>\n<li>St\u00e4ll in Pick-up och Drop-off platser.<\/li>\n<li>Ange start- och slutdatum.<\/li>\n<li>Klicka p\u00e5 &#8221;Filter&#8221; f\u00f6r att v\u00e4lja \u00f6nskade till\u00e4gg. Klicka p\u00e5<\/li>\n<li>&#8221;Visa&#8221; f\u00f6r att f\u00e5 en lista.<\/li>\n<li>Boka nu.<\/li>\n<li>Fyll i formul\u00e4ret och betala nu.<\/li>\n<\/ol>\n<p>N\u00e4r du \u00e4r p\u00e5 kassasidan m\u00e5ste du ange ett kort f\u00f6r en 20% f\u00f6rskottsbetalning. Oroa dig inte, dina bankuppgifter \u00e4r s\u00e4kra.<\/p><\/blockquote>\n<h2>Kostnaden f\u00f6r en hyrbil i Marocko<\/h2>\n<p>H\u00e4r \u00e4r n\u00e5gra exempel som hj\u00e4lper dig att f\u00f6rst\u00e5 priset p\u00e5 biluthyrning i Marocko:<\/p>\n<ul>\n<li>$20-30 f\u00f6r Mini eller Ekonomi<\/li>\n<li>$45-55 f\u00f6r Standard eller Minivan<\/li>\n<li>$ 50-70 f\u00f6r SUV eller Crossover<\/li>\n<li>fr\u00e5n $ 80 f\u00f6r lyx eller cabriolet.<\/li>\n<\/ul>\n<p>Men du kan f\u00f6rs\u00f6ka f\u00e5 det billigare:<\/p>\n<ul>\n<li>Ta en l\u00e5ngtidshyra (5 dagar eller mer)<\/li>\n<li>St\u00e4ll in startdatumet f\u00f6r mitten av veckan<\/li>\n<li>J\u00e4mf\u00f6r inte bara efter pris, utan ocks\u00e5 efter utrustning<\/li>\n<li>Boka online i god tid.<\/li>\n<\/ul>\n<p>Mer om prisj\u00e4mf\u00f6relse:<\/p>\n<h3>Tabell med priser f\u00f6r hyrbil i Marocko<\/h3>\n<table border=\"1\" cellspacing=\"0\" cellpadding=\"8\">\n<thead>\n<tr>\n<th>Bilmodell<\/th>\n<th>Typ av kaross<\/th>\n<th>Pris per dag (l\u00e5gs\u00e4song)<\/th>\n<th>Pris per dag (h\u00f6gs\u00e4song)<\/th>\n<th>Antal passagerare<\/th>\n<th>Bagagekapacitet<\/th>\n<\/tr>\n<\/thead>\n<tbody>\n<tr>\n<td>Dacia Logan<\/td>\n<td>Sedan<\/td>\n<td>23 \u20ac<\/td>\n<td>30 \u20ac<\/td>\n<td>5<\/td>\n<td>2<\/td>\n<\/tr>\n<tr>\n<td>Kia Picanto<\/td>\n<td>Halvkombi<\/td>\n<td>20 \u20ac<\/td>\n<td>28 \u20ac<\/td>\n<td>4<\/td>\n<td>1<\/td>\n<\/tr>\n<tr>\n<td>Renault Clio<\/td>\n<td>Halvkombi<\/td>\n<td>25 \u20ac<\/td>\n<td>35 \u20ac<\/td>\n<td>5<\/td>\n<td>2<\/td>\n<\/tr>\n<tr>\n<td>Dacia Duster<\/td>\n<td>SUV<\/td>\n<td>35 \u20ac<\/td>\n<td>45 \u20ac<\/td>\n<td>5<\/td>\n<td>3<\/td>\n<\/tr>\n<tr>\n<td>Hyundai Tucson<\/td>\n<td>SUV<\/td>\n<td>50 \u20ac<\/td>\n<td>65 \u20ac<\/td>\n<td>5<\/td>\n<td>4<\/td>\n<\/tr>\n<tr>\n<td>Peugeot 208<\/td>\n<td>Halvkombi<\/td>\n<td>22 \u20ac<\/td>\n<td>32 \u20ac<\/td>\n<td>5<\/td>\n<td>2<\/td>\n<\/tr>\n<tr>\n<td>Volkswagen Polo<\/td>\n<td>Halvkombi<\/td>\n<td>26 \u20ac<\/td>\n<td>36 \u20ac<\/td>\n<td>5<\/td>\n<td>2<\/td>\n<\/tr>\n<tr>\n<td>Citro\u00ebn C-Elys\u00e9e<\/td>\n<td>Sedan<\/td>\n<td>24 \u20ac<\/td>\n<td>34 \u20ac<\/td>\n<td>5<\/td>\n<td>3<\/td>\n<\/tr>\n<tr>\n<td>Fiat Tipo<\/td>\n<td>Sedan<\/td>\n<td>27 \u20ac<\/td>\n<td>37 \u20ac<\/td>\n<td>5<\/td>\n<td>3<\/td>\n<\/tr>\n<tr>\n<td>Renault Captur<\/td>\n<td>Crossover<\/td>\n<td>33 \u20ac<\/td>\n<td>43 \u20ac<\/td>\n<td>5<\/td>\n<td>3<\/td>\n<\/tr>\n<\/tbody>\n<\/table>\n        <div class=\"rpc-chart\">\n            <h3>S\u00e4songsbaserade hyrbilspriser i Marocko<\/h3>\n            <div><p>Tabellen nedan visar en analys av f\u00f6r\u00e4ndringar i genomsnittspriser f\u00f6r hyrbilar i Marocko under de senaste tre \u00e5ren. Informationen \u00e4r baserad p\u00e5 faktiska bokningar gjorda via roscar.ma, en webbplats som specialiserat sig p\u00e5 biluthyrning utan mellanh\u00e4nder. Uppgifterna t\u00e4cker alla bilklasser (fr\u00e5n prisv\u00e4rda stadsmodeller till SUV:ar, cabrioleter och premiumsegmentet).<\/p>\n<p>Tack vare v\u00e5r m\u00e5ng\u00e5riga erfarenhet av att arbeta med resen\u00e4rer och regelbunden marknads\u00f6vervakning har vi f\u00e5tt en objektiv bild av s\u00e4songsvariationerna i hyrespriserna. V\u00e5r analys kommer att vara anv\u00e4ndbar f\u00f6r alla som planerar en resa till Marocko: du kan i f\u00f6rv\u00e4g v\u00e4lja den period d\u00e5 biluthyrning kommer att vara mest f\u00f6rdelaktig.<\/p>\n<p>Vi rekommenderar att du anv\u00e4nder den verifierade informationen och de praktiska r\u00e5den fr\u00e5n RosCar Marocko f\u00f6r att g\u00f6ra din resa bekv\u00e4m, s\u00e4ker och ekonomisk.<\/p>\n<\/div>\n            <div class=\"rpc-chart-bars\">\n                                    <div class=\"rpc-chart-column\">\n                        <div class=\"rpc-chart-inner\" style=\"height: 28.846153846154%\">\n                            <div class=\"rpc-chart-column-value\">15 \u20ac<\/div>\n                            <div class=\"rpc-chart-month\">JAN<\/div>\n                        <\/div>\n                    <\/div>\n                                    <div class=\"rpc-chart-column\">\n                        <div class=\"rpc-chart-inner\" style=\"height: 28.846153846154%\">\n                            <div class=\"rpc-chart-column-value\">15 \u20ac<\/div>\n                            <div class=\"rpc-chart-month\">FEB<\/div>\n                        <\/div>\n                    <\/div>\n                                    <div class=\"rpc-chart-column\">\n                        <div class=\"rpc-chart-inner\" style=\"height: 32.692307692308%\">\n                            <div class=\"rpc-chart-column-value\">17 \u20ac<\/div>\n                            <div class=\"rpc-chart-month\">MAR<\/div>\n                        <\/div>\n                    <\/div>\n                                    <div class=\"rpc-chart-column\">\n                        <div class=\"rpc-chart-inner\" style=\"height: 42.307692307692%\">\n                            <div class=\"rpc-chart-column-value\">22 \u20ac<\/div>\n                            <div class=\"rpc-chart-month\">APR<\/div>\n                        <\/div>\n                    <\/div>\n                                    <div class=\"rpc-chart-column\">\n                        <div class=\"rpc-chart-inner\" style=\"height: 32.692307692308%\">\n                            <div class=\"rpc-chart-column-value\">17 \u20ac<\/div>\n                            <div class=\"rpc-chart-month\">MAY<\/div>\n                        <\/div>\n                    <\/div>\n                                    <div class=\"rpc-chart-column\">\n                        <div class=\"rpc-chart-inner\" style=\"height: 30.769230769231%\">\n                            <div class=\"rpc-chart-column-value\">16 \u20ac<\/div>\n                            <div class=\"rpc-chart-month\">JUN<\/div>\n                        <\/div>\n                    <\/div>\n                                    <div class=\"rpc-chart-column\">\n                        <div class=\"rpc-chart-inner\" style=\"height: 55.769230769231%\">\n                            <div class=\"rpc-chart-column-value\">29 \u20ac<\/div>\n                            <div class=\"rpc-chart-month\">JUL<\/div>\n                        <\/div>\n                    <\/div>\n                                    <div class=\"rpc-chart-column\">\n                        <div class=\"rpc-chart-inner\" style=\"height: 61.538461538462%\">\n                            <div class=\"rpc-chart-column-value\">32 \u20ac<\/div>\n                            <div class=\"rpc-chart-month\">AUG<\/div>\n                        <\/div>\n                    <\/div>\n                                    <div class=\"rpc-chart-column\">\n                        <div class=\"rpc-chart-inner\" style=\"height: 38.461538461538%\">\n                            <div class=\"rpc-chart-column-value\">20 \u20ac<\/div>\n                            <div class=\"rpc-chart-month\">SEP<\/div>\n                        <\/div>\n                    <\/div>\n                                    <div class=\"rpc-chart-column\">\n                        <div class=\"rpc-chart-inner\" style=\"height: 36.538461538462%\">\n                            <div class=\"rpc-chart-column-value\">19 \u20ac<\/div>\n                            <div class=\"rpc-chart-month\">OCT<\/div>\n                        <\/div>\n                    <\/div>\n                                    <div class=\"rpc-chart-column\">\n                        <div class=\"rpc-chart-inner\" style=\"height: 32.692307692308%\">\n                            <div class=\"rpc-chart-column-value\">17 \u20ac<\/div>\n                            <div class=\"rpc-chart-month\">NOV<\/div>\n                        <\/div>\n                    <\/div>\n                                    <div class=\"rpc-chart-column\">\n                        <div class=\"rpc-chart-inner\" style=\"height: 44.230769230769%\">\n                            <div class=\"rpc-chart-column-value\">23 \u20ac<\/div>\n                            <div class=\"rpc-chart-month\">DEC<\/div>\n                        <\/div>\n                    <\/div>\n                            <\/div>\n        <\/div>\n        \n<h2>Hyrbil Marocko: Dokument<\/h2>\n<p>\u00c4r du \u00f6ver 21 (eller 25) \u00e5r gammal och har viss k\u00f6rvana? D\u00e5 beh\u00f6ver du bara tre dokument f\u00f6r att hyra en bil i Marocko:<\/p>\n<ol>\n<li>Pass<\/li>\n<li>K\u00f6rkort<\/li>\n<li>Kreditkort (valfritt).<\/li>\n<\/ol>\n<p>Du beh\u00f6ver ocks\u00e5 en Voucher (bokningsbevis), men den f\u00e5r du omedelbart efter att din bokning har bekr\u00e4ftats.<\/p>\n","protected":false},"excerpt":{"rendered":"<p>Hyrbil Marocko fr\u00e5n RosCar Tusentals \u00e5r av historia och forntida arabiska traditioner drar miljoner turister som en magnet. H\u00e4r kan du hitta ljudet av den stora Sahara och Atlanten, liksom moderna och f\u00f6rhistoriska kulturer, tillsammans med utm\u00e4rkta f\u00f6ruts\u00e4ttningar f\u00f6r alla typer av resor. Men m\u00e5ste jag hyra en bil i Marocko? Det kanske inte \u00e4r [&hellip;]<\/p>\n","protected":false},"author":1,"featured_media":132,"parent":0,"menu_order":0,"comment_status":"closed","ping_status":"closed","template":"","meta":{"footnotes":""},"class_list":["post-1036","page","type-page","status-publish","has-post-thumbnail",""],"_links":{"self":[{"href":"https:\/\/roscar.ma\/sv\/wp-json\/wp\/v2\/pages\/1036","targetHints":{"allow":["GET"]}}],"collection":[{"href":"https:\/\/roscar.ma\/sv\/wp-json\/wp\/v2\/pages"}],"about":[{"href":"https:\/\/roscar.ma\/sv\/wp-json\/wp\/v2\/types\/page"}],"author":[{"embeddable":true,"href":"https:\/\/roscar.ma\/sv\/wp-json\/wp\/v2\/users\/1"}],"replies":[{"embeddable":true,"href":"https:\/\/roscar.ma\/sv\/wp-json\/wp\/v2\/comments?post=1036"}],"version-history":[{"count":1,"href":"https:\/\/roscar.ma\/sv\/wp-json\/wp\/v2\/pages\/1036\/revisions"}],"predecessor-version":[{"id":1037,"href":"https:\/\/roscar.ma\/sv\/wp-json\/wp\/v2\/pages\/1036\/revisions\/1037"}],"wp:featuredmedia":[{"embeddable":true,"href":"https:\/\/roscar.ma\/sv\/wp-json\/wp\/v2\/media\/132"}],"wp:attachment":[{"href":"https:\/\/roscar.ma\/sv\/wp-json\/wp\/v2\/media?parent=1036"}],"curies":[{"name":"wp","href":"https:\/\/api.w.org\/{rel}","templated":true}]}}