{"id":2541,"date":"2025-07-17T11:33:38","date_gmt":"2025-07-17T11:33:38","guid":{"rendered":"https:\/\/roscar.ma\/?page_id=2541"},"modified":"2025-07-26T20:06:11","modified_gmt":"2025-07-26T20:06:11","slug":"najem-avtomobila-tanger","status":"publish","type":"page","link":"https:\/\/roscar.ma\/sl\/najem-avtomobila-tanger\/","title":{"rendered":"Najem Avtomobila Tanger"},"content":{"rendered":"<h2>Najem Avtomobila Tanger od RosCar<\/h2>\n<p>Severni Maroko je kraj, kjer se stikata dve celini (Evropa in Afrika), kjer je podnebje toplo 365 dni na leto in vedno svetli spomini. Tukaj lahko najamete avtomobil v Tangerju in svoje potovanje popeljete na povsem novo raven:<\/p>\n<ul>\n<li>Manj izdatkov za javni prevoz ali taksi<\/li>\n<li>svoboda gibanja, kadar koli \u017eelite<\/li>\n<li>Enostavno prevzemanje in rezervacija 24 ur na dan, 7 dni v tednu, 7 dni v tednu<\/li>\n<li>Nizke cene z visoko kakovostjo.<\/li>\n<\/ul>\n<p>\u0160e vedno i\u0161\u010dete najbolj\u0161o vrednost za vsak porabljen dolar? Potem poi\u0161\u010dite svoje vozilo na portalu RosCar, rezervirajte in za potrditev uporabite kartico (do 20 % zneska). Da, tako preprosto je.<\/p>\n<h2>Najem Avtomobila Tanger: vodnik<\/h2>\n<p>Izbira pravega najema avtomobila Tangier se morda ne zdi lahka naloga glede na va\u0161 prora\u010dun, slog potovanja in potrebe. Vendar sta dva koraka dovolj, da pridete tja, kamor \u017eelite.<\/p>\n<h3>1. Vrsta vozila<\/h3>\n<p>Naj bo prostorno ali kompaktno, poceni ali drago? Za izbiro svojega uporabite filtre:<\/p>\n<ul>\n<li>Ekonomi\u010dno vozilo<\/li>\n<li>Kompaktno vozilo<\/li>\n<li>SUV ali crossover<\/li>\n<li>Mini avtomobil<\/li>\n<li>Standardni avtomobil<\/li>\n<li>Luksuzni avtomobil<\/li>\n<li>Kabriolet<\/li>\n<li>kombi, minivan in drugo.<\/li>\n<\/ul>\n<h3>2. Dodatne storitve<\/h3>\n<p>To je morda najla\u017eji in cenovno najugodnej\u0161i na\u010din za izbolj\u0161anje kakovosti va\u0161ih potovanj z naslednjimi funkcijami:<\/p>\n<ul>\n<li>Brezpla\u010dna odpoved: To mo\u017enost lahko uporabite le 48 ur pred za\u010detkom potovanja.<\/li>\n<li>Brez kreditne kartice: Vedno je na voljo veliko vozil, med katerimi lahko izbirate.<\/li>\n<li>Kartica SIM: Na potovanju vsakdo potrebuje hiter internet ali klice.<\/li>\n<li>Dodatni voznik: Vedno je dobro imeti nekoga, ki je pripravljen voziti namesto vas.<\/li>\n<li>Neomejeno \u0161tevilo kilometrov: V Tangierju: odli\u010den dodatek k poceni najemu avtomobila.<\/li>\n<li>Brez pologa: Brez pologa: V primeru, da je vozilo dra\u017eje, je lahko za 10-15 % dra\u017eje, vendar je brez blokade depozita na kreditnih karticah.<\/li>\n<li>Otro\u0161ki sede\u017e: Otroci, mlaj\u0161i od 10 let, se lahko preva\u017eajo le v otro\u0161kem sede\u017eu (zadnja vrsta).<\/li>\n<li>Dodatno zavarovanje: Z zavarovanjem SuperCDW ali Full Coverage vam ni treba skrbeti za finan\u010dno svobodo.<\/li>\n<li>Zajam\u010deni model: Ali ste rezervirali Toyoto Corollo? Dobili boste to\u010dno tak\u0161no Toyoto Corollo.<\/li>\n<li>Menjalnik: Vklju\u010dite se v sistem za prenos mo\u010di, ki ga uporablja vozilo Toyota Corolla: ro\u010dni proti samodejnemu. Poceni proti udobnim.<\/li>\n<\/ul>\n<blockquote class=\"info\">\n<h2>Najem avtomobila Tangier: Rezervacija<\/h2>\n<p>Imate pet minut? Potem lahko katero koli vozilo na portalu RosCar najamete na naslednji na\u010din:<\/p>\n<ol>\n<li>Dolo\u010dite datume za\u010detka in konca ter lokacije.<\/li>\n<li>Pojdite na filtre in kliknite na tiste, ki se vam zdijo za\u017eeleni. Pridobite seznam.<\/li>\n<li>Izberite vozilo prek mo\u017enosti Rezerviraj zdaj.<\/li>\n<li>V obrazcu izberite vrsto pla\u010dila, zavarovanje in dodatne funkcije.<\/li>\n<li>Dodajte druge podatke in potrdite.<\/li>\n<li>Pla\u010dajte zdaj.<\/li>\n<\/ol>\n<p>Najem avtomobila v Tangerju lahko rezervira vsakdo, ki ima vozni\u0161ko dovoljenje (starej\u0161i od 21 let) in ban\u010dno kartico (do 20% za potrditev pla\u010dila). 80% preostalega zneska se pla\u010da na kraju samem s katerim koli na\u010dinom, ki ste ga navedli v obrazcu.<\/p><\/blockquote>\n<h2>Najem Avtomobila Tanger cena<\/h2>\n<p>V tem delu Maroka lahko najdete precej nizke cene za najem avtomobila v Tangerju:<\/p>\n<ul>\n<li>$15-20 za ekonomsko ali mini vozilo<\/li>\n<li>25-30 USD za standardni<\/li>\n<li>35-50 USD za minivan, SUV, 4&#215;4 ali crossover<\/li>\n<li>ve\u010d kot 60 USD za luksuzni ali kabriolet.<\/li>\n<\/ul>\n<p>Sredi turisti\u010dne sezone se lahko cene zvi\u0161ajo do 60 % ali celo ve\u010d. Zato morate upo\u0161tevati naslednje \u017eivljenjske napotke za ni\u017eje stro\u0161ke:<\/p>\n<ul>\n<li>Rezervirajte \u010dim prej<\/li>\n<li>Izberite vrsto vozila, ki ne ogro\u017ea va\u0161ega prora\u010duna<\/li>\n<li>Poi\u0161\u010dite brezpla\u010dne funkcije (brez pologa, brez kreditne kartice, neomejeno \u0161tevilo prevo\u017eenih kilometrov itd.)<\/li>\n<li>Za\u010detni datum dolo\u010dite sredi tedna.<\/li>\n<\/ul>\n<p>Primerjajte tudi ceno:<\/p>\n<h3>Tangier, Maroko: Tabela s cenami za najem avtomobila v Tangier, Maroko<\/h3>\n<table>\n<thead>\n<tr>\n<th>Model avtomobila<\/th>\n<th>Vrsta karoserije<\/th>\n<th>Cena na dan (izven sezone)<\/th>\n<th>Cena na dan (visoka sezona)<\/th>\n<th>Potniki<\/th>\n<th>Prostornina prtljage<\/th>\n<\/tr>\n<\/thead>\n<tbody>\n<tr>\n<td>Fiat Panda<\/td>\n<td>Hatchback<\/td>\n<td>20 \u20ac<\/td>\n<td>27 \u20ac<\/td>\n<td>4<\/td>\n<td>1<\/td>\n<\/tr>\n<tr>\n<td>Kia Picanto<\/td>\n<td>Hatchback<\/td>\n<td>22 \u20ac<\/td>\n<td>29 \u20ac<\/td>\n<td>4<\/td>\n<td>1<\/td>\n<\/tr>\n<tr>\n<td>Dacia Logan<\/td>\n<td>Limuzina<\/td>\n<td>24 \u20ac<\/td>\n<td>32 \u20ac<\/td>\n<td>5<\/td>\n<td>2<\/td>\n<\/tr>\n<tr>\n<td>Peugeot 208<\/td>\n<td>Hatchback<\/td>\n<td>26 \u20ac<\/td>\n<td>35 \u20ac<\/td>\n<td>5<\/td>\n<td>2<\/td>\n<\/tr>\n<tr>\n<td>Renault Clio<\/td>\n<td>Hatchback<\/td>\n<td>27 \u20ac<\/td>\n<td>36 \u20ac<\/td>\n<td>5<\/td>\n<td>2<\/td>\n<\/tr>\n<tr>\n<td>Citro\u00ebn C-Elys\u00e9e<\/td>\n<td>Limuzina<\/td>\n<td>29 \u20ac<\/td>\n<td>39 \u20ac<\/td>\n<td>5<\/td>\n<td>3<\/td>\n<\/tr>\n<tr>\n<td>Hyundai i20<\/td>\n<td>Hatchback<\/td>\n<td>28 \u20ac<\/td>\n<td>38 \u20ac<\/td>\n<td>5<\/td>\n<td>2<\/td>\n<\/tr>\n<tr>\n<td>Dacia Duster<\/td>\n<td>SUV<\/td>\n<td>38 \u20ac<\/td>\n<td>49 \u20ac<\/td>\n<td>5<\/td>\n<td>3<\/td>\n<\/tr>\n<tr>\n<td>Renault Kadjar<\/td>\n<td>SUV<\/td>\n<td>50 \u20ac<\/td>\n<td>62 \u20ac<\/td>\n<td>5<\/td>\n<td>4<\/td>\n<\/tr>\n<tr>\n<td>Peugeot 3008<\/td>\n<td>SUV<\/td>\n<td>55 \u20ac<\/td>\n<td>70 \u20ac<\/td>\n<td>5<\/td>\n<td>4<\/td>\n<\/tr>\n<\/tbody>\n<\/table>\n        <div class=\"rpc-chart\">\n            <h3>Kako se spreminjajo cene najema avtomobila v Tangier: pregled na podlagi dejanskih rezervacij<\/h3>\n            <div><p>V zadnjih treh letih roscar.ma spremlja cene najema avtomobilov v Tangerju. Vsi tukaj predstavljeni podatki temeljijo na dejanskih rezervacijah, kar nam omogo\u010da oblikovanje zanesljive slike sezonskih nihanj cen najema.<\/p>\n<p>Analiza vklju\u010duje razli\u010dne kategorije avtomobilov - od kompaktnih modelov do SUV-jev, kabrioletov in premium avtomobilov. Tako lahko vidimo, kako turisti\u010dna dejavnost in letni \u010das vplivata na cene.<\/p>\n<p>Strokovnjaki podjetja RosCar Morocco imajo bogate izku\u0161nje s storitvami za stranke v Maroku in ponujajo preverjene informacije, ki bodo koristne vsem, ki na\u010drtujejo potovanje v Tanger in \u017eelijo u\u010dinkovito na\u010drtovati svoje stro\u0161ke prevoza.<\/p>\n<\/div>\n            <div class=\"rpc-chart-bars\">\n                                    <div class=\"rpc-chart-column\">\n                        <div class=\"rpc-chart-inner\" style=\"height: 24.528301886792%\">\n                            <div class=\"rpc-chart-column-value\">13 \u20ac<\/div>\n                            <div class=\"rpc-chart-month\">JAN<\/div>\n                        <\/div>\n                    <\/div>\n                                    <div class=\"rpc-chart-column\">\n                        <div class=\"rpc-chart-inner\" style=\"height: 26.415094339623%\">\n                            <div class=\"rpc-chart-column-value\">14 \u20ac<\/div>\n                            <div class=\"rpc-chart-month\">FEB<\/div>\n                        <\/div>\n                    <\/div>\n                                    <div class=\"rpc-chart-column\">\n                        <div class=\"rpc-chart-inner\" style=\"height: 28.301886792453%\">\n                            <div class=\"rpc-chart-column-value\">15 \u20ac<\/div>\n                            <div class=\"rpc-chart-month\">MAR<\/div>\n                        <\/div>\n                    <\/div>\n                                    <div class=\"rpc-chart-column\">\n                        <div class=\"rpc-chart-inner\" style=\"height: 45.283018867925%\">\n                            <div class=\"rpc-chart-column-value\">24 \u20ac<\/div>\n                            <div class=\"rpc-chart-month\">APR<\/div>\n                        <\/div>\n                    <\/div>\n                                    <div class=\"rpc-chart-column\">\n                        <div class=\"rpc-chart-inner\" style=\"height: 32.075471698113%\">\n                            <div class=\"rpc-chart-column-value\">17 \u20ac<\/div>\n                            <div class=\"rpc-chart-month\">MAY<\/div>\n                        <\/div>\n                    <\/div>\n                                    <div class=\"rpc-chart-column\">\n                        <div class=\"rpc-chart-inner\" style=\"height: 30.188679245283%\">\n                            <div class=\"rpc-chart-column-value\">16 \u20ac<\/div>\n                            <div class=\"rpc-chart-month\">JUN<\/div>\n                        <\/div>\n                    <\/div>\n                                    <div class=\"rpc-chart-column\">\n                        <div class=\"rpc-chart-inner\" style=\"height: 52.830188679245%\">\n                            <div class=\"rpc-chart-column-value\">28 \u20ac<\/div>\n                            <div class=\"rpc-chart-month\">JUL<\/div>\n                        <\/div>\n                    <\/div>\n                                    <div class=\"rpc-chart-column\">\n                        <div class=\"rpc-chart-inner\" style=\"height: 62.264150943396%\">\n                            <div class=\"rpc-chart-column-value\">33 \u20ac<\/div>\n                            <div class=\"rpc-chart-month\">AUG<\/div>\n                        <\/div>\n                    <\/div>\n                                    <div class=\"rpc-chart-column\">\n                        <div class=\"rpc-chart-inner\" style=\"height: 39.622641509434%\">\n                            <div class=\"rpc-chart-column-value\">21 \u20ac<\/div>\n                            <div class=\"rpc-chart-month\">SEP<\/div>\n                        <\/div>\n                    <\/div>\n                                    <div class=\"rpc-chart-column\">\n                        <div class=\"rpc-chart-inner\" style=\"height: 35.849056603774%\">\n                            <div class=\"rpc-chart-column-value\">19 \u20ac<\/div>\n                            <div class=\"rpc-chart-month\">OCT<\/div>\n                        <\/div>\n                    <\/div>\n                                    <div class=\"rpc-chart-column\">\n                        <div class=\"rpc-chart-inner\" style=\"height: 32.075471698113%\">\n                            <div class=\"rpc-chart-column-value\">17 \u20ac<\/div>\n                            <div class=\"rpc-chart-month\">NOV<\/div>\n                        <\/div>\n                    <\/div>\n                                    <div class=\"rpc-chart-column\">\n                        <div class=\"rpc-chart-inner\" style=\"height: 41.509433962264%\">\n                            <div class=\"rpc-chart-column-value\">22 \u20ac<\/div>\n                            <div class=\"rpc-chart-month\">DEC<\/div>\n                        <\/div>\n                    <\/div>\n                            <\/div>\n        <\/div>\n        \n<h2>Najem Avtomobila Tanger: Dokumenti:<\/h2>\n<p>Maroko je odprta dr\u017eava, ki je na voljo turistom z vsega sveta. Zato so za najem avtomobila potrebni le standardni dokumenti:<\/p>\n<ol>\n<li>Vozni\u0161ko dovoljenje (potrebna sta 2 leti izku\u0161enj)<\/li>\n<li>potni list ali osebna izkaznica<\/li>\n<li>kupon ali potrdilo o rezervaciji<\/li>\n<li>Kreditna kartica (neobvezno).<\/li>\n<\/ol>\n","protected":false},"excerpt":{"rendered":"<p>Najem Avtomobila Tanger od RosCar Severni Maroko je kraj, kjer se stikata dve celini (Evropa in Afrika), kjer je podnebje toplo 365 dni na leto in vedno svetli spomini. Tukaj lahko najamete avtomobil v Tangerju in svoje potovanje popeljete na povsem novo raven: Manj izdatkov za javni prevoz ali taksi svoboda gibanja, kadar koli \u017eelite [&hellip;]<\/p>\n","protected":false},"author":1,"featured_media":294,"parent":0,"menu_order":0,"comment_status":"closed","ping_status":"closed","template":"","meta":{"footnotes":""},"class_list":["post-2541","page","type-page","status-publish","has-post-thumbnail",""],"_links":{"self":[{"href":"https:\/\/roscar.ma\/sl\/wp-json\/wp\/v2\/pages\/2541","targetHints":{"allow":["GET"]}}],"collection":[{"href":"https:\/\/roscar.ma\/sl\/wp-json\/wp\/v2\/pages"}],"about":[{"href":"https:\/\/roscar.ma\/sl\/wp-json\/wp\/v2\/types\/page"}],"author":[{"embeddable":true,"href":"https:\/\/roscar.ma\/sl\/wp-json\/wp\/v2\/users\/1"}],"replies":[{"embeddable":true,"href":"https:\/\/roscar.ma\/sl\/wp-json\/wp\/v2\/comments?post=2541"}],"version-history":[{"count":2,"href":"https:\/\/roscar.ma\/sl\/wp-json\/wp\/v2\/pages\/2541\/revisions"}],"predecessor-version":[{"id":2543,"href":"https:\/\/roscar.ma\/sl\/wp-json\/wp\/v2\/pages\/2541\/revisions\/2543"}],"wp:featuredmedia":[{"embeddable":true,"href":"https:\/\/roscar.ma\/sl\/wp-json\/wp\/v2\/media\/294"}],"wp:attachment":[{"href":"https:\/\/roscar.ma\/sl\/wp-json\/wp\/v2\/media?parent=2541"}],"curies":[{"name":"wp","href":"https:\/\/api.w.org\/{rel}","templated":true}]}}