{"id":2170,"date":"2025-07-17T11:30:24","date_gmt":"2025-07-17T11:30:24","guid":{"rendered":"https:\/\/roscar.ma\/?page_id=2170"},"modified":"2025-07-26T13:07:04","modified_gmt":"2025-07-26T13:07:04","slug":"najem-avtomobila-agadir","status":"publish","type":"page","link":"https:\/\/roscar.ma\/sl\/najem-avtomobila-agadir\/","title":{"rendered":"Najem Avtomobila Agadir"},"content":{"rendered":"<h2>Najem Avtomobila Agadir od RosCar<\/h2>\n<p>Maroko je dr\u017eava z edinstvenim vzdu\u0161jem, \u017eivahno pokrajino in desetinami izvrstnih obalnih letovi\u0161\u010d. Je popoln kraj za tiste, ki i\u0161\u010dejo nekaj ve\u010d kot le sprostitev na pla\u017ei. In \u010de \u017eelite od svojega potovanja odnesti kar najve\u010d in se napolniti z \u017eivahnimi ob\u010dutki, obstaja samo en na\u010din: najem avtomobila Agadir. Ste pripravljeni, da si priskrbite svoj? Potem rezervirajte zdaj pri RosCar in boste lahko:<\/p>\n<ul>\n<li>Izberite najbolj\u0161e ponudbe s pogoji, ki so ugodni za vse<\/li>\n<li>Opremite se z dodatnimi mo\u017enostmi, s katerimi bo \u017eivljenje bolj\u0161e in la\u017eje<\/li>\n<li>se premikati po svoji edinstveni poti, ne da bi bili vezani na urnik nekoga drugega<\/li>\n<li>Izkoristite nizke cene za dolgoro\u010dni najem avtomobila.<\/li>\n<\/ul>\n<h2>Najem Avtomobila Agadir: Vodnik<\/h2>\n<p>Preden pritisnete gumb &#8220;Rezerviraj zdaj&#8221;, vam predlagamo, da si preberete kratek uvod. To je pot ve\u010d tiso\u010d aktivnih popotnikov z vsega sveta, ki vam omogo\u010da, da vzamete tisto, \u010desar ne boste ob\u017ealovali.<\/p>\n<h3>1. Izberite vrsto vozila, ki ustreza va\u0161emu prora\u010dunu in ciljem<\/h3>\n<p>Poceni najem avtomobila v Agadirju je na voljo le tistim, ki izberejo pravo vrsto:<\/p>\n<ul>\n<li>Standardni avtomobil (najbolj prodajan v Maroku)<\/li>\n<li>Crossover ali SUV<\/li>\n<li>Mini avtomobil ali ekonomski avtomobil<\/li>\n<li>Minivan ali kombi<\/li>\n<li>kabriolet, luksuzni avto ali drugi.<\/li>\n<\/ul>\n<h3>2. Kaj pa dodatne storitve?<\/h3>\n<p>To je del rezervacije, ki ga \u0161tevilni turisti pogosto presko\u010dijo, nato pa ob\u017ealujejo, da mu niso posvetili ve\u010d pozornosti. Morda je tu nekaj, zaradi \u010desar bo va\u0161 najem avtomobila v Agadirju bolj\u0161i:<\/p>\n<ul>\n<li>Dodatno zavarovanje: Finan\u010dna tveganja bodo manj\u0161a, \u010de ste pla\u010dali za nadgradnjo v polno kritje ali SuperCDW.<\/li>\n<li>Brezpla\u010dna odpoved: V primeru, da niste 100% prepri\u010dani o svojih na\u010drtih.<\/li>\n<li>Neomejeno \u0161tevilo kilometrov: Ni\u010delne stro\u0161ke za neskon\u010dne mo\u017enosti potovanja.<\/li>\n<li>Brez pologa: Vmesnik: Ni potrebe, da zmanj\u0161ate svoj prora\u010dun, poskusite brez blokade pologa na kreditnih karticah.<\/li>\n<li>Zajam\u010deni model: Brez izjem: rezerviran bo enak avtomobil.<\/li>\n<li>Prenos: Ne boste presene\u010deni, ko boste izvedeli, da priporo\u010damo samodejni menjalnik.<\/li>\n<li>Brez kreditne kartice: S to brezpla\u010dno funkcijo je na voljo veliko dobrih vozil.<\/li>\n<li>Kartica SIM: Brez stabilne in poceni internetne povezave je potovanje v letu 2025 nemogo\u010de.<\/li>\n<li>Dodatni voznik: Izberite to mo\u017enost, \u010de \u017eelite, da na potovanju vozi prijatelj.<\/li>\n<li>Otro\u0161ki sede\u017e: Otroci, mlaj\u0161i od 10 let, morajo biti v Maroku v otro\u0161kem sede\u017eu.<\/li>\n<\/ul>\n<blockquote class=\"check\">\n<h2>Agadir najem avtomobila: Rezervirajte<\/h2>\n<p>Ali imate vozni\u0161ko dovoljenje in ste starej\u0161i od 21 let? Potem pojdite \u010dim prej po najem avtomobila Agadir:<\/p>\n<ol>\n<li>Navedite lokacije in datume.<\/li>\n<li>Pojdite na filtre, da prilagodite svoje iskanje.<\/li>\n<li>Na\u0161li ste \u017eeleno vozilo na seznamu? Rezervirajte zdaj.<\/li>\n<li>Dodajte dodatne storitve ali vrsto zavarovanja (\u010de potrebujete nadgradnjo).<\/li>\n<li>Vpi\u0161ite podatke o vozniku.<\/li>\n<li>Potrdite.<\/li>\n<\/ol>\n<p>Potrditev rezervacije na RosCar se izvede z ban\u010dno kartico, ki zahteva pribli\u017eno petino najemnine. Kupon (potrdilo o rezervaciji) bo poslan takoj, ko bo pla\u010dilo nakazano.<\/p><\/blockquote>\n<h2>Najem avtomobila Agadir cena<\/h2>\n<p>Cena enodnevne vo\u017enje z najetim vozilom je:<\/p>\n<ul>\n<li>15-20 USD za ekonomsko\/Mini vozilo<\/li>\n<li>25-35 USD za standardno\/kompaktno vozilo<\/li>\n<li>40-60 USD za Crossover\/SUV\/Minivan<\/li>\n<li>ve\u010d kot 80 USD za luksuzni kabriolet.<\/li>\n<\/ul>\n<p>To so le pribli\u017ene vrednosti, izra\u010dunane na podlagi letnega povpre\u010dja. Najem avtomobila v Agadirju bo cenej\u0161i, \u010de:<\/p>\n<ul>\n<li>se izogibate sezonam v zadnjem trenutku ali praznikom<\/li>\n<li>poi\u0161\u010dete dolgoro\u010dni najem avtomobila<\/li>\n<li>Prevzamete v mestu (letali\u0161\u010de ali transfer je dra\u017eji)<\/li>\n<li>pravo\u010dasno opravite rezervacijo (10-20 dni pred za\u010detkom).<\/li>\n<\/ul>\n<p>Priporo\u010damo tudi primerjavo cen:<\/p>\n<h3>Tabela s cenami za najem avtomobila v Agadir, Maroko<\/h3>\n<table border=\"1\" cellspacing=\"0\" cellpadding=\"0\">\n<thead>\n<tr>\n<th>Model avtomobila<\/th>\n<th>Vrsta karoserije<\/th>\n<th>Cena na dan (izven sezone)<\/th>\n<th>Cena na dan (visoka sezona)<\/th>\n<th>Potniki<\/th>\n<th>Prostornina prtljage<\/th>\n<\/tr>\n<\/thead>\n<tbody>\n<tr>\n<td>Fiat Panda<\/td>\n<td>Hatchback<\/td>\n<td>19 \u20ac<\/td>\n<td>25 \u20ac<\/td>\n<td>4<\/td>\n<td>1<\/td>\n<\/tr>\n<tr>\n<td>Kia Picanto<\/td>\n<td>Hatchback<\/td>\n<td>21 \u20ac<\/td>\n<td>28 \u20ac<\/td>\n<td>4<\/td>\n<td>1<\/td>\n<\/tr>\n<tr>\n<td>Dacia Logan<\/td>\n<td>Limuzina<\/td>\n<td>23 \u20ac<\/td>\n<td>31 \u20ac<\/td>\n<td>5<\/td>\n<td>2<\/td>\n<\/tr>\n<tr>\n<td>Hyundai i20<\/td>\n<td>Hatchback<\/td>\n<td>25 \u20ac<\/td>\n<td>34 \u20ac<\/td>\n<td>5<\/td>\n<td>2<\/td>\n<\/tr>\n<tr>\n<td>Peugeot 208<\/td>\n<td>Hatchback<\/td>\n<td>26 \u20ac<\/td>\n<td>35 \u20ac<\/td>\n<td>5<\/td>\n<td>2<\/td>\n<\/tr>\n<tr>\n<td>Renault Clio<\/td>\n<td>Hatchback<\/td>\n<td>27 \u20ac<\/td>\n<td>37 \u20ac<\/td>\n<td>5<\/td>\n<td>2<\/td>\n<\/tr>\n<tr>\n<td>Citro\u00ebn C-Elys\u00e9e<\/td>\n<td>Limuzina<\/td>\n<td>28 \u20ac<\/td>\n<td>38 \u20ac<\/td>\n<td>5<\/td>\n<td>3<\/td>\n<\/tr>\n<tr>\n<td>Renault Captur<\/td>\n<td>Crossover<\/td>\n<td>33 \u20ac<\/td>\n<td>44 \u20ac<\/td>\n<td>5<\/td>\n<td>3<\/td>\n<\/tr>\n<tr>\n<td>Dacia Duster<\/td>\n<td>SUV<\/td>\n<td>37 \u20ac<\/td>\n<td>48 \u20ac<\/td>\n<td>5<\/td>\n<td>3<\/td>\n<\/tr>\n<tr>\n<td>Peugeot 3008<\/td>\n<td>SUV<\/td>\n<td>54 \u20ac<\/td>\n<td>68 \u20ac<\/td>\n<td>5<\/td>\n<td>4<\/td>\n<\/tr>\n<\/tbody>\n<\/table>\n        <div class=\"rpc-chart\">\n            <h3>Sezonske spremembe cen najema avtomobila v Agadir: dejanska analitika na podlagi rezervacij<\/h3>\n            <div><p>V zadnjih treh letih je ekipa roscar.ma zbirala in analizirala podatke o povpre\u010dni ceni najema avtomobila v Agadirju. Vsi rezultati temeljijo na dejanskih rezervacijah, opravljenih prek platforme, ki sodeluje izklju\u010dno z zaupanja vrednimi lokalnimi partnerji.<\/p>\n<p>\u0160tudija upo\u0161teva vse kategorije avtomobilov - od kompaktnih mestnih modelov do prostornih SUV-jev, kabrioletov in avtomobilov poslovnega razreda. Ta pristop omogo\u010da ugotavljanje natan\u010dnih sezonskih cenovnih trendov in strankam zagotavlja najbolj uporabne informacije za na\u010drtovanje potovanja.<\/p>\n<p>Strokovnjaki podjetja RosCar Morocco dobro poznajo trg najema avtomobilov v Maroku in si vsak dan prizadevajo za posodobitev najnovej\u0161ih statisti\u010dnih podatkov. To zagotavlja, da uporabniki ne prejmejo le povpre\u010dij, temve\u010d zanesljive in prakti\u010dne informacije, ki ustrezajo dejanskim razmeram.<\/p>\n<\/div>\n            <div class=\"rpc-chart-bars\">\n                                    <div class=\"rpc-chart-column\">\n                        <div class=\"rpc-chart-inner\" style=\"height: 27.659574468085%\">\n                            <div class=\"rpc-chart-column-value\">13 \u20ac<\/div>\n                            <div class=\"rpc-chart-month\">JAN<\/div>\n                        <\/div>\n                    <\/div>\n                                    <div class=\"rpc-chart-column\">\n                        <div class=\"rpc-chart-inner\" style=\"height: 29.787234042553%\">\n                            <div class=\"rpc-chart-column-value\">14 \u20ac<\/div>\n                            <div class=\"rpc-chart-month\">FEB<\/div>\n                        <\/div>\n                    <\/div>\n                                    <div class=\"rpc-chart-column\">\n                        <div class=\"rpc-chart-inner\" style=\"height: 27.659574468085%\">\n                            <div class=\"rpc-chart-column-value\">13 \u20ac<\/div>\n                            <div class=\"rpc-chart-month\">MAR<\/div>\n                        <\/div>\n                    <\/div>\n                                    <div class=\"rpc-chart-column\">\n                        <div class=\"rpc-chart-inner\" style=\"height: 38.297872340426%\">\n                            <div class=\"rpc-chart-column-value\">18 \u20ac<\/div>\n                            <div class=\"rpc-chart-month\">APR<\/div>\n                        <\/div>\n                    <\/div>\n                                    <div class=\"rpc-chart-column\">\n                        <div class=\"rpc-chart-inner\" style=\"height: 29.787234042553%\">\n                            <div class=\"rpc-chart-column-value\">14 \u20ac<\/div>\n                            <div class=\"rpc-chart-month\">MAY<\/div>\n                        <\/div>\n                    <\/div>\n                                    <div class=\"rpc-chart-column\">\n                        <div class=\"rpc-chart-inner\" style=\"height: 27.659574468085%\">\n                            <div class=\"rpc-chart-column-value\">13 \u20ac<\/div>\n                            <div class=\"rpc-chart-month\">JUN<\/div>\n                        <\/div>\n                    <\/div>\n                                    <div class=\"rpc-chart-column\">\n                        <div class=\"rpc-chart-inner\" style=\"height: 46.808510638298%\">\n                            <div class=\"rpc-chart-column-value\">22 \u20ac<\/div>\n                            <div class=\"rpc-chart-month\">JUL<\/div>\n                        <\/div>\n                    <\/div>\n                                    <div class=\"rpc-chart-column\">\n                        <div class=\"rpc-chart-inner\" style=\"height: 57.446808510638%\">\n                            <div class=\"rpc-chart-column-value\">27 \u20ac<\/div>\n                            <div class=\"rpc-chart-month\">AUG<\/div>\n                        <\/div>\n                    <\/div>\n                                    <div class=\"rpc-chart-column\">\n                        <div class=\"rpc-chart-inner\" style=\"height: 31.914893617021%\">\n                            <div class=\"rpc-chart-column-value\">15 \u20ac<\/div>\n                            <div class=\"rpc-chart-month\">SEP<\/div>\n                        <\/div>\n                    <\/div>\n                                    <div class=\"rpc-chart-column\">\n                        <div class=\"rpc-chart-inner\" style=\"height: 38.297872340426%\">\n                            <div class=\"rpc-chart-column-value\">18 \u20ac<\/div>\n                            <div class=\"rpc-chart-month\">OCT<\/div>\n                        <\/div>\n                    <\/div>\n                                    <div class=\"rpc-chart-column\">\n                        <div class=\"rpc-chart-inner\" style=\"height: 31.914893617021%\">\n                            <div class=\"rpc-chart-column-value\">15 \u20ac<\/div>\n                            <div class=\"rpc-chart-month\">NOV<\/div>\n                        <\/div>\n                    <\/div>\n                                    <div class=\"rpc-chart-column\">\n                        <div class=\"rpc-chart-inner\" style=\"height: 40.425531914894%\">\n                            <div class=\"rpc-chart-column-value\">19 \u20ac<\/div>\n                            <div class=\"rpc-chart-month\">DEC<\/div>\n                        <\/div>\n                    <\/div>\n                            <\/div>\n        <\/div>\n        \n<h2>Najem Avtomobila Agadir: Dokumenti:<\/h2>\n<p>Za najem avtomobila v Agadirju so potrebni starost od 21 do 25 let, nekaj vozni\u0161kih izku\u0161enj in naslednji dokumenti:<\/p>\n<ol>\n<li>Kreditna kartica (neobvezno)<\/li>\n<li>potni list<\/li>\n<li>kupon\/potrdilo o rezervaciji<\/li>\n<li>Vozni\u0161ko dovoljenje (ali IDP).<\/li>\n<\/ol>\n<p>Izposoja avtomobila Agadir je nepogre\u0161ljiva storitev za turiste, ki si \u017eelijo ogledati ne le Agadir, ampak tudi celoten Maroko.<\/p>\n","protected":false},"excerpt":{"rendered":"<p>Najem Avtomobila Agadir od RosCar Maroko je dr\u017eava z edinstvenim vzdu\u0161jem, \u017eivahno pokrajino in desetinami izvrstnih obalnih letovi\u0161\u010d. Je popoln kraj za tiste, ki i\u0161\u010dejo nekaj ve\u010d kot le sprostitev na pla\u017ei. In \u010de \u017eelite od svojega potovanja odnesti kar najve\u010d in se napolniti z \u017eivahnimi ob\u010dutki, obstaja samo en na\u010din: najem avtomobila Agadir. Ste [&hellip;]<\/p>\n","protected":false},"author":1,"featured_media":804,"parent":0,"menu_order":0,"comment_status":"closed","ping_status":"closed","template":"","meta":{"footnotes":""},"class_list":["post-2170","page","type-page","status-publish","has-post-thumbnail",""],"_links":{"self":[{"href":"https:\/\/roscar.ma\/sl\/wp-json\/wp\/v2\/pages\/2170","targetHints":{"allow":["GET"]}}],"collection":[{"href":"https:\/\/roscar.ma\/sl\/wp-json\/wp\/v2\/pages"}],"about":[{"href":"https:\/\/roscar.ma\/sl\/wp-json\/wp\/v2\/types\/page"}],"author":[{"embeddable":true,"href":"https:\/\/roscar.ma\/sl\/wp-json\/wp\/v2\/users\/1"}],"replies":[{"embeddable":true,"href":"https:\/\/roscar.ma\/sl\/wp-json\/wp\/v2\/comments?post=2170"}],"version-history":[{"count":1,"href":"https:\/\/roscar.ma\/sl\/wp-json\/wp\/v2\/pages\/2170\/revisions"}],"predecessor-version":[{"id":2171,"href":"https:\/\/roscar.ma\/sl\/wp-json\/wp\/v2\/pages\/2170\/revisions\/2171"}],"wp:featuredmedia":[{"embeddable":true,"href":"https:\/\/roscar.ma\/sl\/wp-json\/wp\/v2\/media\/804"}],"wp:attachment":[{"href":"https:\/\/roscar.ma\/sl\/wp-json\/wp\/v2\/media?parent=2170"}],"curies":[{"name":"wp","href":"https:\/\/api.w.org\/{rel}","templated":true}]}}