{"id":2120,"date":"2025-07-17T11:14:56","date_gmt":"2025-07-17T11:14:56","guid":{"rendered":"https:\/\/roscar.ma\/?page_id=2120"},"modified":"2025-07-25T19:22:16","modified_gmt":"2025-07-25T19:22:16","slug":"najem-avtomobila-fes-fez","status":"publish","type":"page","link":"https:\/\/roscar.ma\/sl\/najem-avtomobila-fes-fez\/","title":{"rendered":"Najem avtomobila Fes (Fez)"},"content":{"rendered":"<h2>Najem avtomobila Fes (Fez) od RosCar<\/h2>\n<p>Skoraj vsaka dr\u017eava ima neuradno glavno mesto, ki je sredi\u0161\u010de kulturnega \u017eivljenja celotne dr\u017eave. \u017delite najti to \u010dudovito mesto v Maroku? Potem morate najeti avtomobil v Fesu:<\/p>\n<ul>\n<li>si zagotovite najbolj\u0161o izku\u0161njo vo\u017enje po nizki ceni<\/li>\n<li>Izberete najbolj\u0161e vozilo z idealnimi dodatki<\/li>\n<li>svoje potovanje popeljati na drugo raven udobja<\/li>\n<li>Ne bodite omejeni pri mo\u017enostih potovanja.<\/li>\n<\/ul>\n<p>Najemite avtomobil v Fesu prek RosCar in lahko boste odkrili vse skrivnosti tega neverjetnega arabskega sveta. Toda najprej pripravite svojo kartico za potrditev rezervacije, saj drugega na\u010dina za pridobitev vozila ni. Rezervirajte zdaj.<\/p>\n<h2>Najem avtomobila Fes (Fez): Vodnik<\/h2>\n<p>V\u010dasih tudi izku\u0161eni popotniki potrebujejo nekaj dobrih nasvetov. To so vrste nasvetov, ki vam bodo omogo\u010dili, da boste pla\u010dali manj in dobili najbolj\u0161o vrednost v najkraj\u0161em \u010dasu.<\/p>\n<h3>Prvi nasvet: Uporabite filtre glede na vrsto<\/h3>\n<p>Ne izgubljajte \u010dasa z iskanjem vozil, ki vas ne zanimajo. Preprosto izberite eno:<\/p>\n<ul>\n<li>Economy .<\/li>\n<li>Standard<\/li>\n<li>Mini<\/li>\n<li>Kabriolet<\/li>\n<li>SUV ali Crossover<\/li>\n<li>Minivan ali kombi<\/li>\n<li>Drugo.<\/li>\n<\/ul>\n<h3>Drugi nasvet: Poi\u0161\u010dite dodatke<\/h3>\n<p>Ne eno, ampak ducat dodatkov, ki jih lahko dobite pri poceni najemu avtomobila v Fesu:<\/p>\n<ul>\n<li>Brez kreditne kartice: Kreditna kartica ali gotovina bo delovala.<\/li>\n<li>Kartica SIM: Za navigacijo po \u0161tevilnih znamenitostih Fesa jo boste potrebovali.<\/li>\n<li>Dodatni voznik: Ne potrebujete dodatnega voznika: Vsak, ki izpolnjuje starostne pogoje za najem vozila.<\/li>\n<li>Otro\u0161ki sede\u017e: Potovanje z otroki mora biti varno.<\/li>\n<li>Brezpla\u010dna odpoved: Stro\u0161ki rezervacije bodo povrnjeni, \u010de jo odpi\u0161ete 48 ur vnaprej.<\/li>\n<li>Neomejeno \u0161tevilo kilometrov: Neomejena koli\u010dina neverjetnih arabskih lepot.<\/li>\n<li>Brez pologa: Brez pologa: Manj stresa pri blokadah brez pologa na kreditnih karticah.<\/li>\n<li>Zajam\u010deni model: Prevzem je enako vozilo, kot ste ga zahtevali.<\/li>\n<li>Transmission: Prevoznik: kateri vam je ljub\u0161i, ro\u010dni ali samodejni?<\/li>\n<li>Dodatno zavarovanje: Dodatno zavarovanje: Super CDW ali Full Coverage sta najbolj\u0161i mo\u017enosti nadgradnje.<\/li>\n<\/ul>\n<blockquote class=\"info\">\n<h2>Podrobnosti o najemu avtomobila v Fesu<\/h2>\n<p>RosCar ima preprost postopek rezervacije, ki ga lahko opravi vsaka odrasla oseba (21 let in ve\u010d):<\/p>\n<ol>\n<li>Dolo\u010dite datume in lokacije.<\/li>\n<li>Pojdite na filtre, kliknite na \u017eelene.<\/li>\n<li>Premaknite seznam in rezervirajte zdaj, ko vidite najbolj\u0161ega.<\/li>\n<li>Izberite vrsto zavarovanja (standardno ali nadgradnja) ter dodatne mo\u017enosti.<\/li>\n<li>Izpolnite glavne podatke voznika<\/li>\n<li>. Potrdite.<\/li>\n<\/ol>\n<p>Za najem avtomobila v Fesu je treba samodejno potrditi katero koli ban\u010dno kartico. Znesek pla\u010dila se lahko giblje od petine do celotnega zneska najema.<\/p><\/blockquote>\n<h2>Cena najema avtomobila Fes<\/h2>\n<p>Afri\u0161ke Atene so komajda poceni kraj za potovanje, vendar lahko vedno najdete vozilo za vsak prora\u010dun:<\/p>\n<ul>\n<li>za mini ali ekonomsko vozilo: 20-30 USD<\/li>\n<li>30-40 USD za standardno vozilo<\/li>\n<li>40-55 USD za minivan, SUV ali crossover<\/li>\n<li>nad 70 USD za luksuzno vozilo ali kabriolet.<\/li>\n<\/ul>\n<p>Upo\u0161tevajte, da cene niso vedno tak\u0161ne, kot so. Povpre\u010dna dnevna cena se lahko bistveno razlikuje glede na ve\u010d dejavnikov:<\/p>\n<ul>\n<li>trajanja najema<\/li>\n<li>na\u010dina prevzema (mesto Fez ali letali\u0161\u010de)<\/li>\n<li>\u0160tevilo dodatnih mo\u017enosti<\/li>\n<li>Obremenitev operaterja.<\/li>\n<\/ul>\n<p>Kako primerjati ceno najema avtomobila v Fezu?<\/p>\n<h3>Tabela s cenami za najem avtomobila v Fes, Maroko<\/h3>\n<table border=\"1\">\n<thead>\n<tr>\n<th>Model avtomobila<\/th>\n<th>Vrsta karoserije<\/th>\n<th>Cena na dan (izven sezone)<\/th>\n<th>Cena na dan (visoka sezona)<\/th>\n<th>Potniki<\/th>\n<th>Prostornina prtljage<\/th>\n<\/tr>\n<\/thead>\n<tbody>\n<tr>\n<td>Fiat Panda<\/td>\n<td>Hatchback<\/td>\n<td>19 \u20ac<\/td>\n<td>26 \u20ac<\/td>\n<td>4<\/td>\n<td>1<\/td>\n<\/tr>\n<tr>\n<td>Hyundai i10<\/td>\n<td>Hatchback<\/td>\n<td>21 \u20ac<\/td>\n<td>28 \u20ac<\/td>\n<td>4<\/td>\n<td>1<\/td>\n<\/tr>\n<tr>\n<td>Kia Picanto<\/td>\n<td>Hatchback<\/td>\n<td>22 \u20ac<\/td>\n<td>30 \u20ac<\/td>\n<td>4<\/td>\n<td>1<\/td>\n<\/tr>\n<tr>\n<td>Peugeot 208<\/td>\n<td>Hatchback<\/td>\n<td>24 \u20ac<\/td>\n<td>33 \u20ac<\/td>\n<td>5<\/td>\n<td>2<\/td>\n<\/tr>\n<tr>\n<td>Dacia Logan<\/td>\n<td>Limuzina<\/td>\n<td>25 \u20ac<\/td>\n<td>34 \u20ac<\/td>\n<td>5<\/td>\n<td>2<\/td>\n<\/tr>\n<tr>\n<td>Renault Clio<\/td>\n<td>Hatchback<\/td>\n<td>27 \u20ac<\/td>\n<td>36 \u20ac<\/td>\n<td>5<\/td>\n<td>2<\/td>\n<\/tr>\n<tr>\n<td>Citro\u00ebn C-Elys\u00e9e<\/td>\n<td>Limuzina<\/td>\n<td>28 \u20ac<\/td>\n<td>38 \u20ac<\/td>\n<td>5<\/td>\n<td>3<\/td>\n<\/tr>\n<tr>\n<td>Renault Captur<\/td>\n<td>Crossover<\/td>\n<td>32 \u20ac<\/td>\n<td>43 \u20ac<\/td>\n<td>5<\/td>\n<td>3<\/td>\n<\/tr>\n<tr>\n<td>Dacia Duster<\/td>\n<td>SUV<\/td>\n<td>36 \u20ac<\/td>\n<td>47 \u20ac<\/td>\n<td>5<\/td>\n<td>3<\/td>\n<\/tr>\n<tr>\n<td>Peugeot 3008<\/td>\n<td>SUV<\/td>\n<td>52 \u20ac<\/td>\n<td>66 \u20ac<\/td>\n<td>5<\/td>\n<td>4<\/td>\n<\/tr>\n<\/tbody>\n<\/table>\n        <div class=\"rpc-chart\">\n            <h3>Kako se cene najema avtomobilov v Fezu spreminjajo glede na sezono: analiza na podlagi dejanskih rezervacij<\/h3>\n            <div><p>V preostalih treh letih smo zabele\u017eili spremembe povpre\u010dnih cen najema avtomobilov iz Fez, vikoryst in dejanskih podatkov o rezervacijah, opravljenih prek platforme roscar.ma. Sodelujemo le z verificiranimi lokalnimi podjetji za najem avtomobilov, kar zagotavlja vpogled in zanesljivost podatkov o najemu.<\/p>\n<p>Analiza zajema celotno paleto prevoznih sredstev: od poceni hatchbackov za lokalno prevozovanje do gospodarskih vozil, kabrioletov in avtomobilov premijskega razreda. Ta pristop omogo\u010da prepoznavanje zna\u010dilnih sezonskih nihanj cen in takoj\u0161en odziv na spremembe cen.<\/p>\n<p>Preverite na\u0161e informacije, da ugotovite najbolj\u0161i \u010das za najem avtomobila. RosCar je va\u0161 zanesljiv pomo\u010dnik pri na\u010drtovanju ro\u010dnega in u\u010dinkovitega prevoza v Maroku.<\/p>\n<\/div>\n            <div class=\"rpc-chart-bars\">\n                                    <div class=\"rpc-chart-column\">\n                        <div class=\"rpc-chart-inner\" style=\"height: 25%\">\n                            <div class=\"rpc-chart-column-value\">12 \u20ac<\/div>\n                            <div class=\"rpc-chart-month\">JAN<\/div>\n                        <\/div>\n                    <\/div>\n                                    <div class=\"rpc-chart-column\">\n                        <div class=\"rpc-chart-inner\" style=\"height: 27.083333333333%\">\n                            <div class=\"rpc-chart-column-value\">13 \u20ac<\/div>\n                            <div class=\"rpc-chart-month\">FEB<\/div>\n                        <\/div>\n                    <\/div>\n                                    <div class=\"rpc-chart-column\">\n                        <div class=\"rpc-chart-inner\" style=\"height: 29.166666666667%\">\n                            <div class=\"rpc-chart-column-value\">14 \u20ac<\/div>\n                            <div class=\"rpc-chart-month\">MAR<\/div>\n                        <\/div>\n                    <\/div>\n                                    <div class=\"rpc-chart-column\">\n                        <div class=\"rpc-chart-inner\" style=\"height: 35.416666666667%\">\n                            <div class=\"rpc-chart-column-value\">17 \u20ac<\/div>\n                            <div class=\"rpc-chart-month\">APR<\/div>\n                        <\/div>\n                    <\/div>\n                                    <div class=\"rpc-chart-column\">\n                        <div class=\"rpc-chart-inner\" style=\"height: 37.5%\">\n                            <div class=\"rpc-chart-column-value\">18 \u20ac<\/div>\n                            <div class=\"rpc-chart-month\">MAY<\/div>\n                        <\/div>\n                    <\/div>\n                                    <div class=\"rpc-chart-column\">\n                        <div class=\"rpc-chart-inner\" style=\"height: 43.75%\">\n                            <div class=\"rpc-chart-column-value\">21 \u20ac<\/div>\n                            <div class=\"rpc-chart-month\">JUN<\/div>\n                        <\/div>\n                    <\/div>\n                                    <div class=\"rpc-chart-column\">\n                        <div class=\"rpc-chart-inner\" style=\"height: 52.083333333333%\">\n                            <div class=\"rpc-chart-column-value\">25 \u20ac<\/div>\n                            <div class=\"rpc-chart-month\">JUL<\/div>\n                        <\/div>\n                    <\/div>\n                                    <div class=\"rpc-chart-column\">\n                        <div class=\"rpc-chart-inner\" style=\"height: 58.333333333333%\">\n                            <div class=\"rpc-chart-column-value\">28 \u20ac<\/div>\n                            <div class=\"rpc-chart-month\">AUG<\/div>\n                        <\/div>\n                    <\/div>\n                                    <div class=\"rpc-chart-column\">\n                        <div class=\"rpc-chart-inner\" style=\"height: 39.583333333333%\">\n                            <div class=\"rpc-chart-column-value\">19 \u20ac<\/div>\n                            <div class=\"rpc-chart-month\">SEP<\/div>\n                        <\/div>\n                    <\/div>\n                                    <div class=\"rpc-chart-column\">\n                        <div class=\"rpc-chart-inner\" style=\"height: 35.416666666667%\">\n                            <div class=\"rpc-chart-column-value\">17 \u20ac<\/div>\n                            <div class=\"rpc-chart-month\">OCT<\/div>\n                        <\/div>\n                    <\/div>\n                                    <div class=\"rpc-chart-column\">\n                        <div class=\"rpc-chart-inner\" style=\"height: 27.083333333333%\">\n                            <div class=\"rpc-chart-column-value\">13 \u20ac<\/div>\n                            <div class=\"rpc-chart-month\">NOV<\/div>\n                        <\/div>\n                    <\/div>\n                                    <div class=\"rpc-chart-column\">\n                        <div class=\"rpc-chart-inner\" style=\"height: 39.583333333333%\">\n                            <div class=\"rpc-chart-column-value\">19 \u20ac<\/div>\n                            <div class=\"rpc-chart-month\">DEC<\/div>\n                        <\/div>\n                    <\/div>\n                            <\/div>\n        <\/div>\n        \n<h2>Najem avtomobila Fes (Fez): Dokumenti:<\/h2>\n<p>Vsak najemodajalec ima lahko svoje zahteve glede starosti (21-25 let) ali dokumentov. Vendar boste vedno potrebovali:<\/p>\n<ol>\n<li>Potni list:<\/li>\n<li>Kreditno kartico (depozit ali varnostni \u010dek)<\/li>\n<li>vozni\u0161ko dovoljenje.<\/li>\n<\/ol>\n<p>Voucher (potrditev rezervacije) ni obvezen, vendar je poslan na va\u0161 e-po\u0161tni naslov po rezervaciji na portalu RosCar. Izposoja avtomobila Fez je va\u0161a vstopna to\u010dka za raziskovanje bogate kulture in skritih draguljev mesta &#8211; rezervirajte svoj avtomobil \u0161e danes za nemoteno in prilagodljivo potovalno izku\u0161njo.<\/p>\n","protected":false},"excerpt":{"rendered":"<p>Najem avtomobila Fes (Fez) od RosCar Skoraj vsaka dr\u017eava ima neuradno glavno mesto, ki je sredi\u0161\u010de kulturnega \u017eivljenja celotne dr\u017eave. \u017delite najti to \u010dudovito mesto v Maroku? Potem morate najeti avtomobil v Fesu: si zagotovite najbolj\u0161o izku\u0161njo vo\u017enje po nizki ceni Izberete najbolj\u0161e vozilo z idealnimi dodatki svoje potovanje popeljati na drugo raven udobja Ne [&hellip;]<\/p>\n","protected":false},"author":1,"featured_media":251,"parent":0,"menu_order":0,"comment_status":"closed","ping_status":"closed","template":"","meta":{"footnotes":""},"class_list":["post-2120","page","type-page","status-publish","has-post-thumbnail",""],"_links":{"self":[{"href":"https:\/\/roscar.ma\/sl\/wp-json\/wp\/v2\/pages\/2120","targetHints":{"allow":["GET"]}}],"collection":[{"href":"https:\/\/roscar.ma\/sl\/wp-json\/wp\/v2\/pages"}],"about":[{"href":"https:\/\/roscar.ma\/sl\/wp-json\/wp\/v2\/types\/page"}],"author":[{"embeddable":true,"href":"https:\/\/roscar.ma\/sl\/wp-json\/wp\/v2\/users\/1"}],"replies":[{"embeddable":true,"href":"https:\/\/roscar.ma\/sl\/wp-json\/wp\/v2\/comments?post=2120"}],"version-history":[{"count":2,"href":"https:\/\/roscar.ma\/sl\/wp-json\/wp\/v2\/pages\/2120\/revisions"}],"predecessor-version":[{"id":2122,"href":"https:\/\/roscar.ma\/sl\/wp-json\/wp\/v2\/pages\/2120\/revisions\/2122"}],"wp:featuredmedia":[{"embeddable":true,"href":"https:\/\/roscar.ma\/sl\/wp-json\/wp\/v2\/media\/251"}],"wp:attachment":[{"href":"https:\/\/roscar.ma\/sl\/wp-json\/wp\/v2\/media?parent=2120"}],"curies":[{"name":"wp","href":"https:\/\/api.w.org\/{rel}","templated":true}]}}