{"id":2062,"date":"2025-07-17T11:07:41","date_gmt":"2025-07-17T11:07:41","guid":{"rendered":"https:\/\/roscar.ma\/?page_id=2062"},"modified":"2025-07-25T07:31:11","modified_gmt":"2025-07-25T07:31:11","slug":"najem-avtomobila-rabat","status":"publish","type":"page","link":"https:\/\/roscar.ma\/sl\/najem-avtomobila-rabat\/","title":{"rendered":"Najem Avtomobila Rabat"},"content":{"rendered":"<h2>Najem avtomobila Rabat od RosCar<\/h2>\n<p>Maroko je de\u017eela z neverjetno kombinacijo pu\u0161\u010davskih lepot, morskih pokrajin in veli\u010dastne arhitekture, ki je ne boste na\u0161li nikjer drugje. Zato si pri na\u010drtovanju potovanja v severno Afriko raje vzemite \u010das, da se popolnoma potopite v muslimanski raj. Vendar morate v Rabatu tudi najeti avtomobil, da bo va\u0161a pustolov\u0161\u010dina udobnej\u0161a z:<\/p>\n<ul>\n<li>veliko izbiro vozil (poljubne vrste, cene ali barve)<\/li>\n<li>Veliko dodatkov in funkcij, ki jih lahko najdete<\/li>\n<li>Kratkoro\u010dni in dolgoro\u010dni najemi avtomobilov<\/li>\n<li>24-urne rezervacije z uporabniku prijaznim vmesnikom.<\/li>\n<\/ul>\n<p>Kaj je RosCar? To je spletno mesto z odli\u010dnimi funkcijami za primerjavo cen, razvr\u0161\u010danje po \u017eelenih merilih in hitro rezervacijo. Rezervirajte zdaj in potrdite rezervacijo s kartico (zahtevano je pla\u010dilo do 20 % zneska naro\u010dila).<\/p>\n<h2>RosCarjev vodnik po najemu avtomobila Rabat<\/h2>\n<p>\u010ceprav ta dr\u017eava ni videti ni\u010d kaj podobna evropskim ali ameri\u0161kim ulicam, ki smo jih vajeni, bo prihajajo\u010da potovalna izku\u0161nja precej podobna. Enako velja za najem avtomobila v Rabatu, razen dveh subtilnosti, ki ju hitro uredimo.<\/p>\n<h3>1. Kak\u0161en je va\u0161 tip?<\/h3>\n<p>Ne rezervirajte prvega vozila, ki ga najdete. Raje razvrstite seznam prek iskalnih filtrov glede na razpolo\u017eljive tipe:<\/p>\n<ul>\n<li>Standardno ali kompaktno<\/li>\n<li>SUV ali Crossover<\/li>\n<li>Kombi ali minivan<\/li>\n<li>Mini ali Economy (Pravi za poceni najem avtomobila v Rabatu)<\/li>\n<li>Kabriolet ali luksuzni.<\/li>\n<\/ul>\n<h3>2. Dodatki<\/h3>\n<p>Dodatne storitve so dober na\u010din, da prilagodite izku\u0161njo vo\u017enje svojim edinstvenim potrebam. Na voljo jih je nekaj na izbiro:<\/p>\n<ul>\n<li>Prenos: \u017delite spro\u0161\u010deno vo\u017enjo? Izberite samodejni menjalnik.<\/li>\n<li>Kartica SIM: Da ne bi pla\u010devali previsokih stro\u0161kov gostovanja, jo va\u0161 pametni telefon potrebuje.<\/li>\n<li>Otro\u0161ki sede\u017e: Otroci do 10. leta starosti potrebujejo zadr\u017eevalni sistem.<\/li>\n<li>Neomejeno \u0161tevilo kilometrov: S to funkcijo je na voljo ves Maroko.<\/li>\n<li>Brez kreditne kartice: Kot pri tradicionalnem na\u010dinu, vendar brez kreditne kartice.<\/li>\n<li>Zajam\u010deni model: Mo\u017enost, ki jo morajo imeti tisti, ki so imeli slabe izku\u0161nje.<\/li>\n<li>Brezpla\u010dna odpoved: Odpoved je treba izkoristiti pravo\u010dasno (vsaj 48 ur pred za\u010detkom).<\/li>\n<li>Dodatni voznik: Brezpla\u010dna uporaba: Naj vozi va\u0161 prijatelj.<\/li>\n<li>Brez pologa: Izognite se nepotrebnim ban\u010dnim provizijam z blokado brez pologa na kreditnih karticah.<\/li>\n<li>Dodatno zavarovanje: Funkcija, ki jo potrebujejo vsi brez izjeme. Nadgradite na Super CDW ali Full Coverage in se ohladite.<\/li>\n<\/ul>\n<blockquote class=\"check\">\n<h2>Najem avtomobila Rabat: Vodnik<\/h2>\n<p>RosCar si prizadeva, da bi vam zagotovil neverjetno potovalno izku\u0161njo od prevzema do odvoza. Zato je rezervacija pri nas tako preprosta, kot je le mogo\u010de:<\/p>\n<ol>\n<li>Vnesite podrobnosti: prevzem, oddaja in datumi.<\/li>\n<li>Premaknite se na filtre in izberite nekaj, ki se vam zdijo privla\u010dni, ter preberite seznam.<\/li>\n<li>Rezerviraj zdaj.<\/li>\n<li>Dodajte informacije.<\/li>\n<li>Pla\u010daj zdaj.<\/li>\n<\/ol>\n<p>Najem avtomobila v Rabatu ni mogo\u010de potrditi brez ban\u010dne kartice. Po pla\u010dilu var\u0161\u010dine (najve\u010d 20 % zneska) boste nagrajeni s potrdilom o potrditvi rezervacije.<\/p><\/blockquote>\n<h2>Najem avtomobila v Rabatu Cena<\/h2>\n<p>Cene v glavnem mestu Maroka se vam ne bodo zdele predrage, vendar so \u0161e vedno vi\u0161je od evropskega povpre\u010dja:<\/p>\n<ul>\n<li>za 20-30 USD\/dan.<\/li>\n<li>Standard za 35-50 USD\/dan<\/li>\n<li>SUV za 50-70 USD\/dan<\/li>\n<li>luksuzni za 80 USD\/dan.<\/li>\n<\/ul>\n<p>Najem avtomobila v Rabatu bo cenej\u0161i, \u010de:<\/p>\n<ul>\n<li>se izognete kratkoro\u010dnemu najemu avtomobila<\/li>\n<li>dolo\u010dite datum za\u010detka najema za sredino tedna<\/li>\n<li>rezervirate vnaprej<\/li>\n<li>izberete pravo vrsto vozila.<\/li>\n<\/ul>\n<p>Primerjajte ceno in poi\u0161\u010dite najugodnej\u0161o ponudbo:<\/p>\n<h3>Tabela s cenami za najem avtomobila v Rabat, Maroko<\/h3>\n<table border=\"1\">\n<thead>\n<tr>\n<th>Model avtomobila<\/th>\n<th>Vrsta karoserije<\/th>\n<th>Cena na dan (izven sezone)<\/th>\n<th>Cena na dan (visoka sezona)<\/th>\n<th>Potniki<\/th>\n<th>Prostornina prtljage<\/th>\n<\/tr>\n<\/thead>\n<tbody>\n<tr>\n<td>Hyundai i10<\/td>\n<td>Hatchback<\/td>\n<td>21 \u20ac<\/td>\n<td>29 \u20ac<\/td>\n<td>4<\/td>\n<td>1<\/td>\n<\/tr>\n<tr>\n<td>Dacia Logan<\/td>\n<td>Limuzina<\/td>\n<td>23 \u20ac<\/td>\n<td>32 \u20ac<\/td>\n<td>5<\/td>\n<td>2<\/td>\n<\/tr>\n<tr>\n<td>Peugeot 208<\/td>\n<td>Hatchback<\/td>\n<td>24 \u20ac<\/td>\n<td>34 \u20ac<\/td>\n<td>5<\/td>\n<td>2<\/td>\n<\/tr>\n<tr>\n<td>Renault Clio<\/td>\n<td>Hatchback<\/td>\n<td>26 \u20ac<\/td>\n<td>36 \u20ac<\/td>\n<td>5<\/td>\n<td>2<\/td>\n<\/tr>\n<tr>\n<td>Volkswagen Golf<\/td>\n<td>Hatchback<\/td>\n<td>30 \u20ac<\/td>\n<td>42 \u20ac<\/td>\n<td>5<\/td>\n<td>3<\/td>\n<\/tr>\n<tr>\n<td>Citro\u00ebn C-Elys\u00e9e<\/td>\n<td>Limuzina<\/td>\n<td>25 \u20ac<\/td>\n<td>35 \u20ac<\/td>\n<td>5<\/td>\n<td>3<\/td>\n<\/tr>\n<tr>\n<td>Renault Captur<\/td>\n<td>Crossover<\/td>\n<td>32 \u20ac<\/td>\n<td>44 \u20ac<\/td>\n<td>5<\/td>\n<td>3<\/td>\n<\/tr>\n<tr>\n<td>Dacia Duster<\/td>\n<td>SUV<\/td>\n<td>36 \u20ac<\/td>\n<td>48 \u20ac<\/td>\n<td>5<\/td>\n<td>3<\/td>\n<\/tr>\n<tr>\n<td>Hyundai Tucson<\/td>\n<td>SUV<\/td>\n<td>52 \u20ac<\/td>\n<td>66 \u20ac<\/td>\n<td>5<\/td>\n<td>4<\/td>\n<\/tr>\n<tr>\n<td>Peugeot 3008<\/td>\n<td>SUV<\/td>\n<td>55 \u20ac<\/td>\n<td>70 \u20ac<\/td>\n<td>5<\/td>\n<td>4<\/td>\n<\/tr>\n<\/tbody>\n<\/table>\n        <div class=\"rpc-chart\">\n            <h3>Sezonska nihanja cen najema avtomobilov v Rabatu: analitika na podlagi dejanskih rezervacij<\/h3>\n            <div><p>Spodnja tabela prikazuje dinamiko sprememb povpre\u010dnih cen najema avtomobilov v Rabatu v zadnjih treh letih. Vir informacij so dejanska naro\u010dila, oddana prek platforme roscar.ma, storitve, ki zdru\u017euje ponudbe preverjenih lokalnih najemnih podjetij brez posrednikov.<\/p>\n<p>Analiza zajema \u0161iroko paleto vozil: od kompaktnih mestnih modelov do udobnih SUV-jev, kabrioletov in premijskih avtomobilov. Ta pristop zagotavlja objektivno sliko o tem, kako se cene spreminjajo glede na sezono in turisti\u010dno aktivnost.<\/p>\n<p>Opirajo se na dolgoletne izku\u0161nje pri delu s potniki in svoje podatke nenehno posodabljajo na podlagi tr\u017enih trendov. To uporabnikom zagotavlja prakti\u010dne in zanesljive informacije, ki jim pomagajo na\u010drtovati prora\u010dun in izbrati najugodnej\u0161i \u010das za najem avtomobila v maro\u0161ki prestolnici.<\/p>\n<\/div>\n            <div class=\"rpc-chart-bars\">\n                                    <div class=\"rpc-chart-column\">\n                        <div class=\"rpc-chart-inner\" style=\"height: 28.301886792453%\">\n                            <div class=\"rpc-chart-column-value\">15 \u20ac<\/div>\n                            <div class=\"rpc-chart-month\">JAN<\/div>\n                        <\/div>\n                    <\/div>\n                                    <div class=\"rpc-chart-column\">\n                        <div class=\"rpc-chart-inner\" style=\"height: 26.415094339623%\">\n                            <div class=\"rpc-chart-column-value\">14 \u20ac<\/div>\n                            <div class=\"rpc-chart-month\">FEB<\/div>\n                        <\/div>\n                    <\/div>\n                                    <div class=\"rpc-chart-column\">\n                        <div class=\"rpc-chart-inner\" style=\"height: 24.528301886792%\">\n                            <div class=\"rpc-chart-column-value\">13 \u20ac<\/div>\n                            <div class=\"rpc-chart-month\">MAR<\/div>\n                        <\/div>\n                    <\/div>\n                                    <div class=\"rpc-chart-column\">\n                        <div class=\"rpc-chart-inner\" style=\"height: 39.622641509434%\">\n                            <div class=\"rpc-chart-column-value\">21 \u20ac<\/div>\n                            <div class=\"rpc-chart-month\">APR<\/div>\n                        <\/div>\n                    <\/div>\n                                    <div class=\"rpc-chart-column\">\n                        <div class=\"rpc-chart-inner\" style=\"height: 32.075471698113%\">\n                            <div class=\"rpc-chart-column-value\">17 \u20ac<\/div>\n                            <div class=\"rpc-chart-month\">MAY<\/div>\n                        <\/div>\n                    <\/div>\n                                    <div class=\"rpc-chart-column\">\n                        <div class=\"rpc-chart-inner\" style=\"height: 32.075471698113%\">\n                            <div class=\"rpc-chart-column-value\">17 \u20ac<\/div>\n                            <div class=\"rpc-chart-month\">JUN<\/div>\n                        <\/div>\n                    <\/div>\n                                    <div class=\"rpc-chart-column\">\n                        <div class=\"rpc-chart-inner\" style=\"height: 49.056603773585%\">\n                            <div class=\"rpc-chart-column-value\">26 \u20ac<\/div>\n                            <div class=\"rpc-chart-month\">JUL<\/div>\n                        <\/div>\n                    <\/div>\n                                    <div class=\"rpc-chart-column\">\n                        <div class=\"rpc-chart-inner\" style=\"height: 62.264150943396%\">\n                            <div class=\"rpc-chart-column-value\">33 \u20ac<\/div>\n                            <div class=\"rpc-chart-month\">AUG<\/div>\n                        <\/div>\n                    <\/div>\n                                    <div class=\"rpc-chart-column\">\n                        <div class=\"rpc-chart-inner\" style=\"height: 47.169811320755%\">\n                            <div class=\"rpc-chart-column-value\">25 \u20ac<\/div>\n                            <div class=\"rpc-chart-month\">SEP<\/div>\n                        <\/div>\n                    <\/div>\n                                    <div class=\"rpc-chart-column\">\n                        <div class=\"rpc-chart-inner\" style=\"height: 37.735849056604%\">\n                            <div class=\"rpc-chart-column-value\">20 \u20ac<\/div>\n                            <div class=\"rpc-chart-month\">OCT<\/div>\n                        <\/div>\n                    <\/div>\n                                    <div class=\"rpc-chart-column\">\n                        <div class=\"rpc-chart-inner\" style=\"height: 45.283018867925%\">\n                            <div class=\"rpc-chart-column-value\">24 \u20ac<\/div>\n                            <div class=\"rpc-chart-month\">NOV<\/div>\n                        <\/div>\n                    <\/div>\n                                    <div class=\"rpc-chart-column\">\n                        <div class=\"rpc-chart-inner\" style=\"height: 37.735849056604%\">\n                            <div class=\"rpc-chart-column-value\">20 \u20ac<\/div>\n                            <div class=\"rpc-chart-month\">DEC<\/div>\n                        <\/div>\n                    <\/div>\n                            <\/div>\n        <\/div>\n        \n<h2>Najem avtomobila v Rabatu: Dokumenti:<\/h2>\n<p>Za podpis pogodbe in prevzem vozila potrebujete ve\u010d dokumentov (v angle\u0161\u010dini in 100-odstotno veljavnih):<\/p>\n<ol>\n<li>Vozni\u0161ko dovoljenje<\/li>\n<li>Potni list<\/li>\n<li>kreditno kartico (neobvezno).<\/li>\n<\/ol>\n<p>Najem avtomobila Rabat je idealna izbira za udobno in brezskrbno potovanje po Maroku.<\/p>\n","protected":false},"excerpt":{"rendered":"<p>Najem avtomobila Rabat od RosCar Maroko je de\u017eela z neverjetno kombinacijo pu\u0161\u010davskih lepot, morskih pokrajin in veli\u010dastne arhitekture, ki je ne boste na\u0161li nikjer drugje. Zato si pri na\u010drtovanju potovanja v severno Afriko raje vzemite \u010das, da se popolnoma potopite v muslimanski raj. Vendar morate v Rabatu tudi najeti avtomobil, da bo va\u0161a pustolov\u0161\u010dina udobnej\u0161a [&hellip;]<\/p>\n","protected":false},"author":1,"featured_media":222,"parent":0,"menu_order":0,"comment_status":"closed","ping_status":"closed","template":"","meta":{"footnotes":""},"class_list":["post-2062","page","type-page","status-publish","has-post-thumbnail",""],"_links":{"self":[{"href":"https:\/\/roscar.ma\/sl\/wp-json\/wp\/v2\/pages\/2062","targetHints":{"allow":["GET"]}}],"collection":[{"href":"https:\/\/roscar.ma\/sl\/wp-json\/wp\/v2\/pages"}],"about":[{"href":"https:\/\/roscar.ma\/sl\/wp-json\/wp\/v2\/types\/page"}],"author":[{"embeddable":true,"href":"https:\/\/roscar.ma\/sl\/wp-json\/wp\/v2\/users\/1"}],"replies":[{"embeddable":true,"href":"https:\/\/roscar.ma\/sl\/wp-json\/wp\/v2\/comments?post=2062"}],"version-history":[{"count":1,"href":"https:\/\/roscar.ma\/sl\/wp-json\/wp\/v2\/pages\/2062\/revisions"}],"predecessor-version":[{"id":2063,"href":"https:\/\/roscar.ma\/sl\/wp-json\/wp\/v2\/pages\/2062\/revisions\/2063"}],"wp:featuredmedia":[{"embeddable":true,"href":"https:\/\/roscar.ma\/sl\/wp-json\/wp\/v2\/media\/222"}],"wp:attachment":[{"href":"https:\/\/roscar.ma\/sl\/wp-json\/wp\/v2\/media?parent=2062"}],"curies":[{"name":"wp","href":"https:\/\/api.w.org\/{rel}","templated":true}]}}