{"id":1816,"date":"2025-07-17T11:01:21","date_gmt":"2025-07-17T11:01:21","guid":{"rendered":"https:\/\/roscar.ma\/?page_id=1816"},"modified":"2025-07-24T08:32:43","modified_gmt":"2025-07-24T08:32:43","slug":"najem-avtomobila-marakes","status":"publish","type":"page","link":"https:\/\/roscar.ma\/sl\/najem-avtomobila-marakes\/","title":{"rendered":"Najem avtomobila Marake\u0161"},"content":{"rendered":"<h2>Najem avtomobila Marake\u0161 od RosCar<\/h2>\n<p>Dr\u017eave severne Afrike imajo neverjetno sposobnost, da s svojimi obi\u010daji in barvitimi pokrajinami o\u010darajo turiste z vsega sveta. Morda gre za kulturo, edinstveno lokalno kuhinjo ali lepoto v vsakdanjem \u017eivljenju. Toda zagotovo vemo, da morate v Marake\u0161u najeti avtomobil, da bi se pribli\u017eali popolni potopitvi v Maroko. Zakaj bi morali rezervirati vozilo pri RosCarju? Obstajajo \u0161tirje odgovori:<\/p>\n<ul>\n<li>Dolgoro\u010dni ali kratkoro\u010dni najem avtomobila<\/li>\n<li>Vsaka ponudba je najbolj\u0161a vrednost, ki jo lahko najdete<\/li>\n<li>To je edini na\u010din za udobno potovanje<\/li>\n<li>Ugodne cene in \u0161tevilne mo\u017enosti, med katerimi lahko izbirate.<\/li>\n<\/ul>\n<p>\u017delite si ga izposoditi tudi sami? Potem rezervirajte zdaj in v nekaj minutah boste prejeli pripravljeno rezervacijo.<\/p>\n<h2>Najem avtomobila Marake\u0161: Vodnik:<\/h2>\n<p>Morda zmotno mislite, da je najem avtomobila v Marake\u0161u popolnoma druga\u010dna vrsta storitve, ki ima edinstven postopek, ki zahteva dolo\u010deno znanje. Vendar pa za pripravo potrebujete le dve minuti.<\/p>\n<h3>Prva minuta: Izberite vrsto vozila<\/h3>\n<p>Med \u0161tevilnimi vrstami potrebujete le eno, ki bo re\u0161ilo vse te\u017eave v prihajajo\u010di pustolov\u0161\u010dini:<\/p>\n<ul>\n<li>Standardno vozilo<\/li>\n<li>Kabriolet<\/li>\n<li>Luksuzno vozilo<\/li>\n<li>SUV ali crossover<\/li>\n<li>Mini\/Economy (Poceni najem avtomobila v Marake\u0161u)<\/li>\n<li>Minivan ali kombi.<\/li>\n<\/ul>\n<h3>Druga minuta: Izberite dodatne storitve<\/h3>\n<p>Tu lahko izbirate med \u0161tevilnimi mo\u017enostmi, vendar potrebujete le eno (ali ve\u010d):<\/p>\n<ul>\n<li>Neomejeno \u0161tevilo prevo\u017eenih kilometrov: Raziskujete lahko tudi najbolj oddaljena mesta v Maroku.<\/li>\n<li>Brez pologa: Va\u0161 prora\u010dun je svobodnej\u0161i, ko gre za blokade brez pologa na kreditnih karticah.<\/li>\n<li>Zajam\u010deni model: Volkswagen Passat? Prejmite Passat!<\/li>\n<li>Prenos: Vklju\u010dite se v sistem za prevoz vozil, ki ga je mogo\u010de uporabljati v avtomobilu Passat: Ne ro\u010dni menjalnik, vendar je samodejni menjalnik priporo\u010dljiv v vseh okoli\u0161\u010dinah.<\/li>\n<li>Dodatno zavarovanje: To je nadgradnja, ki je ne boste ob\u017ealovali. \u010ce je na voljo, poskusite z zavarovanjem Full Coverage\/Super CDW.<\/li>\n<li>Brez kreditne kartice: Uporabite gotovino ali katero koli drugo ban\u010dno kartico.<\/li>\n<li>Kartica SIM: Pri potovanjih v letu 2025 je glavna prednostna naloga stabilna povezava po ugodni ceni.<\/li>\n<li>Dodatni voznik: Upajmo, da ima va\u0161 prijatelj vozni\u0161ko dovoljenje.<\/li>\n<li>Otro\u0161ki sede\u017e: Vsaka oseba, mlaj\u0161a od 10 let, ga mora imeti.<\/li>\n<li>Brezpla\u010dna odpoved: Predpla\u010dani znesek bo vrnjen na va\u0161 ra\u010dun. Deluje le 48 ur pred datumom<\/li>\n<\/ul>\n<blockquote class=\"info\">\n<h2>Podrobnosti o najemu avtomobila v Marake\u0161u<\/h2>\n<p>Ali ste se \u017ee odlo\u010dili za vrsto vozila in dodatne storitve? Najem avtomobila v Marake\u0161u lahko zdaj rezervirate:<\/p>\n<ol>\n<li>Na glavni strani dolo\u010dite datume in lokacije.<\/li>\n<li>Kliknite na Filtri in izberite \u017eelene.<\/li>\n<li>Pridobite seznam in poi\u0161\u010dite najbolj\u0161ega. Rezervirajte zdaj.<\/li>\n<li>Pojavni obrazec je treba izpolniti.<\/li>\n<li>Pla\u010dajte zdaj.<\/li>\n<\/ol>\n<p>Vsako rezervacijo RosCar je mogo\u010de potrditi le s predpla\u010dilom. Praviloma je to le manj\u0161i del zneska in ga je mogo\u010de preprosto opraviti s katero koli kartico.<\/p><\/blockquote>\n<h2>Najem avtomobila Marake\u0161 Cena<\/h2>\n<p>Povpre\u010dne cene, ki jih lahko najdete na spletu, so:<\/p>\n<ul>\n<li>15-25 USD\/dan za ekonomsko ali mini vozilo<\/li>\n<li>30-40 USD\/dan za standardni<\/li>\n<li>40-60 USD\/dan za SUV, crossover, minivan ali 4&#215;4<\/li>\n<li>ve\u010d kot 80 USD\/dan za kabriolet ali luksuzno vozilo<\/li>\n<\/ul>\n<p>Najem avtomobila v Marake\u0161u bo cenej\u0161i, \u010de:<\/p>\n<ul>\n<li>vam bo uspelo opraviti zgodnjo rezervacijo<\/li>\n<li>Spremljajte ponudbe RosCar<\/li>\n<li>rezervirali sredi tedna<\/li>\n<li>dajete prednost dolgoro\u010dnemu najemu avtomobila<\/li>\n<li>Izberite pravo vrsto za svoje potrebe in prora\u010dun.<\/li>\n<\/ul>\n<p>Tukaj je navodilo za primerjavo cen:<\/p>\n<h3>Tabela s cenami za najem avtomobila v Marake\u0161u, Maroko<\/h3>\n<table border=\"1\">\n<thead>\n<tr>\n<th>Model avtomobila<\/th>\n<th>Tip karoserije<\/th>\n<th>Cena na dan (izven sezone)<\/th>\n<th>Cena na dan (visoka sezona)<\/th>\n<th>Potniki<\/th>\n<th>Prostornina prtljage<\/th>\n<\/tr>\n<\/thead>\n<tbody>\n<tr>\n<td>Fiat Panda<\/td>\n<td>Hatchback<\/td>\n<td>20 \u20ac<\/td>\n<td>28 \u20ac<\/td>\n<td>4<\/td>\n<td>1<\/td>\n<\/tr>\n<tr>\n<td>Kia Picanto<\/td>\n<td>Hatchback<\/td>\n<td>22 \u20ac<\/td>\n<td>30 \u20ac<\/td>\n<td>4<\/td>\n<td>1<\/td>\n<\/tr>\n<tr>\n<td>Dacia Logan<\/td>\n<td>Limuzina<\/td>\n<td>24 \u20ac<\/td>\n<td>34 \u20ac<\/td>\n<td>5<\/td>\n<td>2<\/td>\n<\/tr>\n<tr>\n<td>Peugeot 208<\/td>\n<td>Hatchback<\/td>\n<td>26 \u20ac<\/td>\n<td>36 \u20ac<\/td>\n<td>5<\/td>\n<td>2<\/td>\n<\/tr>\n<tr>\n<td>Renault Clio<\/td>\n<td>Hatchback<\/td>\n<td>27 \u20ac<\/td>\n<td>38 \u20ac<\/td>\n<td>5<\/td>\n<td>2<\/td>\n<\/tr>\n<tr>\n<td>Citro\u00ebn C-Elys\u00e9e<\/td>\n<td>Limuzina<\/td>\n<td>28 \u20ac<\/td>\n<td>39 \u20ac<\/td>\n<td>5<\/td>\n<td>3<\/td>\n<\/tr>\n<tr>\n<td>Dacia Duster<\/td>\n<td>SUV<\/td>\n<td>37 \u20ac<\/td>\n<td>49 \u20ac<\/td>\n<td>5<\/td>\n<td>3<\/td>\n<\/tr>\n<tr>\n<td>Hyundai Kona<\/td>\n<td>Crossover<\/td>\n<td>40 \u20ac<\/td>\n<td>52 \u20ac<\/td>\n<td>5<\/td>\n<td>3<\/td>\n<\/tr>\n<tr>\n<td>Renault Kadjar<\/td>\n<td>SUV<\/td>\n<td>50 \u20ac<\/td>\n<td>65 \u20ac<\/td>\n<td>5<\/td>\n<td>4<\/td>\n<\/tr>\n<tr>\n<td>Peugeot 3008<\/td>\n<td>SUV<\/td>\n<td>55 \u20ac<\/td>\n<td>70 \u20ac<\/td>\n<td>5<\/td>\n<td>4<\/td>\n<\/tr>\n<\/tbody>\n<\/table>\n        <div class=\"rpc-chart\">\n            <h3>Sezonske spremembe cen za najem avtomobila v Marake\u0161u: zanesljiva analitika na podlagi dejanskih rezervacij<\/h3>\n            <div><p>Spodaj so analiti\u010dni podatki o spremembi povpre\u010dne cene najema avtomobila v Marake\u0161u v preostalih treh letih. Vsi podatki temeljijo na dejanskih transakcijah, opravljenih prek platforme roscar.ma.<\/p>\n<p>Raziskava zajema vse glavne kategorije avtomobilov - od ekonomi\u010dnih modelov do SUV-jev, kabrioletov in premium razreda. Tako \u0161irok obseg omogo\u010da oblikovanje celovite slike o spremembah premo\u017eenja v \u010dasu turisti\u010dnih sezon in pivskih navad.<\/p>\n<p>Jasno je, da priporo\u010damo rezervacijo avtomobila vnaprej, ko so cene in stro\u0161ki najbolj\u0161i. Zanesljive informacije podjetja RosCar Morocco so va\u0161 vodnik za udoben in varen prevoz v Marake\u0161u.<\/p>\n<\/div>\n            <div class=\"rpc-chart-bars\">\n                                    <div class=\"rpc-chart-column\">\n                        <div class=\"rpc-chart-inner\" style=\"height: 30.769230769231%\">\n                            <div class=\"rpc-chart-column-value\">16 \u20ac<\/div>\n                            <div class=\"rpc-chart-month\">JAN<\/div>\n                        <\/div>\n                    <\/div>\n                                    <div class=\"rpc-chart-column\">\n                        <div class=\"rpc-chart-inner\" style=\"height: 28.846153846154%\">\n                            <div class=\"rpc-chart-column-value\">15 \u20ac<\/div>\n                            <div class=\"rpc-chart-month\">FEB<\/div>\n                        <\/div>\n                    <\/div>\n                                    <div class=\"rpc-chart-column\">\n                        <div class=\"rpc-chart-inner\" style=\"height: 26.923076923077%\">\n                            <div class=\"rpc-chart-column-value\">14 \u20ac<\/div>\n                            <div class=\"rpc-chart-month\">MAR<\/div>\n                        <\/div>\n                    <\/div>\n                                    <div class=\"rpc-chart-column\">\n                        <div class=\"rpc-chart-inner\" style=\"height: 42.307692307692%\">\n                            <div class=\"rpc-chart-column-value\">22 \u20ac<\/div>\n                            <div class=\"rpc-chart-month\">APR<\/div>\n                        <\/div>\n                    <\/div>\n                                    <div class=\"rpc-chart-column\">\n                        <div class=\"rpc-chart-inner\" style=\"height: 32.692307692308%\">\n                            <div class=\"rpc-chart-column-value\">17 \u20ac<\/div>\n                            <div class=\"rpc-chart-month\">MAY<\/div>\n                        <\/div>\n                    <\/div>\n                                    <div class=\"rpc-chart-column\">\n                        <div class=\"rpc-chart-inner\" style=\"height: 30.769230769231%\">\n                            <div class=\"rpc-chart-column-value\">16 \u20ac<\/div>\n                            <div class=\"rpc-chart-month\">JUN<\/div>\n                        <\/div>\n                    <\/div>\n                                    <div class=\"rpc-chart-column\">\n                        <div class=\"rpc-chart-inner\" style=\"height: 50%\">\n                            <div class=\"rpc-chart-column-value\">26 \u20ac<\/div>\n                            <div class=\"rpc-chart-month\">JUL<\/div>\n                        <\/div>\n                    <\/div>\n                                    <div class=\"rpc-chart-column\">\n                        <div class=\"rpc-chart-inner\" style=\"height: 61.538461538462%\">\n                            <div class=\"rpc-chart-column-value\">32 \u20ac<\/div>\n                            <div class=\"rpc-chart-month\">AUG<\/div>\n                        <\/div>\n                    <\/div>\n                                    <div class=\"rpc-chart-column\">\n                        <div class=\"rpc-chart-inner\" style=\"height: 42.307692307692%\">\n                            <div class=\"rpc-chart-column-value\">22 \u20ac<\/div>\n                            <div class=\"rpc-chart-month\">SEP<\/div>\n                        <\/div>\n                    <\/div>\n                                    <div class=\"rpc-chart-column\">\n                        <div class=\"rpc-chart-inner\" style=\"height: 36.538461538462%\">\n                            <div class=\"rpc-chart-column-value\">19 \u20ac<\/div>\n                            <div class=\"rpc-chart-month\">OCT<\/div>\n                        <\/div>\n                    <\/div>\n                                    <div class=\"rpc-chart-column\">\n                        <div class=\"rpc-chart-inner\" style=\"height: 32.692307692308%\">\n                            <div class=\"rpc-chart-column-value\">17 \u20ac<\/div>\n                            <div class=\"rpc-chart-month\">NOV<\/div>\n                        <\/div>\n                    <\/div>\n                                    <div class=\"rpc-chart-column\">\n                        <div class=\"rpc-chart-inner\" style=\"height: 44.230769230769%\">\n                            <div class=\"rpc-chart-column-value\">23 \u20ac<\/div>\n                            <div class=\"rpc-chart-month\">DEC<\/div>\n                        <\/div>\n                    <\/div>\n                            <\/div>\n        <\/div>\n        \n<h2>Najem avtomobila v Marake\u0161u: Dokumenti:<\/h2>\n<p>Pri prevzemu vozila boste morda morali predlo\u017eiti naslednje dokumente:<\/p>\n<ol>\n<li>Potni list<\/li>\n<li>Vozni\u0161ko dovoljenje<\/li>\n<li>Potrditev rezervacije ali kupon (RosCar vam ga bo poslal)<\/li>\n<li>Kreditna kartica.<\/li>\n<\/ol>\n<p>Nimate kreditne kartice? Potem uporabite filtre, da poi\u0161\u010dete mo\u017enost najema, ki jo potrebujete. Najem avtomobila Marake\u0161 je nepogre\u0161ljiva storitev, ki vam omogo\u010da, da si ogledate ne le Marake\u0161, temve\u010d tudi ves Maroko.<\/p>\n","protected":false},"excerpt":{"rendered":"<p>Najem avtomobila Marake\u0161 od RosCar Dr\u017eave severne Afrike imajo neverjetno sposobnost, da s svojimi obi\u010daji in barvitimi pokrajinami o\u010darajo turiste z vsega sveta. Morda gre za kulturo, edinstveno lokalno kuhinjo ali lepoto v vsakdanjem \u017eivljenju. Toda zagotovo vemo, da morate v Marake\u0161u najeti avtomobil, da bi se pribli\u017eali popolni potopitvi v Maroko. Zakaj bi morali [&hellip;]<\/p>\n","protected":false},"author":1,"featured_media":191,"parent":0,"menu_order":0,"comment_status":"closed","ping_status":"closed","template":"","meta":{"footnotes":""},"class_list":["post-1816","page","type-page","status-publish","has-post-thumbnail",""],"_links":{"self":[{"href":"https:\/\/roscar.ma\/sl\/wp-json\/wp\/v2\/pages\/1816","targetHints":{"allow":["GET"]}}],"collection":[{"href":"https:\/\/roscar.ma\/sl\/wp-json\/wp\/v2\/pages"}],"about":[{"href":"https:\/\/roscar.ma\/sl\/wp-json\/wp\/v2\/types\/page"}],"author":[{"embeddable":true,"href":"https:\/\/roscar.ma\/sl\/wp-json\/wp\/v2\/users\/1"}],"replies":[{"embeddable":true,"href":"https:\/\/roscar.ma\/sl\/wp-json\/wp\/v2\/comments?post=1816"}],"version-history":[{"count":1,"href":"https:\/\/roscar.ma\/sl\/wp-json\/wp\/v2\/pages\/1816\/revisions"}],"predecessor-version":[{"id":1842,"href":"https:\/\/roscar.ma\/sl\/wp-json\/wp\/v2\/pages\/1816\/revisions\/1842"}],"wp:featuredmedia":[{"embeddable":true,"href":"https:\/\/roscar.ma\/sl\/wp-json\/wp\/v2\/media\/191"}],"wp:attachment":[{"href":"https:\/\/roscar.ma\/sl\/wp-json\/wp\/v2\/media?parent=1816"}],"curies":[{"name":"wp","href":"https:\/\/api.w.org\/{rel}","templated":true}]}}