{"id":1762,"date":"2025-07-23T08:46:35","date_gmt":"2025-07-23T08:46:35","guid":{"rendered":"https:\/\/roscar.ma\/?page_id=1762"},"modified":"2025-07-24T07:00:05","modified_gmt":"2025-07-24T07:00:05","slug":"najem-avtomobila-maroko-brez-pologa","status":"publish","type":"page","link":"https:\/\/roscar.ma\/sl\/najem-avtomobila-maroko-brez-pologa\/","title":{"rendered":"Najem Avtomobila Maroko Brez Pologa"},"content":{"rendered":"<h2>Najem Avtomobila Maroko Brez Pologa pri RosCar<\/h2>\n<p>V nasprotju s klasi\u010dnim najemom vozil, najem avtomobila v Maroku brez pologa ponuja impresiven seznam prednosti, ki jih ni mogo\u010de prezreti:<\/p>\n<ul>\n<li>Brez tveganja za kasnej\u0161e spore (Nekatera podjetja \u017eelijo zara\u010dunati za manj\u0161e praske, gorivo ali druge podrobnosti)<\/li>\n<li>Veliko enostavnej\u0161i (in hitrej\u0161i) prevzem in vra\u010dilo<\/li>\n<li>Zahteva manj denarja<\/li>\n<li>Ni blokade sredstev na kreditni kartici za var\u0161\u010dino<\/li>\n<li>Brezstresna izku\u0161nja<\/li>\n<\/ul>\n<p>To je le ena izmed \u0161tevilnih funkcij, ki jih ponuja iskalnik RosCar. Preizkusi ga in v nekaj minutah najdi idealno vozilo. Rezerviraj zdaj.<\/p>\n<blockquote class=\"check\">\n<h2>Kako najeti avto v Maroku brez pologa?<\/h2>\n<p>Vsak voznik, star med 21 in 25 let, z ustreznimi dokumenti (potni list in vozni\u0161ko dovoljenje), lahko najame avto v Maroku brez pologa na naslednji na\u010din:<\/p>\n<ol>\n<li>Klikni na filter &#8220;<strong>Brez pologa<\/strong>&#8221; za prikaz razpolo\u017eljivih vozil.<\/li>\n<li>Prebrskaj ponudbe, izberi najbolj\u0161o in klikni Rezerviraj zdaj.<\/li>\n<li>Preveri pogoje in izberi vrsto zavarovanja.<\/li>\n<li>Dodaj dodatne storitve in klikni &#8220;Nadaljuj&#8221;.<\/li>\n<li>Vnesi podatke o vozniku.<\/li>\n<li>Potrdi rezervacijo.<\/li>\n<\/ol>\n<p>Najem brez pologa ali kakr\u0161na koli druga rezervacija mora biti potrjena z ban\u010dno kartico. Najve\u010d 20 % zneska se zara\u010duna kot predpla\u010dilo.<\/p><\/blockquote>\n<h3>Preglednica cen najema avtomobilov v Maroku brez pologa<\/h3>\n<table>\n<thead>\n<tr>\n<th>Model avtomobila<\/th>\n<th>Tip karoserije<\/th>\n<th>Cena na dan (nizka sezona)<\/th>\n<th>Cena na dan (visoka sezona)<\/th>\n<th>Potniki<\/th>\n<th>Prostor za prtljago<\/th>\n<\/tr>\n<\/thead>\n<tbody>\n<tr>\n<td>Chevrolet Spark<\/td>\n<td>Hatchback<\/td>\n<td>19 \u20ac<\/td>\n<td>26 \u20ac<\/td>\n<td>4<\/td>\n<td>1<\/td>\n<\/tr>\n<tr>\n<td>Hyundai Grand i10<\/td>\n<td>Hatchback<\/td>\n<td>21 \u20ac<\/td>\n<td>28 \u20ac<\/td>\n<td>4<\/td>\n<td>1<\/td>\n<\/tr>\n<tr>\n<td>Skoda Fabia<\/td>\n<td>Hatchback<\/td>\n<td>23 \u20ac<\/td>\n<td>31 \u20ac<\/td>\n<td>5<\/td>\n<td>2<\/td>\n<\/tr>\n<tr>\n<td>Peugeot 2008<\/td>\n<td>Crossover<\/td>\n<td>26 \u20ac<\/td>\n<td>35 \u20ac<\/td>\n<td>5<\/td>\n<td>2<\/td>\n<\/tr>\n<tr>\n<td>Volkswagen Golf<\/td>\n<td>Hatchback<\/td>\n<td>27 \u20ac<\/td>\n<td>36 \u20ac<\/td>\n<td>5<\/td>\n<td>2<\/td>\n<\/tr>\n<tr>\n<td>Toyota Yaris Sedan<\/td>\n<td>Limuzina<\/td>\n<td>28 \u20ac<\/td>\n<td>37 \u20ac<\/td>\n<td>5<\/td>\n<td>3<\/td>\n<\/tr>\n<tr>\n<td>Nissan Sunny<\/td>\n<td>Limuzina<\/td>\n<td>29 \u20ac<\/td>\n<td>38 \u20ac<\/td>\n<td>5<\/td>\n<td>3<\/td>\n<\/tr>\n<tr>\n<td>Renault Arkana<\/td>\n<td>Crossover<\/td>\n<td>35 \u20ac<\/td>\n<td>45 \u20ac<\/td>\n<td>5<\/td>\n<td>3<\/td>\n<\/tr>\n<tr>\n<td>MG ZS<\/td>\n<td>SUV<\/td>\n<td>39 \u20ac<\/td>\n<td>49 \u20ac<\/td>\n<td>5<\/td>\n<td>3<\/td>\n<\/tr>\n<tr>\n<td>Volkswagen Tiguan<\/td>\n<td>SUV<\/td>\n<td>55 \u20ac<\/td>\n<td>69 \u20ac<\/td>\n<td>5<\/td>\n<td>4<\/td>\n<\/tr>\n<\/tbody>\n<\/table>\n","protected":false},"excerpt":{"rendered":"<p>Najem Avtomobila Maroko Brez Pologa pri RosCar V nasprotju s klasi\u010dnim najemom vozil, najem avtomobila v Maroku brez pologa ponuja impresiven seznam prednosti, ki jih ni mogo\u010de prezreti: Brez tveganja za kasnej\u0161e spore (Nekatera podjetja \u017eelijo zara\u010dunati za manj\u0161e praske, gorivo ali druge podrobnosti) Veliko enostavnej\u0161i (in hitrej\u0161i) prevzem in vra\u010dilo Zahteva manj denarja Ni [&hellip;]<\/p>\n","protected":false},"author":1,"featured_media":1288,"parent":0,"menu_order":0,"comment_status":"closed","ping_status":"closed","template":"","meta":{"footnotes":""},"class_list":["post-1762","page","type-page","status-publish","has-post-thumbnail",""],"_links":{"self":[{"href":"https:\/\/roscar.ma\/sl\/wp-json\/wp\/v2\/pages\/1762","targetHints":{"allow":["GET"]}}],"collection":[{"href":"https:\/\/roscar.ma\/sl\/wp-json\/wp\/v2\/pages"}],"about":[{"href":"https:\/\/roscar.ma\/sl\/wp-json\/wp\/v2\/types\/page"}],"author":[{"embeddable":true,"href":"https:\/\/roscar.ma\/sl\/wp-json\/wp\/v2\/users\/1"}],"replies":[{"embeddable":true,"href":"https:\/\/roscar.ma\/sl\/wp-json\/wp\/v2\/comments?post=1762"}],"version-history":[{"count":3,"href":"https:\/\/roscar.ma\/sl\/wp-json\/wp\/v2\/pages\/1762\/revisions"}],"predecessor-version":[{"id":1776,"href":"https:\/\/roscar.ma\/sl\/wp-json\/wp\/v2\/pages\/1762\/revisions\/1776"}],"wp:featuredmedia":[{"embeddable":true,"href":"https:\/\/roscar.ma\/sl\/wp-json\/wp\/v2\/media\/1288"}],"wp:attachment":[{"href":"https:\/\/roscar.ma\/sl\/wp-json\/wp\/v2\/media?parent=1762"}],"curies":[{"name":"wp","href":"https:\/\/api.w.org\/{rel}","templated":true}]}}