{"id":1586,"date":"2025-07-17T10:09:50","date_gmt":"2025-07-17T10:09:50","guid":{"rendered":"https:\/\/roscar.ma\/?page_id=1586"},"modified":"2025-07-23T18:31:26","modified_gmt":"2025-07-23T18:31:26","slug":"o-nas","status":"publish","type":"page","link":"https:\/\/roscar.ma\/sl\/o-nas\/","title":{"rendered":"O nas"},"content":{"rendered":"<p>RosCar Morocco je sodobna storitev najema avtomobilov v Maroku, ki deluje od leta 2022. Nismo podjetje za najem avtomobilov, ampak priro\u010den spletni agregator, ki zdru\u017euje najbolj\u0161e ponudbe lokalnih partnerjev po vsej dr\u017eavi.<\/p>\n<p>Na na\u0161i spletni strani roscar.ma boste na\u0161li ve\u010d kot 200 preverjenih avtomobilov razli\u010dnih razredov \u2013 od kompaktnih mestnih modelov do udobnih SUV-jev. Postopek rezervacije smo naredili \u010dim bolj preprost in cenovno dostopen: avtomobil lahko najamete brez kavcije in brez kreditne kartice.<\/p>\n<p>Na\u0161 cilj je potnikom ponuditi prilagodljiv in cenovno ugoden na\u010din potovanja po Maroku, pri \u010demer se zana\u0161amo na izku\u0161nje in zanesljivost lokalnih podjetij. Izberite RosCar Morocco in se odpravite na udobno potovanje!<\/p>\n","protected":false},"excerpt":{"rendered":"<p>RosCar Morocco je sodobna storitev najema avtomobilov v Maroku, ki deluje od leta 2022. Nismo podjetje za najem avtomobilov, ampak priro\u010den spletni agregator, ki zdru\u017euje najbolj\u0161e ponudbe lokalnih partnerjev po vsej dr\u017eavi. Na na\u0161i spletni strani roscar.ma boste na\u0161li ve\u010d kot 200 preverjenih avtomobilov razli\u010dnih razredov \u2013 od kompaktnih mestnih modelov do udobnih SUV-jev. Postopek [&hellip;]<\/p>\n","protected":false},"author":2,"featured_media":0,"parent":0,"menu_order":0,"comment_status":"closed","ping_status":"closed","template":"","meta":{"footnotes":""},"class_list":["post-1586","page","type-page","status-publish",""],"_links":{"self":[{"href":"https:\/\/roscar.ma\/sl\/wp-json\/wp\/v2\/pages\/1586","targetHints":{"allow":["GET"]}}],"collection":[{"href":"https:\/\/roscar.ma\/sl\/wp-json\/wp\/v2\/pages"}],"about":[{"href":"https:\/\/roscar.ma\/sl\/wp-json\/wp\/v2\/types\/page"}],"author":[{"embeddable":true,"href":"https:\/\/roscar.ma\/sl\/wp-json\/wp\/v2\/users\/2"}],"replies":[{"embeddable":true,"href":"https:\/\/roscar.ma\/sl\/wp-json\/wp\/v2\/comments?post=1586"}],"version-history":[{"count":2,"href":"https:\/\/roscar.ma\/sl\/wp-json\/wp\/v2\/pages\/1586\/revisions"}],"predecessor-version":[{"id":1591,"href":"https:\/\/roscar.ma\/sl\/wp-json\/wp\/v2\/pages\/1586\/revisions\/1591"}],"wp:attachment":[{"href":"https:\/\/roscar.ma\/sl\/wp-json\/wp\/v2\/media?parent=1586"}],"curies":[{"name":"wp","href":"https:\/\/api.w.org\/{rel}","templated":true}]}}