{"id":1337,"date":"2025-07-17T10:56:33","date_gmt":"2025-07-17T10:56:33","guid":{"rendered":"https:\/\/roscar.ma\/?page_id=1337"},"modified":"2025-07-23T12:40:33","modified_gmt":"2025-07-23T12:40:33","slug":"najem-avtomobila-casablanca","status":"publish","type":"page","link":"https:\/\/roscar.ma\/sl\/najem-avtomobila-casablanca\/","title":{"rendered":"Najem avtomobila Casablanca"},"content":{"rendered":"<h2>Najem avtomobila Casablanca od RosCar<\/h2>\n<p>Glavno gospodarsko in kulturno mesto Maroka je vedno dober za\u010detek za odli\u010dno potovanje v Severno Afriko. Edinstvena arabska kultura, tiso\u010dletna zgodovina v sodobni arhitekturi, tradicije in okusna hrana so va\u0161 na\u010drt delovanja. Toda najprej morate v Casablanci najeti avtomobil. Obstaja ve\u010d razlogov, da se odlo\u010dite za potovanje z avtomobilom tukaj:<\/p>\n<ul>\n<li>je veliko bolj udobno kot javni prevoz.<\/li>\n<li>Popusti, ugodne cene in \u0161tevilne mo\u017enosti (nekatere so brezpla\u010dne)<\/li>\n<li>Enostavno je najti pravega<\/li>\n<li>Popolna svoboda gibanja.<\/li>\n<\/ul>\n<p>RosCar ima presenetljivo preprost postopek rezervacije. Samo rezervirajte zdaj, dodajte svojo kartico za pla\u010dilo in kon\u010dano.<\/p>\n<h2>Najem avtomobila Casablanca: Vodnik<\/h2>\n<p>Poceni najem avtomobila v Casablanci ni fikcija, temve\u010d resni\u010dnost vsake osebe, ki pozna nekaj pravil. Sledite jim in pri\u0161li boste do \u017eelenega rezultata brez razo\u010daranja.<\/p>\n<h3>1. Izberite pravo vrsto<\/h3>\n<p>Z vklopom filtrov lahko preprosto oblikujete seznam ponudb po eni od vrst:<\/p>\n<ul>\n<li>SUV ali Crossover<\/li>\n<li>Standardni avtomobil<\/li>\n<li>Ekonomi\u010dni avtomobil<\/li>\n<li>Kompaktni avtomobil<\/li>\n<li>Mini avtomobil<\/li>\n<li>Kabriolet<\/li>\n<li>Minivan, kombi in drugi.<\/li>\n<\/ul>\n<h3>2. Uporabite dodatne mo\u017enosti<\/h3>\n<p>Najem avtomobila v Casablanci lahko vklju\u010duje eno ali ve\u010d dodatnih storitev (pla\u010dljivih ali brezpla\u010dnih):<\/p>\n<ul>\n<li>zajam\u010den model: Brez slabih presene\u010denj ob prevzemu vozila.<\/li>\n<li>Prevoznik: V primeru, da se vozilo ne nahaja v vozilu, lahko naro\u010dite, da se bo vozilo nahajalo v vozilu: Ne premi\u0161ljujte dvakrat, vzemite avtomatski menjalnik.<\/li>\n<li>Dodatno zavarovanje: Pla\u010dljiva funkcija, ki odpravlja finan\u010dna tveganja s polnim kritjem ali zavarovanjem SuperCDW.<\/li>\n<li>Dodatni voznik: Ali ste vedeli, da lahko v pogodbo vklju\u010dite \u0161e eno osebo?<\/li>\n<li>Otro\u0161ki sede\u017e: Na voljo so do \u0161tiri vrste zadr\u017eevalnih sistemov za otroke vseh starosti.<\/li>\n<li>Brezpla\u010dna odpoved: Na voljo imate najmanj 48 ur za preklic naro\u010dila.<\/li>\n<li>Neomejeno \u0161tevilo prevo\u017eenih kilometrov: Brezpla\u010dna funkcija z brezpla\u010dnimi kilometri.<\/li>\n<li>Brez pologa: Vsem je v\u0161e\u010d, ko gre za kreditne kartice brez blokade pologa.<\/li>\n<li>Brez kreditne kartice: Kreditna kartica: Lahko je povezana z dodatnimi zahtevami za varnostne preglede.<\/li>\n<li>Kartica SIM: SIM kartica: Hitri mobilni internet je vedno pri roki.<\/li>\n<\/ul>\n<blockquote class=\"info\">\n<h2>Najem avtomobila v Casablanci: Rezervacija prek RosCar<\/h2>\n<p>Casablanca najem avtomobila se morda zdi ena najpreprostej\u0161ih potovalnih storitev, ki ste jih kdaj koli uporabili:<\/p>\n<ol>\n<li>Dolo\u010dite lokacije in datume.<\/li>\n<li>Nastavite iskalne filtre (vrsta, mo\u017enosti in drugo)<\/li>\n<li>Rezervirajte zdaj katero koli vozilo s seznama<\/li>\n<li>. Izpolnite obrazec s podrobnostmi.<\/li>\n<li>Potrdite:<\/li>\n<\/ol>\n<p>Vloga se bo \u0161tela za potrjeno \u0161ele po predpla\u010dilu (14-20 % zneska) prek Pay Now. Na portalu RosCar so sprejete debetne ali kreditne kartice.<\/p><\/blockquote>\n<h2>Najem avtomobila Casablanca cena<\/h2>\n<p>Tukaj so okvirne cene, ki jih lahko najdete v tem mestu:<\/p>\n<ul>\n<li>$15-25 za Mini-Economy<\/li>\n<li>30-40 USD za kompaktni standardni avtomobil<\/li>\n<li>40-60 USD za minivan, kabriolet, crossover ali SUV<\/li>\n<li>ve\u010d kot 70 USD za luksuzne avtomobile.<\/li>\n<\/ul>\n<p>Najem avtomobila v Casablanci je lahko dra\u017eji ali cenej\u0161i do 40 %, odvisno od naslednjih dejavnikov:<\/p>\n<ul>\n<li>\u0160tevilo rezerviranih dni (raje vzemite dolgoro\u010dni najem avtomobila)<\/li>\n<li>Lokacija prevzema (letali\u0161\u010de, mesto ali dostava)<\/li>\n<li>Sezona in obremenitev podjetja<\/li>\n<li>Vklju\u010dene dodatne storitve.<\/li>\n<\/ul>\n<p>Primerjava cen:<\/p>\n<h3>Tabela s cenami za najem avtomobila v Casablanca, Maroko<\/h3>\n<table border=\"1\">\n<thead>\n<tr>\n<th>Model avtomobila<\/th>\n<th>Vrsta karoserije<\/th>\n<th>Cena na dan (izven sezone)<\/th>\n<th>Cena na dan (visoka sezona)<\/th>\n<th>Potniki<\/th>\n<th>Prostornina prtljage<\/th>\n<\/tr>\n<\/thead>\n<tbody>\n<tr>\n<td>Kia Picanto<\/td>\n<td>Hatchback<\/td>\n<td>20 \u20ac<\/td>\n<td>27 \u20ac<\/td>\n<td>4<\/td>\n<td>1<\/td>\n<\/tr>\n<tr>\n<td>Dacia Logan<\/td>\n<td>Limuzina<\/td>\n<td>22 \u20ac<\/td>\n<td>30 \u20ac<\/td>\n<td>5<\/td>\n<td>2<\/td>\n<\/tr>\n<tr>\n<td>Renault Clio<\/td>\n<td>Hatchback<\/td>\n<td>25 \u20ac<\/td>\n<td>34 \u20ac<\/td>\n<td>5<\/td>\n<td>2<\/td>\n<\/tr>\n<tr>\n<td>Hyundai i20<\/td>\n<td>Hatchback<\/td>\n<td>24 \u20ac<\/td>\n<td>33 \u20ac<\/td>\n<td>5<\/td>\n<td>2<\/td>\n<\/tr>\n<tr>\n<td>Volkswagen Polo<\/td>\n<td>Hatchback<\/td>\n<td>26 \u20ac<\/td>\n<td>36 \u20ac<\/td>\n<td>5<\/td>\n<td>2<\/td>\n<\/tr>\n<tr>\n<td>Citro\u00ebn C-Elys\u00e9e<\/td>\n<td>Limuzina<\/td>\n<td>27 \u20ac<\/td>\n<td>37 \u20ac<\/td>\n<td>5<\/td>\n<td>3<\/td>\n<\/tr>\n<tr>\n<td>Peugeot 301<\/td>\n<td>Limuzina<\/td>\n<td>28 \u20ac<\/td>\n<td>38 \u20ac<\/td>\n<td>5<\/td>\n<td>3<\/td>\n<\/tr>\n<tr>\n<td>Dacia Duster<\/td>\n<td>SUV<\/td>\n<td>35 \u20ac<\/td>\n<td>46 \u20ac<\/td>\n<td>5<\/td>\n<td>3<\/td>\n<\/tr>\n<tr>\n<td>Renault Kadjar<\/td>\n<td>SUV<\/td>\n<td>48 \u20ac<\/td>\n<td>60 \u20ac<\/td>\n<td>5<\/td>\n<td>4<\/td>\n<\/tr>\n<tr>\n<td>Peugeot 3008<\/td>\n<td>SUV<\/td>\n<td>54 \u20ac<\/td>\n<td>68 \u20ac<\/td>\n<td>5<\/td>\n<td>4<\/td>\n<\/tr>\n<\/tbody>\n<\/table>\n        <div class=\"rpc-chart\">\n            <h3>Sezonske spremembe cen najema avtomobila v Casablanca: pregled na podlagi potrjenih rezervacij<\/h3>\n            <div><p>V zadnjih treh letih so strokovnjaki roscar.ma sistemati\u010dno analizirali spremembe povpre\u010dne cene najema avtomobila v Casablanci. Podatki temeljijo izklju\u010dno na dejanskih naro\u010dilih, oddanih prek na\u0161e platforme, ki sodeluje z zanesljivimi lokalnimi podjetji za najem avtomobilov.<\/p>\n<p>Spremljanje zajema vse kategorije vozil: od kompaktnih mestnih modelov do SUV-jev, kabrioletov in mened\u017eerskih avtomobilov. To nam omogo\u010da natan\u010dno spremljanje sezonskih trendov in napovedovanje nihanja cen glede na povpra\u0161evanje in turisti\u010dna obdobja.<\/p>\n<p>Z dolgoletnimi izku\u0161njami na podro\u010dju najema avtomobilov v Maroku redno posodabljamo informacije in tako uporabnikom zagotavljamo najnovej\u0161e in zanesljive podatke. To je \u0161e posebej pomembno za tiste, ki na\u010drtujejo potovanje v Casablanco in i\u0161\u010dejo ugodne pogoje za prevoz.<\/p>\n<\/div>\n            <div class=\"rpc-chart-bars\">\n                                    <div class=\"rpc-chart-column\">\n                        <div class=\"rpc-chart-inner\" style=\"height: 30.188679245283%\">\n                            <div class=\"rpc-chart-column-value\">16 \u20ac<\/div>\n                            <div class=\"rpc-chart-month\">JAN<\/div>\n                        <\/div>\n                    <\/div>\n                                    <div class=\"rpc-chart-column\">\n                        <div class=\"rpc-chart-inner\" style=\"height: 28.301886792453%\">\n                            <div class=\"rpc-chart-column-value\">15 \u20ac<\/div>\n                            <div class=\"rpc-chart-month\">FEB<\/div>\n                        <\/div>\n                    <\/div>\n                                    <div class=\"rpc-chart-column\">\n                        <div class=\"rpc-chart-inner\" style=\"height: 30.188679245283%\">\n                            <div class=\"rpc-chart-column-value\">16 \u20ac<\/div>\n                            <div class=\"rpc-chart-month\">MAR<\/div>\n                        <\/div>\n                    <\/div>\n                                    <div class=\"rpc-chart-column\">\n                        <div class=\"rpc-chart-inner\" style=\"height: 39.622641509434%\">\n                            <div class=\"rpc-chart-column-value\">21 \u20ac<\/div>\n                            <div class=\"rpc-chart-month\">APR<\/div>\n                        <\/div>\n                    <\/div>\n                                    <div class=\"rpc-chart-column\">\n                        <div class=\"rpc-chart-inner\" style=\"height: 32.075471698113%\">\n                            <div class=\"rpc-chart-column-value\">17 \u20ac<\/div>\n                            <div class=\"rpc-chart-month\">MAY<\/div>\n                        <\/div>\n                    <\/div>\n                                    <div class=\"rpc-chart-column\">\n                        <div class=\"rpc-chart-inner\" style=\"height: 33.962264150943%\">\n                            <div class=\"rpc-chart-column-value\">18 \u20ac<\/div>\n                            <div class=\"rpc-chart-month\">JUN<\/div>\n                        <\/div>\n                    <\/div>\n                                    <div class=\"rpc-chart-column\">\n                        <div class=\"rpc-chart-inner\" style=\"height: 54.716981132075%\">\n                            <div class=\"rpc-chart-column-value\">29 \u20ac<\/div>\n                            <div class=\"rpc-chart-month\">JUL<\/div>\n                        <\/div>\n                    <\/div>\n                                    <div class=\"rpc-chart-column\">\n                        <div class=\"rpc-chart-inner\" style=\"height: 62.264150943396%\">\n                            <div class=\"rpc-chart-column-value\">33 \u20ac<\/div>\n                            <div class=\"rpc-chart-month\">AUG<\/div>\n                        <\/div>\n                    <\/div>\n                                    <div class=\"rpc-chart-column\">\n                        <div class=\"rpc-chart-inner\" style=\"height: 43.396226415094%\">\n                            <div class=\"rpc-chart-column-value\">23 \u20ac<\/div>\n                            <div class=\"rpc-chart-month\">SEP<\/div>\n                        <\/div>\n                    <\/div>\n                                    <div class=\"rpc-chart-column\">\n                        <div class=\"rpc-chart-inner\" style=\"height: 39.622641509434%\">\n                            <div class=\"rpc-chart-column-value\">21 \u20ac<\/div>\n                            <div class=\"rpc-chart-month\">OCT<\/div>\n                        <\/div>\n                    <\/div>\n                                    <div class=\"rpc-chart-column\">\n                        <div class=\"rpc-chart-inner\" style=\"height: 33.962264150943%\">\n                            <div class=\"rpc-chart-column-value\">18 \u20ac<\/div>\n                            <div class=\"rpc-chart-month\">NOV<\/div>\n                        <\/div>\n                    <\/div>\n                                    <div class=\"rpc-chart-column\">\n                        <div class=\"rpc-chart-inner\" style=\"height: 41.509433962264%\">\n                            <div class=\"rpc-chart-column-value\">22 \u20ac<\/div>\n                            <div class=\"rpc-chart-month\">DEC<\/div>\n                        <\/div>\n                    <\/div>\n                            <\/div>\n        <\/div>\n        \n<h2>Najem avtomobila Casablanca: Dokumenti:<\/h2>\n<p>Samo nekaj dokumentov, ki jih mora imeti voznik, da lahko prevzame avto v najemu:<\/p>\n<ol>\n<li>Vozni\u0161ko dovoljenje<\/li>\n<li>Potni list<\/li>\n<li>Kreditna kartica (polog, kredit ali preverjanje identitete)<\/li>\n<li>kupon (po\u0161ljemo vam ga s potrditvijo rezervacije).<\/li>\n<\/ol>\n","protected":false},"excerpt":{"rendered":"<p>Najem avtomobila Casablanca od RosCar Glavno gospodarsko in kulturno mesto Maroka je vedno dober za\u010detek za odli\u010dno potovanje v Severno Afriko. Edinstvena arabska kultura, tiso\u010dletna zgodovina v sodobni arhitekturi, tradicije in okusna hrana so va\u0161 na\u010drt delovanja. Toda najprej morate v Casablanci najeti avtomobil. Obstaja ve\u010d razlogov, da se odlo\u010dite za potovanje z avtomobilom tukaj: [&hellip;]<\/p>\n","protected":false},"author":1,"featured_media":160,"parent":0,"menu_order":0,"comment_status":"closed","ping_status":"closed","template":"","meta":{"footnotes":""},"class_list":["post-1337","page","type-page","status-publish","has-post-thumbnail",""],"_links":{"self":[{"href":"https:\/\/roscar.ma\/sl\/wp-json\/wp\/v2\/pages\/1337","targetHints":{"allow":["GET"]}}],"collection":[{"href":"https:\/\/roscar.ma\/sl\/wp-json\/wp\/v2\/pages"}],"about":[{"href":"https:\/\/roscar.ma\/sl\/wp-json\/wp\/v2\/types\/page"}],"author":[{"embeddable":true,"href":"https:\/\/roscar.ma\/sl\/wp-json\/wp\/v2\/users\/1"}],"replies":[{"embeddable":true,"href":"https:\/\/roscar.ma\/sl\/wp-json\/wp\/v2\/comments?post=1337"}],"version-history":[{"count":0,"href":"https:\/\/roscar.ma\/sl\/wp-json\/wp\/v2\/pages\/1337\/revisions"}],"wp:featuredmedia":[{"embeddable":true,"href":"https:\/\/roscar.ma\/sl\/wp-json\/wp\/v2\/media\/160"}],"wp:attachment":[{"href":"https:\/\/roscar.ma\/sl\/wp-json\/wp\/v2\/media?parent=1337"}],"curies":[{"name":"wp","href":"https:\/\/api.w.org\/{rel}","templated":true}]}}