{"id":1085,"date":"2025-07-17T09:45:33","date_gmt":"2025-07-17T09:45:33","guid":{"rendered":"https:\/\/roscar.ma\/?page_id=1085"},"modified":"2025-07-22T18:31:40","modified_gmt":"2025-07-22T18:31:40","slug":"najem-avtomobila-maroko","status":"publish","type":"page","link":"https:\/\/roscar.ma\/sl\/","title":{"rendered":"Najem Avtomobila Maroko"},"content":{"rendered":"<h2>Najem Avtomobila Maroko od RosCar<\/h2>\n<p>Tiso\u010dletna zgodovina in starodavne arabske tradicije kot magnet privla\u010dijo milijone turistov. Tu lahko najdete zvoke velike Sahare in Atlantskega oceana ter sodobne in prazgodovinske kulture, poleg odli\u010dnih pogojev za vse vrste potovanj. Toda ali moram v Maroku najeti avto? To morda ni edina mo\u017enost, ki je na voljo, vendar ima nekaj o\u010ditnih prednosti:<\/p>\n<ul>\n<li>prosto gibanje, kjerkoli \u017eelite<\/li>\n<li>Visoko udobje in neprekosljivo priro\u010dnost<\/li>\n<li>Velika izbira vozil<\/li>\n<li>Na voljo so kratkoro\u010dni ali dolgoro\u010dni najemi avtomobilov.<\/li>\n<\/ul>\n<p>Se \u017eelite \u010dim prej odpraviti na pot? Rezervirajte zdaj poljubno vozilo na portalu RosCar: nekaj klikov, izpolnite standardni obrazec in opravite predpla\u010dilo za potrditev.<\/p>\n<h2>Na poti do najema avtomobila v Maroku<\/h2>\n<p>To je naloga, s katero ne smete hiteti, vendar je tudi ne smete odlo\u017eiti na jutri. Zato preberite majhen pripravljalni vodnik na poti do najema avtomobila v Maroku.<\/p>\n<h3>1. Poi\u0161\u010dite pravo vrsto<\/h3>\n<p>Slabo izbrano vozilo vam ne bo prineslo \u017eelenega u\u017eitka ali udobja. Oglejte si seznam in razmislite, katera od teh vrst se vam zdi prava re\u0161itev:<\/p>\n<ul>\n<li>(Poceni najem avtomobila v Maroku)<\/li>\n<li>Standardni<\/li>\n<li>SUV ali Crossover<\/li>\n<li>Luksuzni<\/li>\n<li>Kabriolet<\/li>\n<li>kombi ali minivan.<\/li>\n<\/ul>\n<h3>2. Dodatne storitve<\/h3>\n<p>Vse te dodatne funkcije niso pla\u010dljive, vendar je vsaka od njih odli\u010dna izbira:<\/p>\n<ul>\n<li>Brezpla\u010dna odpoved: Ta mo\u017enost mora biti uporabljena pravo\u010dasno (do 48 ur pred odhodom).<\/li>\n<li>Brez pologa: Brez pologa: V tem primeru je najbolj\u0161a lastnost za prora\u010dunske potnike ta, da na kreditnih karticah ni depozita.<\/li>\n<li>Zajam\u010deni model: Prejmite vsaj to, kar ste rezervirali.<\/li>\n<li>Otro\u0161ki sede\u017e: Zakonska zahteva za potovanje z otroki, starimi 10 let ali manj, na krovu.<\/li>\n<li>Dodatno zavarovanje: V primeru, da je voznik v avtomobilu, ki se nahaja na sede\u017eu, v katerem se nahaja, lahko uporablja tudi dodatne storitve: Dodatno pla\u010dajte za Super CDW in Full Coverage za miren spanec.<\/li>\n<li>Kartica SIM: Vzemite jo, \u010de \u017eelite u\u017eivati v hitrem internetu.<\/li>\n<li>Dodatni voznik: Dodatni voznik: Ve\u010d radostnih kilometrov s prijateljem za volanom.<\/li>\n<li>Prenos: Poi\u0161\u010dite samodejni menjalnik za spro\u0161\u010deno vo\u017enjo.<\/li>\n<li>Neomejeno \u0161tevilo prevo\u017eenih kilometrov: Neomejeni razgledi, ki se skrivajo za pu\u0161\u010davami in morskimi pokrajinami.<\/li>\n<\/ul>\n<blockquote class=\"check\">\n<h3>RosCar Maroko najem avtomobila v podrobnostih<\/h3>\n<p>Poi\u0161\u010dite si nekaj minut za najem avtomobila v Maroku:<\/p>\n<ol>\n<li>Nastavite lokacijo prevzema in odvoza.<\/li>\n<li>Dolo\u010dite za\u010detni in kon\u010dni datum.<\/li>\n<li>Kliknite &#8220;Filtri&#8221;, da izberete \u017eelene dodatke.<\/li>\n<li>Kliknite &#8220;Ogled&#8221;, da dobite seznam.<\/li>\n<li>Rezervirajte zdaj.<\/li>\n<li>Izpolnite obrazec in pla\u010dajte zdaj.<\/li>\n<\/ol>\n<p>Ko ste na strani za prijavo, morate vnesti kartico za 20 % predpla\u010dilo. Ne skrbite, va\u0161i ban\u010dni podatki so varni.<\/p><\/blockquote>\n<h2>Stro\u0161ki najema avtomobila v Maroku<\/h2>\n<p>Tukaj je nekaj primerov, ki vam bodo pomagali razumeti ceno najema avtomobila v Maroku:<\/p>\n<ul>\n<li>$20-30 za mini ali ekonomsko vozilo<\/li>\n<li>45-55 USD za standardni ali minivan<\/li>\n<li>50-70 USD za SUV ali crossover<\/li>\n<li>od 80 USD za luksuzni avtomobil ali kabriolet.<\/li>\n<\/ul>\n<p>Lahko pa poskusite priti ceneje:<\/p>\n<ul>\n<li>Vzemite dolgoro\u010dni najem avtomobila (5 dni ali ve\u010d)<\/li>\n<li>datum za\u010detka najema dolo\u010dite za sredino tedna<\/li>\n<li>Ne primerjajte le po ceni, temve\u010d tudi po opremi<\/li>\n<li>Rezervirajte prek spleta dovolj zgodaj.<\/li>\n<\/ul>\n<p>Ve\u010d o primerjavi cen:<\/p>\n<h3>Ve\u010d informacij o primerjavi avtomobilov: Tabela s cenami za najem avtomobila v Maroku<\/h3>\n<table border=\"1\" cellspacing=\"0\" cellpadding=\"8\">\n<thead>\n<tr>\n<th>Model avtomobila<\/th>\n<th>Vrsta karoserije<\/th>\n<th>Cena na dan (izven sezone)<\/th>\n<th>Cena na dan (visoka sezona)<\/th>\n<th>Potniki<\/th>\n<th>Prostornina prtljage<\/th>\n<\/tr>\n<\/thead>\n<tbody>\n<tr>\n<td>Dacia Logan<\/td>\n<td>Sedan<\/td>\n<td>23 \u20ac<\/td>\n<td>30 \u20ac<\/td>\n<td>5<\/td>\n<td>2<\/td>\n<\/tr>\n<tr>\n<td>Kia Picanto<\/td>\n<td>Hatchback<\/td>\n<td>20 \u20ac<\/td>\n<td>28 \u20ac<\/td>\n<td>4<\/td>\n<td>1<\/td>\n<\/tr>\n<tr>\n<td>Renault Clio<\/td>\n<td>Hatchback<\/td>\n<td>25 \u20ac<\/td>\n<td>35 \u20ac<\/td>\n<td>5<\/td>\n<td>2<\/td>\n<\/tr>\n<tr>\n<td>Dacia Duster<\/td>\n<td>SUV<\/td>\n<td>35 \u20ac<\/td>\n<td>45 \u20ac<\/td>\n<td>5<\/td>\n<td>3<\/td>\n<\/tr>\n<tr>\n<td>Hyundai Tucson<\/td>\n<td>SUV<\/td>\n<td>50 \u20ac<\/td>\n<td>65 \u20ac<\/td>\n<td>5<\/td>\n<td>4<\/td>\n<\/tr>\n<tr>\n<td>Peugeot 208<\/td>\n<td>Hatchback<\/td>\n<td>22 \u20ac<\/td>\n<td>32 \u20ac<\/td>\n<td>5<\/td>\n<td>2<\/td>\n<\/tr>\n<tr>\n<td>Volkswagen Polo<\/td>\n<td>Hatchback<\/td>\n<td>26 \u20ac<\/td>\n<td>36 \u20ac<\/td>\n<td>5<\/td>\n<td>2<\/td>\n<\/tr>\n<tr>\n<td>Citro\u00ebn C-Elys\u00e9e<\/td>\n<td>Limuzina<\/td>\n<td>24 \u20ac<\/td>\n<td>34 \u20ac<\/td>\n<td>5<\/td>\n<td>3<\/td>\n<\/tr>\n<tr>\n<td>Fiat Tipo<\/td>\n<td>Limuzina<\/td>\n<td>27 \u20ac<\/td>\n<td>37 \u20ac<\/td>\n<td>5<\/td>\n<td>3<\/td>\n<\/tr>\n<tr>\n<td>Renault Captur<\/td>\n<td>Crossover<\/td>\n<td>33 \u20ac<\/td>\n<td>43 \u20ac<\/td>\n<td>5<\/td>\n<td>3<\/td>\n<\/tr>\n<\/tbody>\n<\/table>\n        <div class=\"rpc-chart\">\n            <h3>Sezonske cene najema avtomobila v Maroko<\/h3>\n            <div><p>Spodnja preglednica prikazuje analizo sprememb povpre\u010dnih cen najema avtomobila v Maroku v zadnjih treh letih. Informacije temeljijo na dejanskih rezervacijah, opravljenih prek spletnega mesta roscar.ma, ki je specializirano za najem avtomobilov brez posrednikov. Podatki zajemajo vse razrede avtomobilov (od cenovno dostopnih mestnih modelov do SUV-jev, kabrioletov in premium segmenta).<\/p>\n<p>Zaradi dolgoletnih izku\u0161enj pri delu s potniki in rednega spremljanja trga smo oblikovali objektiven pogled na sezonska nihanja cen najema. Na\u0161a analiza bo koristna za vse, ki na\u010drtujejo potovanje v Maroko: vnaprej lahko izberete obdobje, ko bo najem avtomobila najugodnej\u0161i.<\/p>\n<p>Priporo\u010damo, da uporabite preverjene informacije in prakti\u010dne nasvete podjetja RosCar Morocco, da bo va\u0161e potovanje udobno, varno in ekonomi\u010dno.<\/p>\n<\/div>\n            <div class=\"rpc-chart-bars\">\n                                    <div class=\"rpc-chart-column\">\n                        <div class=\"rpc-chart-inner\" style=\"height: 28.846153846154%\">\n                            <div class=\"rpc-chart-column-value\">15 \u20ac<\/div>\n                            <div class=\"rpc-chart-month\">JAN<\/div>\n                        <\/div>\n                    <\/div>\n                                    <div class=\"rpc-chart-column\">\n                        <div class=\"rpc-chart-inner\" style=\"height: 28.846153846154%\">\n                            <div class=\"rpc-chart-column-value\">15 \u20ac<\/div>\n                            <div class=\"rpc-chart-month\">FEB<\/div>\n                        <\/div>\n                    <\/div>\n                                    <div class=\"rpc-chart-column\">\n                        <div class=\"rpc-chart-inner\" style=\"height: 32.692307692308%\">\n                            <div class=\"rpc-chart-column-value\">17 \u20ac<\/div>\n                            <div class=\"rpc-chart-month\">MAR<\/div>\n                        <\/div>\n                    <\/div>\n                                    <div class=\"rpc-chart-column\">\n                        <div class=\"rpc-chart-inner\" style=\"height: 42.307692307692%\">\n                            <div class=\"rpc-chart-column-value\">22 \u20ac<\/div>\n                            <div class=\"rpc-chart-month\">APR<\/div>\n                        <\/div>\n                    <\/div>\n                                    <div class=\"rpc-chart-column\">\n                        <div class=\"rpc-chart-inner\" style=\"height: 32.692307692308%\">\n                            <div class=\"rpc-chart-column-value\">17 \u20ac<\/div>\n                            <div class=\"rpc-chart-month\">MAY<\/div>\n                        <\/div>\n                    <\/div>\n                                    <div class=\"rpc-chart-column\">\n                        <div class=\"rpc-chart-inner\" style=\"height: 30.769230769231%\">\n                            <div class=\"rpc-chart-column-value\">16 \u20ac<\/div>\n                            <div class=\"rpc-chart-month\">JUN<\/div>\n                        <\/div>\n                    <\/div>\n                                    <div class=\"rpc-chart-column\">\n                        <div class=\"rpc-chart-inner\" style=\"height: 55.769230769231%\">\n                            <div class=\"rpc-chart-column-value\">29 \u20ac<\/div>\n                            <div class=\"rpc-chart-month\">JUL<\/div>\n                        <\/div>\n                    <\/div>\n                                    <div class=\"rpc-chart-column\">\n                        <div class=\"rpc-chart-inner\" style=\"height: 61.538461538462%\">\n                            <div class=\"rpc-chart-column-value\">32 \u20ac<\/div>\n                            <div class=\"rpc-chart-month\">AUG<\/div>\n                        <\/div>\n                    <\/div>\n                                    <div class=\"rpc-chart-column\">\n                        <div class=\"rpc-chart-inner\" style=\"height: 38.461538461538%\">\n                            <div class=\"rpc-chart-column-value\">20 \u20ac<\/div>\n                            <div class=\"rpc-chart-month\">SEP<\/div>\n                        <\/div>\n                    <\/div>\n                                    <div class=\"rpc-chart-column\">\n                        <div class=\"rpc-chart-inner\" style=\"height: 36.538461538462%\">\n                            <div class=\"rpc-chart-column-value\">19 \u20ac<\/div>\n                            <div class=\"rpc-chart-month\">OCT<\/div>\n                        <\/div>\n                    <\/div>\n                                    <div class=\"rpc-chart-column\">\n                        <div class=\"rpc-chart-inner\" style=\"height: 32.692307692308%\">\n                            <div class=\"rpc-chart-column-value\">17 \u20ac<\/div>\n                            <div class=\"rpc-chart-month\">NOV<\/div>\n                        <\/div>\n                    <\/div>\n                                    <div class=\"rpc-chart-column\">\n                        <div class=\"rpc-chart-inner\" style=\"height: 44.230769230769%\">\n                            <div class=\"rpc-chart-column-value\">23 \u20ac<\/div>\n                            <div class=\"rpc-chart-month\">DEC<\/div>\n                        <\/div>\n                    <\/div>\n                            <\/div>\n        <\/div>\n        \n<h2>Najem Avtomobila Maroko: Dokumenti:<\/h2>\n<p>Ali ste starej\u0161i od 21 (ali 25) let in imate nekaj vozni\u0161kih izku\u0161enj? Potem za najem avtomobila v Maroku potrebujete le tri dokumente:<\/p>\n<ol>\n<li>Potni list<\/li>\n<li>vozni\u0161ko dovoljenje<\/li>\n<li>kreditno kartico (neobvezno).<\/li>\n<\/ol>\n<p>Potrebujete tudi kupon (potrdilo o rezervaciji), vendar ga boste prejeli takoj po potrditvi rezervacije.<\/p>\n","protected":false},"excerpt":{"rendered":"<p>Najem Avtomobila Maroko od RosCar Tiso\u010dletna zgodovina in starodavne arabske tradicije kot magnet privla\u010dijo milijone turistov. Tu lahko najdete zvoke velike Sahare in Atlantskega oceana ter sodobne in prazgodovinske kulture, poleg odli\u010dnih pogojev za vse vrste potovanj. Toda ali moram v Maroku najeti avto? To morda ni edina mo\u017enost, ki je na voljo, vendar ima [&hellip;]<\/p>\n","protected":false},"author":1,"featured_media":130,"parent":0,"menu_order":0,"comment_status":"closed","ping_status":"closed","template":"","meta":{"footnotes":""},"class_list":["post-1085","page","type-page","status-publish","has-post-thumbnail",""],"_links":{"self":[{"href":"https:\/\/roscar.ma\/sl\/wp-json\/wp\/v2\/pages\/1085","targetHints":{"allow":["GET"]}}],"collection":[{"href":"https:\/\/roscar.ma\/sl\/wp-json\/wp\/v2\/pages"}],"about":[{"href":"https:\/\/roscar.ma\/sl\/wp-json\/wp\/v2\/types\/page"}],"author":[{"embeddable":true,"href":"https:\/\/roscar.ma\/sl\/wp-json\/wp\/v2\/users\/1"}],"replies":[{"embeddable":true,"href":"https:\/\/roscar.ma\/sl\/wp-json\/wp\/v2\/comments?post=1085"}],"version-history":[{"count":1,"href":"https:\/\/roscar.ma\/sl\/wp-json\/wp\/v2\/pages\/1085\/revisions"}],"predecessor-version":[{"id":1086,"href":"https:\/\/roscar.ma\/sl\/wp-json\/wp\/v2\/pages\/1085\/revisions\/1086"}],"wp:featuredmedia":[{"embeddable":true,"href":"https:\/\/roscar.ma\/sl\/wp-json\/wp\/v2\/media\/130"}],"wp:attachment":[{"href":"https:\/\/roscar.ma\/sl\/wp-json\/wp\/v2\/media?parent=1085"}],"curies":[{"name":"wp","href":"https:\/\/api.w.org\/{rel}","templated":true}]}}