{"id":2533,"date":"2025-07-17T11:33:38","date_gmt":"2025-07-17T11:33:38","guid":{"rendered":"https:\/\/roscar.ma\/?page_id=2533"},"modified":"2025-07-26T19:48:14","modified_gmt":"2025-07-26T19:48:14","slug":"pozicovna-aut-tangier","status":"publish","type":"page","link":"https:\/\/roscar.ma\/sk\/pozicovna-aut-tangier\/","title":{"rendered":"Po\u017ei\u010dov\u0148a \u00c1ut Tangier"},"content":{"rendered":"<h2>Po\u017ei\u010dov\u0148a \u00c1ut Tangier od RosCar<\/h2>\n<p>Severn\u00e9 Maroko je miestom, kde sa stret\u00e1vaj\u00fa dva kontinenty (Eur\u00f3pa a Afrika), kde je tepl\u00e9 podnebie 365 dn\u00ed v roku a v\u017edy jasn\u00e9 spomienky. Tu si m\u00f4\u017eete prenaja\u0165 auto v Tangeri a posun\u00fa\u0165 svoj v\u00fdlet na \u00faplne nov\u00fa \u00farove\u0148:<\/p>\n<ul>\n<li>menej v\u00fddavkov na verejn\u00fa dopravu alebo tax\u00edky<\/li>\n<li>Sloboda pohybu, kedyko\u013evek budete chcie\u0165<\/li>\n<li>Jednoduch\u00e9 vyzdvihnutie a rezerv\u00e1cia 24\/7<\/li>\n<li>Lacn\u00e9 ceny s vysokou kvalitou.<\/li>\n<\/ul>\n<p>St\u00e1le h\u013ead\u00e1te najlep\u0161iu hodnotu za ka\u017ed\u00fd utraten\u00fd dol\u00e1r? Potom si vyh\u013eadajte vozidlo na RosCar, rezervujte si ho a pou\u017eite kartu na potvrdenie (a\u017e do v\u00fd\u0161ky 20 % sumy). \u00c1no, je to tak\u00e9 jednoduch\u00e9.<\/p>\n<h2>Po\u017ei\u010dov\u0148a \u00c1ut Tangier: Sprievodca<\/h2>\n<p>V\u00fdber spr\u00e1vneho pren\u00e1jmu auta Tangier sa nemus\u00ed zda\u0165 ako jednoduch\u00e1 \u00faloha, ak vezmeme do \u00favahy v\u00e1\u0161 rozpo\u010det, \u0161t\u00fdl cestovania a potreby. Sta\u010dia v\u0161ak dva kroky, aby ste sa dostali tam, kam chcete.<\/p>\n<h3>1. Typ vozidla<\/h3>\n<p>Malo by by\u0165 priestrann\u00e9 alebo kompaktn\u00e9, lacn\u00e9 alebo drah\u00e9? Pomocou filtrov si vyberte to svoje:<\/p>\n<ul>\n<li>\u00dasporn\u00e9 vozidlo<\/li>\n<li>Kompaktn\u00e9 vozidlo<\/li>\n<li>SUV alebo crossover<\/li>\n<li>Mini automobil<\/li>\n<li>\u0160tandardn\u00e9 vozidlo<\/li>\n<li>Luxusn\u00fd automobil<\/li>\n<li>Kabriolet<\/li>\n<li>Dod\u00e1vka, minivan a \u010fal\u0161ie.<\/li>\n<\/ul>\n<h3>2. \u010eal\u0161ie slu\u017eby<\/h3>\n<p>Toto m\u00f4\u017ee by\u0165 najjednoduch\u0161\u00ed a cenovo najdostupnej\u0161\u00ed sp\u00f4sob, ako zlep\u0161i\u0165 kvalitu va\u0161ich ciest v\u010faka nasleduj\u00facim funkci\u00e1m:<\/p>\n<ul>\n<li>Bezplatn\u00e9 zru\u0161enie: T\u00fato mo\u017enos\u0165 je mo\u017en\u00e9 vyu\u017ei\u0165 len 48 hod\u00edn pred d\u00e1tumom za\u010diatku.<\/li>\n<li>Bez kreditnej karty: V\u017edy je k dispoz\u00edcii dostatok vozidiel na v\u00fdber.<\/li>\n<li>SIM karta: V pr\u00edpade, \u017ee sa v\u00e1m nepodar\u00ed z\u00edska\u0165 vozidlo, m\u00f4\u017eete si ho zak\u00fapi\u0165: Ka\u017ed\u00fd potrebuje na cest\u00e1ch r\u00fdchly internet alebo hovory.<\/li>\n<li>\u010eal\u0161\u00ed vodi\u010d: V\u017edy je dobr\u00e9 ma\u0165 niekoho, kto je pripraven\u00fd \u0161of\u00e9rova\u0165 za v\u00e1s.<\/li>\n<li>Neobmedzen\u00fd po\u010det kilometrov: Skvel\u00fd doplnok k lacn\u00e9mu pren\u00e1jmu auta v Tangeri.<\/li>\n<li>\u017diadna kaucia: M\u00f4\u017ee by\u0165 o 10-15 % drah\u0161\u00ed, ale je bez blokovania z\u00e1lohy na kreditn\u00fdch kart\u00e1ch.<\/li>\n<li>Detsk\u00e1 seda\u010dka: Deti do 10 rokov sa m\u00f4\u017eu prepravova\u0165 len v detskej seda\u010dke (zadn\u00fd rad).<\/li>\n<li>Doplnkov\u00e9 poistenie: S poisten\u00edm SuperCDW alebo Full Coverage sa nemus\u00edte ob\u00e1va\u0165 o finan\u010dn\u00fa slobodu.<\/li>\n<li>Zaru\u010den\u00fd model: V pr\u00edpade, \u017ee sa v\u00e1m nepodar\u00ed dosiahnu\u0165 po\u017eadovan\u00fd v\u00fdsledok, m\u00f4\u017eete si vybra\u0165 z viacer\u00fdch modelov: Rezervovali ste si Toyotu Corolla? Dostanete presne tak\u00fa Toyotu Corolla.<\/li>\n<li>Prevodovka: V pr\u00edpade, \u017ee sa v\u00e1m podar\u00ed z\u00edska\u0165 vozidlo Toyota Corolla, m\u00f4\u017eete si vybra\u0165 z viacer\u00fdch modelov: Manu\u00e1lna vs. automatick\u00e1 prevodovka. Lacn\u00e1 vs. pohodln\u00e1.<\/li>\n<\/ul>\n<blockquote class=\"info\">\n<h2>Pren\u00e1jom vozidiel v Tangeri: Rezerv\u00e1cia<\/h2>\n<p>M\u00e1te p\u00e4\u0165 min\u00fat? Potom si m\u00f4\u017eete prenaja\u0165 ak\u00e9ko\u013evek vozidlo na RosCar t\u00fdmto sp\u00f4sobom:<\/p>\n<ol>\n<li>Zadajte d\u00e1tumy za\u010diatku a konca, ako aj miesta.<\/li>\n<li>Prejdite na filtre a kliknite na tie, ktor\u00e9 pova\u017eujete za \u017eiaduce. Z\u00edskajte zoznam.<\/li>\n<li>Vyberte si vozidlo cez Book Now.<\/li>\n<li>Vo formul\u00e1ri vyberte typ platby, poistenie a doplnkov\u00e9 funkcie.<\/li>\n<li>Pridajte \u010fal\u0161ie inform\u00e1cie a potvr\u010fte.<\/li>\n<li>Zapla\u0165te.<\/li>\n<\/ol>\n<p>Pren\u00e1jom auta Tangier si m\u00f4\u017ee rezervova\u0165 ka\u017ed\u00fd, kto m\u00e1 vodi\u010dsk\u00fd preukaz (star\u0161\u00ed ako 21 rokov) a bankov\u00fa kartu (a\u017e do v\u00fd\u0161ky 20 % na potvrdenie platby). Zvy\u0161n\u00fdch 80 % sa plat\u00ed na mieste, a to ak\u00fdmko\u013evek sp\u00f4sobom, ktor\u00fd ste uviedli vo formul\u00e1ri.<\/p><\/blockquote>\n<h2>Po\u017ei\u010dov\u0148a \u00c1ut Tangier cena<\/h2>\n<p>V tejto \u010dasti Maroka m\u00f4\u017eete n\u00e1js\u0165 pomerne n\u00edzke ceny za pren\u00e1jom auta v Tangeri:<\/p>\n<ul>\n<li>$15-20 za ekonomick\u00fa triedu alebo Mini<\/li>\n<li>25-30 USD za \u0161tandardn\u00e9<\/li>\n<li>35-50 USD za minivan, SUV, 4&#215;4 alebo crossover<\/li>\n<li>viac ako 60 USD za luxusn\u00e9 vozidlo alebo kabriolet.<\/li>\n<\/ul>\n<p>Uprostred turistickej sez\u00f3ny sa ceny m\u00f4\u017eu zv\u00fd\u0161i\u0165 a\u017e o 60 %, pr\u00edpadne aj viac. Preto by ste mali vzia\u0165 do \u00favahy nasleduj\u00face \u017eivotn\u00e9 n\u00e1vody na zn\u00ed\u017eenie n\u00e1kladov:<\/p>\n<ul>\n<li>Rezervujte si \u010do najsk\u00f4r<\/li>\n<li>Vyberte si typ vozidla, ktor\u00fd neohroz\u00ed v\u00e1\u0161 rozpo\u010det<\/li>\n<li>H\u013eadajte bezplatn\u00e9 funkcie (bez z\u00e1lohy, bez kreditnej karty, neobmedzen\u00fd po\u010det kilometrov at\u010f.)<\/li>\n<li>Ur\u010dite si d\u00e1tum za\u010diatku na polovicu t\u00fd\u017ed\u0148a.<\/li>\n<\/ul>\n<p>Mali by ste tie\u017e porovna\u0165 cenu:<\/p>\n<h3>Tabu\u013eka s cenami za pren\u00e1jom auta v Tangier, Maroko<\/h3>\n<table>\n<thead>\n<tr>\n<th>Model vozidla<\/th>\n<th>Typ karos\u00e9rie<\/th>\n<th>Cena za de\u0148 (mimo sez\u00f3ny)<\/th>\n<th>Cena za de\u0148 (hlavn\u00e1 sez\u00f3na)<\/th>\n<th>Po\u010det cestuj\u00facich<\/th>\n<th>Kapacita bato\u017einy<\/th>\n<\/tr>\n<\/thead>\n<tbody>\n<tr>\n<td>Fiat Panda<\/td>\n<td>Hatchback<\/td>\n<td>20 \u20ac<\/td>\n<td>27 \u20ac<\/td>\n<td>4<\/td>\n<td>1<\/td>\n<\/tr>\n<tr>\n<td>Kia Picanto<\/td>\n<td>Hatchback<\/td>\n<td>22 \u20ac<\/td>\n<td>29 \u20ac<\/td>\n<td>4<\/td>\n<td>1<\/td>\n<\/tr>\n<tr>\n<td>Dacia Logan<\/td>\n<td>Sedan<\/td>\n<td>24 \u20ac<\/td>\n<td>32 \u20ac<\/td>\n<td>5<\/td>\n<td>2<\/td>\n<\/tr>\n<tr>\n<td>Peugeot 208<\/td>\n<td>Hatchback<\/td>\n<td>26 \u20ac<\/td>\n<td>35 \u20ac<\/td>\n<td>5<\/td>\n<td>2<\/td>\n<\/tr>\n<tr>\n<td>Renault Clio<\/td>\n<td>Hatchback<\/td>\n<td>27 \u20ac<\/td>\n<td>36 \u20ac<\/td>\n<td>5<\/td>\n<td>2<\/td>\n<\/tr>\n<tr>\n<td>Citro\u00ebn C-Elys\u00e9e<\/td>\n<td>Sedan<\/td>\n<td>29 \u20ac<\/td>\n<td>39 \u20ac<\/td>\n<td>5<\/td>\n<td>3<\/td>\n<\/tr>\n<tr>\n<td>Hyundai i20<\/td>\n<td>Hatchback<\/td>\n<td>28 \u20ac<\/td>\n<td>38 \u20ac<\/td>\n<td>5<\/td>\n<td>2<\/td>\n<\/tr>\n<tr>\n<td>Dacia Duster<\/td>\n<td>SUV<\/td>\n<td>38 \u20ac<\/td>\n<td>49 \u20ac<\/td>\n<td>5<\/td>\n<td>3<\/td>\n<\/tr>\n<tr>\n<td>Renault Kadjar<\/td>\n<td>SUV<\/td>\n<td>50 \u20ac<\/td>\n<td>62 \u20ac<\/td>\n<td>5<\/td>\n<td>4<\/td>\n<\/tr>\n<tr>\n<td>Peugeot 3008<\/td>\n<td>SUV<\/td>\n<td>55 \u20ac<\/td>\n<td>70 \u20ac<\/td>\n<td>5<\/td>\n<td>4<\/td>\n<\/tr>\n<\/tbody>\n<\/table>\n        <div class=\"rpc-chart\">\n            <h3>Ako sa menia ceny pren\u00e1jmu \u00e1ut v Tangier: preh\u013ead na z\u00e1klade re\u00e1lnych rezerv\u00e1ci\u00ed<\/h3>\n            <div><p>Po\u010das posledn\u00fdch troch rokov roscar.ma monitoroval ceny pren\u00e1jmu \u00e1ut v Tangeri. V\u0161etky tu uveden\u00e9 \u00fadaje s\u00fa zalo\u017een\u00e9 na skuto\u010dn\u00fdch rezerv\u00e1ci\u00e1ch, \u010do n\u00e1m umo\u017e\u0148uje vytvori\u0165 si spo\u013eahliv\u00fd obraz o sez\u00f3nnych v\u00fdkyvoch cien pren\u00e1jmu.<\/p>\n<p>Anal\u00fdza zah\u0155\u0148a r\u00f4zne kateg\u00f3rie vozidiel - od kompaktn\u00fdch modelov a\u017e po SUV, kabriolety a pr\u00e9miov\u00e9 vozidl\u00e1. To n\u00e1m umo\u017e\u0148uje zisti\u0165, ako turistick\u00e1 aktivita a ro\u010dn\u00e9 obdobie ovplyv\u0148uj\u00fa ceny.<\/p>\n<p>\u0160pecialisti RosCar Maroko maj\u00fa bohat\u00e9 sk\u00fasenosti so slu\u017ebami z\u00e1kazn\u00edkom v Maroku a pon\u00fakaj\u00fa overen\u00e9 inform\u00e1cie, ktor\u00e9 bud\u00fa u\u017eito\u010dn\u00e9 pre ka\u017ed\u00e9ho, kto pl\u00e1nuje cestu do Tangeru a chce efekt\u00edvne pl\u00e1nova\u0165 svoje n\u00e1klady na dopravu.<\/p>\n<\/div>\n            <div class=\"rpc-chart-bars\">\n                                    <div class=\"rpc-chart-column\">\n                        <div class=\"rpc-chart-inner\" style=\"height: 24.528301886792%\">\n                            <div class=\"rpc-chart-column-value\">13 \u20ac<\/div>\n                            <div class=\"rpc-chart-month\">JAN<\/div>\n                        <\/div>\n                    <\/div>\n                                    <div class=\"rpc-chart-column\">\n                        <div class=\"rpc-chart-inner\" style=\"height: 26.415094339623%\">\n                            <div class=\"rpc-chart-column-value\">14 \u20ac<\/div>\n                            <div class=\"rpc-chart-month\">FEB<\/div>\n                        <\/div>\n                    <\/div>\n                                    <div class=\"rpc-chart-column\">\n                        <div class=\"rpc-chart-inner\" style=\"height: 28.301886792453%\">\n                            <div class=\"rpc-chart-column-value\">15 \u20ac<\/div>\n                            <div class=\"rpc-chart-month\">MAR<\/div>\n                        <\/div>\n                    <\/div>\n                                    <div class=\"rpc-chart-column\">\n                        <div class=\"rpc-chart-inner\" style=\"height: 45.283018867925%\">\n                            <div class=\"rpc-chart-column-value\">24 \u20ac<\/div>\n                            <div class=\"rpc-chart-month\">APR<\/div>\n                        <\/div>\n                    <\/div>\n                                    <div class=\"rpc-chart-column\">\n                        <div class=\"rpc-chart-inner\" style=\"height: 32.075471698113%\">\n                            <div class=\"rpc-chart-column-value\">17 \u20ac<\/div>\n                            <div class=\"rpc-chart-month\">MAY<\/div>\n                        <\/div>\n                    <\/div>\n                                    <div class=\"rpc-chart-column\">\n                        <div class=\"rpc-chart-inner\" style=\"height: 30.188679245283%\">\n                            <div class=\"rpc-chart-column-value\">16 \u20ac<\/div>\n                            <div class=\"rpc-chart-month\">JUN<\/div>\n                        <\/div>\n                    <\/div>\n                                    <div class=\"rpc-chart-column\">\n                        <div class=\"rpc-chart-inner\" style=\"height: 52.830188679245%\">\n                            <div class=\"rpc-chart-column-value\">28 \u20ac<\/div>\n                            <div class=\"rpc-chart-month\">JUL<\/div>\n                        <\/div>\n                    <\/div>\n                                    <div class=\"rpc-chart-column\">\n                        <div class=\"rpc-chart-inner\" style=\"height: 62.264150943396%\">\n                            <div class=\"rpc-chart-column-value\">33 \u20ac<\/div>\n                            <div class=\"rpc-chart-month\">AUG<\/div>\n                        <\/div>\n                    <\/div>\n                                    <div class=\"rpc-chart-column\">\n                        <div class=\"rpc-chart-inner\" style=\"height: 39.622641509434%\">\n                            <div class=\"rpc-chart-column-value\">21 \u20ac<\/div>\n                            <div class=\"rpc-chart-month\">SEP<\/div>\n                        <\/div>\n                    <\/div>\n                                    <div class=\"rpc-chart-column\">\n                        <div class=\"rpc-chart-inner\" style=\"height: 35.849056603774%\">\n                            <div class=\"rpc-chart-column-value\">19 \u20ac<\/div>\n                            <div class=\"rpc-chart-month\">OCT<\/div>\n                        <\/div>\n                    <\/div>\n                                    <div class=\"rpc-chart-column\">\n                        <div class=\"rpc-chart-inner\" style=\"height: 32.075471698113%\">\n                            <div class=\"rpc-chart-column-value\">17 \u20ac<\/div>\n                            <div class=\"rpc-chart-month\">NOV<\/div>\n                        <\/div>\n                    <\/div>\n                                    <div class=\"rpc-chart-column\">\n                        <div class=\"rpc-chart-inner\" style=\"height: 41.509433962264%\">\n                            <div class=\"rpc-chart-column-value\">22 \u20ac<\/div>\n                            <div class=\"rpc-chart-month\">DEC<\/div>\n                        <\/div>\n                    <\/div>\n                            <\/div>\n        <\/div>\n        \n<h2>Pren\u00e1jom auta v Tangeri: Dokumenty<\/h2>\n<p>Maroko je otvoren\u00e1 krajina, ktor\u00e1 je pr\u00edstupn\u00e1 turistom z cel\u00e9ho sveta. Preto sa pri pren\u00e1jme vy\u017eaduj\u00fa len \u0161tandardn\u00e9 doklady:<\/p>\n<ol>\n<li>Vodi\u010dsk\u00fd preukaz (vy\u017eaduje sa 2-ro\u010dn\u00e1 prax)<\/li>\n<li>Cestovn\u00fd pas alebo ob\u010diansky preukaz<\/li>\n<li>Voucher alebo rezerva\u010dn\u00fd certifik\u00e1t<\/li>\n<li>Kreditn\u00e1 karta (nepovinn\u00e9).<\/li>\n<\/ol>\n","protected":false},"excerpt":{"rendered":"<p>Po\u017ei\u010dov\u0148a \u00c1ut Tangier od RosCar Severn\u00e9 Maroko je miestom, kde sa stret\u00e1vaj\u00fa dva kontinenty (Eur\u00f3pa a Afrika), kde je tepl\u00e9 podnebie 365 dn\u00ed v roku a v\u017edy jasn\u00e9 spomienky. Tu si m\u00f4\u017eete prenaja\u0165 auto v Tangeri a posun\u00fa\u0165 svoj v\u00fdlet na \u00faplne nov\u00fa \u00farove\u0148: menej v\u00fddavkov na verejn\u00fa dopravu alebo tax\u00edky Sloboda pohybu, kedyko\u013evek budete [&hellip;]<\/p>\n","protected":false},"author":1,"featured_media":293,"parent":0,"menu_order":0,"comment_status":"closed","ping_status":"closed","template":"","meta":{"footnotes":""},"class_list":["post-2533","page","type-page","status-publish","has-post-thumbnail",""],"_links":{"self":[{"href":"https:\/\/roscar.ma\/sk\/wp-json\/wp\/v2\/pages\/2533","targetHints":{"allow":["GET"]}}],"collection":[{"href":"https:\/\/roscar.ma\/sk\/wp-json\/wp\/v2\/pages"}],"about":[{"href":"https:\/\/roscar.ma\/sk\/wp-json\/wp\/v2\/types\/page"}],"author":[{"embeddable":true,"href":"https:\/\/roscar.ma\/sk\/wp-json\/wp\/v2\/users\/1"}],"replies":[{"embeddable":true,"href":"https:\/\/roscar.ma\/sk\/wp-json\/wp\/v2\/comments?post=2533"}],"version-history":[{"count":2,"href":"https:\/\/roscar.ma\/sk\/wp-json\/wp\/v2\/pages\/2533\/revisions"}],"predecessor-version":[{"id":2535,"href":"https:\/\/roscar.ma\/sk\/wp-json\/wp\/v2\/pages\/2533\/revisions\/2535"}],"wp:featuredmedia":[{"embeddable":true,"href":"https:\/\/roscar.ma\/sk\/wp-json\/wp\/v2\/media\/293"}],"wp:attachment":[{"href":"https:\/\/roscar.ma\/sk\/wp-json\/wp\/v2\/media?parent=2533"}],"curies":[{"name":"wp","href":"https:\/\/api.w.org\/{rel}","templated":true}]}}