{"id":2168,"date":"2025-07-17T11:30:24","date_gmt":"2025-07-17T11:30:24","guid":{"rendered":"https:\/\/roscar.ma\/?page_id=2168"},"modified":"2025-07-26T12:13:09","modified_gmt":"2025-07-26T12:13:09","slug":"pozicovna-aut-agadir","status":"publish","type":"page","link":"https:\/\/roscar.ma\/sk\/pozicovna-aut-agadir\/","title":{"rendered":"Po\u017ei\u010dov\u0148a \u00c1ut Agadir"},"content":{"rendered":"<h2>Po\u017ei\u010dov\u0148a \u00c1ut Agadir od RosCar<\/h2>\n<p>Maroko je krajina s jedine\u010dnou atmosf\u00e9rou, \u017eivou krajinou a desiatkami n\u00e1dhern\u00fdch pobre\u017en\u00fdch letov\u00edsk. Je to ide\u00e1lne miesto pre t\u00fdch, ktor\u00ed h\u013eadaj\u00fa nie\u010do viac ne\u017e len oddych na pl\u00e1\u017ei. A ak chcete zo svojej cesty vy\u0165a\u017ei\u0165 maximum a nas\u00fdti\u0165 sa \u017eiv\u00fdmi z\u00e1\u017eitkami, existuje len jeden sp\u00f4sob: pren\u00e1jom auta Agadir. Ste pripraven\u00ed si ho zaobstara\u0165? Potom si ho teraz rezervujte u RosCar a budete m\u00f4c\u0165:<\/p>\n<ul>\n<li>Vybra\u0165 si najlep\u0161ie ponuky s v\u00fdhodn\u00fdmi podmienkami<\/li>\n<li>Vybavi\u0165 sa \u010fal\u0161\u00edmi mo\u017enos\u0165ami, ktor\u00e9 v\u00e1m zlep\u0161ia a u\u013eah\u010dia \u017eivot<\/li>\n<li>Pohybova\u0165 sa po svojej jedine\u010dnej ceste bez toho, aby ste boli viazan\u00ed na rozvrh niekoho in\u00e9ho<\/li>\n<li>Vyu\u017ei\u0165 n\u00edzke ceny za dlhodob\u00fd pren\u00e1jom vozidla.<\/li>\n<\/ul>\n<h2>Po\u017ei\u010dov\u0148a \u00c1ut Agadir: Sprievodca<\/h2>\n<p>Predt\u00fdm, ako stla\u010d\u00edte tla\u010didlo &#8222;Rezervova\u0165 teraz&#8220;, odpor\u00fa\u010dame v\u00e1m pre\u010d\u00edta\u0165 si kr\u00e1tky \u00favod. Toto je cesta tis\u00edcov akt\u00edvnych cestovate\u013eov z cel\u00e9ho sveta, ktor\u00e1 v\u00e1m umo\u017en\u00ed vzia\u0165 si to, \u010do nebudete \u013eutova\u0165.<\/p>\n<h3>1. Vyberte si typ vozidla, ktor\u00fd vyhovuje v\u00e1\u0161mu rozpo\u010dtu a cie\u013eom<\/h3>\n<p>Lacn\u00fd pren\u00e1jom auta v Agadire je k dispoz\u00edcii len t\u00fdm, ktor\u00ed si vyber\u00fa spr\u00e1vny typ:<\/p>\n<ul>\n<li>\u0160tandardn\u00e9 auto (Najpred\u00e1vanej\u0161ie v Maroku)<\/li>\n<li>Crossover alebo SUV<\/li>\n<li>Mini auto alebo ekonomick\u00e9 auto<\/li>\n<li>Minivan alebo dod\u00e1vka<\/li>\n<li>Kabriolet, Luxusn\u00e9 alebo in\u00e9.<\/li>\n<\/ul>\n<h3>2. \u010co \u010fal\u0161ie slu\u017eby?<\/h3>\n<p>Toto je \u010das\u0165 rezerv\u00e1cie, ktor\u00fa mnoh\u00ed turisti \u010dasto vynech\u00e1vaj\u00fa, ale potom \u013eutuj\u00fa, \u017ee jej nevenovali v\u00e4\u010d\u0161iu pozornos\u0165. Mo\u017eno sa tu nach\u00e1dza nie\u010do, v\u010faka \u010domu bude v\u00e1\u0161 pren\u00e1jom auta v Agadire lep\u0161\u00ed:<\/p>\n<ul>\n<li>Doplnkov\u00e9 poistenie: Finan\u010dn\u00e9 rizik\u00e1 bud\u00fa ni\u017e\u0161ie, ak ste si zaplatili za roz\u0161\u00edrenie poistenia na Full Coverage alebo SuperCDW.<\/li>\n<li>Bezplatn\u00e9 zru\u0161enie rezerv\u00e1cie: V pr\u00edpade, \u017ee si nie ste stopercentne ist\u00ed svojimi pl\u00e1nmi.<\/li>\n<li>Neobmedzen\u00fd po\u010det kilometrov: Nulov\u00e9 poplatky za nekone\u010dn\u00e9 mo\u017enosti cestovania.<\/li>\n<li>\u017diadny vklad: Vyzkou\u0161ajte bez z\u00e1lohov\u00fdch blok\u00e1ci\u00ed na kreditn\u00fdch kart\u00e1ch: Nemus\u00edte zni\u017eova\u0165 svoj rozpo\u010det.<\/li>\n<li>Zaru\u010den\u00fd model: Rovnak\u00e9 vozidlo bude rezervovan\u00e9 bez v\u00fdnimky.<\/li>\n<li>Prevodovka: Prevodovka je v ponuke pre v\u0161etky typy vozidiel, ktor\u00e9 s\u00fa v ponuke pre v\u0161etky typy vozidiel: Nebudete prekvapen\u00ed, ke\u010f sa dozviete, \u017ee odpor\u00fa\u010dame automatick\u00fa prevodovku.<\/li>\n<li>\u017diadna kreditn\u00e1 karta: Mnoho dobr\u00fdch vozidiel je k dispoz\u00edcii s touto bezplatnou funkciou.<\/li>\n<li>SIM karta: V pr\u00edpade, \u017ee sa v\u00e1m nepodar\u00ed z\u00edska\u0165 kreditn\u00fa kartu, m\u00f4\u017eete si ju zak\u00fapi\u0165: Cestovanie v roku 2025 nie je mo\u017en\u00e9 bez stabiln\u00e9ho a lacn\u00e9ho internetov\u00e9ho pripojenia.<\/li>\n<li>\u010eal\u0161\u00ed vodi\u010d: Vyberte t\u00fato mo\u017enos\u0165, ak chcete necha\u0165 na ceste \u0161of\u00e9rova\u0165 priate\u013ea.<\/li>\n<li>Detsk\u00e1 seda\u010dka: Deti do 10 rokov musia by\u0165 v Maroku v detskej seda\u010dke.<\/li>\n<\/ul>\n<blockquote class=\"check\">\n<h2>Pren\u00e1jom auta v Agadire: Rezerv\u00e1cia<\/h2>\n<p>M\u00e1te vodi\u010dsk\u00fd preukaz a ste star\u0161\u00ed ako 21 rokov? Potom si cho\u010fte prenaja\u0165 auto Agadir \u010do najsk\u00f4r:<\/p>\n<ol>\n<li>Zadajte miesta a d\u00e1tumy.<\/li>\n<li>Prejdite na filtre a prisp\u00f4sobte si vyh\u013ead\u00e1vanie.<\/li>\n<li>Na\u0161li ste v zozname po\u017eadovan\u00e9 vozidlo? Rezervujte teraz.<\/li>\n<li>Pridajte \u010fal\u0161ie slu\u017eby alebo typ poistenia (ak potrebujete roz\u0161\u00edrenie).<\/li>\n<li>Vypl\u0148te \u00fadaje o vodi\u010dovi.<\/li>\n<li>Potvr\u010fte.<\/li>\n<\/ol>\n<p>Potvrdenie rezerv\u00e1cie na RosCar sa vykon\u00e1va prostredn\u00edctvom bankovej karty, ktor\u00e1 vy\u017eaduje pribli\u017ene p\u00e4tinu platby za pren\u00e1jom. Voucher (potvrdenie rezerv\u00e1cie) v\u00e1m bude zaslan\u00fd hne\u010f po prip\u00edsan\u00ed platby.<\/p><\/blockquote>\n<h2>Po\u017ei\u010dov\u0148a \u00c1ut Agadir cena<\/h2>\n<p>Cena za jeden de\u0148 jazdy prenajat\u00e9ho vozidla je:<\/p>\n<ul>\n<li>15-20 USD pre ekonomick\u00fa triedu\/Mini<\/li>\n<li>25-35 USD za \u0161tandardn\u00e9\/kompaktn\u00e9<\/li>\n<li>40-60 USD za Crossover\/SUV\/Minivan<\/li>\n<li>80 USD a viac za luxusn\u00e9 vozidlo\/kabriolet.<\/li>\n<\/ul>\n<p>Ide len o pribli\u017en\u00e9 hodnoty spriemerovan\u00e9 za cel\u00fd rok. Pren\u00e1jom auta v Agadire bude lacnej\u0161\u00ed, ak:<\/p>\n<ul>\n<li>sa budete dr\u017ea\u0165 \u010falej od sez\u00f3nnych alebo pr\u00e1zdninov\u00fdch last-minute<\/li>\n<li>H\u013ead\u00e1te dlhodob\u00fd pren\u00e1jom auta<\/li>\n<li>Vyzdvihnite si auto v meste (letisko alebo transfer je drah\u0161\u00ed)<\/li>\n<li>Rezervujte si auto v\u010das (10-20 dn\u00ed pred za\u010diatkom).<\/li>\n<\/ul>\n<p>Odpor\u00fa\u010dame tie\u017e porovna\u0165 ceny:<\/p>\n<h3>Tabu\u013eka s cenami za pren\u00e1jom auta v Agadir, Maroko<\/h3>\n<table border=\"1\" cellspacing=\"0\" cellpadding=\"0\">\n<thead>\n<tr>\n<th>Model auta<\/th>\n<th>Typ karos\u00e9rie<\/th>\n<th>Cena za de\u0148 (mimo sez\u00f3ny)<\/th>\n<th>Cena za de\u0148 (hlavn\u00e1 sez\u00f3na)<\/th>\n<th>Po\u010det cestuj\u00facich<\/th>\n<th>Kapacita bato\u017einy<\/th>\n<\/tr>\n<\/thead>\n<tbody>\n<tr>\n<td>Fiat Panda<\/td>\n<td>Hatchback<\/td>\n<td>19 \u20ac<\/td>\n<td>25 \u20ac<\/td>\n<td>4<\/td>\n<td>1<\/td>\n<\/tr>\n<tr>\n<td>Kia Picanto<\/td>\n<td>Hatchback<\/td>\n<td>21 \u20ac<\/td>\n<td>28 \u20ac<\/td>\n<td>4<\/td>\n<td>1<\/td>\n<\/tr>\n<tr>\n<td>Dacia Logan<\/td>\n<td>Sedan<\/td>\n<td>23 \u20ac<\/td>\n<td>31 \u20ac<\/td>\n<td>5<\/td>\n<td>2<\/td>\n<\/tr>\n<tr>\n<td>Hyundai i20<\/td>\n<td>Hatchback<\/td>\n<td>25 \u20ac<\/td>\n<td>34 \u20ac<\/td>\n<td>5<\/td>\n<td>2<\/td>\n<\/tr>\n<tr>\n<td>Peugeot 208<\/td>\n<td>Hatchback<\/td>\n<td>26 \u20ac<\/td>\n<td>35 \u20ac<\/td>\n<td>5<\/td>\n<td>2<\/td>\n<\/tr>\n<tr>\n<td>Renault Clio<\/td>\n<td>Hatchback<\/td>\n<td>27 \u20ac<\/td>\n<td>37 \u20ac<\/td>\n<td>5<\/td>\n<td>2<\/td>\n<\/tr>\n<tr>\n<td>Citro\u00ebn C-Elys\u00e9e<\/td>\n<td>Sedan<\/td>\n<td>28 \u20ac<\/td>\n<td>38 \u20ac<\/td>\n<td>5<\/td>\n<td>3<\/td>\n<\/tr>\n<tr>\n<td>Renault Captur<\/td>\n<td>Crossover<\/td>\n<td>33 \u20ac<\/td>\n<td>44 \u20ac<\/td>\n<td>5<\/td>\n<td>3<\/td>\n<\/tr>\n<tr>\n<td>Dacia Duster<\/td>\n<td>SUV<\/td>\n<td>37 \u20ac<\/td>\n<td>48 \u20ac<\/td>\n<td>5<\/td>\n<td>3<\/td>\n<\/tr>\n<tr>\n<td>Peugeot 3008<\/td>\n<td>SUV<\/td>\n<td>54 \u20ac<\/td>\n<td>68 \u20ac<\/td>\n<td>5<\/td>\n<td>4<\/td>\n<\/tr>\n<\/tbody>\n<\/table>\n        <div class=\"rpc-chart\">\n            <h3>Sez\u00f3nne zmeny cien pren\u00e1jmu \u00e1ut v Agadire: aktu\u00e1lna anal\u00fdza na z\u00e1klade rezerv\u00e1ci\u00ed<\/h3>\n            <div><p>Po\u010das posledn\u00fdch troch rokov t\u00edm roscar.ma zhroma\u017e\u010foval a analyzoval \u00fadaje o priemernej cene za pren\u00e1jom auta v Agadire. V\u0161etky v\u00fdsledky vych\u00e1dzaj\u00fa zo skuto\u010dn\u00fdch rezerv\u00e1ci\u00ed uskuto\u010dnen\u00fdch prostredn\u00edctvom platformy, ktor\u00e1 spolupracuje v\u00fdlu\u010dne s d\u00f4veryhodn\u00fdmi miestnymi partnermi.<\/p>\n<p>\u0160t\u00fadia berie do \u00favahy v\u0161etky kateg\u00f3rie \u00e1ut - od kompaktn\u00fdch mestsk\u00fdch modelov a\u017e po priestrann\u00e9 SUV, kabriolety a aut\u00e1 biznis triedy. Tento pr\u00edstup umo\u017e\u0148uje identifikova\u0165 presn\u00e9 sez\u00f3nne cenov\u00e9 trendy a poskytn\u00fa\u0165 z\u00e1kazn\u00edkom \u010do naju\u017eito\u010dnej\u0161ie inform\u00e1cie na pl\u00e1novanie ich cesty.<\/p>\n<p>\u0160pecialisti spolo\u010dnosti RosCar Maroko maj\u00fa hlbok\u00e9 znalosti o trhu s pren\u00e1jmom vozidiel v Maroku a denne pracuj\u00fa na aktualiz\u00e1cii aktu\u00e1lnych \u0161tatist\u00edk. V\u010faka tomu pou\u017e\u00edvatelia nedost\u00e1vaj\u00fa len priemern\u00e9 hodnoty, ale spo\u013eahliv\u00e9 a praktick\u00e9 inform\u00e1cie, ktor\u00e9 zodpovedaj\u00fa re\u00e1lnym podmienkam.<\/p>\n<\/div>\n            <div class=\"rpc-chart-bars\">\n                                    <div class=\"rpc-chart-column\">\n                        <div class=\"rpc-chart-inner\" style=\"height: 27.659574468085%\">\n                            <div class=\"rpc-chart-column-value\">13 \u20ac<\/div>\n                            <div class=\"rpc-chart-month\">JAN<\/div>\n                        <\/div>\n                    <\/div>\n                                    <div class=\"rpc-chart-column\">\n                        <div class=\"rpc-chart-inner\" style=\"height: 29.787234042553%\">\n                            <div class=\"rpc-chart-column-value\">14 \u20ac<\/div>\n                            <div class=\"rpc-chart-month\">FEB<\/div>\n                        <\/div>\n                    <\/div>\n                                    <div class=\"rpc-chart-column\">\n                        <div class=\"rpc-chart-inner\" style=\"height: 27.659574468085%\">\n                            <div class=\"rpc-chart-column-value\">13 \u20ac<\/div>\n                            <div class=\"rpc-chart-month\">MAR<\/div>\n                        <\/div>\n                    <\/div>\n                                    <div class=\"rpc-chart-column\">\n                        <div class=\"rpc-chart-inner\" style=\"height: 38.297872340426%\">\n                            <div class=\"rpc-chart-column-value\">18 \u20ac<\/div>\n                            <div class=\"rpc-chart-month\">APR<\/div>\n                        <\/div>\n                    <\/div>\n                                    <div class=\"rpc-chart-column\">\n                        <div class=\"rpc-chart-inner\" style=\"height: 29.787234042553%\">\n                            <div class=\"rpc-chart-column-value\">14 \u20ac<\/div>\n                            <div class=\"rpc-chart-month\">MAY<\/div>\n                        <\/div>\n                    <\/div>\n                                    <div class=\"rpc-chart-column\">\n                        <div class=\"rpc-chart-inner\" style=\"height: 27.659574468085%\">\n                            <div class=\"rpc-chart-column-value\">13 \u20ac<\/div>\n                            <div class=\"rpc-chart-month\">JUN<\/div>\n                        <\/div>\n                    <\/div>\n                                    <div class=\"rpc-chart-column\">\n                        <div class=\"rpc-chart-inner\" style=\"height: 46.808510638298%\">\n                            <div class=\"rpc-chart-column-value\">22 \u20ac<\/div>\n                            <div class=\"rpc-chart-month\">JUL<\/div>\n                        <\/div>\n                    <\/div>\n                                    <div class=\"rpc-chart-column\">\n                        <div class=\"rpc-chart-inner\" style=\"height: 57.446808510638%\">\n                            <div class=\"rpc-chart-column-value\">27 \u20ac<\/div>\n                            <div class=\"rpc-chart-month\">AUG<\/div>\n                        <\/div>\n                    <\/div>\n                                    <div class=\"rpc-chart-column\">\n                        <div class=\"rpc-chart-inner\" style=\"height: 31.914893617021%\">\n                            <div class=\"rpc-chart-column-value\">15 \u20ac<\/div>\n                            <div class=\"rpc-chart-month\">SEP<\/div>\n                        <\/div>\n                    <\/div>\n                                    <div class=\"rpc-chart-column\">\n                        <div class=\"rpc-chart-inner\" style=\"height: 38.297872340426%\">\n                            <div class=\"rpc-chart-column-value\">18 \u20ac<\/div>\n                            <div class=\"rpc-chart-month\">OCT<\/div>\n                        <\/div>\n                    <\/div>\n                                    <div class=\"rpc-chart-column\">\n                        <div class=\"rpc-chart-inner\" style=\"height: 31.914893617021%\">\n                            <div class=\"rpc-chart-column-value\">15 \u20ac<\/div>\n                            <div class=\"rpc-chart-month\">NOV<\/div>\n                        <\/div>\n                    <\/div>\n                                    <div class=\"rpc-chart-column\">\n                        <div class=\"rpc-chart-inner\" style=\"height: 40.425531914894%\">\n                            <div class=\"rpc-chart-column-value\">19 \u20ac<\/div>\n                            <div class=\"rpc-chart-month\">DEC<\/div>\n                        <\/div>\n                    <\/div>\n                            <\/div>\n        <\/div>\n        \n<h2>Pren\u00e1jom auta v Agadire: Dokumenty<\/h2>\n<p>Na pren\u00e1jom auta v Agadire sa vy\u017eaduje vek 21-25 rokov, ur\u010dit\u00e1 prax v riaden\u00ed a nasleduj\u00face doklady:<\/p>\n<ol>\n<li>Kreditn\u00e1 karta (nepovinn\u00e9)<\/li>\n<li>Cestovn\u00fd pas<\/li>\n<li>Voucher\/potvrdenie o rezerv\u00e1cii<\/li>\n<li>Vodi\u010dsk\u00fd preukaz (alebo IDP).<\/li>\n<\/ol>\n<p>Pren\u00e1jom auta Agadir je nepostr\u00e1date\u013enou slu\u017ebou pre turistov, ktor\u00ed chc\u00fa vidie\u0165 nielen Agadir, ale cel\u00e9 Maroko.<\/p>\n","protected":false},"excerpt":{"rendered":"<p>Po\u017ei\u010dov\u0148a \u00c1ut Agadir od RosCar Maroko je krajina s jedine\u010dnou atmosf\u00e9rou, \u017eivou krajinou a desiatkami n\u00e1dhern\u00fdch pobre\u017en\u00fdch letov\u00edsk. Je to ide\u00e1lne miesto pre t\u00fdch, ktor\u00ed h\u013eadaj\u00fa nie\u010do viac ne\u017e len oddych na pl\u00e1\u017ei. A ak chcete zo svojej cesty vy\u0165a\u017ei\u0165 maximum a nas\u00fdti\u0165 sa \u017eiv\u00fdmi z\u00e1\u017eitkami, existuje len jeden sp\u00f4sob: pren\u00e1jom auta Agadir. Ste pripraven\u00ed [&hellip;]<\/p>\n","protected":false},"author":1,"featured_media":803,"parent":0,"menu_order":0,"comment_status":"closed","ping_status":"closed","template":"","meta":{"footnotes":""},"class_list":["post-2168","page","type-page","status-publish","has-post-thumbnail",""],"_links":{"self":[{"href":"https:\/\/roscar.ma\/sk\/wp-json\/wp\/v2\/pages\/2168","targetHints":{"allow":["GET"]}}],"collection":[{"href":"https:\/\/roscar.ma\/sk\/wp-json\/wp\/v2\/pages"}],"about":[{"href":"https:\/\/roscar.ma\/sk\/wp-json\/wp\/v2\/types\/page"}],"author":[{"embeddable":true,"href":"https:\/\/roscar.ma\/sk\/wp-json\/wp\/v2\/users\/1"}],"replies":[{"embeddable":true,"href":"https:\/\/roscar.ma\/sk\/wp-json\/wp\/v2\/comments?post=2168"}],"version-history":[{"count":1,"href":"https:\/\/roscar.ma\/sk\/wp-json\/wp\/v2\/pages\/2168\/revisions"}],"predecessor-version":[{"id":2169,"href":"https:\/\/roscar.ma\/sk\/wp-json\/wp\/v2\/pages\/2168\/revisions\/2169"}],"wp:featuredmedia":[{"embeddable":true,"href":"https:\/\/roscar.ma\/sk\/wp-json\/wp\/v2\/media\/803"}],"wp:attachment":[{"href":"https:\/\/roscar.ma\/sk\/wp-json\/wp\/v2\/media?parent=2168"}],"curies":[{"name":"wp","href":"https:\/\/api.w.org\/{rel}","templated":true}]}}