{"id":2118,"date":"2025-07-17T11:14:56","date_gmt":"2025-07-17T11:14:56","guid":{"rendered":"https:\/\/roscar.ma\/?page_id=2118"},"modified":"2025-07-25T19:16:20","modified_gmt":"2025-07-25T19:16:20","slug":"pozicovna-aut-fez-fes","status":"publish","type":"page","link":"https:\/\/roscar.ma\/sk\/pozicovna-aut-fez-fes\/","title":{"rendered":"Po\u017ei\u010dov\u0148a \u00c1ut Fez (Fes)"},"content":{"rendered":"<h2>Po\u017ei\u010dov\u0148a \u00c1ut Fez (Fes) od RosCar<\/h2>\n<p>Takmer ka\u017ed\u00e1 krajina m\u00e1 neofici\u00e1lne hlavn\u00e9 mesto, ktor\u00e9 je centrom kult\u00farneho \u017eivota cel\u00e9ho \u0161t\u00e1tu. Chcete n\u00e1js\u0165 toto kr\u00e1sne mesto v Maroku? Potom si mus\u00edte prenaja\u0165 auto v meste Fes na:<\/p>\n<ul>\n<li>Z\u00edskajte najlep\u0161\u00ed z\u00e1\u017eitok z jazdy za n\u00edzku cenu<\/li>\n<li>Vybra\u0165 si najlep\u0161ie vozidlo s ide\u00e1lnymi doplnkami<\/li>\n<li>Posun\u00fa\u0165 svoju cestu na in\u00fa \u00farove\u0148 pohodlia<\/li>\n<li>Nenechajte sa obmedzova\u0165 v mo\u017enostiach cestovania.<\/li>\n<\/ul>\n<p>Prenajmite si auto vo Fese prostredn\u00edctvom RosCar a budete m\u00f4c\u0165 odhali\u0165 v\u0161etky tajomstv\u00e1 tohto \u00fa\u017easn\u00e9ho arabsk\u00e9ho sveta. Najsk\u00f4r si v\u0161ak pripravte kartu na potvrdenie rezerv\u00e1cie, preto\u017ee in\u00fd sp\u00f4sob, ako z\u00edska\u0165 vozidlo, neexistuje. Rezervujte teraz.<\/p>\n<h2>Po\u017ei\u010dov\u0148a \u00c1ut Fez (Fes): sprievodca<\/h2>\n<p>Niekedy aj sk\u00fasen\u00ed cestovatelia potrebuj\u00fa dobr\u00fa radu. Toto s\u00fa typy tipov, ktor\u00e9 v\u00e1m umo\u017enia zaplati\u0165 menej a z\u00edska\u0165 najlep\u0161iu hodnotu v \u010do najkrat\u0161om \u010dase.<\/p>\n<h3>Tip prv\u00fd: Pou\u017eite filtre pod\u013ea typu<\/h3>\n<p>Nestr\u00e1cajte \u010das h\u013eadan\u00edm vozidiel, o ktor\u00e9 nem\u00e1te z\u00e1ujem. Sta\u010d\u00ed si vybra\u0165 jedno:<\/p>\n<ul>\n<li>Ekonomick\u00e9<\/li>\n<li>\u0160tandard<\/li>\n<li>Mini<\/li>\n<li>Kabriolet<\/li>\n<li>SUV alebo Crossover<\/li>\n<li>Minivan alebo dod\u00e1vka<\/li>\n<li>In\u00e9.<\/li>\n<\/ul>\n<h3>Druh\u00fd tip: N\u00e1jdite doplnky<\/h3>\n<p>Nie jeden, ale tucet doplnkov m\u00f4\u017eete z\u00edska\u0165 z lacn\u00e9ho pren\u00e1jmu auta v meste Fes:<\/p>\n<ul>\n<li>Kreditn\u00e1 karta nie je potrebn\u00e1: Kreditn\u00e1 karta: Fes: ak\u00e1ko\u013evek in\u00e1 kreditn\u00e1 karta alebo hotovos\u0165 bude fungova\u0165.<\/li>\n<li>SIM karta: Budete ju potrebova\u0165, aby ste sa mohli pohybova\u0165 po mnoh\u00fdch atrakci\u00e1ch mesta Fez.<\/li>\n<li>\u010eal\u0161\u00ed vodi\u010d: Ka\u017ed\u00fd, kto sp\u013a\u0148a vekov\u00e9 po\u017eiadavky na pren\u00e1jom.<\/li>\n<li>Detsk\u00e1 seda\u010dka: Cestovanie s de\u0165mi by malo by\u0165 bezpe\u010dn\u00e9.<\/li>\n<li>Bezplatn\u00e9 zru\u0161enie rezerv\u00e1cie: Ak rezerv\u00e1ciu zru\u0161\u00edte 48 hod\u00edn vopred, n\u00e1klady v\u00e1m bud\u00fa vr\u00e1ten\u00e9.<\/li>\n<li>Neobmedzen\u00fd po\u010det kilometrov: Nekone\u010dn\u00e9 mno\u017estvo neuverite\u013enej arabskej kr\u00e1sy.<\/li>\n<li>\u017diadna z\u00e1loha: Menej stresu, ke\u010f ide o bezz\u00e1lohov\u00e9 blokovanie kreditn\u00fdch kariet.<\/li>\n<li>Zaru\u010den\u00fd model: V pr\u00edpade, \u017ee sa v\u00e1m nepodar\u00ed dosta\u0165 sa na letisko, m\u00f4\u017eete si vybra\u0165 z viacer\u00fdch modelov: Vyzdvihnutie rovnak\u00e9ho vozidla, ak\u00e9 ste si vy\u017eiadali.<\/li>\n<li>Prevodovka: Ktor\u00fa uprednost\u0148ujete, manu\u00e1lnu alebo automatick\u00fa?<\/li>\n<li>Doplnkov\u00e9 poistenie: Najlep\u0161ie mo\u017enosti roz\u0161\u00edrenia: Super CDW alebo Full Coverage.<\/li>\n<\/ul>\n<blockquote class=\"info\">\n<h2>Podrobn\u00e9 inform\u00e1cie o pren\u00e1jme vozidiel Fez<\/h2>\n<p>RosCar m\u00e1 jednoduch\u00fd postup rezerv\u00e1cie, ktor\u00fd zvl\u00e1dne ka\u017ed\u00e1 dospel\u00e1 osoba (od 21 rokov):<\/p>\n<ol>\n<li>Zadajte d\u00e1tumy a miesta.<\/li>\n<li>Prejdite na filtre, kliknite na po\u017eadovan\u00e9.<\/li>\n<li>Prejdite zoznamom a ke\u010f uvid\u00edte ten najlep\u0161\u00ed, rezervujte.<\/li>\n<li>Vyberte typ poistenia (\u0161tandardn\u00e9 alebo nad\u0161tandardn\u00e9), ako aj \u010fal\u0161ie mo\u017enosti.<\/li>\n<li>Vypl\u0148te hlavn\u00e9 \u00fadaje o vodi\u010dovi.<\/li>\n<li>Potvr\u010fte.<\/li>\n<\/ol>\n<p>Pren\u00e1jom vozidiel Fes vy\u017eaduje automatick\u00e9 potvrdenie akouko\u013evek bankovou kartou. V\u00fd\u0161ka platby sa m\u00f4\u017ee pohybova\u0165 od p\u00e4tiny a\u017e po cel\u00fa sumu pren\u00e1jmu.<\/p><\/blockquote>\n<h2>Cena za pren\u00e1jom auta Fes<\/h2>\n<p>Africk\u00e9 At\u00e9ny s\u00fa sotva lacn\u00fdm miestom na cestovanie, ale v\u017edy m\u00f4\u017eete n\u00e1js\u0165 vozidlo pre ak\u00fdko\u013evek rozpo\u010det:<\/p>\n<ul>\n<li>$20-30 za Mini alebo Economy<\/li>\n<li>30-40 USD za \u0161tandardn\u00e9<\/li>\n<li>40-55 USD za minivan, SUV alebo crossover<\/li>\n<li>viac ako 70 USD za luxusn\u00e9 vozidlo alebo kabriolet.<\/li>\n<\/ul>\n<p>Upozor\u0148ujeme, \u017ee ceny nemusia by\u0165 v\u017edy tak\u00e9, ak\u00e9 s\u00fa. Priemern\u00e1 denn\u00e1 cena sa m\u00f4\u017ee v\u00fdrazne l\u00ed\u0161i\u0165 v z\u00e1vislosti od viacer\u00fdch faktorov:<\/p>\n<ul>\n<li>D\u013a\u017eky pren\u00e1jmu<\/li>\n<li>Sp\u00f4sob vyzdvihnutia (mesto Fez alebo letisko)<\/li>\n<li>Po\u010det \u010fal\u0161\u00edch mo\u017enost\u00ed<\/li>\n<li>Pracovn\u00e9ho za\u0165a\u017eenia prev\u00e1dzkovate\u013ea.<\/li>\n<\/ul>\n<p>Tu je sp\u00f4sob, ako porovna\u0165 cenu za pren\u00e1jom auta v meste Fez:<\/p>\n<h3>Tabu\u013eka s cenami za pren\u00e1jom auta v Fes, Maroko<\/h3>\n<table border=\"1\">\n<thead>\n<tr>\n<th>Model vozidla<\/th>\n<th>Typ karos\u00e9rie<\/th>\n<th>Cena za de\u0148 (mimo sez\u00f3ny)<\/th>\n<th>Cena za de\u0148 (hlavn\u00e1 sez\u00f3na)<\/th>\n<th>Po\u010det cestuj\u00facich<\/th>\n<th>Kapacita bato\u017einy<\/th>\n<\/tr>\n<\/thead>\n<tbody>\n<tr>\n<td>Fiat Panda<\/td>\n<td>Hatchback<\/td>\n<td>19 \u20ac<\/td>\n<td>26 \u20ac<\/td>\n<td>4<\/td>\n<td>1<\/td>\n<\/tr>\n<tr>\n<td>Hyundai i10<\/td>\n<td>Hatchback<\/td>\n<td>21 \u20ac<\/td>\n<td>28 \u20ac<\/td>\n<td>4<\/td>\n<td>1<\/td>\n<\/tr>\n<tr>\n<td>Kia Picanto<\/td>\n<td>Hatchback<\/td>\n<td>22 \u20ac<\/td>\n<td>30 \u20ac<\/td>\n<td>4<\/td>\n<td>1<\/td>\n<\/tr>\n<tr>\n<td>Peugeot 208<\/td>\n<td>Hatchback<\/td>\n<td>24 \u20ac<\/td>\n<td>33 \u20ac<\/td>\n<td>5<\/td>\n<td>2<\/td>\n<\/tr>\n<tr>\n<td>Dacia Logan<\/td>\n<td>Sedan<\/td>\n<td>25 \u20ac<\/td>\n<td>34 \u20ac<\/td>\n<td>5<\/td>\n<td>2<\/td>\n<\/tr>\n<tr>\n<td>Renault Clio<\/td>\n<td>Hatchback<\/td>\n<td>27 \u20ac<\/td>\n<td>36 \u20ac<\/td>\n<td>5<\/td>\n<td>2<\/td>\n<\/tr>\n<tr>\n<td>Citro\u00ebn C-Elys\u00e9e<\/td>\n<td>Sedan<\/td>\n<td>28 \u20ac<\/td>\n<td>38 \u20ac<\/td>\n<td>5<\/td>\n<td>3<\/td>\n<\/tr>\n<tr>\n<td>Renault Captur<\/td>\n<td>Crossover<\/td>\n<td>32 \u20ac<\/td>\n<td>43 \u20ac<\/td>\n<td>5<\/td>\n<td>3<\/td>\n<\/tr>\n<tr>\n<td>Dacia Duster<\/td>\n<td>SUV<\/td>\n<td>36 \u20ac<\/td>\n<td>47 \u20ac<\/td>\n<td>5<\/td>\n<td>3<\/td>\n<\/tr>\n<tr>\n<td>Peugeot 3008<\/td>\n<td>SUV<\/td>\n<td>52 \u20ac<\/td>\n<td>66 \u20ac<\/td>\n<td>5<\/td>\n<td>4<\/td>\n<\/tr>\n<\/tbody>\n<\/table>\n        <div class=\"rpc-chart\">\n            <h3>Ako sa menia ceny za pren\u00e1jom \u00e1ut vo Fezu v z\u00e1vislosti od sez\u00f3ny: anal\u00fdza na z\u00e1klade skuto\u010dn\u00fdch rezerv\u00e1ci\u00ed<\/h3>\n            <div><p>Po\u010das nasleduj\u00facich troch rokov sme zaznamenali zmeny v priemern\u00fdch cen\u00e1ch za pren\u00e1jom \u00e1ut vo Fezu, vikoryst a skuto\u010dn\u00fdch \u00fadajoch o rezerv\u00e1ci\u00e1ch uskuto\u010dnen\u00fdch prostredn\u00edctvom platformy roscar.ma. Spolupracujeme iba s overen\u00fdmi miestnymi pren\u00e1jomn\u00fdmi spolo\u010dnos\u0165ami, \u010do zaru\u010duje preh\u013eadnos\u0165 a spo\u013eahlivos\u0165 pren\u00e1jomn\u00fdch podmienok.<\/p>\n<p>Analytika pokr\u00fdva cel\u00fd rad dopravn\u00fdch prostriedkov: od lacn\u00fdch hatchbackov na miestne doch\u00e1dzanie do pr\u00e1ce a\u017e po \u00fa\u017eitkov\u00e9 vozidl\u00e1, kabriolety a vozidl\u00e1 pr\u00e9miovej triedy. Tento pr\u00edstup umo\u017e\u0148uje identifikova\u0165 charakteristick\u00e9 sez\u00f3nne v\u00fdkyvy cien a okam\u017eite reagova\u0165 na zmeny cien.<\/p>\n<p>Prezrite si na\u0161e inform\u00e1cie a zistite, kedy je najlep\u0161\u00ed \u010das na pren\u00e1jom auta. RosCar je va\u0161\u00edm spo\u013eahliv\u00fdm pomocn\u00edkom pri pl\u00e1novan\u00ed manu\u00e1lneho a efekt\u00edvneho transferu v Maroku.<\/p>\n<\/div>\n            <div class=\"rpc-chart-bars\">\n                                    <div class=\"rpc-chart-column\">\n                        <div class=\"rpc-chart-inner\" style=\"height: 25%\">\n                            <div class=\"rpc-chart-column-value\">12 \u20ac<\/div>\n                            <div class=\"rpc-chart-month\">JAN<\/div>\n                        <\/div>\n                    <\/div>\n                                    <div class=\"rpc-chart-column\">\n                        <div class=\"rpc-chart-inner\" style=\"height: 27.083333333333%\">\n                            <div class=\"rpc-chart-column-value\">13 \u20ac<\/div>\n                            <div class=\"rpc-chart-month\">FEB<\/div>\n                        <\/div>\n                    <\/div>\n                                    <div class=\"rpc-chart-column\">\n                        <div class=\"rpc-chart-inner\" style=\"height: 29.166666666667%\">\n                            <div class=\"rpc-chart-column-value\">14 \u20ac<\/div>\n                            <div class=\"rpc-chart-month\">MAR<\/div>\n                        <\/div>\n                    <\/div>\n                                    <div class=\"rpc-chart-column\">\n                        <div class=\"rpc-chart-inner\" style=\"height: 35.416666666667%\">\n                            <div class=\"rpc-chart-column-value\">17 \u20ac<\/div>\n                            <div class=\"rpc-chart-month\">APR<\/div>\n                        <\/div>\n                    <\/div>\n                                    <div class=\"rpc-chart-column\">\n                        <div class=\"rpc-chart-inner\" style=\"height: 37.5%\">\n                            <div class=\"rpc-chart-column-value\">18 \u20ac<\/div>\n                            <div class=\"rpc-chart-month\">MAY<\/div>\n                        <\/div>\n                    <\/div>\n                                    <div class=\"rpc-chart-column\">\n                        <div class=\"rpc-chart-inner\" style=\"height: 43.75%\">\n                            <div class=\"rpc-chart-column-value\">21 \u20ac<\/div>\n                            <div class=\"rpc-chart-month\">JUN<\/div>\n                        <\/div>\n                    <\/div>\n                                    <div class=\"rpc-chart-column\">\n                        <div class=\"rpc-chart-inner\" style=\"height: 52.083333333333%\">\n                            <div class=\"rpc-chart-column-value\">25 \u20ac<\/div>\n                            <div class=\"rpc-chart-month\">JUL<\/div>\n                        <\/div>\n                    <\/div>\n                                    <div class=\"rpc-chart-column\">\n                        <div class=\"rpc-chart-inner\" style=\"height: 58.333333333333%\">\n                            <div class=\"rpc-chart-column-value\">28 \u20ac<\/div>\n                            <div class=\"rpc-chart-month\">AUG<\/div>\n                        <\/div>\n                    <\/div>\n                                    <div class=\"rpc-chart-column\">\n                        <div class=\"rpc-chart-inner\" style=\"height: 39.583333333333%\">\n                            <div class=\"rpc-chart-column-value\">19 \u20ac<\/div>\n                            <div class=\"rpc-chart-month\">SEP<\/div>\n                        <\/div>\n                    <\/div>\n                                    <div class=\"rpc-chart-column\">\n                        <div class=\"rpc-chart-inner\" style=\"height: 35.416666666667%\">\n                            <div class=\"rpc-chart-column-value\">17 \u20ac<\/div>\n                            <div class=\"rpc-chart-month\">OCT<\/div>\n                        <\/div>\n                    <\/div>\n                                    <div class=\"rpc-chart-column\">\n                        <div class=\"rpc-chart-inner\" style=\"height: 27.083333333333%\">\n                            <div class=\"rpc-chart-column-value\">13 \u20ac<\/div>\n                            <div class=\"rpc-chart-month\">NOV<\/div>\n                        <\/div>\n                    <\/div>\n                                    <div class=\"rpc-chart-column\">\n                        <div class=\"rpc-chart-inner\" style=\"height: 39.583333333333%\">\n                            <div class=\"rpc-chart-column-value\">19 \u20ac<\/div>\n                            <div class=\"rpc-chart-month\">DEC<\/div>\n                        <\/div>\n                    <\/div>\n                            <\/div>\n        <\/div>\n        \n<h2>Po\u017ei\u010dov\u0148a \u00c1ut Fez (Fes): Dokumenty<\/h2>\n<p>Ka\u017ed\u00e1 po\u017ei\u010dov\u0148a m\u00f4\u017ee ma\u0165 svoje po\u017eiadavky na vek (21-25 rokov) alebo doklady. V\u017edy v\u0161ak budete potrebova\u0165:<\/p>\n<ol>\n<li>Pas:<\/li>\n<li>Kreditn\u00fa kartu (z\u00e1lohu alebo bezpe\u010dnostn\u00fd \u0161ek)<\/li>\n<li>Vodi\u010dsk\u00fd preukaz.<\/li>\n<\/ol>\n<p>Voucher (potvrdenie rezerv\u00e1cie) nie je povinn\u00fd, ale je zaslan\u00fd na v\u00e1\u0161 e-mail po rezerv\u00e1cii na RosCar. Pren\u00e1jom auta Fez je va\u0161ou br\u00e1nou k objavovaniu bohatej kult\u00fary a skryt\u00fdch skvostov mesta &#8211; rezervujte si auto e\u0161te dnes pre bezprobl\u00e9mov\u00e9 a flexibiln\u00e9 cestovanie.<\/p>\n","protected":false},"excerpt":{"rendered":"<p>Po\u017ei\u010dov\u0148a \u00c1ut Fez (Fes) od RosCar Takmer ka\u017ed\u00e1 krajina m\u00e1 neofici\u00e1lne hlavn\u00e9 mesto, ktor\u00e9 je centrom kult\u00farneho \u017eivota cel\u00e9ho \u0161t\u00e1tu. Chcete n\u00e1js\u0165 toto kr\u00e1sne mesto v Maroku? Potom si mus\u00edte prenaja\u0165 auto v meste Fes na: Z\u00edskajte najlep\u0161\u00ed z\u00e1\u017eitok z jazdy za n\u00edzku cenu Vybra\u0165 si najlep\u0161ie vozidlo s ide\u00e1lnymi doplnkami Posun\u00fa\u0165 svoju cestu na [&hellip;]<\/p>\n","protected":false},"author":1,"featured_media":250,"parent":0,"menu_order":0,"comment_status":"closed","ping_status":"closed","template":"","meta":{"footnotes":""},"class_list":["post-2118","page","type-page","status-publish","has-post-thumbnail",""],"_links":{"self":[{"href":"https:\/\/roscar.ma\/sk\/wp-json\/wp\/v2\/pages\/2118","targetHints":{"allow":["GET"]}}],"collection":[{"href":"https:\/\/roscar.ma\/sk\/wp-json\/wp\/v2\/pages"}],"about":[{"href":"https:\/\/roscar.ma\/sk\/wp-json\/wp\/v2\/types\/page"}],"author":[{"embeddable":true,"href":"https:\/\/roscar.ma\/sk\/wp-json\/wp\/v2\/users\/1"}],"replies":[{"embeddable":true,"href":"https:\/\/roscar.ma\/sk\/wp-json\/wp\/v2\/comments?post=2118"}],"version-history":[{"count":1,"href":"https:\/\/roscar.ma\/sk\/wp-json\/wp\/v2\/pages\/2118\/revisions"}],"predecessor-version":[{"id":2119,"href":"https:\/\/roscar.ma\/sk\/wp-json\/wp\/v2\/pages\/2118\/revisions\/2119"}],"wp:featuredmedia":[{"embeddable":true,"href":"https:\/\/roscar.ma\/sk\/wp-json\/wp\/v2\/media\/250"}],"wp:attachment":[{"href":"https:\/\/roscar.ma\/sk\/wp-json\/wp\/v2\/media?parent=2118"}],"curies":[{"name":"wp","href":"https:\/\/api.w.org\/{rel}","templated":true}]}}