{"id":2059,"date":"2025-07-17T11:07:41","date_gmt":"2025-07-17T11:07:41","guid":{"rendered":"https:\/\/roscar.ma\/?page_id=2059"},"modified":"2025-07-25T06:56:36","modified_gmt":"2025-07-25T06:56:36","slug":"pozicovna-aut-rabat","status":"publish","type":"page","link":"https:\/\/roscar.ma\/sk\/pozicovna-aut-rabat\/","title":{"rendered":"Po\u017ei\u010dov\u0148a \u00c1ut Rabat"},"content":{"rendered":"<h2>Po\u017ei\u010dov\u0148a \u00c1ut Rabat od RosCar<\/h2>\n<p>Maroko je krajina s \u00fa\u017easnou kombin\u00e1ciou p\u00fa\u0161tnej kr\u00e1sy, morskej krajiny a ve\u013ekolepej architekt\u00fary, ktor\u00fa nikde inde nen\u00e1jdete. Tak\u017ee ke\u010f pl\u00e1nujete cestu do severnej Afriky, rad\u0161ej si n\u00e1jdite \u010das, aby ste sa naplno ponorili do moslimsk\u00e9ho raja. Ale mus\u00edte si tie\u017e prenaja\u0165 auto v Rabate, aby bolo va\u0161e dobrodru\u017estvo pohodlnej\u0161ie s:<\/p>\n<ul>\n<li>Ve\u013ek\u00fd v\u00fdber vozidiel (ak\u00fdko\u013evek typ, cena alebo farba)<\/li>\n<li>Mnoho doplnkov a funkci\u00ed, ktor\u00e9 m\u00f4\u017eete n\u00e1js\u0165<\/li>\n<li>Kr\u00e1tkodob\u00e9 a dlhodob\u00e9 pren\u00e1jmy vozidiel<\/li>\n<li>Rezerv\u00e1cie 24 hod\u00edn denne s u\u017e\u00edvate\u013esky pr\u00edvetiv\u00fdm rozhran\u00edm.<\/li>\n<\/ul>\n<p>\u010co je RosCar? Je to str\u00e1nka so skvel\u00fdmi funkciami na porovn\u00e1vanie cien, triedenie pod\u013ea po\u017eadovan\u00fdch krit\u00e9ri\u00ed a r\u00fdchle rezerv\u00e1cie. Rezervujte teraz a potvr\u010fte rezerv\u00e1ciu prostredn\u00edctvom karty (vy\u017eaduje sa a\u017e 20 % sumy objedn\u00e1vky).<\/p>\n<h2>Sprievodca RosCar pre pren\u00e1jom \u00e1ut v Rabate<\/h2>\n<p>Hoci t\u00e1to krajina v\u00f4bec nevyzer\u00e1 ako eur\u00f3pske alebo americk\u00e9 ulice, na ktor\u00e9 sme zvyknut\u00ed, nadch\u00e1dzaj\u00face z\u00e1\u017eitky z cestovania bud\u00fa dos\u0165 podobn\u00e9. To ist\u00e9 plat\u00ed aj pre pren\u00e1jom auta v Rabate, a\u017e na dve jemnosti, ktor\u00e9 sa r\u00fdchlo vyrie\u0161ia.<\/p>\n<h3>1. Ak\u00fd je v\u00e1\u0161 typ?<\/h3>\n<p>Neobjedn\u00e1vajte si prv\u00e9 vozidlo, ktor\u00e9 n\u00e1jdete. Rad\u0161ej si zoznam roztrie\u010fte prostredn\u00edctvom filtrov vyh\u013ead\u00e1vania pod\u013ea dostupn\u00fdch typov:<\/p>\n<ul>\n<li>\u0160tandardn\u00e9 alebo kompaktn\u00e9<\/li>\n<li>SUV alebo Crossover<\/li>\n<li>Dod\u00e1vka alebo minivan<\/li>\n<li>Mini alebo Economy (Ten spr\u00e1vny pre lacn\u00fd pren\u00e1jom auta v Rabat)<\/li>\n<li>Kabriolet alebo Luxusn\u00e9.<\/li>\n<\/ul>\n<h3>2. Pr\u00edplatky<\/h3>\n<p>Doplnkov\u00e9 slu\u017eby s\u00fa dobr\u00fdm sp\u00f4sobom, ako prisp\u00f4sobi\u0165 z\u00e1\u017eitok z jazdy va\u0161im jedine\u010dn\u00fdm potreb\u00e1m. Tu je nieko\u013eko z nich, z ktor\u00fdch si m\u00f4\u017eete vybra\u0165:<\/p>\n<ul>\n<li>Prevodovka: Chcete si u\u017ei\u0165 pokojn\u00fa jazdu? Vyberte si automatick\u00fa prevodovku.<\/li>\n<li>SIM karta: V\u00e1\u0161 smartf\u00f3n ju potrebuje, aby ste nemuseli plati\u0165 vysok\u00e9 poplatky za roaming.<\/li>\n<li>Detsk\u00e1 seda\u010dka: Malolet\u00ed alebo deti do 10 rokov potrebuj\u00fa z\u00e1dr\u017en\u00fd syst\u00e9m.<\/li>\n<li>Neobmedzen\u00fd po\u010det kilometrov: S touto funkciou m\u00e1te k dispoz\u00edcii cel\u00e9 Maroko.<\/li>\n<li>\u017diadna kreditn\u00e1 karta: Rovnako ako tradi\u010dn\u00fd sp\u00f4sob, ale bez kreditnej karty.<\/li>\n<li>Zaru\u010den\u00fd model: V pr\u00edpade, \u017ee sa v\u00e1m nepodar\u00ed z\u00edska\u0165 peniaze, m\u00f4\u017eete si vybra\u0165 z viacer\u00fdch modelov, napr: Nevyhnutn\u00e1 mo\u017enos\u0165 pre t\u00fdch, ktor\u00ed maj\u00fa zl\u00e9 sk\u00fasenosti.<\/li>\n<li>Bezplatn\u00e9 zru\u0161enie: Mus\u00ed by\u0165 vyu\u017eit\u00e1 v\u010das (aspo\u0148 48 hod\u00edn pred d\u00e1tumom za\u010diatku).<\/li>\n<li>\u010eal\u0161\u00ed vodi\u010d: V pr\u00edpade, \u017ee sa v\u00e1m nepodar\u00ed z\u00edska\u0165 viac inform\u00e1ci\u00ed, m\u00f4\u017eete si vybra\u0165 z viacer\u00fdch mo\u017enost\u00ed, napr: Nechajte \u0161of\u00e9rova\u0165 svojho priate\u013ea.<\/li>\n<li>Bez z\u00e1lohy: Vyhnite sa zbyto\u010dn\u00fdm bankov\u00fdm poplatkom t\u00fdm, \u017ee nebudete blokova\u0165 z\u00e1lohu na kreditnej karte.<\/li>\n<li>Dodato\u010dn\u00e9 poistenie: Funkcia, ktor\u00fa potrebuje ka\u017ed\u00fd bez v\u00fdnimky. Zvy\u0161te si poistenie na Super CDW alebo Full Coverage a bu\u010fte v pohode.<\/li>\n<\/ul>\n<blockquote class=\"check\">\n<h2>Po\u017ei\u010dov\u0148a \u00c1ut Rabat: Sprievodca<\/h2>\n<p>RosCar pracuje na tom, aby v\u00e1m poskytol \u00fa\u017easn\u00e9 z\u00e1\u017eitky z cestovania od vyzdvihnutia a\u017e po odovzdanie. Preto je rezerv\u00e1cia u n\u00e1s tak\u00e1 jednoduch\u00e1, ako len m\u00f4\u017ee by\u0165:<\/p>\n<ol>\n<li>Zadajte podrobnosti: Vyzdvihnutie, vr\u00e1tenie a term\u00edny.<\/li>\n<li>Prejdite do filtrov, vyberte nieko\u013eko, ktor\u00e9 v\u00e1s zauj\u00edmaj\u00fa, a z\u00edskajte zoznam.<\/li>\n<li>Rezervova\u0165 teraz.<\/li>\n<li>Prida\u0165 inform\u00e1cie.<\/li>\n<li>Zaplati\u0165 teraz.<\/li>\n<\/ol>\n<p>Pren\u00e1jom auta v Rabate nie je mo\u017en\u00e9 potvrdi\u0165 bez bankovej karty. Po zaplaten\u00ed z\u00e1bezpeky (maxim\u00e1lne 20 % sumy) budete odmenen\u00ed certifik\u00e1tom o potvrden\u00ed rezerv\u00e1cie.<\/p><\/blockquote>\n<h2>Po\u017ei\u010dov\u0148a \u00c1ut Rabat Cena<\/h2>\n<p>Ceny v hlavnom meste Maroka sa v\u00e1m nebud\u00fa zda\u0165 pr\u00edli\u0161 drah\u00e9, ale st\u00e1le s\u00fa vy\u0161\u0161ie ako eur\u00f3psky priemer:<\/p>\n<ul>\n<li>za 20-30 USD\/de\u0148<\/li>\n<li>Standard za 35-50 USD\/de\u0148<\/li>\n<li>SUV za 50-70 USD\/de\u0148<\/li>\n<li>luxusn\u00e9 za 80 USD\/de\u0148.<\/li>\n<\/ul>\n<p>Pren\u00e1jom auta v Rabate bude lacnej\u0161\u00ed, ak:<\/p>\n<ul>\n<li>sa vyhnete kr\u00e1tkodob\u00e9mu pren\u00e1jmu auta<\/li>\n<li>Stanovte d\u00e1tum za\u010diatku na polovicu t\u00fd\u017ed\u0148a<\/li>\n<li>Rezervujte si vozidlo v dostato\u010dnom predstihu<\/li>\n<li>Vyberte si spr\u00e1vny typ vozidla.<\/li>\n<\/ul>\n<p>Porovnajte cenu, aby ste na\u0161li najv\u00fdhodnej\u0161iu ponuku:<\/p>\n<h3>Tabu\u013eka s cenami za pren\u00e1jom auta v Rabat, Maroko<\/h3>\n<table border=\"1\">\n<thead>\n<tr>\n<th>Model vozidla<\/th>\n<th>Typ karos\u00e9rie<\/th>\n<th>Cena za de\u0148 (mimo sez\u00f3ny)<\/th>\n<th>Cena za de\u0148 (hlavn\u00e1 sez\u00f3na)<\/th>\n<th>Po\u010det cestuj\u00facich<\/th>\n<th>Kapacita bato\u017einy<\/th>\n<\/tr>\n<\/thead>\n<tbody>\n<tr>\n<td>Hyundai i10<\/td>\n<td>Hatchback<\/td>\n<td>21 \u20ac<\/td>\n<td>29 \u20ac<\/td>\n<td>4<\/td>\n<td>1<\/td>\n<\/tr>\n<tr>\n<td>Dacia Logan<\/td>\n<td>Sedan<\/td>\n<td>23 \u20ac<\/td>\n<td>32 \u20ac<\/td>\n<td>5<\/td>\n<td>2<\/td>\n<\/tr>\n<tr>\n<td>Peugeot 208<\/td>\n<td>Hatchback<\/td>\n<td>24 \u20ac<\/td>\n<td>34 \u20ac<\/td>\n<td>5<\/td>\n<td>2<\/td>\n<\/tr>\n<tr>\n<td>Renault Clio<\/td>\n<td>Hatchback<\/td>\n<td>26 \u20ac<\/td>\n<td>36 \u20ac<\/td>\n<td>5<\/td>\n<td>2<\/td>\n<\/tr>\n<tr>\n<td>Volkswagen Golf<\/td>\n<td>Hatchback<\/td>\n<td>30 \u20ac<\/td>\n<td>42 \u20ac<\/td>\n<td>5<\/td>\n<td>3<\/td>\n<\/tr>\n<tr>\n<td>Citro\u00ebn C-Elys\u00e9e<\/td>\n<td>Sedan<\/td>\n<td>25 \u20ac<\/td>\n<td>35 \u20ac<\/td>\n<td>5<\/td>\n<td>3<\/td>\n<\/tr>\n<tr>\n<td>Renault Captur<\/td>\n<td>Crossover<\/td>\n<td>32 \u20ac<\/td>\n<td>44 \u20ac<\/td>\n<td>5<\/td>\n<td>3<\/td>\n<\/tr>\n<tr>\n<td>Dacia Duster<\/td>\n<td>SUV<\/td>\n<td>36 \u20ac<\/td>\n<td>48 \u20ac<\/td>\n<td>5<\/td>\n<td>3<\/td>\n<\/tr>\n<tr>\n<td>Hyundai Tucson<\/td>\n<td>SUV<\/td>\n<td>52 \u20ac<\/td>\n<td>66 \u20ac<\/td>\n<td>5<\/td>\n<td>4<\/td>\n<\/tr>\n<tr>\n<td>Peugeot 3008<\/td>\n<td>SUV<\/td>\n<td>55 \u20ac<\/td>\n<td>70 \u20ac<\/td>\n<td>5<\/td>\n<td>4<\/td>\n<\/tr>\n<\/tbody>\n<\/table>\n        <div class=\"rpc-chart\">\n            <h3>Sez\u00f3nne v\u00fdkyvy cien pren\u00e1jmu \u00e1ut v Rabate: anal\u00fdza na z\u00e1klade skuto\u010dn\u00fdch rezerv\u00e1ci\u00ed<\/h3>\n            <div><p>V tabu\u013eke ni\u017e\u0161ie je uveden\u00e1 dynamika zmien priemern\u00fdch cien pren\u00e1jmu \u00e1ut v Rabate za posledn\u00e9 tri roky. Zdrojom inform\u00e1ci\u00ed s\u00fa skuto\u010dn\u00e9 objedn\u00e1vky zadan\u00e9 prostredn\u00edctvom platformy roscar.ma, slu\u017eby, ktor\u00e1 sp\u00e1ja ponuky overen\u00fdch miestnych pren\u00e1jomn\u00fdch spolo\u010dnost\u00ed bez sprostredkovate\u013eov.<\/p>\n<p>Anal\u00fdza zah\u0155\u0148a \u0161irok\u00fa \u0161k\u00e1lu vozidiel: od kompaktn\u00fdch mestsk\u00fdch modelov po komfortn\u00e9 SUV, kabriolety a pr\u00e9miov\u00e9 automobily. Tento pr\u00edstup poskytuje objekt\u00edvny obraz o tom, ako sa ceny menia v z\u00e1vislosti od sez\u00f3ny a turistickej aktivity.<\/p>\n<p>\u010cerp\u00e1me z dlhoro\u010dn\u00fdch sk\u00fasenost\u00ed s cestuj\u00facimi a neust\u00e1le aktualizujeme na\u0161e \u00fadaje na z\u00e1klade trendov na trhu. To poskytuje pou\u017e\u00edvate\u013eom praktick\u00e9 a spo\u013eahliv\u00e9 inform\u00e1cie, ktor\u00e9 im pom\u00e1haj\u00fa pl\u00e1nova\u0165 rozpo\u010det a vybra\u0165 si najv\u00fdhodnej\u0161\u00ed \u010das na pren\u00e1jom auta v marockom hlavnom meste.<\/p>\n<\/div>\n            <div class=\"rpc-chart-bars\">\n                                    <div class=\"rpc-chart-column\">\n                        <div class=\"rpc-chart-inner\" style=\"height: 28.301886792453%\">\n                            <div class=\"rpc-chart-column-value\">15 \u20ac<\/div>\n                            <div class=\"rpc-chart-month\">JAN<\/div>\n                        <\/div>\n                    <\/div>\n                                    <div class=\"rpc-chart-column\">\n                        <div class=\"rpc-chart-inner\" style=\"height: 26.415094339623%\">\n                            <div class=\"rpc-chart-column-value\">14 \u20ac<\/div>\n                            <div class=\"rpc-chart-month\">FEB<\/div>\n                        <\/div>\n                    <\/div>\n                                    <div class=\"rpc-chart-column\">\n                        <div class=\"rpc-chart-inner\" style=\"height: 24.528301886792%\">\n                            <div class=\"rpc-chart-column-value\">13 \u20ac<\/div>\n                            <div class=\"rpc-chart-month\">MAR<\/div>\n                        <\/div>\n                    <\/div>\n                                    <div class=\"rpc-chart-column\">\n                        <div class=\"rpc-chart-inner\" style=\"height: 39.622641509434%\">\n                            <div class=\"rpc-chart-column-value\">21 \u20ac<\/div>\n                            <div class=\"rpc-chart-month\">APR<\/div>\n                        <\/div>\n                    <\/div>\n                                    <div class=\"rpc-chart-column\">\n                        <div class=\"rpc-chart-inner\" style=\"height: 32.075471698113%\">\n                            <div class=\"rpc-chart-column-value\">17 \u20ac<\/div>\n                            <div class=\"rpc-chart-month\">MAY<\/div>\n                        <\/div>\n                    <\/div>\n                                    <div class=\"rpc-chart-column\">\n                        <div class=\"rpc-chart-inner\" style=\"height: 32.075471698113%\">\n                            <div class=\"rpc-chart-column-value\">17 \u20ac<\/div>\n                            <div class=\"rpc-chart-month\">JUN<\/div>\n                        <\/div>\n                    <\/div>\n                                    <div class=\"rpc-chart-column\">\n                        <div class=\"rpc-chart-inner\" style=\"height: 49.056603773585%\">\n                            <div class=\"rpc-chart-column-value\">26 \u20ac<\/div>\n                            <div class=\"rpc-chart-month\">JUL<\/div>\n                        <\/div>\n                    <\/div>\n                                    <div class=\"rpc-chart-column\">\n                        <div class=\"rpc-chart-inner\" style=\"height: 62.264150943396%\">\n                            <div class=\"rpc-chart-column-value\">33 \u20ac<\/div>\n                            <div class=\"rpc-chart-month\">AUG<\/div>\n                        <\/div>\n                    <\/div>\n                                    <div class=\"rpc-chart-column\">\n                        <div class=\"rpc-chart-inner\" style=\"height: 47.169811320755%\">\n                            <div class=\"rpc-chart-column-value\">25 \u20ac<\/div>\n                            <div class=\"rpc-chart-month\">SEP<\/div>\n                        <\/div>\n                    <\/div>\n                                    <div class=\"rpc-chart-column\">\n                        <div class=\"rpc-chart-inner\" style=\"height: 37.735849056604%\">\n                            <div class=\"rpc-chart-column-value\">20 \u20ac<\/div>\n                            <div class=\"rpc-chart-month\">OCT<\/div>\n                        <\/div>\n                    <\/div>\n                                    <div class=\"rpc-chart-column\">\n                        <div class=\"rpc-chart-inner\" style=\"height: 45.283018867925%\">\n                            <div class=\"rpc-chart-column-value\">24 \u20ac<\/div>\n                            <div class=\"rpc-chart-month\">NOV<\/div>\n                        <\/div>\n                    <\/div>\n                                    <div class=\"rpc-chart-column\">\n                        <div class=\"rpc-chart-inner\" style=\"height: 37.735849056604%\">\n                            <div class=\"rpc-chart-column-value\">20 \u20ac<\/div>\n                            <div class=\"rpc-chart-month\">DEC<\/div>\n                        <\/div>\n                    <\/div>\n                            <\/div>\n        <\/div>\n        \n<h2>Pren\u00e1jom auta v Rabate: Dokumenty<\/h2>\n<p>Na podp\u00edsanie zmluvy a vyzdvihnutie vozidla budete potrebova\u0165 nieko\u013eko dokumentov (anglicky pomenovan\u00fdch a 100 % platn\u00fdch):<\/p>\n<ol>\n<li>Vodi\u010dsk\u00fd preukaz<\/li>\n<li>Cestovn\u00fd pas<\/li>\n<li>Kreditn\u00fa kartu (nepovinn\u00e9).<\/li>\n<\/ol>\n<p>Pren\u00e1jom auta Rabat je ide\u00e1lnou vo\u013ebou pre pohodln\u00fa a bezstarostn\u00fa cestu v Maroku.<\/p>\n","protected":false},"excerpt":{"rendered":"<p>Po\u017ei\u010dov\u0148a \u00c1ut Rabat od RosCar Maroko je krajina s \u00fa\u017easnou kombin\u00e1ciou p\u00fa\u0161tnej kr\u00e1sy, morskej krajiny a ve\u013ekolepej architekt\u00fary, ktor\u00fa nikde inde nen\u00e1jdete. Tak\u017ee ke\u010f pl\u00e1nujete cestu do severnej Afriky, rad\u0161ej si n\u00e1jdite \u010das, aby ste sa naplno ponorili do moslimsk\u00e9ho raja. Ale mus\u00edte si tie\u017e prenaja\u0165 auto v Rabate, aby bolo va\u0161e dobrodru\u017estvo pohodlnej\u0161ie s: [&hellip;]<\/p>\n","protected":false},"author":1,"featured_media":221,"parent":0,"menu_order":0,"comment_status":"closed","ping_status":"closed","template":"","meta":{"footnotes":""},"class_list":["post-2059","page","type-page","status-publish","has-post-thumbnail",""],"_links":{"self":[{"href":"https:\/\/roscar.ma\/sk\/wp-json\/wp\/v2\/pages\/2059","targetHints":{"allow":["GET"]}}],"collection":[{"href":"https:\/\/roscar.ma\/sk\/wp-json\/wp\/v2\/pages"}],"about":[{"href":"https:\/\/roscar.ma\/sk\/wp-json\/wp\/v2\/types\/page"}],"author":[{"embeddable":true,"href":"https:\/\/roscar.ma\/sk\/wp-json\/wp\/v2\/users\/1"}],"replies":[{"embeddable":true,"href":"https:\/\/roscar.ma\/sk\/wp-json\/wp\/v2\/comments?post=2059"}],"version-history":[{"count":0,"href":"https:\/\/roscar.ma\/sk\/wp-json\/wp\/v2\/pages\/2059\/revisions"}],"wp:featuredmedia":[{"embeddable":true,"href":"https:\/\/roscar.ma\/sk\/wp-json\/wp\/v2\/media\/221"}],"wp:attachment":[{"href":"https:\/\/roscar.ma\/sk\/wp-json\/wp\/v2\/media?parent=2059"}],"curies":[{"name":"wp","href":"https:\/\/api.w.org\/{rel}","templated":true}]}}