{"id":1800,"date":"2025-07-17T11:01:21","date_gmt":"2025-07-17T11:01:21","guid":{"rendered":"https:\/\/roscar.ma\/?page_id=1800"},"modified":"2025-07-24T08:05:49","modified_gmt":"2025-07-24T08:05:49","slug":"pozicovna-aut-marakes","status":"publish","type":"page","link":"https:\/\/roscar.ma\/sk\/pozicovna-aut-marakes\/","title":{"rendered":"Po\u017ei\u010dov\u0148a \u00c1ut Marak\u00e9\u0161"},"content":{"rendered":"<h2>Po\u017ei\u010dov\u0148a \u00c1ut Marak\u00e9\u0161 od RosCar<\/h2>\n<p>Krajiny severnej Afriky maj\u00fa \u00fa\u017easn\u00fa schopnos\u0165 o\u010dari\u0165 turistov z cel\u00e9ho sveta svojimi zvykmi a pestrou krajinou. Mo\u017eno je to kult\u00farou, jedine\u010dnou miestnou kuchy\u0148ou alebo kr\u00e1sou v ka\u017edodennom \u017eivote. S istotou v\u0161ak vieme, \u017ee na to, aby ste sa pribl\u00ed\u017eili k \u00fapln\u00e9mu ponoreniu sa do Maroka, si mus\u00edte prenaja\u0165 auto v Marak\u00e9\u0161i. Pre\u010do by ste si mali rezervova\u0165 vozidlo prostredn\u00edctvom RosCar? Existuj\u00fa \u0161tyri odpovede:<\/p>\n<ul>\n<li>Dlhodob\u00fd alebo kr\u00e1tkodob\u00fd pren\u00e1jom auta<\/li>\n<li>Ka\u017ed\u00e1 ponuka je najv\u00fdhodnej\u0161ia, ak\u00fa m\u00f4\u017eete n\u00e1js\u0165<\/li>\n<li>Je to jedin\u00fd sp\u00f4sob, ako cestova\u0165 v pohodl\u00ed<\/li>\n<li>Lacn\u00e9 ceny a ve\u013ea mo\u017enost\u00ed na v\u00fdber.<\/li>\n<\/ul>\n<p>Chcete si ho zaobstara\u0165 aj vy? Potom si ho rezervujte teraz a do nieko\u013ek\u00fdch min\u00fat dostanete hotov\u00fa rezerv\u00e1ciu.<\/p>\n<h2>Po\u017ei\u010dov\u0148a \u00c1ut Marak\u00e9\u0161: Sprievodca<\/h2>\n<p>Mo\u017eno si mylne mysl\u00edte, \u017ee pren\u00e1jom auta v Marr\u00e1ke\u0161i je \u00faplne in\u00fd typ slu\u017eby, ktor\u00e1 m\u00e1 jedine\u010dn\u00fd postup, ktor\u00fd vy\u017eaduje ur\u010dit\u00e9 znalosti. Na pr\u00edpravu v\u0161ak potrebujete len dve min\u00faty.<\/p>\n<h3>Prv\u00e1 min\u00fata: Prv\u00e1 min\u00fata: Vyberte si typ vozidla<\/h3>\n<p>Spomedzi mnoh\u00fdch typov potrebujete len jeden, ktor\u00fd vyrie\u0161i v\u0161etky probl\u00e9my pri nadch\u00e1dzaj\u00facom dobrodru\u017estve:<\/p>\n<ul>\n<li>\u0160tandardn\u00e9 vozidlo<\/li>\n<li>Kabriolet<\/li>\n<li>Luxusn\u00e9 vozidlo<\/li>\n<li>SUV alebo Crossover<\/li>\n<li>Mini\/Economy (Lacn\u00fd pren\u00e1jom auta v Marr\u00e1ke\u0161i)<\/li>\n<li>Minivan alebo dod\u00e1vka.<\/li>\n<\/ul>\n<h3>Druh\u00e1 min\u00fata: Druh\u00e1 (druh\u00e1) min\u00fata: Vyberte si doplnkov\u00e9 slu\u017eby<\/h3>\n<p>Na v\u00fdber je tu ve\u013ea mo\u017enost\u00ed, ale sta\u010d\u00ed v\u00e1m len jedna (alebo nieko\u013eko):<\/p>\n<ul>\n<li>Neobmedzen\u00fd po\u010det kilometrov: Dokonca aj tie najod\u013eahlej\u0161ie mest\u00e1 Maroka m\u00f4\u017eete presk\u00fama\u0165.<\/li>\n<li>Bez z\u00e1lohy: V\u00e1\u0161 rozpo\u010det je vo\u013enej\u0161\u00ed, ke\u010f ide o bezz\u00e1lohov\u00e9 blokovanie kreditn\u00fdch kariet.<\/li>\n<li>Zaru\u010den\u00fd model: V pr\u00edpade, \u017ee sa v\u00e1m podar\u00ed z\u00edska\u0165 peniaze, m\u00f4\u017eete si vybra\u0165 z viacer\u00fdch modelov, napr: Volkswagen Passat? Z\u00edskajte Passat!<\/li>\n<li>Prevodovka: V pr\u00edpade, \u017ee sa v\u00e1m nepodar\u00ed dosta\u0165 sa do auta, m\u00f4\u017eete si ho k\u00fapi\u0165: Nie manu\u00e1l, ale automat sa odpor\u00fa\u010da v ka\u017edej situ\u00e1cii.<\/li>\n<li>Doplnkov\u00e9 poistenie: Toto je typ roz\u0161\u00edrenia, ktor\u00e9 nebudete \u013eutova\u0165. Ak je k dispoz\u00edcii, sk\u00faste poistenie Full Coverage\/Super CDW.<\/li>\n<li>Bez kreditnej karty: Pou\u017eite hotovos\u0165 alebo ak\u00fako\u013evek in\u00fa bankov\u00fa kartu.<\/li>\n<li>SIM karta: Kreditn\u00e1 karta s kreditnou kartou: Stabiln\u00e9 pripojenie za n\u00edzku cenu je hlavnou prioritou cestovania v roku 2025.<\/li>\n<li>\u010eal\u0161\u00ed vodi\u010d: D\u00fafajme, \u017ee v\u00e1\u0161 priate\u013e m\u00e1 vodi\u010dsk\u00fd preukaz.<\/li>\n<li>Detsk\u00e1 seda\u010dka: Ka\u017ed\u00e1 osoba mlad\u0161ia ako 10 rokov mus\u00ed ma\u0165 jednu.<\/li>\n<li>Bezplatn\u00e9 zru\u0161enie rezerv\u00e1cie: Predplaten\u00e1 suma sa vr\u00e1ti na v\u00e1\u0161 \u00fa\u010det. Funguje len 48 hod\u00edn pred d\u00e1tumom<\/li>\n<\/ul>\n<blockquote class=\"info\">\n<h2>Podrobn\u00e9 inform\u00e1cie o pren\u00e1jme vozidla v Marr\u00e1ke\u0161i<\/h2>\n<p>U\u017e ste sa rozhodli pre typ vozidla a doplnkov\u00e9 slu\u017eby? Pren\u00e1jmy \u00e1ut v Marr\u00e1ke\u0161i si teraz m\u00f4\u017eete rezervova\u0165:<\/p>\n<ol>\n<li>Nastavte d\u00e1tumy a miesta na hlavnej str\u00e1nke.<\/li>\n<li>Kliknite na Filtre, vyberte po\u017eadovan\u00e9.<\/li>\n<li>Zobrazte si zoznam a n\u00e1jdite to najlep\u0161ie. Rezervujte teraz.<\/li>\n<li>Je potrebn\u00e9 vyplni\u0165 vyskakovac\u00ed formul\u00e1r.<\/li>\n<li>Zaplatte teraz.<\/li>\n<\/ol>\n<p>Ka\u017ed\u00e1 rezerv\u00e1cia RosCar m\u00f4\u017ee by\u0165 potvrden\u00e1 len na z\u00e1klade platby vopred. Spravidla ide len o mal\u00fa \u010das\u0165 sumy a d\u00e1 sa jednoducho vykona\u0165 akouko\u013evek kartou.<\/p><\/blockquote>\n<h2>Po\u017ei\u010dov\u0148a \u00c1ut Marak\u00e9\u0161 Cena<\/h2>\n<p>Priemern\u00e9 ceny, ktor\u00e9 m\u00f4\u017eete n\u00e1js\u0165 na internete, s\u00fa:<\/p>\n<ul>\n<li>15-25 USD\/de\u0148 za ekonomick\u00fa triedu alebo triedu Mini<\/li>\n<li>30-40 USD\/de\u0148 za \u0161tandardn\u00e9<\/li>\n<li>40-60 USD\/de\u0148 za SUV, crossover, minivan alebo 4&#215;4<\/li>\n<li>Viac ako 80 USD\/de\u0148 za kabriolet alebo luxusn\u00e9 vozidlo<\/li>\n<\/ul>\n<p>Pren\u00e1jom auta v Marr\u00e1ke\u0161i bude lacnej\u0161\u00ed, ak:<\/p>\n<ul>\n<li>sa v\u00e1m podarilo urobi\u0165 v\u010dasn\u00fa rezerv\u00e1ciu<\/li>\n<li>Monitorova\u0165 ponuky RosCar<\/li>\n<li>Rezervujete uprostred t\u00fd\u017ed\u0148a<\/li>\n<li>Uprednost\u0148ujete dlhodob\u00fd pren\u00e1jom auta<\/li>\n<li>Vyberte si spr\u00e1vny typ pod\u013ea svojich potrieb a rozpo\u010dtu.<\/li>\n<\/ul>\n<p>Tu je n\u00e1vod na porovnanie cien:<\/p>\n<h3>Tabu\u013eka s cenami za pren\u00e1jom auta v Marr\u00e1ke\u0161, Maroko<\/h3>\n<table border=\"1\">\n<thead>\n<tr>\n<th>Model auta<\/th>\n<th>Typ karos\u00e9rie<\/th>\n<th>Cena za de\u0148 (mimo sez\u00f3ny)<\/th>\n<th>Cena za de\u0148 (hlavn\u00e1 sez\u00f3na)<\/th>\n<th>Po\u010det cestuj\u00facich<\/th>\n<th>Kapacita bato\u017einy<\/th>\n<\/tr>\n<\/thead>\n<tbody>\n<tr>\n<td>Fiat Panda<\/td>\n<td>Hatchback<\/td>\n<td>20 \u20ac<\/td>\n<td>28 \u20ac<\/td>\n<td>4<\/td>\n<td>1<\/td>\n<\/tr>\n<tr>\n<td>Kia Picanto<\/td>\n<td>Hatchback<\/td>\n<td>22 \u20ac<\/td>\n<td>30 \u20ac<\/td>\n<td>4<\/td>\n<td>1<\/td>\n<\/tr>\n<tr>\n<td>Dacia Logan<\/td>\n<td>Sedan<\/td>\n<td>24 \u20ac<\/td>\n<td>34 \u20ac<\/td>\n<td>5<\/td>\n<td>2<\/td>\n<\/tr>\n<tr>\n<td>Peugeot 208<\/td>\n<td>Hatchback<\/td>\n<td>26 \u20ac<\/td>\n<td>36 \u20ac<\/td>\n<td>5<\/td>\n<td>2<\/td>\n<\/tr>\n<tr>\n<td>Renault Clio<\/td>\n<td>Hatchback<\/td>\n<td>27 \u20ac<\/td>\n<td>38 \u20ac<\/td>\n<td>5<\/td>\n<td>2<\/td>\n<\/tr>\n<tr>\n<td>Citro\u00ebn C-Elys\u00e9e<\/td>\n<td>Sedan<\/td>\n<td>28 \u20ac<\/td>\n<td>39 \u20ac<\/td>\n<td>5<\/td>\n<td>3<\/td>\n<\/tr>\n<tr>\n<td>Dacia Duster<\/td>\n<td>SUV<\/td>\n<td>37 \u20ac<\/td>\n<td>49 \u20ac<\/td>\n<td>5<\/td>\n<td>3<\/td>\n<\/tr>\n<tr>\n<td>Hyundai Kona<\/td>\n<td>Crossover<\/td>\n<td>40 \u20ac<\/td>\n<td>52 \u20ac<\/td>\n<td>5<\/td>\n<td>3<\/td>\n<\/tr>\n<tr>\n<td>Renault Kadjar<\/td>\n<td>SUV<\/td>\n<td>50 \u20ac<\/td>\n<td>65 \u20ac<\/td>\n<td>5<\/td>\n<td>4<\/td>\n<\/tr>\n<tr>\n<td>Peugeot 3008<\/td>\n<td>SUV<\/td>\n<td>55 \u20ac<\/td>\n<td>70 \u20ac<\/td>\n<td>5<\/td>\n<td>4<\/td>\n<\/tr>\n<\/tbody>\n<\/table>\n        <div class=\"rpc-chart\">\n            <h3>Sez\u00f3nne zmeny cien za pren\u00e1jom auta v Marr\u00e1ke\u0161: spo\u013eahliv\u00e1 anal\u00fdza zalo\u017een\u00e1 na skuto\u010dn\u00fdch rezerv\u00e1ci\u00e1ch<\/h3>\n            <div><p>Ni\u017e\u0161ie s\u00fa uveden\u00e9 analytick\u00e9 \u00fadaje o zmene priemernej ceny za pren\u00e1jom auta v Marr\u00e1ke\u0161i za ostatn\u00e9 tri roky. V\u0161etky inform\u00e1cie vych\u00e1dzaj\u00fa zo skuto\u010dn\u00fdch transakci\u00ed uskuto\u010dnen\u00fdch prostredn\u00edctvom platformy roscar.ma.<\/p>\n<p>Prieskum zah\u0155\u0148a v\u0161etky hlavn\u00e9 kateg\u00f3rie vozidiel - od ekonomick\u00fdch modelov a\u017e po SUV, kabriolety a pr\u00e9miov\u00fa triedu. Tak\u00fdto \u0161irok\u00fd z\u00e1ber umo\u017e\u0148uje sformulova\u0165 kompletn\u00fd obraz o zmen\u00e1ch bohatstva v priebehu turistick\u00fdch sez\u00f3n a pitn\u00e9ho re\u017eimu.<\/p>\n<p>Je zrejm\u00e9, \u017ee odpor\u00fa\u010dame rezervova\u0165 si auto v predstihu, ke\u010f s\u00fa ceny a n\u00e1klady najlep\u0161ie. Spo\u013eahliv\u00e9 inform\u00e1cie od RosCar Maroko s\u00fa va\u0161\u00edm sprievodcom pre pohodln\u00fd a bezpe\u010dn\u00fd transfer v Marr\u00e1ke\u0161i.<\/p>\n<\/div>\n            <div class=\"rpc-chart-bars\">\n                                    <div class=\"rpc-chart-column\">\n                        <div class=\"rpc-chart-inner\" style=\"height: 30.769230769231%\">\n                            <div class=\"rpc-chart-column-value\">16 \u20ac<\/div>\n                            <div class=\"rpc-chart-month\">JAN<\/div>\n                        <\/div>\n                    <\/div>\n                                    <div class=\"rpc-chart-column\">\n                        <div class=\"rpc-chart-inner\" style=\"height: 28.846153846154%\">\n                            <div class=\"rpc-chart-column-value\">15 \u20ac<\/div>\n                            <div class=\"rpc-chart-month\">FEB<\/div>\n                        <\/div>\n                    <\/div>\n                                    <div class=\"rpc-chart-column\">\n                        <div class=\"rpc-chart-inner\" style=\"height: 26.923076923077%\">\n                            <div class=\"rpc-chart-column-value\">14 \u20ac<\/div>\n                            <div class=\"rpc-chart-month\">MAR<\/div>\n                        <\/div>\n                    <\/div>\n                                    <div class=\"rpc-chart-column\">\n                        <div class=\"rpc-chart-inner\" style=\"height: 42.307692307692%\">\n                            <div class=\"rpc-chart-column-value\">22 \u20ac<\/div>\n                            <div class=\"rpc-chart-month\">APR<\/div>\n                        <\/div>\n                    <\/div>\n                                    <div class=\"rpc-chart-column\">\n                        <div class=\"rpc-chart-inner\" style=\"height: 32.692307692308%\">\n                            <div class=\"rpc-chart-column-value\">17 \u20ac<\/div>\n                            <div class=\"rpc-chart-month\">MAY<\/div>\n                        <\/div>\n                    <\/div>\n                                    <div class=\"rpc-chart-column\">\n                        <div class=\"rpc-chart-inner\" style=\"height: 30.769230769231%\">\n                            <div class=\"rpc-chart-column-value\">16 \u20ac<\/div>\n                            <div class=\"rpc-chart-month\">JUN<\/div>\n                        <\/div>\n                    <\/div>\n                                    <div class=\"rpc-chart-column\">\n                        <div class=\"rpc-chart-inner\" style=\"height: 50%\">\n                            <div class=\"rpc-chart-column-value\">26 \u20ac<\/div>\n                            <div class=\"rpc-chart-month\">JUL<\/div>\n                        <\/div>\n                    <\/div>\n                                    <div class=\"rpc-chart-column\">\n                        <div class=\"rpc-chart-inner\" style=\"height: 61.538461538462%\">\n                            <div class=\"rpc-chart-column-value\">32 \u20ac<\/div>\n                            <div class=\"rpc-chart-month\">AUG<\/div>\n                        <\/div>\n                    <\/div>\n                                    <div class=\"rpc-chart-column\">\n                        <div class=\"rpc-chart-inner\" style=\"height: 42.307692307692%\">\n                            <div class=\"rpc-chart-column-value\">22 \u20ac<\/div>\n                            <div class=\"rpc-chart-month\">SEP<\/div>\n                        <\/div>\n                    <\/div>\n                                    <div class=\"rpc-chart-column\">\n                        <div class=\"rpc-chart-inner\" style=\"height: 36.538461538462%\">\n                            <div class=\"rpc-chart-column-value\">19 \u20ac<\/div>\n                            <div class=\"rpc-chart-month\">OCT<\/div>\n                        <\/div>\n                    <\/div>\n                                    <div class=\"rpc-chart-column\">\n                        <div class=\"rpc-chart-inner\" style=\"height: 32.692307692308%\">\n                            <div class=\"rpc-chart-column-value\">17 \u20ac<\/div>\n                            <div class=\"rpc-chart-month\">NOV<\/div>\n                        <\/div>\n                    <\/div>\n                                    <div class=\"rpc-chart-column\">\n                        <div class=\"rpc-chart-inner\" style=\"height: 44.230769230769%\">\n                            <div class=\"rpc-chart-column-value\">23 \u20ac<\/div>\n                            <div class=\"rpc-chart-month\">DEC<\/div>\n                        <\/div>\n                    <\/div>\n                            <\/div>\n        <\/div>\n        \n<h2>Po\u017ei\u010dov\u0148a \u00c1ut Marak\u00e9\u0161: Dokumenty<\/h2>\n<p>Pri vyzdvihnut\u00ed vozidla m\u00f4\u017eete by\u0165 po\u017eiadan\u00ed o nasleduj\u00face dokumenty:<\/p>\n<ol>\n<li>Pas<\/li>\n<li>Vodi\u010dsk\u00fd preukaz<\/li>\n<li>Potvrdenie rezerv\u00e1cie alebo poukaz (spolo\u010dnos\u0165 RosCar v\u00e1m ho za\u0161le)<\/li>\n<li>Kreditn\u00e1 karta.<\/li>\n<\/ol>\n<p>Nem\u00e1te kreditn\u00fa kartu? Potom pou\u017eite filtre a n\u00e1jdite mo\u017enos\u0165 pren\u00e1jmu, ktor\u00fa potrebujete. Pren\u00e1jom auta Marr\u00e1ke\u0161 je nepostr\u00e1date\u013en\u00e1 slu\u017eba, ktor\u00e1 v\u00e1m umo\u017en\u00ed vidie\u0165 nielen Marr\u00e1ke\u0161, ale aj cel\u00e9 Maroko.<\/p>\n","protected":false},"excerpt":{"rendered":"<p>Po\u017ei\u010dov\u0148a \u00c1ut Marak\u00e9\u0161 od RosCar Krajiny severnej Afriky maj\u00fa \u00fa\u017easn\u00fa schopnos\u0165 o\u010dari\u0165 turistov z cel\u00e9ho sveta svojimi zvykmi a pestrou krajinou. Mo\u017eno je to kult\u00farou, jedine\u010dnou miestnou kuchy\u0148ou alebo kr\u00e1sou v ka\u017edodennom \u017eivote. S istotou v\u0161ak vieme, \u017ee na to, aby ste sa pribl\u00ed\u017eili k \u00fapln\u00e9mu ponoreniu sa do Maroka, si mus\u00edte prenaja\u0165 auto v [&hellip;]<\/p>\n","protected":false},"author":1,"featured_media":190,"parent":0,"menu_order":0,"comment_status":"closed","ping_status":"closed","template":"","meta":{"footnotes":""},"class_list":["post-1800","page","type-page","status-publish","has-post-thumbnail",""],"_links":{"self":[{"href":"https:\/\/roscar.ma\/sk\/wp-json\/wp\/v2\/pages\/1800","targetHints":{"allow":["GET"]}}],"collection":[{"href":"https:\/\/roscar.ma\/sk\/wp-json\/wp\/v2\/pages"}],"about":[{"href":"https:\/\/roscar.ma\/sk\/wp-json\/wp\/v2\/types\/page"}],"author":[{"embeddable":true,"href":"https:\/\/roscar.ma\/sk\/wp-json\/wp\/v2\/users\/1"}],"replies":[{"embeddable":true,"href":"https:\/\/roscar.ma\/sk\/wp-json\/wp\/v2\/comments?post=1800"}],"version-history":[{"count":2,"href":"https:\/\/roscar.ma\/sk\/wp-json\/wp\/v2\/pages\/1800\/revisions"}],"predecessor-version":[{"id":1802,"href":"https:\/\/roscar.ma\/sk\/wp-json\/wp\/v2\/pages\/1800\/revisions\/1802"}],"wp:featuredmedia":[{"embeddable":true,"href":"https:\/\/roscar.ma\/sk\/wp-json\/wp\/v2\/media\/190"}],"wp:attachment":[{"href":"https:\/\/roscar.ma\/sk\/wp-json\/wp\/v2\/media?parent=1800"}],"curies":[{"name":"wp","href":"https:\/\/api.w.org\/{rel}","templated":true}]}}