{"id":1778,"date":"2025-07-23T08:46:35","date_gmt":"2025-07-23T08:46:35","guid":{"rendered":"https:\/\/roscar.ma\/?page_id=1778"},"modified":"2025-07-24T07:06:10","modified_gmt":"2025-07-24T07:06:10","slug":"pozicovna-aut-maroko-bez-zalohy","status":"publish","type":"page","link":"https:\/\/roscar.ma\/sk\/pozicovna-aut-maroko-bez-zalohy\/","title":{"rendered":"Po\u017ei\u010dov\u0148a \u00c1ut Maroko Bez Z\u00e1lohy"},"content":{"rendered":"<h2>Po\u017ei\u010dov\u0148a \u00c1ut Maroko Bez Z\u00e1lohy od RosCar<\/h2>\n<p>Na rozdiel od tradi\u010dn\u00e9ho pren\u00e1jmu pon\u00faka po\u017ei\u010danie auta v Maroku bez z\u00e1lohy p\u00f4sobiv\u00fd zoznam v\u00fdhod, ktor\u00e9 nemo\u017eno ignorova\u0165:<\/p>\n<ul>\n<li>\u017diadne riziko bud\u00facich sporov (Niektor\u00e9 spolo\u010dnosti sa sna\u017eia \u00fa\u010dtova\u0165 za drobn\u00e9 \u0161krabance, palivo alebo in\u00e9 detaily)<\/li>\n<li>Ove\u013ea jednoduch\u0161ie (a r\u00fdchlej\u0161ie) vyzdvihnutie a vr\u00e1tenie vozidla<\/li>\n<li>Vy\u017eaduje menej pe\u0148az\u00ed<\/li>\n<li>Bez blokovania z\u00e1lohy na kreditnej karte<\/li>\n<li>Bez stresu<\/li>\n<\/ul>\n<p>Toto je len jedna z mnoh\u00fdch funkci\u00ed, ktor\u00e9 n\u00e1jdete vo filtroch RosCar. Vysk\u00fa\u0161ajte a n\u00e1jdite ide\u00e1lne vozidlo za p\u00e1r min\u00fat. Rezervujte teraz.<\/p>\n<blockquote class=\"check\">\n<h2>Ako si prenaja\u0165 auto v Maroku bez z\u00e1lohy?<\/h2>\n<p>Ka\u017ed\u00fd vodi\u010d vo veku 21 a\u017e 25 rokov s po\u017eadovan\u00fdmi dokumentmi (pas a vodi\u010dsk\u00fd preukaz) si m\u00f4\u017ee prenaja\u0165 auto v Maroku bez z\u00e1lohy nasledovne:<\/p>\n<ol>\n<li>Kliknite na filter &#8222;<strong>Bez z\u00e1lohy<\/strong>&#8220; a zobrazte ponuky.<\/li>\n<li>Prezrite si ponuky, vyberte t\u00fa najlep\u0161iu a kliknite na Rezervova\u0165.<\/li>\n<li>Skontrolujte podmienky a vyberte typ poistenia.<\/li>\n<li>Vyberte doplnkov\u00e9 slu\u017eby a kliknite na &#8222;Pokra\u010dova\u0165&#8220;.<\/li>\n<li>Zadajte \u00fadaje o vodi\u010dovi.<\/li>\n<li>Potvr\u010fte rezerv\u00e1ciu.<\/li>\n<\/ol>\n<p>Pren\u00e1jom bez z\u00e1lohy alebo ak\u00fdko\u013evek in\u00fd typ rezerv\u00e1cie je potrebn\u00e9 potvrdi\u0165 bankovou kartou. Ako z\u00e1loha sa strhne maxim\u00e1lne 20 %.<\/p><\/blockquote>\n<h3>Tabu\u013eka cien pren\u00e1jmu \u00e1ut v Maroku bez z\u00e1lohy<\/h3>\n<table>\n<thead>\n<tr>\n<th>Model auta<\/th>\n<th>Typ karos\u00e9rie<\/th>\n<th>Cena za de\u0148 (mimosez\u00f3na)<\/th>\n<th>Cena za de\u0148 (hlavn\u00e1 sez\u00f3na)<\/th>\n<th>Po\u010det pasa\u017eierov<\/th>\n<th>Kapacita bato\u017einy<\/th>\n<\/tr>\n<\/thead>\n<tbody>\n<tr>\n<td>Chevrolet Spark<\/td>\n<td>Hatchback<\/td>\n<td>19 \u20ac<\/td>\n<td>26 \u20ac<\/td>\n<td>4<\/td>\n<td>1<\/td>\n<\/tr>\n<tr>\n<td>Hyundai Grand i10<\/td>\n<td>Hatchback<\/td>\n<td>21 \u20ac<\/td>\n<td>28 \u20ac<\/td>\n<td>4<\/td>\n<td>1<\/td>\n<\/tr>\n<tr>\n<td>Skoda Fabia<\/td>\n<td>Hatchback<\/td>\n<td>23 \u20ac<\/td>\n<td>31 \u20ac<\/td>\n<td>5<\/td>\n<td>2<\/td>\n<\/tr>\n<tr>\n<td>Peugeot 2008<\/td>\n<td>Crossover<\/td>\n<td>26 \u20ac<\/td>\n<td>35 \u20ac<\/td>\n<td>5<\/td>\n<td>2<\/td>\n<\/tr>\n<tr>\n<td>Volkswagen Golf<\/td>\n<td>Hatchback<\/td>\n<td>27 \u20ac<\/td>\n<td>36 \u20ac<\/td>\n<td>5<\/td>\n<td>2<\/td>\n<\/tr>\n<tr>\n<td>Toyota Yaris Sedan<\/td>\n<td>Sedan<\/td>\n<td>28 \u20ac<\/td>\n<td>37 \u20ac<\/td>\n<td>5<\/td>\n<td>3<\/td>\n<\/tr>\n<tr>\n<td>Nissan Sunny<\/td>\n<td>Sedan<\/td>\n<td>29 \u20ac<\/td>\n<td>38 \u20ac<\/td>\n<td>5<\/td>\n<td>3<\/td>\n<\/tr>\n<tr>\n<td>Renault Arkana<\/td>\n<td>Crossover<\/td>\n<td>35 \u20ac<\/td>\n<td>45 \u20ac<\/td>\n<td>5<\/td>\n<td>3<\/td>\n<\/tr>\n<tr>\n<td>MG ZS<\/td>\n<td>SUV<\/td>\n<td>39 \u20ac<\/td>\n<td>49 \u20ac<\/td>\n<td>5<\/td>\n<td>3<\/td>\n<\/tr>\n<tr>\n<td>Volkswagen Tiguan<\/td>\n<td>SUV<\/td>\n<td>55 \u20ac<\/td>\n<td>69 \u20ac<\/td>\n<td>5<\/td>\n<td>4<\/td>\n<\/tr>\n<\/tbody>\n<\/table>\n","protected":false},"excerpt":{"rendered":"<p>Po\u017ei\u010dov\u0148a \u00c1ut Maroko Bez Z\u00e1lohy od RosCar Na rozdiel od tradi\u010dn\u00e9ho pren\u00e1jmu pon\u00faka po\u017ei\u010danie auta v Maroku bez z\u00e1lohy p\u00f4sobiv\u00fd zoznam v\u00fdhod, ktor\u00e9 nemo\u017eno ignorova\u0165: \u017diadne riziko bud\u00facich sporov (Niektor\u00e9 spolo\u010dnosti sa sna\u017eia \u00fa\u010dtova\u0165 za drobn\u00e9 \u0161krabance, palivo alebo in\u00e9 detaily) Ove\u013ea jednoduch\u0161ie (a r\u00fdchlej\u0161ie) vyzdvihnutie a vr\u00e1tenie vozidla Vy\u017eaduje menej pe\u0148az\u00ed Bez blokovania z\u00e1lohy [&hellip;]<\/p>\n","protected":false},"author":1,"featured_media":1287,"parent":0,"menu_order":0,"comment_status":"closed","ping_status":"closed","template":"","meta":{"footnotes":""},"class_list":["post-1778","page","type-page","status-publish","has-post-thumbnail",""],"_links":{"self":[{"href":"https:\/\/roscar.ma\/sk\/wp-json\/wp\/v2\/pages\/1778","targetHints":{"allow":["GET"]}}],"collection":[{"href":"https:\/\/roscar.ma\/sk\/wp-json\/wp\/v2\/pages"}],"about":[{"href":"https:\/\/roscar.ma\/sk\/wp-json\/wp\/v2\/types\/page"}],"author":[{"embeddable":true,"href":"https:\/\/roscar.ma\/sk\/wp-json\/wp\/v2\/users\/1"}],"replies":[{"embeddable":true,"href":"https:\/\/roscar.ma\/sk\/wp-json\/wp\/v2\/comments?post=1778"}],"version-history":[{"count":3,"href":"https:\/\/roscar.ma\/sk\/wp-json\/wp\/v2\/pages\/1778\/revisions"}],"predecessor-version":[{"id":1789,"href":"https:\/\/roscar.ma\/sk\/wp-json\/wp\/v2\/pages\/1778\/revisions\/1789"}],"wp:featuredmedia":[{"embeddable":true,"href":"https:\/\/roscar.ma\/sk\/wp-json\/wp\/v2\/media\/1287"}],"wp:attachment":[{"href":"https:\/\/roscar.ma\/sk\/wp-json\/wp\/v2\/media?parent=1778"}],"curies":[{"name":"wp","href":"https:\/\/api.w.org\/{rel}","templated":true}]}}