{"id":1580,"date":"2025-07-17T10:09:50","date_gmt":"2025-07-17T10:09:50","guid":{"rendered":"https:\/\/roscar.ma\/?page_id=1580"},"modified":"2025-07-23T18:31:01","modified_gmt":"2025-07-23T18:31:01","slug":"o-nas","status":"publish","type":"page","link":"https:\/\/roscar.ma\/sk\/o-nas\/","title":{"rendered":"O n\u00e1s"},"content":{"rendered":"<p>RosCar Morocco je modern\u00e1 po\u017ei\u010dov\u0148a \u00e1ut v Maroku, ktor\u00e1 funguje od roku 2022. Nie sme po\u017ei\u010dov\u0148a \u00e1ut, ale sk\u00f4r praktick\u00fd online agreg\u00e1tor, ktor\u00fd sp\u00e1ja najlep\u0161ie ponuky od miestnych partnerov z celej krajiny.<\/p>\n<p>Na na\u0161ej webovej str\u00e1nke roscar.ma n\u00e1jdete viac ako 200 overen\u00fdch \u00e1ut r\u00f4znych tried \u2013 od kompaktn\u00fdch mestsk\u00fdch modelov po pohodln\u00e9 SUV. Proces rezerv\u00e1cie je u n\u00e1s \u010do najjednoduch\u0161\u00ed a najdostupnej\u0161\u00ed: auto si m\u00f4\u017eete prenaja\u0165 bez z\u00e1lohy a bez kreditnej karty.<\/p>\n<p>Na\u0161\u00edm cie\u013eom je poskytn\u00fa\u0165 cestuj\u00facim flexibiln\u00fd a cenovo v\u00fdhodn\u00fd sp\u00f4sob cestovania po Maroku, pri\u010dom sa spoliehame na sk\u00fasenosti a spo\u013eahlivos\u0165 miestnych spolo\u010dnost\u00ed. Vyberte si RosCar Morocco a vyrazte na cestu v pohodl\u00ed!<\/p>\n","protected":false},"excerpt":{"rendered":"<p>RosCar Morocco je modern\u00e1 po\u017ei\u010dov\u0148a \u00e1ut v Maroku, ktor\u00e1 funguje od roku 2022. Nie sme po\u017ei\u010dov\u0148a \u00e1ut, ale sk\u00f4r praktick\u00fd online agreg\u00e1tor, ktor\u00fd sp\u00e1ja najlep\u0161ie ponuky od miestnych partnerov z celej krajiny. Na na\u0161ej webovej str\u00e1nke roscar.ma n\u00e1jdete viac ako 200 overen\u00fdch \u00e1ut r\u00f4znych tried \u2013 od kompaktn\u00fdch mestsk\u00fdch modelov po pohodln\u00e9 SUV. Proces rezerv\u00e1cie [&hellip;]<\/p>\n","protected":false},"author":2,"featured_media":0,"parent":0,"menu_order":0,"comment_status":"closed","ping_status":"closed","template":"","meta":{"footnotes":""},"class_list":["post-1580","page","type-page","status-publish",""],"_links":{"self":[{"href":"https:\/\/roscar.ma\/sk\/wp-json\/wp\/v2\/pages\/1580","targetHints":{"allow":["GET"]}}],"collection":[{"href":"https:\/\/roscar.ma\/sk\/wp-json\/wp\/v2\/pages"}],"about":[{"href":"https:\/\/roscar.ma\/sk\/wp-json\/wp\/v2\/types\/page"}],"author":[{"embeddable":true,"href":"https:\/\/roscar.ma\/sk\/wp-json\/wp\/v2\/users\/2"}],"replies":[{"embeddable":true,"href":"https:\/\/roscar.ma\/sk\/wp-json\/wp\/v2\/comments?post=1580"}],"version-history":[{"count":0,"href":"https:\/\/roscar.ma\/sk\/wp-json\/wp\/v2\/pages\/1580\/revisions"}],"wp:attachment":[{"href":"https:\/\/roscar.ma\/sk\/wp-json\/wp\/v2\/media?parent=1580"}],"curies":[{"name":"wp","href":"https:\/\/api.w.org\/{rel}","templated":true}]}}