{"id":1308,"date":"2025-07-17T10:56:33","date_gmt":"2025-07-17T10:56:33","guid":{"rendered":"https:\/\/roscar.ma\/?page_id=1308"},"modified":"2025-07-23T10:01:57","modified_gmt":"2025-07-23T10:01:57","slug":"pozicovna-aut-casablanca","status":"publish","type":"page","link":"https:\/\/roscar.ma\/sk\/pozicovna-aut-casablanca\/","title":{"rendered":"Po\u017ei\u010dov\u0148a \u00c1ut Casablanca"},"content":{"rendered":"<h2>Po\u017ei\u010dov\u0148a \u00c1ut Casablanca od RosCar<\/h2>\n<p>Hlavn\u00e9 hospod\u00e1rske a kult\u00farne mesto Maroka je v\u017edy dobr\u00fdm za\u010diatkom pre skvel\u00fd v\u00fdlet do severnej Afriky. Jedine\u010dn\u00e1 arabsk\u00e1 kult\u00fara, tis\u00edcro\u010dn\u00e1 hist\u00f3ria v modernej architekt\u00fare, trad\u00edcie a chutn\u00e9 jedlo s\u00fa va\u0161im pl\u00e1nom \u010dinnosti. Najsk\u00f4r si v\u0161ak mus\u00edte prenaja\u0165 auto v Casablance. Existuje nieko\u013eko d\u00f4vodov, pre\u010do si tu vybra\u0165 cestovanie autom:<\/p>\n<ul>\n<li>Je ove\u013ea pohodlnej\u0161ie ako verejn\u00e1 doprava<\/li>\n<li>Z\u013eavy, n\u00edzke ceny a ve\u013ea mo\u017enost\u00ed (niektor\u00e9 z nich s\u00fa zadarmo)<\/li>\n<li>Jednoduch\u00e9 n\u00e1jdenie toho spr\u00e1vneho<\/li>\n<li>\u00dapln\u00e1 sloboda pohybu.<\/li>\n<\/ul>\n<p>RosCar m\u00e1 prekvapivo jednoduch\u00fd postup rezerv\u00e1cie. Sta\u010d\u00ed si rezervova\u0165, prida\u0165 kartu na platbu a je to hotov\u00e9.<\/p>\n<h2>Pren\u00e1jom auta Casablanca: Sprievodca<\/h2>\n<p>Lacn\u00fd pren\u00e1jom auta v Casablance nie je fikcia, ale realita ka\u017ed\u00e9ho \u010dloveka, ktor\u00fd pozn\u00e1 nieko\u013eko pravidiel. Dodr\u017eiavajte ich a pr\u00eddete k \u017eelan\u00e9mu v\u00fdsledku bez sklamania.<\/p>\n<h3>1. Vyberte si spr\u00e1vny typ<\/h3>\n<p>Zapnut\u00edm filtrov si m\u00f4\u017eete \u013eahko vytvori\u0165 zoznam pon\u00fak pod\u013ea jedn\u00e9ho z typov:<\/p>\n<ul>\n<li>SUV alebo Crossover<\/li>\n<li>\u0160tandardn\u00e9 vozidlo<\/li>\n<li>\u00dasporn\u00fd automobil<\/li>\n<li>Kompaktn\u00fd automobil<\/li>\n<li>Mini automobil<\/li>\n<li>Kabriolet<\/li>\n<li>minivan, dod\u00e1vka a in\u00e9.<\/li>\n<\/ul>\n<h3>2. Pou\u017eite \u010fal\u0161ie mo\u017enosti<\/h3>\n<p>Pren\u00e1jom auta v Casablance m\u00f4\u017ee by\u0165 spojen\u00fd s jednou alebo viacer\u00fdmi doplnkov\u00fdmi slu\u017ebami (platen\u00fdmi alebo bezplatn\u00fdmi):<\/p>\n<ul>\n<li>Garantovan\u00fd model: \u017diadne zl\u00e9 prekvapenia pri preberan\u00ed vozidla.<\/li>\n<li>Prevodovka: Prevodovka: Prevodovka je v aute, v ktorom sa nach\u00e1dza vozidlo, ktor\u00e9 sa nach\u00e1dza v aute: Nerozm\u00fd\u0161\u013eajte dvakr\u00e1t, k\u00fapte si automatick\u00fa prevodovku.<\/li>\n<li>Dodato\u010dn\u00e9 poistenie: Platen\u00e1 funkcia, ktor\u00e1 odstra\u0148uje finan\u010dn\u00e9 rizik\u00e1 s pln\u00fdm kryt\u00edm alebo SuperCDW.<\/li>\n<li>Pr\u00eddavn\u00fd vodi\u010d: Vedeli ste, \u017ee do zmluvy m\u00f4\u017eete prida\u0165 jednu osobu?<\/li>\n<li>Detsk\u00e1 autoseda\u010dka: V pr\u00edpade, \u017ee sa v aute nach\u00e1dza die\u0165a, m\u00f4\u017eete si ho pripoisti\u0165: V ponuke s\u00fa a\u017e \u0161tyri typy zadr\u017eiavac\u00edch zariaden\u00ed pre deti v akomko\u013evek veku.<\/li>\n<li>Bezplatn\u00e9 zru\u0161enie zmluvy: Na zru\u0161enie objedn\u00e1vky m\u00e1te najmenej 48 hod\u00edn.<\/li>\n<li>Neobmedzen\u00fd po\u010det najazden\u00fdch kilometrov: Bezplatn\u00e1 funkcia s vo\u013en\u00fdmi m\u00ed\u013eami.<\/li>\n<li>\u017diadna z\u00e1loha: Ka\u017ed\u00fd miluje, ke\u010f je na kreditn\u00fdch kart\u00e1ch bez blokovania z\u00e1lohy.<\/li>\n<li>\u017diadna kreditn\u00e1 karta: M\u00f4\u017ee by\u0165 spojen\u00e1 s \u010fal\u0161\u00edmi po\u017eiadavkami na bezpe\u010dnostn\u00e9 kontroly.<\/li>\n<li>SIM karta: Vysokor\u00fdchlostn\u00fd mobiln\u00fd internet v\u017edy po ruke.<\/li>\n<\/ul>\n<blockquote class=\"info\">\n<h2>Po\u017ei\u010dov\u0148a \u00c1ut Casablanca: Rezerv\u00e1cia cez RosCar<\/h2>\n<p>Pren\u00e1jom \u00e1ut Casablanca sa m\u00f4\u017ee zda\u0165 ako jedna z najjednoduch\u0161\u00edch cestovn\u00fdch slu\u017eieb, ktor\u00e9 ste kedy vyu\u017eili:<\/p>\n<ol>\n<li>Nastavte miesta a d\u00e1tumy.<\/li>\n<li>Nastavte filtre vyh\u013ead\u00e1vania (typ, mo\u017enosti a \u010fal\u0161ie)<\/li>\n<li>Rezervujte teraz \u013eubovo\u013en\u00e9 vozidlo zo zoznamu. Vypl\u0148te<\/li>\n<li>formul\u00e1r s podrobnos\u0165ami.<\/li>\n<li>Potvr\u010fte.<\/li>\n<\/ol>\n<p>\u017diados\u0165 sa bude pova\u017eova\u0165 za potvrden\u00fa a\u017e po zaplaten\u00ed z\u00e1lohy (14-20% sumy) prostredn\u00edctvom slu\u017eby Pay Now. Debetn\u00e9 alebo kreditn\u00e9 karty s\u00fa akceptovan\u00e9 na RosCar.<\/p><\/blockquote>\n<h2>Po\u017ei\u010dov\u0148a \u00c1ut Casablanca cena<\/h2>\n<p>Tu s\u00fa orienta\u010dn\u00e9 ceny, ktor\u00e9 m\u00f4\u017eete n\u00e1js\u0165 v tomto meste:<\/p>\n<ul>\n<li>$15-25 za Mini-Economy<\/li>\n<li>30-40 USD za Compact-Standard<\/li>\n<li>40-60 USD za minivan, kabriolet, crossover alebo SUV<\/li>\n<li>Viac ako 70 USD za luxusn\u00e9 vozidlo.<\/li>\n<\/ul>\n<p>Pren\u00e1jom auta v Casablance m\u00f4\u017ee by\u0165 drah\u0161\u00ed alebo lacnej\u0161\u00ed a\u017e o 40% v z\u00e1vislosti od nasleduj\u00facich faktorov:<\/p>\n<ul>\n<li>Po\u010det rezervovan\u00fdch dn\u00ed (rad\u0161ej si vezmite dlhodob\u00fd pren\u00e1jom auta)<\/li>\n<li>Miesto vyzdvihnutia (letisko, mesto alebo doru\u010denie)<\/li>\n<li>Sez\u00f3na a vy\u0165a\u017eenos\u0165 spolo\u010dnosti<\/li>\n<li>Dodato\u010dn\u00e9 slu\u017eby v cene.<\/li>\n<\/ul>\n<p>Tu je n\u00e1vod na porovnanie ceny:<\/p>\n<h3>Tabu\u013eka s cenami za pren\u00e1jom auta v Casablanca, Maroko<\/h3>\n<table border=\"1\">\n<thead>\n<tr>\n<th>Model vozidla<\/th>\n<th>Typ karos\u00e9rie<\/th>\n<th>Cena za de\u0148 (mimo sez\u00f3ny)<\/th>\n<th>Cena za de\u0148 (hlavn\u00e1 sez\u00f3na)<\/th>\n<th>Po\u010det cestuj\u00facich<\/th>\n<th>Kapacita bato\u017einy<\/th>\n<\/tr>\n<\/thead>\n<tbody>\n<tr>\n<td>Kia Picanto<\/td>\n<td>Hatchback<\/td>\n<td>20 \u20ac<\/td>\n<td>27 \u20ac<\/td>\n<td>4<\/td>\n<td>1<\/td>\n<\/tr>\n<tr>\n<td>Dacia Logan<\/td>\n<td>Sedan<\/td>\n<td>22 \u20ac<\/td>\n<td>30 \u20ac<\/td>\n<td>5<\/td>\n<td>2<\/td>\n<\/tr>\n<tr>\n<td>Renault Clio<\/td>\n<td>Hatchback<\/td>\n<td>25 \u20ac<\/td>\n<td>34 \u20ac<\/td>\n<td>5<\/td>\n<td>2<\/td>\n<\/tr>\n<tr>\n<td>Hyundai i20<\/td>\n<td>Hatchback<\/td>\n<td>24 \u20ac<\/td>\n<td>33 \u20ac<\/td>\n<td>5<\/td>\n<td>2<\/td>\n<\/tr>\n<tr>\n<td>Volkswagen Polo<\/td>\n<td>Hatchback<\/td>\n<td>26 \u20ac<\/td>\n<td>36 \u20ac<\/td>\n<td>5<\/td>\n<td>2<\/td>\n<\/tr>\n<tr>\n<td>Citro\u00ebn C-Elys\u00e9e<\/td>\n<td>Sedan<\/td>\n<td>27 \u20ac<\/td>\n<td>37 \u20ac<\/td>\n<td>5<\/td>\n<td>3<\/td>\n<\/tr>\n<tr>\n<td>Peugeot 301<\/td>\n<td>Sedan<\/td>\n<td>28 \u20ac<\/td>\n<td>38 \u20ac<\/td>\n<td>5<\/td>\n<td>3<\/td>\n<\/tr>\n<tr>\n<td>Dacia Duster<\/td>\n<td>SUV<\/td>\n<td>35 \u20ac<\/td>\n<td>46 \u20ac<\/td>\n<td>5<\/td>\n<td>3<\/td>\n<\/tr>\n<tr>\n<td>Renault Kadjar<\/td>\n<td>SUV<\/td>\n<td>48 \u20ac<\/td>\n<td>60 \u20ac<\/td>\n<td>5<\/td>\n<td>4<\/td>\n<\/tr>\n<tr>\n<td>Peugeot 3008<\/td>\n<td>SUV<\/td>\n<td>54 \u20ac<\/td>\n<td>68 \u20ac<\/td>\n<td>5<\/td>\n<td>4<\/td>\n<\/tr>\n<\/tbody>\n<\/table>\n<p>[CENOV\u00dd MODUL]<\/p>\n<h2>Pren\u00e1jom auta v Casablance: Dokumenty<\/h2>\n<p>Len nieko\u013eko dokladov, ktor\u00e9 mus\u00ed ma\u0165 vodi\u010d pri vyzdvihnut\u00ed auta:<\/p>\n<ol>\n<li>Vodi\u010dsk\u00fd preukaz<\/li>\n<li>Cestovn\u00fd pas<\/li>\n<li>Kreditn\u00e1 karta (z\u00e1loha, kontrola kreditu alebo toto\u017enosti)<\/li>\n<li>Voucher (po\u0161leme v\u00e1m ho spolu s potvrden\u00edm rezerv\u00e1cie).<\/li>\n<\/ol>\n","protected":false},"excerpt":{"rendered":"<p>Po\u017ei\u010dov\u0148a \u00c1ut Casablanca od RosCar Hlavn\u00e9 hospod\u00e1rske a kult\u00farne mesto Maroka je v\u017edy dobr\u00fdm za\u010diatkom pre skvel\u00fd v\u00fdlet do severnej Afriky. Jedine\u010dn\u00e1 arabsk\u00e1 kult\u00fara, tis\u00edcro\u010dn\u00e1 hist\u00f3ria v modernej architekt\u00fare, trad\u00edcie a chutn\u00e9 jedlo s\u00fa va\u0161im pl\u00e1nom \u010dinnosti. Najsk\u00f4r si v\u0161ak mus\u00edte prenaja\u0165 auto v Casablance. Existuje nieko\u013eko d\u00f4vodov, pre\u010do si tu vybra\u0165 cestovanie autom: Je [&hellip;]<\/p>\n","protected":false},"author":1,"featured_media":159,"parent":0,"menu_order":0,"comment_status":"closed","ping_status":"closed","template":"","meta":{"footnotes":""},"class_list":["post-1308","page","type-page","status-publish","has-post-thumbnail",""],"_links":{"self":[{"href":"https:\/\/roscar.ma\/sk\/wp-json\/wp\/v2\/pages\/1308","targetHints":{"allow":["GET"]}}],"collection":[{"href":"https:\/\/roscar.ma\/sk\/wp-json\/wp\/v2\/pages"}],"about":[{"href":"https:\/\/roscar.ma\/sk\/wp-json\/wp\/v2\/types\/page"}],"author":[{"embeddable":true,"href":"https:\/\/roscar.ma\/sk\/wp-json\/wp\/v2\/users\/1"}],"replies":[{"embeddable":true,"href":"https:\/\/roscar.ma\/sk\/wp-json\/wp\/v2\/comments?post=1308"}],"version-history":[{"count":0,"href":"https:\/\/roscar.ma\/sk\/wp-json\/wp\/v2\/pages\/1308\/revisions"}],"wp:featuredmedia":[{"embeddable":true,"href":"https:\/\/roscar.ma\/sk\/wp-json\/wp\/v2\/media\/159"}],"wp:attachment":[{"href":"https:\/\/roscar.ma\/sk\/wp-json\/wp\/v2\/media?parent=1308"}],"curies":[{"name":"wp","href":"https:\/\/api.w.org\/{rel}","templated":true}]}}