{"id":1083,"date":"2025-07-17T09:45:33","date_gmt":"2025-07-17T09:45:33","guid":{"rendered":"https:\/\/roscar.ma\/?page_id=1083"},"modified":"2025-07-22T18:28:13","modified_gmt":"2025-07-22T18:28:13","slug":"pozicovna-aut-maroko","status":"publish","type":"page","link":"https:\/\/roscar.ma\/sk\/","title":{"rendered":"Po\u017ei\u010dov\u0148a \u00c1ut Maroko"},"content":{"rendered":"<h2>Po\u017ei\u010dov\u0148a \u00c1ut Maroko od RosCar<\/h2>\n<p>Tis\u00edce rokov hist\u00f3rie a starobyl\u00e9 arabsk\u00e9 trad\u00edcie pri\u0165ahuj\u00fa mili\u00f3ny turistov ako magnet. N\u00e1jdete tu zvuky ve\u013ekej Sahary a Atlantick\u00e9ho oce\u00e1nu, ako aj modern\u00e9 a prehistorick\u00e9 kult\u00fary spolu s vynikaj\u00facimi podmienkami pre ak\u00fdko\u013evek typ cestovania. Mus\u00edm si v\u0161ak v Maroku po\u017ei\u010da\u0165 auto? Nie je to s\u00edce jedin\u00e1 mo\u017enos\u0165, ktor\u00e1 je k dispoz\u00edcii, ale je to mo\u017enos\u0165 s nieko\u013ek\u00fdmi jasn\u00fdmi v\u00fdhodami:<\/p>\n<ul>\n<li>Vo\u013en\u00fd pohyb, kamko\u013evek chcete<\/li>\n<li>Vysok\u00fd komfort a bezkonkuren\u010dn\u00e9 pohodlie<\/li>\n<li>Ve\u013ek\u00fd v\u00fdber vozidiel<\/li>\n<li>K dispoz\u00edcii s\u00fa kr\u00e1tkodob\u00e9 alebo dlhodob\u00e9 pren\u00e1jmy vozidiel.<\/li>\n<\/ul>\n<p>Chcete vyrazi\u0165 na cestu \u010do najsk\u00f4r? Rezervujte si teraz ak\u00e9ko\u013evek vozidlo na RosCar: sta\u010d\u00ed nieko\u013eko kliknut\u00ed, vyplni\u0165 \u0161tandardn\u00fd formul\u00e1r a vykona\u0165 z\u00e1lohov\u00fa platbu na potvrdenie.<\/p>\n<h2>Na ceste k pren\u00e1jmu auta Maroko<\/h2>\n<p>Je to \u00faloha, ktor\u00e1 by sa nemala upon\u00e1h\u013ea\u0165, ale ani odklada\u0165 na zajtra. Preto si na ceste k pren\u00e1jmu auta v Maroku pre\u010d\u00edtajte mal\u00e9ho pr\u00edpravn\u00e9ho sprievodcu.<\/p>\n<h3>1. N\u00e1jdite spr\u00e1vny typ<\/h3>\n<p>Zle zvolen\u00e9 vozidlo v\u00e1m neprinesie vyt\u00fa\u017een\u00e9 pote\u0161enie ani pohodlie. Pozrite si zoznam a premyslite si, ktor\u00fd z t\u00fdchto typov znie ako va\u0161e rie\u0161enie:<\/p>\n<ul>\n<li>(Lacn\u00fd pren\u00e1jom auta v Maroku)<\/li>\n<li>\u0160tandardn\u00e9<\/li>\n<li>SUV alebo Crossover<\/li>\n<li>Luxusn\u00e9<\/li>\n<li>Kabriolet<\/li>\n<li>Dod\u00e1vka alebo minivan.<\/li>\n<\/ul>\n<h3>2. Doplnkov\u00e9 slu\u017eby<\/h3>\n<p>Nie v\u0161etky tieto doplnkov\u00e9 funkcie s\u00fa platen\u00e9, ale ka\u017ed\u00e1 z nich je skvelou vo\u013ebou:<\/p>\n<ul>\n<li>Bezplatn\u00e9 zru\u0161enie: T\u00fato mo\u017enos\u0165 je potrebn\u00e9 vyu\u017ei\u0165 v\u010das (do 48 hod\u00edn pred odchodom).<\/li>\n<li>\u017diadna z\u00e1loha: Najlep\u0161ou funkciou pre n\u00edzkorozpo\u010dtov\u00fdch cestovate\u013eov je, \u017ee nem\u00e1 \u017eiadne z\u00e1lohy na kreditn\u00fdch kart\u00e1ch.<\/li>\n<li>Garantovan\u00fd model: V pr\u00edpade, \u017ee si chcete k\u00fapi\u0165 letenku, m\u00f4\u017eete si vybra\u0165 z viacer\u00fdch modelov: Z\u00edskajte aspo\u0148 to\u013eko, ko\u013eko ste si rezervovali.<\/li>\n<li>Detsk\u00e1 seda\u010dka: Z\u00e1konn\u00e1 po\u017eiadavka pri cestovan\u00ed s de\u0165mi vo veku 10 rokov alebo mlad\u0161\u00edmi na palube.<\/li>\n<li>Doplnkov\u00e9 poistenie: Sta\u010d\u00ed si priplati\u0165 za Super CDW a Full Coverage pre pokoj du\u0161e.<\/li>\n<li>SIM karta: Vezmite si ju, aby ste si mohli u\u017e\u00edva\u0165 vysokor\u00fdchlostn\u00fd internet.<\/li>\n<li>\u010eal\u0161\u00ed vodi\u010d: Viac radostn\u00fdch kilometrov s priate\u013eom za volantom.<\/li>\n<li>Prevodovka: H\u013eadajte automatick\u00fa prevodovku pre pokojn\u00fa jazdu.<\/li>\n<li>Neobmedzen\u00fd po\u010det kilometrov: Neobmedzen\u00e9 v\u00fdh\u013eady ukryt\u00e9 za p\u00fa\u0161\u0165ami a morsk\u00fdmi scen\u00e9riami.<\/li>\n<\/ul>\n<blockquote class=\"check\">\n<h3>Podrobn\u00e9 inform\u00e1cie o pren\u00e1jme auta RosCar Maroko<\/h3>\n<p>N\u00e1jdite si nieko\u013eko min\u00fat na pren\u00e1jom auta Maroko:<\/p>\n<ol>\n<li>Nastavte miesta vyzdvihnutia a odovzdania.<\/li>\n<li>Ur\u010dite d\u00e1tum za\u010diatku a konca.<\/li>\n<li>Kliknite na &#8222;Filtre&#8220; a vyberte po\u017eadovan\u00e9 doplnky.<\/li>\n<li>Kliknut\u00edm na &#8222;Zobrazi\u0165&#8220; z\u00edskate zoznam.<\/li>\n<li>Rezervujte teraz.<\/li>\n<li>Vypl\u0148te formul\u00e1r a zapla\u0165te teraz.<\/li>\n<\/ol>\n<p>Ke\u010f sa nach\u00e1dzate na pokladni\u010dnej str\u00e1nke, mus\u00edte zada\u0165 kartu pre 20% z\u00e1lohu. Nemajte obavy, va\u0161e bankov\u00e9 \u00fadaje s\u00fa v bezpe\u010d\u00ed.<\/p><\/blockquote>\n<h2>N\u00e1klady na pren\u00e1jom auta v Maroku<\/h2>\n<p>Tu je nieko\u013eko pr\u00edkladov, ktor\u00e9 v\u00e1m pom\u00f4\u017eu pochopi\u0165 cenu pren\u00e1jmu auta v Maroku:<\/p>\n<ul>\n<li>$20-30 za Mini alebo Economy<\/li>\n<li>45-55 USD za \u0161tandard alebo minivan<\/li>\n<li>50-70 USD za SUV alebo crossover<\/li>\n<li>od 80 USD za luxusn\u00e9 vozidlo alebo kabriolet.<\/li>\n<\/ul>\n<p>M\u00f4\u017eete sa v\u0161ak pok\u00fasi\u0165 z\u00edska\u0165 ho lacnej\u0161ie:<\/p>\n<ul>\n<li>Vezmite si dlhodob\u00fd pren\u00e1jom auta (5 a viac dn\u00ed)<\/li>\n<li>Nastavte si d\u00e1tum za\u010diatku na polovicu t\u00fd\u017ed\u0148a<\/li>\n<li>Porovn\u00e1vajte nielen pod\u013ea ceny, ale aj pod\u013ea v\u00fdbavy<\/li>\n<li>Rezervujte si online v dostato\u010dnom predstihu.<\/li>\n<\/ul>\n<p>Viac o porovn\u00e1van\u00ed cien:<\/p>\n<h3>Tabu\u013eka s cenami za pren\u00e1jom auta v Maroku<\/h3>\n<table border=\"1\" cellspacing=\"0\" cellpadding=\"8\">\n<thead>\n<tr>\n<th>Model vozidla<\/th>\n<th>Typ karos\u00e9rie<\/th>\n<th>Cena za de\u0148 (mimo sez\u00f3ny)<\/th>\n<th>Cena za de\u0148 (hlavn\u00e1 sez\u00f3na)<\/th>\n<th>Po\u010det cestuj\u00facich<\/th>\n<th>Kapacita bato\u017einy<\/th>\n<\/tr>\n<\/thead>\n<tbody>\n<tr>\n<td>Dacia Logan<\/td>\n<td>Sedan<\/td>\n<td>23 \u20ac<\/td>\n<td>30 \u20ac<\/td>\n<td>5<\/td>\n<td>2<\/td>\n<\/tr>\n<tr>\n<td>Kia Picanto<\/td>\n<td>Hatchback<\/td>\n<td>20 \u20ac<\/td>\n<td>28 \u20ac<\/td>\n<td>4<\/td>\n<td>1<\/td>\n<\/tr>\n<tr>\n<td>Renault Clio<\/td>\n<td>Hatchback<\/td>\n<td>25 \u20ac<\/td>\n<td>35 \u20ac<\/td>\n<td>5<\/td>\n<td>2<\/td>\n<\/tr>\n<tr>\n<td>Dacia Duster<\/td>\n<td>SUV<\/td>\n<td>35 \u20ac<\/td>\n<td>45 \u20ac<\/td>\n<td>5<\/td>\n<td>3<\/td>\n<\/tr>\n<tr>\n<td>Hyundai Tucson<\/td>\n<td>SUV<\/td>\n<td>50 \u20ac<\/td>\n<td>65 \u20ac<\/td>\n<td>5<\/td>\n<td>4<\/td>\n<\/tr>\n<tr>\n<td>Peugeot 208<\/td>\n<td>Hatchback<\/td>\n<td>22 \u20ac<\/td>\n<td>32 \u20ac<\/td>\n<td>5<\/td>\n<td>2<\/td>\n<\/tr>\n<tr>\n<td>Volkswagen Polo<\/td>\n<td>Hatchback<\/td>\n<td>26 \u20ac<\/td>\n<td>36 \u20ac<\/td>\n<td>5<\/td>\n<td>2<\/td>\n<\/tr>\n<tr>\n<td>Citro\u00ebn C-Elys\u00e9e<\/td>\n<td>Sedan<\/td>\n<td>24 \u20ac<\/td>\n<td>34 \u20ac<\/td>\n<td>5<\/td>\n<td>3<\/td>\n<\/tr>\n<tr>\n<td>Fiat Tipo<\/td>\n<td>Sedan<\/td>\n<td>27 \u20ac<\/td>\n<td>37 \u20ac<\/td>\n<td>5<\/td>\n<td>3<\/td>\n<\/tr>\n<tr>\n<td>Renault Captur<\/td>\n<td>Crossover<\/td>\n<td>33 \u20ac<\/td>\n<td>43 \u20ac<\/td>\n<td>5<\/td>\n<td>3<\/td>\n<\/tr>\n<\/tbody>\n<\/table>\n        <div class=\"rpc-chart\">\n            <h3>Sez\u00f3nne ceny pren\u00e1jmu \u00e1ut v Maroku<\/h3>\n            <div><p>Nasleduj\u00faca tabu\u013eka zobrazuje anal\u00fdzu zmien priemern\u00fdch cien pren\u00e1jmu \u00e1ut v Maroku za posledn\u00e9 tri roky. Inform\u00e1cie s\u00fa zalo\u017een\u00e9 na skuto\u010dn\u00fdch rezerv\u00e1ci\u00e1ch uskuto\u010dnen\u00fdch prostredn\u00edctvom webovej str\u00e1nky roscar.ma, ktor\u00e1 sa \u0161pecializuje na pren\u00e1jom \u00e1ut bez sprostredkovate\u013eov. \u00dadaje zah\u0155\u0148aj\u00fa v\u0161etky triedy automobilov (od cenovo dostupn\u00fdch mestsk\u00fdch modelov a\u017e po SUV, kabriolety a pr\u00e9miov\u00fd segment).<\/p>\n<p>V\u010faka na\u0161im dlhoro\u010dn\u00fdm sk\u00fasenostiam v pr\u00e1ci s cestuj\u00facimi a pravideln\u00e9mu monitorovaniu trhu sme si vytvorili objekt\u00edvny poh\u013ead na sez\u00f3nne v\u00fdkyvy cien pren\u00e1jmu. Na\u0161a anal\u00fdza bude u\u017eito\u010dn\u00e1 pre ka\u017ed\u00e9ho, kto pl\u00e1nuje cestu do Maroka: m\u00f4\u017eete si vopred vybra\u0165 obdobie, kedy bude pren\u00e1jom auta najv\u00fdhodnej\u0161\u00ed.<\/p>\n<p>Odpor\u00fa\u010dame vyu\u017ei\u0165 overen\u00e9 inform\u00e1cie a praktick\u00e9 rady RosCar Maroko, aby bola va\u0161a cesta pohodln\u00e1, bezpe\u010dn\u00e1 a ekonomick\u00e1.<\/p>\n<\/div>\n            <div class=\"rpc-chart-bars\">\n                                    <div class=\"rpc-chart-column\">\n                        <div class=\"rpc-chart-inner\" style=\"height: 28.846153846154%\">\n                            <div class=\"rpc-chart-column-value\">15 \u20ac<\/div>\n                            <div class=\"rpc-chart-month\">JAN<\/div>\n                        <\/div>\n                    <\/div>\n                                    <div class=\"rpc-chart-column\">\n                        <div class=\"rpc-chart-inner\" style=\"height: 28.846153846154%\">\n                            <div class=\"rpc-chart-column-value\">15 \u20ac<\/div>\n                            <div class=\"rpc-chart-month\">FEB<\/div>\n                        <\/div>\n                    <\/div>\n                                    <div class=\"rpc-chart-column\">\n                        <div class=\"rpc-chart-inner\" style=\"height: 32.692307692308%\">\n                            <div class=\"rpc-chart-column-value\">17 \u20ac<\/div>\n                            <div class=\"rpc-chart-month\">MAR<\/div>\n                        <\/div>\n                    <\/div>\n                                    <div class=\"rpc-chart-column\">\n                        <div class=\"rpc-chart-inner\" style=\"height: 42.307692307692%\">\n                            <div class=\"rpc-chart-column-value\">22 \u20ac<\/div>\n                            <div class=\"rpc-chart-month\">APR<\/div>\n                        <\/div>\n                    <\/div>\n                                    <div class=\"rpc-chart-column\">\n                        <div class=\"rpc-chart-inner\" style=\"height: 32.692307692308%\">\n                            <div class=\"rpc-chart-column-value\">17 \u20ac<\/div>\n                            <div class=\"rpc-chart-month\">MAY<\/div>\n                        <\/div>\n                    <\/div>\n                                    <div class=\"rpc-chart-column\">\n                        <div class=\"rpc-chart-inner\" style=\"height: 30.769230769231%\">\n                            <div class=\"rpc-chart-column-value\">16 \u20ac<\/div>\n                            <div class=\"rpc-chart-month\">JUN<\/div>\n                        <\/div>\n                    <\/div>\n                                    <div class=\"rpc-chart-column\">\n                        <div class=\"rpc-chart-inner\" style=\"height: 55.769230769231%\">\n                            <div class=\"rpc-chart-column-value\">29 \u20ac<\/div>\n                            <div class=\"rpc-chart-month\">JUL<\/div>\n                        <\/div>\n                    <\/div>\n                                    <div class=\"rpc-chart-column\">\n                        <div class=\"rpc-chart-inner\" style=\"height: 61.538461538462%\">\n                            <div class=\"rpc-chart-column-value\">32 \u20ac<\/div>\n                            <div class=\"rpc-chart-month\">AUG<\/div>\n                        <\/div>\n                    <\/div>\n                                    <div class=\"rpc-chart-column\">\n                        <div class=\"rpc-chart-inner\" style=\"height: 38.461538461538%\">\n                            <div class=\"rpc-chart-column-value\">20 \u20ac<\/div>\n                            <div class=\"rpc-chart-month\">SEP<\/div>\n                        <\/div>\n                    <\/div>\n                                    <div class=\"rpc-chart-column\">\n                        <div class=\"rpc-chart-inner\" style=\"height: 36.538461538462%\">\n                            <div class=\"rpc-chart-column-value\">19 \u20ac<\/div>\n                            <div class=\"rpc-chart-month\">OCT<\/div>\n                        <\/div>\n                    <\/div>\n                                    <div class=\"rpc-chart-column\">\n                        <div class=\"rpc-chart-inner\" style=\"height: 32.692307692308%\">\n                            <div class=\"rpc-chart-column-value\">17 \u20ac<\/div>\n                            <div class=\"rpc-chart-month\">NOV<\/div>\n                        <\/div>\n                    <\/div>\n                                    <div class=\"rpc-chart-column\">\n                        <div class=\"rpc-chart-inner\" style=\"height: 44.230769230769%\">\n                            <div class=\"rpc-chart-column-value\">23 \u20ac<\/div>\n                            <div class=\"rpc-chart-month\">DEC<\/div>\n                        <\/div>\n                    <\/div>\n                            <\/div>\n        <\/div>\n        \n<h2>Po\u017ei\u010dov\u0148a \u00c1ut Maroko: Dokumenty<\/h2>\n<p>M\u00e1te viac ako 21 (alebo 25) rokov a m\u00e1te sk\u00fasenosti s riaden\u00edm? Potom na pren\u00e1jom auta v Maroku potrebujete len tri dokumenty:<\/p>\n<ol>\n<li>Cestovn\u00fd pas<\/li>\n<li>Vodi\u010dsk\u00fd preukaz<\/li>\n<li>Kreditn\u00fa kartu (nepovinn\u00e9).<\/li>\n<\/ol>\n<p>Potrebujete aj poukaz (rezerva\u010dn\u00fd certifik\u00e1t), ktor\u00fd v\u0161ak dostanete ihne\u010f po potvrden\u00ed rezerv\u00e1cie.<\/p>\n","protected":false},"excerpt":{"rendered":"<p>Po\u017ei\u010dov\u0148a \u00c1ut Maroko od RosCar Tis\u00edce rokov hist\u00f3rie a starobyl\u00e9 arabsk\u00e9 trad\u00edcie pri\u0165ahuj\u00fa mili\u00f3ny turistov ako magnet. N\u00e1jdete tu zvuky ve\u013ekej Sahary a Atlantick\u00e9ho oce\u00e1nu, ako aj modern\u00e9 a prehistorick\u00e9 kult\u00fary spolu s vynikaj\u00facimi podmienkami pre ak\u00fdko\u013evek typ cestovania. Mus\u00edm si v\u0161ak v Maroku po\u017ei\u010da\u0165 auto? Nie je to s\u00edce jedin\u00e1 mo\u017enos\u0165, ktor\u00e1 je k [&hellip;]<\/p>\n","protected":false},"author":1,"featured_media":129,"parent":0,"menu_order":0,"comment_status":"closed","ping_status":"closed","template":"","meta":{"footnotes":""},"class_list":["post-1083","page","type-page","status-publish","has-post-thumbnail",""],"_links":{"self":[{"href":"https:\/\/roscar.ma\/sk\/wp-json\/wp\/v2\/pages\/1083","targetHints":{"allow":["GET"]}}],"collection":[{"href":"https:\/\/roscar.ma\/sk\/wp-json\/wp\/v2\/pages"}],"about":[{"href":"https:\/\/roscar.ma\/sk\/wp-json\/wp\/v2\/types\/page"}],"author":[{"embeddable":true,"href":"https:\/\/roscar.ma\/sk\/wp-json\/wp\/v2\/users\/1"}],"replies":[{"embeddable":true,"href":"https:\/\/roscar.ma\/sk\/wp-json\/wp\/v2\/comments?post=1083"}],"version-history":[{"count":1,"href":"https:\/\/roscar.ma\/sk\/wp-json\/wp\/v2\/pages\/1083\/revisions"}],"predecessor-version":[{"id":1084,"href":"https:\/\/roscar.ma\/sk\/wp-json\/wp\/v2\/pages\/1083\/revisions\/1084"}],"wp:featuredmedia":[{"embeddable":true,"href":"https:\/\/roscar.ma\/sk\/wp-json\/wp\/v2\/media\/129"}],"wp:attachment":[{"href":"https:\/\/roscar.ma\/sk\/wp-json\/wp\/v2\/media?parent=1083"}],"curies":[{"name":"wp","href":"https:\/\/api.w.org\/{rel}","templated":true}]}}