{"id":2538,"date":"2025-07-17T11:33:38","date_gmt":"2025-07-17T11:33:38","guid":{"rendered":"https:\/\/roscar.ma\/?page_id=2538"},"modified":"2025-07-26T19:58:24","modified_gmt":"2025-07-26T19:58:24","slug":"inchirieri-auto-tanger","status":"publish","type":"page","link":"https:\/\/roscar.ma\/ro\/inchirieri-auto-tanger\/","title":{"rendered":"\u00cenchirieri Auto Tanger"},"content":{"rendered":"<h2>\u00cenchirieri Auto Tanger de la RosCar<\/h2>\n<p>Nordul Marocului este locul unde se \u00eent\u00e2lnesc dou\u0103 continente (Europa \u0219i Africa), unde clima este cald\u0103 365 de zile pe an, \u0219i \u00eentotdeauna amintiri luminoase. Aici pute\u021bi \u00eenchiria o ma\u0219in\u0103 \u00een Tanger \u0219i v\u0103 pute\u021bi duce c\u0103l\u0103toria la un cu totul alt nivel:<\/p>\n<ul>\n<li>Mai pu\u021bine cheltuieli cu transportul public sau taxiurile<\/li>\n<li>Libertatea de a v\u0103 deplasa oric\u00e2nd dori\u021bi<\/li>\n<li>Ridicare \u0219i rezervare u\u0219oar\u0103 24\/7<\/li>\n<li>Pre\u021buri ieftine cu calitate ridicat\u0103.<\/li>\n<\/ul>\n<p>\u00cenc\u0103 mai cau\u021bi cea mai bun\u0103 valoare pentru fiecare dolar cheltuit? Atunci caut\u0103 vehiculul t\u0103u pe RosCar, rezerv\u0103 \u0219i folose\u0219te cardul pentru confirmare (p\u00e2n\u0103 la 20% din sum\u0103). Da, este at\u00e2t de u\u0219or.<\/p>\n<h2>\u00cenchirieri Auto Tanger: Ghidul<\/h2>\n<p>Alegerea ma\u0219inii de \u00eenchiriat potrivite Tangier poate s\u0103 nu par\u0103 o sarcin\u0103 u\u0219oar\u0103, av\u00e2nd \u00een vedere bugetul, stilul de c\u0103l\u0103torie \u0219i nevoile dumneavoastr\u0103. Dar doi pa\u0219i sunt suficien\u021bi pentru a ajunge acolo unde dori\u021bi s\u0103 merge\u021bi.<\/p>\n<h3>1. Tipul de vehicul<\/h3>\n<p>Ar trebui s\u0103 fie spa\u021bios sau compact, ieftin sau scump? Folose\u0219te filtrele pentru a-l alege pe al t\u0103u:<\/p>\n<ul>\n<li>Ma\u0219in\u0103 economic\u0103<\/li>\n<li>Ma\u0219in\u0103 compact\u0103<\/li>\n<li>SUV sau Crossover<\/li>\n<li>Ma\u0219in\u0103 mini<\/li>\n<li>Ma\u0219in\u0103 standard<\/li>\n<li>Ma\u0219in\u0103 de lux<\/li>\n<li>Decapotabil\u0103<\/li>\n<li>Furgonet\u0103, minivan \u0219i altele.<\/li>\n<\/ul>\n<h3>2. Servicii suplimentare<\/h3>\n<p>Aceasta poate fi cea mai u\u0219oar\u0103 \u0219i mai accesibil\u0103 modalitate de a \u00eembun\u0103t\u0103\u021bi calitatea c\u0103l\u0103toriilor dvs. cu urm\u0103toarele caracteristici:<\/p>\n<ul>\n<li>Anulare gratuit\u0103: Aceast\u0103 op\u021biune poate fi utilizat\u0103 numai cu 48 de ore \u00eenainte de data de \u00eencepere.<\/li>\n<li>F\u0103r\u0103 card de credit: Exist\u0103 \u00eentotdeauna o mul\u021bime de vehicule din care s\u0103 alege\u021bi.<\/li>\n<li>Cartela SIM: Toat\u0103 lumea are nevoie de internet rapid sau de apeluri atunci c\u00e2nd c\u0103l\u0103tore\u0219te.<\/li>\n<li>\u0218ofer suplimentar: Este \u00eentotdeauna bine s\u0103 ai pe cineva preg\u0103tit s\u0103 conduc\u0103 pentru tine.<\/li>\n<li>Kilometraj nelimitat: Un mare plus la o \u00eenchiriere de ma\u0219ini ieftine \u00een Tangier.<\/li>\n<li>F\u0103r\u0103 depozit: Poate fi cu 10-15% mai scump\u0103, dar vine f\u0103r\u0103 blocaje de depozit pe cardurile de credit.<\/li>\n<li>Scaun pentru copii: Copiii sub 10 ani pot fi muta\u021bi doar \u00eentr-un scaun pentru copii (r\u00e2ndul din spate).<\/li>\n<li>Asigurare suplimentar\u0103: Nu trebuie s\u0103 v\u0103 face\u021bi griji cu privire la libertatea financiar\u0103 cu SuperCDW sau Full Coverage.<\/li>\n<li>Model garantat: A\u021bi rezervat o Toyota Corolla? Ve\u021bi primi exact Toyota Corolla.<\/li>\n<li>Transmisie: Manual\u0103 vs. Automat\u0103. Ieftin vs. Confortabil.<\/li>\n<\/ul>\n<blockquote class=\"info\">\n<h2>Tangier \u00eenchirieri auto: Rezervare<\/h2>\n<p>Ave\u021bi cinci minute? Atunci pute\u021bi \u00eenchiria orice vehicul pe RosCar astfel:<\/p>\n<ol>\n<li>Specifica\u021bi datele de \u00eenceput \u0219i sf\u00e2r\u0219it, precum \u0219i loca\u021biile.<\/li>\n<li>Merge\u021bi la filtre \u0219i face\u021bi clic pe cele care vi se par de dorit. Ob\u021bine\u021bi o list\u0103.<\/li>\n<li>Selecta\u021bi ma\u0219ina prin Rezerva\u021bi acum.<\/li>\n<li>Selecta\u021bi tipul de plat\u0103, asigurarea \u0219i caracteristicile suplimentare \u00een formular.<\/li>\n<li>Ad\u0103uga\u021bi alte informa\u021bii \u0219i Confirma\u021bi.<\/li>\n<li>Pl\u0103ti\u021bi acum.<\/li>\n<\/ol>\n<p>\u00cenchirierea de ma\u0219ini \u00een Tanger poate fi rezervat\u0103 de oricine are permis de conducere (peste 21 de ani) \u0219i un card bancar (p\u00e2n\u0103 la 20% pentru plata confirm\u0103rii). 80% din restul se pl\u0103te\u0219te la fa\u021ba locului, prin orice metod\u0103 a\u021bi specificat \u00een formular.<\/p><\/blockquote>\n<h2>\u00cenchirierea unei ma\u0219ini Tanger pre\u021b<\/h2>\n<p>\u00cen aceast\u0103 parte a Marocului, pute\u021bi g\u0103si pre\u021buri destul de sc\u0103zute pentru \u00eenchirierea de ma\u0219ini \u00een Tangier:<\/p>\n<ul>\n<li>15-20 $ pentru Economy sau Mini<\/li>\n<li>$25-30 pentru Standard<\/li>\n<li>$35-50 pentru Minivan, SUV, 4&#215;4, sau Crossover<\/li>\n<li>$60+ pentru Luxury sau Convertible.<\/li>\n<\/ul>\n<p>Pre\u021burile \u00een mijlocul sezonului turistic pot cre\u0219te cu p\u00e2n\u0103 la 60%, sau chiar mai mult. Prin urmare, ar trebui s\u0103 lua\u021bi \u00een considerare urm\u0103toarele trucuri de via\u021b\u0103 pentru costuri mai mici:<\/p>\n<ul>\n<li>Rezerva\u021bi c\u00e2t mai devreme posibil<\/li>\n<li>Alege\u021bi un tip de vehicul care nu v\u0103 amenin\u021b\u0103 bugetul<\/li>\n<li>C\u0103uta\u021bi caracteristici gratuite (f\u0103r\u0103 depozit, f\u0103r\u0103 card de credit, kilometraj nelimitat etc.)<\/li>\n<li>Specifica\u021bi data de \u00eencepere pentru mijlocul s\u0103pt\u0103m\u00e2nii.<\/li>\n<\/ul>\n<p>De asemenea, ar trebui s\u0103 compara\u021bi pre\u021bul:<\/p>\n<h3>Tabel cu pre\u021buri pentru \u00eenchirierea ma\u0219inilor \u00een Tanger, Maroc<\/h3>\n<table>\n<thead>\n<tr>\n<th>Modelul ma\u0219inii<\/th>\n<th>Tip caroserie<\/th>\n<th>Pre\u021b pe zi (sezon sc\u0103zut)<\/th>\n<th>Pre\u021b pe zi (sezon mare)<\/th>\n<th>Pasageri<\/th>\n<th>Capacitate bagaje<\/th>\n<\/tr>\n<\/thead>\n<tbody>\n<tr>\n<td>Fiat Panda<\/td>\n<td>Hatchback<\/td>\n<td>20 \u20ac<\/td>\n<td>27 \u20ac<\/td>\n<td>4<\/td>\n<td>1<\/td>\n<\/tr>\n<tr>\n<td>Kia Picanto<\/td>\n<td>Hatchback<\/td>\n<td>22 \u20ac<\/td>\n<td>29 \u20ac<\/td>\n<td>4<\/td>\n<td>1<\/td>\n<\/tr>\n<tr>\n<td>Dacia Logan<\/td>\n<td>Sedan<\/td>\n<td>24 \u20ac<\/td>\n<td>32 \u20ac<\/td>\n<td>5<\/td>\n<td>2<\/td>\n<\/tr>\n<tr>\n<td>Peugeot 208<\/td>\n<td>Hatchback<\/td>\n<td>26 \u20ac<\/td>\n<td>35 \u20ac<\/td>\n<td>5<\/td>\n<td>2<\/td>\n<\/tr>\n<tr>\n<td>Renault Clio<\/td>\n<td>Hatchback<\/td>\n<td>27 \u20ac<\/td>\n<td>36 \u20ac<\/td>\n<td>5<\/td>\n<td>2<\/td>\n<\/tr>\n<tr>\n<td>Citro\u00ebn C-Elys\u00e9e<\/td>\n<td>Sedan<\/td>\n<td>29 \u20ac<\/td>\n<td>39 \u20ac<\/td>\n<td>5<\/td>\n<td>3<\/td>\n<\/tr>\n<tr>\n<td>Hyundai i20<\/td>\n<td>Hatchback<\/td>\n<td>28 \u20ac<\/td>\n<td>38 \u20ac<\/td>\n<td>5<\/td>\n<td>2<\/td>\n<\/tr>\n<tr>\n<td>Dacia Duster<\/td>\n<td>SUV<\/td>\n<td>38 \u20ac<\/td>\n<td>49 \u20ac<\/td>\n<td>5<\/td>\n<td>3<\/td>\n<\/tr>\n<tr>\n<td>Renault Kadjar<\/td>\n<td>SUV<\/td>\n<td>50 \u20ac<\/td>\n<td>62 \u20ac<\/td>\n<td>5<\/td>\n<td>4<\/td>\n<\/tr>\n<tr>\n<td>Peugeot 3008<\/td>\n<td>SUV<\/td>\n<td>55 \u20ac<\/td>\n<td>70 \u20ac<\/td>\n<td>5<\/td>\n<td>4<\/td>\n<\/tr>\n<\/tbody>\n<\/table>\n        <div class=\"rpc-chart\">\n            <h3>Cum se modific\u0103 pre\u021burile de \u00eenchiriere auto \u00een Tanger: o prezentare general\u0103 bazat\u0103 pe rezerv\u0103ri reale<\/h3>\n            <div><p>\u00cen ultimii trei ani, roscar.ma a monitorizat pre\u021burile de \u00eenchiriere auto \u00een Tanger. Toate datele prezentate aici se bazeaz\u0103 pe rezerv\u0103ri reale, ceea ce ne permite s\u0103 ne form\u0103m o imagine fiabil\u0103 a fluctua\u021biilor sezoniere ale pre\u021burilor de \u00eenchiriere.<\/p>\n<p>Analiza include diverse categorii de ma\u0219ini - de la modele compacte la SUV-uri, decapotabile \u0219i ma\u0219ini premium. Acest lucru ne permite s\u0103 vedem modul \u00een care activitatea turistic\u0103 \u0219i perioada anului afecteaz\u0103 pre\u021burile.<\/p>\n<p>Speciali\u0219tii RosCar Morocco au o vast\u0103 experien\u021b\u0103 \u00een serviciile pentru clien\u021bi din Maroc \u0219i ofer\u0103 informa\u021bii verificate care vor fi utile tuturor celor care planific\u0103 o c\u0103l\u0103torie \u00een Tanger \u0219i doresc s\u0103 \u00ee\u0219i planifice eficient costurile de transport.<\/p>\n<\/div>\n            <div class=\"rpc-chart-bars\">\n                                    <div class=\"rpc-chart-column\">\n                        <div class=\"rpc-chart-inner\" style=\"height: 24.528301886792%\">\n                            <div class=\"rpc-chart-column-value\">13 \u20ac<\/div>\n                            <div class=\"rpc-chart-month\">JAN<\/div>\n                        <\/div>\n                    <\/div>\n                                    <div class=\"rpc-chart-column\">\n                        <div class=\"rpc-chart-inner\" style=\"height: 26.415094339623%\">\n                            <div class=\"rpc-chart-column-value\">14 \u20ac<\/div>\n                            <div class=\"rpc-chart-month\">FEB<\/div>\n                        <\/div>\n                    <\/div>\n                                    <div class=\"rpc-chart-column\">\n                        <div class=\"rpc-chart-inner\" style=\"height: 28.301886792453%\">\n                            <div class=\"rpc-chart-column-value\">15 \u20ac<\/div>\n                            <div class=\"rpc-chart-month\">MAR<\/div>\n                        <\/div>\n                    <\/div>\n                                    <div class=\"rpc-chart-column\">\n                        <div class=\"rpc-chart-inner\" style=\"height: 45.283018867925%\">\n                            <div class=\"rpc-chart-column-value\">24 \u20ac<\/div>\n                            <div class=\"rpc-chart-month\">APR<\/div>\n                        <\/div>\n                    <\/div>\n                                    <div class=\"rpc-chart-column\">\n                        <div class=\"rpc-chart-inner\" style=\"height: 32.075471698113%\">\n                            <div class=\"rpc-chart-column-value\">17 \u20ac<\/div>\n                            <div class=\"rpc-chart-month\">MAY<\/div>\n                        <\/div>\n                    <\/div>\n                                    <div class=\"rpc-chart-column\">\n                        <div class=\"rpc-chart-inner\" style=\"height: 30.188679245283%\">\n                            <div class=\"rpc-chart-column-value\">16 \u20ac<\/div>\n                            <div class=\"rpc-chart-month\">JUN<\/div>\n                        <\/div>\n                    <\/div>\n                                    <div class=\"rpc-chart-column\">\n                        <div class=\"rpc-chart-inner\" style=\"height: 52.830188679245%\">\n                            <div class=\"rpc-chart-column-value\">28 \u20ac<\/div>\n                            <div class=\"rpc-chart-month\">JUL<\/div>\n                        <\/div>\n                    <\/div>\n                                    <div class=\"rpc-chart-column\">\n                        <div class=\"rpc-chart-inner\" style=\"height: 62.264150943396%\">\n                            <div class=\"rpc-chart-column-value\">33 \u20ac<\/div>\n                            <div class=\"rpc-chart-month\">AUG<\/div>\n                        <\/div>\n                    <\/div>\n                                    <div class=\"rpc-chart-column\">\n                        <div class=\"rpc-chart-inner\" style=\"height: 39.622641509434%\">\n                            <div class=\"rpc-chart-column-value\">21 \u20ac<\/div>\n                            <div class=\"rpc-chart-month\">SEP<\/div>\n                        <\/div>\n                    <\/div>\n                                    <div class=\"rpc-chart-column\">\n                        <div class=\"rpc-chart-inner\" style=\"height: 35.849056603774%\">\n                            <div class=\"rpc-chart-column-value\">19 \u20ac<\/div>\n                            <div class=\"rpc-chart-month\">OCT<\/div>\n                        <\/div>\n                    <\/div>\n                                    <div class=\"rpc-chart-column\">\n                        <div class=\"rpc-chart-inner\" style=\"height: 32.075471698113%\">\n                            <div class=\"rpc-chart-column-value\">17 \u20ac<\/div>\n                            <div class=\"rpc-chart-month\">NOV<\/div>\n                        <\/div>\n                    <\/div>\n                                    <div class=\"rpc-chart-column\">\n                        <div class=\"rpc-chart-inner\" style=\"height: 41.509433962264%\">\n                            <div class=\"rpc-chart-column-value\">22 \u20ac<\/div>\n                            <div class=\"rpc-chart-month\">DEC<\/div>\n                        <\/div>\n                    <\/div>\n                            <\/div>\n        <\/div>\n        \n<h2>\u00cenchirieri Auto Tanger: Documente<\/h2>\n<p>Marocul este o \u021bar\u0103 deschis\u0103 care este accesibil\u0103 turi\u0219tilor din \u00eentreaga lume. Prin urmare, doar documentele standard sunt necesare pentru \u00eenchiriere:<\/p>\n<ol>\n<li>Permis de conducere (este necesar\u0103 o experien\u021b\u0103 de 2 ani)<\/li>\n<li>Pa\u0219aport sau carte de identitate<\/li>\n<li>Voucher sau certificat de rezervare<\/li>\n<li>Card de credit (op\u021bional).<\/li>\n<\/ol>\n","protected":false},"excerpt":{"rendered":"<p>\u00cenchirieri Auto Tanger de la RosCar Nordul Marocului este locul unde se \u00eent\u00e2lnesc dou\u0103 continente (Europa \u0219i Africa), unde clima este cald\u0103 365 de zile pe an, \u0219i \u00eentotdeauna amintiri luminoase. Aici pute\u021bi \u00eenchiria o ma\u0219in\u0103 \u00een Tanger \u0219i v\u0103 pute\u021bi duce c\u0103l\u0103toria la un cu totul alt nivel: Mai pu\u021bine cheltuieli cu transportul public [&hellip;]<\/p>\n","protected":false},"author":1,"featured_media":291,"parent":0,"menu_order":0,"comment_status":"closed","ping_status":"closed","template":"","meta":{"footnotes":""},"class_list":["post-2538","page","type-page","status-publish","has-post-thumbnail",""],"_links":{"self":[{"href":"https:\/\/roscar.ma\/ro\/wp-json\/wp\/v2\/pages\/2538","targetHints":{"allow":["GET"]}}],"collection":[{"href":"https:\/\/roscar.ma\/ro\/wp-json\/wp\/v2\/pages"}],"about":[{"href":"https:\/\/roscar.ma\/ro\/wp-json\/wp\/v2\/types\/page"}],"author":[{"embeddable":true,"href":"https:\/\/roscar.ma\/ro\/wp-json\/wp\/v2\/users\/1"}],"replies":[{"embeddable":true,"href":"https:\/\/roscar.ma\/ro\/wp-json\/wp\/v2\/comments?post=2538"}],"version-history":[{"count":2,"href":"https:\/\/roscar.ma\/ro\/wp-json\/wp\/v2\/pages\/2538\/revisions"}],"predecessor-version":[{"id":2540,"href":"https:\/\/roscar.ma\/ro\/wp-json\/wp\/v2\/pages\/2538\/revisions\/2540"}],"wp:featuredmedia":[{"embeddable":true,"href":"https:\/\/roscar.ma\/ro\/wp-json\/wp\/v2\/media\/291"}],"wp:attachment":[{"href":"https:\/\/roscar.ma\/ro\/wp-json\/wp\/v2\/media?parent=2538"}],"curies":[{"name":"wp","href":"https:\/\/api.w.org\/{rel}","templated":true}]}}