{"id":2164,"date":"2025-07-17T11:30:24","date_gmt":"2025-07-17T11:30:24","guid":{"rendered":"https:\/\/roscar.ma\/?page_id=2164"},"modified":"2025-07-26T12:05:44","modified_gmt":"2025-07-26T12:05:44","slug":"inchirieri-auto-agadir","status":"publish","type":"page","link":"https:\/\/roscar.ma\/ro\/inchirieri-auto-agadir\/","title":{"rendered":"\u00cenchirieri Auto Agadir"},"content":{"rendered":"<h2>\u00cenchirieri Auto Agadir de la RosCar<\/h2>\n<p>Marocul este o \u021bar\u0103 cu un vibe unic, peisaje vibrante \u0219i zeci de ora\u0219e sta\u021biune de coast\u0103 rafinate. Este locul perfect pentru cei care caut\u0103 ceva mai mult dec\u00e2t relaxarea pe plaj\u0103. \u0218i exist\u0103 o singur\u0103 cale de urmat dac\u0103 dori\u021bi s\u0103 profita\u021bi la maximum de c\u0103l\u0103toria dvs. \u0219i s\u0103 v\u0103 umple\u021bi de senza\u021bii vii: \u00eenchirierea de ma\u0219ini Agadir. E\u0219ti preg\u0103tit s\u0103 o iei pe a ta? Atunci rezerva\u021bi acum cu RosCar \u0219i ve\u021bi putea:<\/p>\n<ul>\n<li>Alege cele mai bune oferte cu condi\u021bii win-win<\/li>\n<li>S\u0103 echipezi op\u021biuni suplimentare care fac via\u021ba mai bun\u0103 \u0219i mai u\u0219oar\u0103<\/li>\n<li>S\u0103 te deplasezi pe calea ta unic\u0103 f\u0103r\u0103 a fi legat de programul altcuiva<\/li>\n<li>Lua\u021bi pre\u021buri mici pentru \u00eenchirierea de ma\u0219ini pe termen lung.<\/li>\n<\/ul>\n<h2>\u00cenchirieri Auto Agadir: Ghidul<\/h2>\n<p>\u00cenainte de a ap\u0103sa butonul &#8222;Rezerva\u021bi acum&#8221;, v\u0103 suger\u0103m s\u0103 citi\u021bi o scurt\u0103 introducere. Aceasta este calea a mii de c\u0103l\u0103tori activi din \u00eentreaga lume, care v\u0103 permite s\u0103 lua\u021bi ceea ce nu ve\u021bi regreta.<\/p>\n<h3>1. Alege\u021bi tipul de vehicul care se potrive\u0219te bugetului \u0219i obiectivelor dvs.<\/h3>\n<p>\u00cenchirierea de ma\u0219ini ieftine \u00een Agadir este disponibil\u0103 numai pentru cei care aleg tipul potrivit:<\/p>\n<ul>\n<li>Ma\u0219in\u0103 standard (cea mai v\u00e2ndut\u0103 \u00een Maroc)<\/li>\n<li>Crossover sau SUV<\/li>\n<li>Mini ma\u0219in\u0103 sau ma\u0219in\u0103 economic\u0103<\/li>\n<li>Minivan sau Van<\/li>\n<li>Decapotabil\u0103, de lux sau altele.<\/li>\n<\/ul>\n<h3>2. Ce spune\u021bi despre serviciile suplimentare?<\/h3>\n<p>Aceasta este partea din rezervare pe care mul\u021bi turi\u0219ti o sar adesea, dar apoi regret\u0103 c\u0103 nu i-au acordat mai mult\u0103 aten\u021bie. Poate c\u0103 exist\u0103 ceva aici care va face ca \u00eenchirierea dvs. de ma\u0219ini \u00een Agadir s\u0103 fie mai bun\u0103:<\/p>\n<ul>\n<li>Asigurarea suplimentar\u0103: Riscurile financiare vor fi mai mici dac\u0103 a\u021bi pl\u0103tit pentru un upgrade la Full Coverage sau SuperCDW.<\/li>\n<li>Anulare gratuit\u0103: \u00cen cazul \u00een care nu sunte\u021bi 100% sigur de planurile dvs.<\/li>\n<li>Kilometraj nelimitat: Zero taxe off pentru oportunit\u0103\u021bi nelimitate de c\u0103l\u0103torie.<\/li>\n<li>F\u0103r\u0103 depozit: Nu trebuie s\u0103 v\u0103 reduce\u021bi bugetul, \u00eencerca\u021bi blocajele f\u0103r\u0103 depozit pe cardurile de credit.<\/li>\n<li>Model garantat: Aceea\u0219i ma\u0219in\u0103 va fi rezervat\u0103, f\u0103r\u0103 excep\u021bii.<\/li>\n<li>Transmisie: Nu ve\u021bi fi surprin\u0219i s\u0103 afla\u021bi c\u0103 v\u0103 recomand\u0103m o transmisie automat\u0103.<\/li>\n<li>F\u0103r\u0103 card de credit: Multe vehicule bune sunt disponibile cu aceast\u0103 caracteristic\u0103 gratuit\u0103.<\/li>\n<li>Cartela SIM: C\u0103l\u0103toria \u00een 2025 este imposibil\u0103 f\u0103r\u0103 o conexiune la internet stabil\u0103 \u0219i ieftin\u0103.<\/li>\n<li>\u0218ofer suplimentar: Selecta\u021bi aceast\u0103 op\u021biune dac\u0103 dori\u021bi s\u0103 l\u0103sa\u021bi un prieten s\u0103 conduc\u0103 pe drum.<\/li>\n<li>Scaun pentru copii: Copiii sub 10 ani trebuie s\u0103 fie \u00eentr-un scaun pentru copii \u00een Maroc.<\/li>\n<\/ul>\n<blockquote class=\"check\">\n<h2>\u00cenchirieri Auto Agadir: Rezervare<\/h2>\n<p>Ave\u021bi permis de conducere \u0219i sunte\u021bi peste 21 de ani? Atunci merge\u021bi s\u0103 ob\u021bine\u021bi \u00eenchirieri auto Agadir c\u00e2t mai cur\u00e2nd posibil:<\/p>\n<ol>\n<li>Specifica\u021bi loca\u021biile \u0219i datele.<\/li>\n<li>Merge\u021bi la filtre pentru a v\u0103 personaliza c\u0103utarea.<\/li>\n<li>A\u021bi g\u0103sit vehiculul dorit \u00een list\u0103? Rezerva\u021bi acum.<\/li>\n<li>Ad\u0103uga\u021bi servicii suplimentare sau tipul de asigurare (dac\u0103 ave\u021bi nevoie de un upgrade).<\/li>\n<li>Completa\u021bi informa\u021biile \u0219oferului.<\/li>\n<li>Confirma\u021bi.<\/li>\n<\/ol>\n<p>Confirmarea rezerv\u0103rii pe RosCar se realizeaz\u0103 prin intermediul unui card bancar, care necesit\u0103 aproximativ o cincime din plata \u00eenchirierii. Voucherul (confirmarea rezerv\u0103rii) va fi trimis imediat ce plata este creditat\u0103.<\/p><\/blockquote>\n<h2>\u00cenchirierea unei ma\u0219ini Agadir pre\u021b<\/h2>\n<p>Costul unei zile de conducere a unui vehicul \u00eenchiriat este de:<\/p>\n<ul>\n<li>$15-20 pentru Economy\/Mini<\/li>\n<li>$25-35 pentru Standard\/Compact<\/li>\n<li>$40-60 pentru Crossover\/SUV\/Minivan<\/li>\n<li>$80+ pentru Luxury\/Convertible.<\/li>\n<\/ul>\n<p>Acestea sunt doar valori aproximative mediate pe parcursul anului. \u00cenchirierea unei ma\u0219ini \u00een Agadir va fi mai ieftin\u0103 dac\u0103:<\/p>\n<ul>\n<li>Sta\u021bi departe de sezoanele de ultim moment sau de s\u0103rb\u0103tori<\/li>\n<li>C\u0103uta\u021bi \u00eenchirierea de ma\u0219ini pe termen lung<\/li>\n<li>Ridica\u021bi ma\u0219ina \u00een ora\u0219 (aeroportul sau transferul este mai scump)<\/li>\n<li>Face\u021bi o rezervare la timp (cu 10-20 de zile \u00eenainte de plecare).<\/li>\n<\/ul>\n<p>De asemenea, v\u0103 recomand\u0103m s\u0103 compara\u021bi pre\u021bul:<\/p>\n<h3>Tabel cu pre\u021buri pentru \u00eenchirierea ma\u0219inilor \u00een Agadir, Maroc<\/h3>\n<table border=\"1\" cellspacing=\"0\" cellpadding=\"0\">\n<thead>\n<tr>\n<th>Modelul ma\u0219inii<\/th>\n<th>Tip caroserie<\/th>\n<th>Pre\u021b pe zi (sezon sc\u0103zut)<\/th>\n<th>Pre\u021b pe zi (sezon mare)<\/th>\n<th>Pasageri<\/th>\n<th>Capacitate bagaje<\/th>\n<\/tr>\n<\/thead>\n<tbody>\n<tr>\n<td>Fiat Panda<\/td>\n<td>Hatchback<\/td>\n<td>19 \u20ac<\/td>\n<td>25 \u20ac<\/td>\n<td>4<\/td>\n<td>1<\/td>\n<\/tr>\n<tr>\n<td>Kia Picanto<\/td>\n<td>Hatchback<\/td>\n<td>21 \u20ac<\/td>\n<td>28 \u20ac<\/td>\n<td>4<\/td>\n<td>1<\/td>\n<\/tr>\n<tr>\n<td>Dacia Logan<\/td>\n<td>Sedan<\/td>\n<td>23 \u20ac<\/td>\n<td>31 \u20ac<\/td>\n<td>5<\/td>\n<td>2<\/td>\n<\/tr>\n<tr>\n<td>Hyundai i20<\/td>\n<td>Hatchback<\/td>\n<td>25 \u20ac<\/td>\n<td>34 \u20ac<\/td>\n<td>5<\/td>\n<td>2<\/td>\n<\/tr>\n<tr>\n<td>Peugeot 208<\/td>\n<td>Hatchback<\/td>\n<td>26 \u20ac<\/td>\n<td>35 \u20ac<\/td>\n<td>5<\/td>\n<td>2<\/td>\n<\/tr>\n<tr>\n<td>Renault Clio<\/td>\n<td>Hatchback<\/td>\n<td>27 \u20ac<\/td>\n<td>37 \u20ac<\/td>\n<td>5<\/td>\n<td>2<\/td>\n<\/tr>\n<tr>\n<td>Citro\u00ebn C-Elys\u00e9e<\/td>\n<td>Sedan<\/td>\n<td>28 \u20ac<\/td>\n<td>38 \u20ac<\/td>\n<td>5<\/td>\n<td>3<\/td>\n<\/tr>\n<tr>\n<td>Renault Captur<\/td>\n<td>Crossover<\/td>\n<td>33 \u20ac<\/td>\n<td>44 \u20ac<\/td>\n<td>5<\/td>\n<td>3<\/td>\n<\/tr>\n<tr>\n<td>Dacia Duster<\/td>\n<td>SUV<\/td>\n<td>37 \u20ac<\/td>\n<td>48 \u20ac<\/td>\n<td>5<\/td>\n<td>3<\/td>\n<\/tr>\n<tr>\n<td>Peugeot 3008<\/td>\n<td>SUV<\/td>\n<td>54 \u20ac<\/td>\n<td>68 \u20ac<\/td>\n<td>5<\/td>\n<td>4<\/td>\n<\/tr>\n<\/tbody>\n<\/table>\n        <div class=\"rpc-chart\">\n            <h3>Modific\u0103ri sezoniere ale pre\u021burilor de \u00eenchiriere auto \u00een Agadir: analiza real\u0103 bazat\u0103 pe rezerv\u0103ri<\/h3>\n            <div><p>\u00cen ultimii trei ani, echipa roscar.ma a colectat \u0219i analizat date privind costul mediu de \u00eenchiriere a unei ma\u0219ini \u00een Agadir. Toate rezultatele se bazeaz\u0103 pe rezerv\u0103ri reale f\u0103cute prin intermediul platformei, care lucreaz\u0103 exclusiv cu parteneri locali de \u00eencredere.<\/p>\n<p>Studiul ia \u00een considerare toate categoriile de ma\u0219ini - de la modele compacte de ora\u0219 la SUV-uri spa\u021bioase, decapotabile \u0219i ma\u0219ini de clas\u0103 business. Aceast\u0103 abordare v\u0103 permite s\u0103 identifica\u021bi cu precizie tendin\u021bele sezoniere ale pre\u021burilor \u0219i s\u0103 oferi\u021bi clien\u021bilor cele mai utile informa\u021bii pentru planificarea c\u0103l\u0103toriei lor.<\/p>\n<p>Speciali\u0219tii RosCar Morocco au o \u00een\u021belegere profund\u0103 a pie\u021bei de \u00eenchirieri auto din Maroc \u0219i lucreaz\u0103 zilnic pentru a actualiza statisticile actualizate. Acest lucru asigur\u0103 faptul c\u0103 utilizatorii nu primesc doar medii, ci informa\u021bii fiabile, practice, care corespund condi\u021biilor reale.<\/p>\n<\/div>\n            <div class=\"rpc-chart-bars\">\n                                    <div class=\"rpc-chart-column\">\n                        <div class=\"rpc-chart-inner\" style=\"height: 27.659574468085%\">\n                            <div class=\"rpc-chart-column-value\">13 \u20ac<\/div>\n                            <div class=\"rpc-chart-month\">JAN<\/div>\n                        <\/div>\n                    <\/div>\n                                    <div class=\"rpc-chart-column\">\n                        <div class=\"rpc-chart-inner\" style=\"height: 29.787234042553%\">\n                            <div class=\"rpc-chart-column-value\">14 \u20ac<\/div>\n                            <div class=\"rpc-chart-month\">FEB<\/div>\n                        <\/div>\n                    <\/div>\n                                    <div class=\"rpc-chart-column\">\n                        <div class=\"rpc-chart-inner\" style=\"height: 27.659574468085%\">\n                            <div class=\"rpc-chart-column-value\">13 \u20ac<\/div>\n                            <div class=\"rpc-chart-month\">MAR<\/div>\n                        <\/div>\n                    <\/div>\n                                    <div class=\"rpc-chart-column\">\n                        <div class=\"rpc-chart-inner\" style=\"height: 38.297872340426%\">\n                            <div class=\"rpc-chart-column-value\">18 \u20ac<\/div>\n                            <div class=\"rpc-chart-month\">APR<\/div>\n                        <\/div>\n                    <\/div>\n                                    <div class=\"rpc-chart-column\">\n                        <div class=\"rpc-chart-inner\" style=\"height: 29.787234042553%\">\n                            <div class=\"rpc-chart-column-value\">14 \u20ac<\/div>\n                            <div class=\"rpc-chart-month\">MAY<\/div>\n                        <\/div>\n                    <\/div>\n                                    <div class=\"rpc-chart-column\">\n                        <div class=\"rpc-chart-inner\" style=\"height: 27.659574468085%\">\n                            <div class=\"rpc-chart-column-value\">13 \u20ac<\/div>\n                            <div class=\"rpc-chart-month\">JUN<\/div>\n                        <\/div>\n                    <\/div>\n                                    <div class=\"rpc-chart-column\">\n                        <div class=\"rpc-chart-inner\" style=\"height: 46.808510638298%\">\n                            <div class=\"rpc-chart-column-value\">22 \u20ac<\/div>\n                            <div class=\"rpc-chart-month\">JUL<\/div>\n                        <\/div>\n                    <\/div>\n                                    <div class=\"rpc-chart-column\">\n                        <div class=\"rpc-chart-inner\" style=\"height: 57.446808510638%\">\n                            <div class=\"rpc-chart-column-value\">27 \u20ac<\/div>\n                            <div class=\"rpc-chart-month\">AUG<\/div>\n                        <\/div>\n                    <\/div>\n                                    <div class=\"rpc-chart-column\">\n                        <div class=\"rpc-chart-inner\" style=\"height: 31.914893617021%\">\n                            <div class=\"rpc-chart-column-value\">15 \u20ac<\/div>\n                            <div class=\"rpc-chart-month\">SEP<\/div>\n                        <\/div>\n                    <\/div>\n                                    <div class=\"rpc-chart-column\">\n                        <div class=\"rpc-chart-inner\" style=\"height: 38.297872340426%\">\n                            <div class=\"rpc-chart-column-value\">18 \u20ac<\/div>\n                            <div class=\"rpc-chart-month\">OCT<\/div>\n                        <\/div>\n                    <\/div>\n                                    <div class=\"rpc-chart-column\">\n                        <div class=\"rpc-chart-inner\" style=\"height: 31.914893617021%\">\n                            <div class=\"rpc-chart-column-value\">15 \u20ac<\/div>\n                            <div class=\"rpc-chart-month\">NOV<\/div>\n                        <\/div>\n                    <\/div>\n                                    <div class=\"rpc-chart-column\">\n                        <div class=\"rpc-chart-inner\" style=\"height: 40.425531914894%\">\n                            <div class=\"rpc-chart-column-value\">19 \u20ac<\/div>\n                            <div class=\"rpc-chart-month\">DEC<\/div>\n                        <\/div>\n                    <\/div>\n                            <\/div>\n        <\/div>\n        \n<h2>\u00cenchirieri Auto Agadir: Documente<\/h2>\n<p>Pentru \u00eenchirierea unei ma\u0219ini \u00een Agadir sunt necesare 21-25 de ani, o anumit\u0103 experien\u021b\u0103 de conducere \u0219i urm\u0103toarele documente:<\/p>\n<ol>\n<li>Card de credit (op\u021bional)<\/li>\n<li>pa\u0219aport<\/li>\n<li>Voucher\/certificat de rezervare<\/li>\n<li>Permis de conducere (sau IDP).<\/li>\n<\/ol>\n<p>\u00cenchirierea de ma\u0219ini Agadir este un serviciu indispensabil pentru turi\u0219tii care doresc s\u0103 vad\u0103 nu numai Agadir, ci tot Marocul.<\/p>\n","protected":false},"excerpt":{"rendered":"<p>\u00cenchirieri Auto Agadir de la RosCar Marocul este o \u021bar\u0103 cu un vibe unic, peisaje vibrante \u0219i zeci de ora\u0219e sta\u021biune de coast\u0103 rafinate. Este locul perfect pentru cei care caut\u0103 ceva mai mult dec\u00e2t relaxarea pe plaj\u0103. \u0218i exist\u0103 o singur\u0103 cale de urmat dac\u0103 dori\u021bi s\u0103 profita\u021bi la maximum de c\u0103l\u0103toria dvs. \u0219i [&hellip;]<\/p>\n","protected":false},"author":1,"featured_media":801,"parent":0,"menu_order":0,"comment_status":"closed","ping_status":"closed","template":"","meta":{"footnotes":""},"class_list":["post-2164","page","type-page","status-publish","has-post-thumbnail",""],"_links":{"self":[{"href":"https:\/\/roscar.ma\/ro\/wp-json\/wp\/v2\/pages\/2164","targetHints":{"allow":["GET"]}}],"collection":[{"href":"https:\/\/roscar.ma\/ro\/wp-json\/wp\/v2\/pages"}],"about":[{"href":"https:\/\/roscar.ma\/ro\/wp-json\/wp\/v2\/types\/page"}],"author":[{"embeddable":true,"href":"https:\/\/roscar.ma\/ro\/wp-json\/wp\/v2\/users\/1"}],"replies":[{"embeddable":true,"href":"https:\/\/roscar.ma\/ro\/wp-json\/wp\/v2\/comments?post=2164"}],"version-history":[{"count":1,"href":"https:\/\/roscar.ma\/ro\/wp-json\/wp\/v2\/pages\/2164\/revisions"}],"predecessor-version":[{"id":2165,"href":"https:\/\/roscar.ma\/ro\/wp-json\/wp\/v2\/pages\/2164\/revisions\/2165"}],"wp:featuredmedia":[{"embeddable":true,"href":"https:\/\/roscar.ma\/ro\/wp-json\/wp\/v2\/media\/801"}],"wp:attachment":[{"href":"https:\/\/roscar.ma\/ro\/wp-json\/wp\/v2\/media?parent=2164"}],"curies":[{"name":"wp","href":"https:\/\/api.w.org\/{rel}","templated":true}]}}