{"id":2111,"date":"2025-07-17T11:14:56","date_gmt":"2025-07-17T11:14:56","guid":{"rendered":"https:\/\/roscar.ma\/?page_id=2111"},"modified":"2025-07-25T17:06:27","modified_gmt":"2025-07-25T17:06:27","slug":"inchirieri-auto-fez-fes","status":"publish","type":"page","link":"https:\/\/roscar.ma\/ro\/inchirieri-auto-fez-fes\/","title":{"rendered":"\u00cenchirieri Auto Fez (Fes)"},"content":{"rendered":"<h2>\u00cenchirieri Auto Fez (Fes) de la RosCar<\/h2>\n<p>Aproape fiecare \u021bar\u0103 are o capital\u0103 neoficial\u0103, care este centrul vie\u021bii culturale a \u00eentregului stat. Dori\u021bi s\u0103 g\u0103si\u021bi acest ora\u0219 frumos \u00een Maroc? Atunci trebuie s\u0103 \u00eenchiria\u021bi o ma\u0219in\u0103 \u00een Fes pentru:<\/p>\n<ul>\n<li>Ob\u021bine\u021bi cea mai bun\u0103 experien\u021b\u0103 de conducere la un pre\u021b sc\u0103zut<\/li>\n<li>Alege\u021bi cel mai bun vehicul cu adaosurile ideale<\/li>\n<li>S\u0103 v\u0103 duce\u021bi c\u0103l\u0103toria la un alt nivel de confort<\/li>\n<li>Nu fi\u021bi limitat \u00een op\u021biunile dvs. de c\u0103l\u0103torie.<\/li>\n<\/ul>\n<p>\u00cenchiria\u021bi o ma\u0219in\u0103 \u00een Fez prin RosCar \u0219i ve\u021bi putea descoperi toate secretele acestei lumi arabe uimitoare. Dar mai \u00eent\u00e2i, preg\u0103ti\u021bi-v\u0103 cardul pentru a confirma rezervarea, deoarece nu exist\u0103 alt\u0103 modalitate de a ob\u021bine vehiculul dvs. Rezerva\u021bi acum.<\/p>\n<h2>\u00cenchirieri ma\u0219ini Fes: Ghid<\/h2>\n<p>Uneori, chiar \u0219i c\u0103l\u0103torii experimenta\u021bi au nevoie de c\u00e2teva sfaturi bune. Acestea sunt tipurile de sfaturi care v\u0103 vor permite s\u0103 pl\u0103ti\u021bi mai pu\u021bin \u0219i s\u0103 ob\u021bine\u021bi cea mai bun\u0103 valoare \u00een cel mai scurt timp.<\/p>\n<h3>Primul sfat: Utiliza\u021bi filtre \u00een func\u021bie de tip<\/h3>\n<p>Nu pierde\u021bi timpul c\u0103ut\u00e2nd vehicule care nu v\u0103 intereseaz\u0103. Alege\u021bi doar unul:<\/p>\n<ul>\n<li>Economic<\/li>\n<li>Standard<\/li>\n<li>Mini<\/li>\n<li>Decapotabil\u0103<\/li>\n<li>SUV sau Crossover<\/li>\n<li>Minivan sau Van<\/li>\n<li>Altele.<\/li>\n<\/ul>\n<h3>Al doilea sfat: G\u0103si\u021bi extra<\/h3>\n<p>Nu unul, ci o duzin\u0103 de extraop\u021biuni pe care le pute\u021bi ob\u021bine de la \u00eenchirierea de ma\u0219ini ieftine \u00een Fes:<\/p>\n<ul>\n<li>F\u0103r\u0103 card de credit: Orice alt card de credit sau numerar va func\u021biona.<\/li>\n<li>Cartela SIM: Ve\u021bi avea nevoie de una pentru a naviga prin numeroasele atrac\u021bii din Fez.<\/li>\n<li>\u0218ofer suplimentar: Orice persoan\u0103 care \u00eendepline\u0219te cerin\u021bele de v\u00e2rst\u0103 pentru \u00eenchiriere.<\/li>\n<li>Scaun pentru copii: C\u0103l\u0103toriile cu copii ar trebui s\u0103 fie sigure.<\/li>\n<li>Anulare gratuit\u0103: Costurile de rezervare vor fi rambursate dac\u0103 anula\u021bi cu 48 de ore \u00een avans.<\/li>\n<li>Kilometraj nelimitat: O cantitate nesf\u00e2r\u0219it\u0103 de frumuse\u021be arab\u0103 incredibil\u0103.<\/li>\n<li>F\u0103r\u0103 depozit: Mai pu\u021bin stres implicat atunci c\u00e2nd este vorba de blocaje f\u0103r\u0103 depozit pe cardurile de credit.<\/li>\n<li>Model garantat: Ridicarea este acela\u0219i vehicul pe care l-a\u021bi solicitat.<\/li>\n<li>Transmisie: Ce prefera\u021bi, manual\u0103 sau automat\u0103?<\/li>\n<li>Asigurare suplimentar\u0103: Super CDW sau Full Coverage sunt cele mai bune op\u021biuni de upgrade.<\/li>\n<\/ul>\n<blockquote class=\"info\">\n<h2>\u00cenchirieri auto Fez \u00een detalii<\/h2>\n<p>RosCar are o procedur\u0103 simpl\u0103 de rezervare pe care orice adult (peste 21 de ani) o poate gestiona:<\/p>\n<ol>\n<li>Specifica\u021bi datele \u0219i loca\u021biile.<\/li>\n<li>Merge\u021bi la filtre, face\u021bi clic pe cele dorite.<\/li>\n<li>Derula\u021bi lista \u0219i Rezerva\u021bi acum c\u00e2nd o vede\u021bi pe cea mai bun\u0103.<\/li>\n<li>Selecta\u021bi tipul de asigurare (Standard sau Upgrade), precum \u0219i op\u021biunile suplimentare.<\/li>\n<li>Completa\u021bi datele principale ale \u0219oferului.<\/li>\n<li>Confirma\u021bi.<\/li>\n<\/ol>\n<p>\u00cenchirierile auto Fes necesit\u0103 confirmarea automat\u0103 a oric\u0103rui card bancar. Suma de plat\u0103 poate varia de la o cincime p\u00e2n\u0103 la valoarea total\u0103 a \u00eenchirierii.<\/p><\/blockquote>\n<h2>Pre\u021b \u00eenchiriere auto Fes<\/h2>\n<p>Atena Africii este cu greu un loc ieftin pentru a c\u0103l\u0103tori, dar pute\u021bi g\u0103si \u00eentotdeauna un vehicul pentru orice buget:<\/p>\n<ul>\n<li>20-30 $ pentru Mini sau Economy<\/li>\n<li>30-40 $ pentru Standard<\/li>\n<li>40-55 $ pentru Minivan, SUV sau Crossover<\/li>\n<li>$70+ pentru lux sau decapotabil\u0103.<\/li>\n<\/ul>\n<p>V\u0103 rug\u0103m s\u0103 re\u021bine\u021bi c\u0103 este posibil ca pre\u021burile s\u0103 nu fie \u00eentotdeauna a\u0219a cum sunt. Pre\u021bul mediu zilnic poate varia semnificativ \u00een func\u021bie de mai mul\u021bi factori:<\/p>\n<ul>\n<li>Durata \u00eenchirierii<\/li>\n<li>Metoda de preluare (ora\u0219ul Fez sau aeroport)<\/li>\n<li>Num\u0103rul de op\u021biuni suplimentare<\/li>\n<li>Volumul de lucru al operatorului.<\/li>\n<\/ul>\n<p>Iat\u0103 cum s\u0103 compara\u021bi pre\u021bul pentru \u00eenchirierea de ma\u0219ini \u00een Fez:<\/p>\n<h3>Tabel cu pre\u021buri pentru \u00eenchirierea de ma\u0219ini \u00een Fes, Maroc<\/h3>\n<table border=\"1\">\n<thead>\n<tr>\n<th>Model de ma\u0219in\u0103<\/th>\n<th>Tip caroserie<\/th>\n<th>Pre\u021b pe zi (sezon sc\u0103zut)<\/th>\n<th>Pre\u021b pe zi (sezon mare)<\/th>\n<th>Pasageri<\/th>\n<th>Capacitate bagaje<\/th>\n<\/tr>\n<\/thead>\n<tbody>\n<tr>\n<td>Fiat Panda<\/td>\n<td>Hatchback<\/td>\n<td>19 \u20ac<\/td>\n<td>26 \u20ac<\/td>\n<td>4<\/td>\n<td>1<\/td>\n<\/tr>\n<tr>\n<td>Hyundai i10<\/td>\n<td>Hatchback<\/td>\n<td>21 \u20ac<\/td>\n<td>28 \u20ac<\/td>\n<td>4<\/td>\n<td>1<\/td>\n<\/tr>\n<tr>\n<td>Kia Picanto<\/td>\n<td>Hatchback<\/td>\n<td>22 \u20ac<\/td>\n<td>30 \u20ac<\/td>\n<td>4<\/td>\n<td>1<\/td>\n<\/tr>\n<tr>\n<td>Peugeot 208<\/td>\n<td>Hatchback<\/td>\n<td>24 \u20ac<\/td>\n<td>33 \u20ac<\/td>\n<td>5<\/td>\n<td>2<\/td>\n<\/tr>\n<tr>\n<td>Dacia Logan<\/td>\n<td>Sedan<\/td>\n<td>25 \u20ac<\/td>\n<td>34 \u20ac<\/td>\n<td>5<\/td>\n<td>2<\/td>\n<\/tr>\n<tr>\n<td>Renault Clio<\/td>\n<td>Hatchback<\/td>\n<td>27 \u20ac<\/td>\n<td>36 \u20ac<\/td>\n<td>5<\/td>\n<td>2<\/td>\n<\/tr>\n<tr>\n<td>Citro\u00ebn C-Elys\u00e9e<\/td>\n<td>Sedan<\/td>\n<td>28 \u20ac<\/td>\n<td>38 \u20ac<\/td>\n<td>5<\/td>\n<td>3<\/td>\n<\/tr>\n<tr>\n<td>Renault Captur<\/td>\n<td>Crossover<\/td>\n<td>32 \u20ac<\/td>\n<td>43 \u20ac<\/td>\n<td>5<\/td>\n<td>3<\/td>\n<\/tr>\n<tr>\n<td>Dacia Duster<\/td>\n<td>SUV<\/td>\n<td>36 \u20ac<\/td>\n<td>47 \u20ac<\/td>\n<td>5<\/td>\n<td>3<\/td>\n<\/tr>\n<tr>\n<td>Peugeot 3008<\/td>\n<td>SUV<\/td>\n<td>52 \u20ac<\/td>\n<td>66 \u20ac<\/td>\n<td>5<\/td>\n<td>4<\/td>\n<\/tr>\n<\/tbody>\n<\/table>\n        <div class=\"rpc-chart\">\n            <h3>Cum se modific\u0103 pre\u021burile pentru \u00eenchirierea de ma\u0219ini \u00een Fez \u00een func\u021bie de sezon: analiz\u0103 bazat\u0103 pe rezerv\u0103ri reale<\/h3>\n            <div><p>Pe parcursul celor trei ani r\u0103ma\u0219i, am \u00eenregistrat modific\u0103ri ale pre\u021burilor medii pentru \u00eenchirierea de ma\u0219ini din Fez, vikoryst \u0219i datele reale de rezervare efectuate prin intermediul platformei roscar.ma. Colabor\u0103m numai cu companii locale de \u00eenchiriere verificate, ceea ce garanteaz\u0103 transparen\u021ba \u0219i fiabilitatea ofertelor de \u00eenchiriere.<\/p>\n<p>Analiza acoper\u0103 \u00eentreaga gam\u0103 de vehicule de transport: de la hatchback-uri ieftine pentru deplas\u0103ri locale la vehicule utilitare, decapotabile \u0219i ma\u0219ini de clas\u0103 premium. Aceast\u0103 abordare permite identificarea fluctua\u021biilor sezoniere caracteristice ale pre\u021burilor \u0219i reac\u021bionarea imediat\u0103 la schimb\u0103rile de pre\u021b.<\/p>\n<p>Consulta\u021bi informa\u021biile noastre pentru a afla cel mai bun moment pentru a \u00eenchiria o ma\u0219in\u0103. RosCar este asistentul dvs. de \u00eencredere \u00een planificarea unui transfer manual \u0219i eficient \u00een Maroc.<\/p>\n<\/div>\n            <div class=\"rpc-chart-bars\">\n                                    <div class=\"rpc-chart-column\">\n                        <div class=\"rpc-chart-inner\" style=\"height: 25%\">\n                            <div class=\"rpc-chart-column-value\">12 \u20ac<\/div>\n                            <div class=\"rpc-chart-month\">JAN<\/div>\n                        <\/div>\n                    <\/div>\n                                    <div class=\"rpc-chart-column\">\n                        <div class=\"rpc-chart-inner\" style=\"height: 27.083333333333%\">\n                            <div class=\"rpc-chart-column-value\">13 \u20ac<\/div>\n                            <div class=\"rpc-chart-month\">FEB<\/div>\n                        <\/div>\n                    <\/div>\n                                    <div class=\"rpc-chart-column\">\n                        <div class=\"rpc-chart-inner\" style=\"height: 29.166666666667%\">\n                            <div class=\"rpc-chart-column-value\">14 \u20ac<\/div>\n                            <div class=\"rpc-chart-month\">MAR<\/div>\n                        <\/div>\n                    <\/div>\n                                    <div class=\"rpc-chart-column\">\n                        <div class=\"rpc-chart-inner\" style=\"height: 35.416666666667%\">\n                            <div class=\"rpc-chart-column-value\">17 \u20ac<\/div>\n                            <div class=\"rpc-chart-month\">APR<\/div>\n                        <\/div>\n                    <\/div>\n                                    <div class=\"rpc-chart-column\">\n                        <div class=\"rpc-chart-inner\" style=\"height: 37.5%\">\n                            <div class=\"rpc-chart-column-value\">18 \u20ac<\/div>\n                            <div class=\"rpc-chart-month\">MAY<\/div>\n                        <\/div>\n                    <\/div>\n                                    <div class=\"rpc-chart-column\">\n                        <div class=\"rpc-chart-inner\" style=\"height: 43.75%\">\n                            <div class=\"rpc-chart-column-value\">21 \u20ac<\/div>\n                            <div class=\"rpc-chart-month\">JUN<\/div>\n                        <\/div>\n                    <\/div>\n                                    <div class=\"rpc-chart-column\">\n                        <div class=\"rpc-chart-inner\" style=\"height: 52.083333333333%\">\n                            <div class=\"rpc-chart-column-value\">25 \u20ac<\/div>\n                            <div class=\"rpc-chart-month\">JUL<\/div>\n                        <\/div>\n                    <\/div>\n                                    <div class=\"rpc-chart-column\">\n                        <div class=\"rpc-chart-inner\" style=\"height: 58.333333333333%\">\n                            <div class=\"rpc-chart-column-value\">28 \u20ac<\/div>\n                            <div class=\"rpc-chart-month\">AUG<\/div>\n                        <\/div>\n                    <\/div>\n                                    <div class=\"rpc-chart-column\">\n                        <div class=\"rpc-chart-inner\" style=\"height: 39.583333333333%\">\n                            <div class=\"rpc-chart-column-value\">19 \u20ac<\/div>\n                            <div class=\"rpc-chart-month\">SEP<\/div>\n                        <\/div>\n                    <\/div>\n                                    <div class=\"rpc-chart-column\">\n                        <div class=\"rpc-chart-inner\" style=\"height: 35.416666666667%\">\n                            <div class=\"rpc-chart-column-value\">17 \u20ac<\/div>\n                            <div class=\"rpc-chart-month\">OCT<\/div>\n                        <\/div>\n                    <\/div>\n                                    <div class=\"rpc-chart-column\">\n                        <div class=\"rpc-chart-inner\" style=\"height: 27.083333333333%\">\n                            <div class=\"rpc-chart-column-value\">13 \u20ac<\/div>\n                            <div class=\"rpc-chart-month\">NOV<\/div>\n                        <\/div>\n                    <\/div>\n                                    <div class=\"rpc-chart-column\">\n                        <div class=\"rpc-chart-inner\" style=\"height: 39.583333333333%\">\n                            <div class=\"rpc-chart-column-value\">19 \u20ac<\/div>\n                            <div class=\"rpc-chart-month\">DEC<\/div>\n                        <\/div>\n                    <\/div>\n                            <\/div>\n        <\/div>\n        \n<h2>\u00cenchirierea unei ma\u0219ini \u00een Fes: Documente<\/h2>\n<p>Fiecare companie de \u00eenchiriere poate avea cerin\u021bele sale privind v\u00e2rsta (21-25) sau documentele. Cu toate acestea, ve\u021bi avea \u00eentotdeauna nevoie de:<\/p>\n<ol>\n<li>Pa\u0219aport<\/li>\n<li>Card de credit (depozit sau cec de garan\u021bie)<\/li>\n<li>Permis de conducere.<\/li>\n<\/ol>\n<p>Voucherul (confirmarea rezerv\u0103rii) nu este obligatoriu, dar este trimis pe adresa dvs. de e-mail dup\u0103 rezervarea pe RosCar. \u00cenchirierea de ma\u0219ini Fez este poarta dvs. de acces pentru a explora cultura bogat\u0103 \u0219i bijuteriile ascunse ale ora\u0219ului &#8211; rezerva\u021bi-v\u0103 ma\u0219ina ast\u0103zi pentru o experien\u021b\u0103 de c\u0103l\u0103torie u\u0219oar\u0103 \u0219i flexibil\u0103.<\/p>\n","protected":false},"excerpt":{"rendered":"<p>\u00cenchirieri Auto Fez (Fes) de la RosCar Aproape fiecare \u021bar\u0103 are o capital\u0103 neoficial\u0103, care este centrul vie\u021bii culturale a \u00eentregului stat. Dori\u021bi s\u0103 g\u0103si\u021bi acest ora\u0219 frumos \u00een Maroc? Atunci trebuie s\u0103 \u00eenchiria\u021bi o ma\u0219in\u0103 \u00een Fes pentru: Ob\u021bine\u021bi cea mai bun\u0103 experien\u021b\u0103 de conducere la un pre\u021b sc\u0103zut Alege\u021bi cel mai bun vehicul [&hellip;]<\/p>\n","protected":false},"author":1,"featured_media":248,"parent":0,"menu_order":0,"comment_status":"closed","ping_status":"closed","template":"","meta":{"footnotes":""},"class_list":["post-2111","page","type-page","status-publish","has-post-thumbnail",""],"_links":{"self":[{"href":"https:\/\/roscar.ma\/ro\/wp-json\/wp\/v2\/pages\/2111","targetHints":{"allow":["GET"]}}],"collection":[{"href":"https:\/\/roscar.ma\/ro\/wp-json\/wp\/v2\/pages"}],"about":[{"href":"https:\/\/roscar.ma\/ro\/wp-json\/wp\/v2\/types\/page"}],"author":[{"embeddable":true,"href":"https:\/\/roscar.ma\/ro\/wp-json\/wp\/v2\/users\/1"}],"replies":[{"embeddable":true,"href":"https:\/\/roscar.ma\/ro\/wp-json\/wp\/v2\/comments?post=2111"}],"version-history":[{"count":3,"href":"https:\/\/roscar.ma\/ro\/wp-json\/wp\/v2\/pages\/2111\/revisions"}],"predecessor-version":[{"id":2114,"href":"https:\/\/roscar.ma\/ro\/wp-json\/wp\/v2\/pages\/2111\/revisions\/2114"}],"wp:featuredmedia":[{"embeddable":true,"href":"https:\/\/roscar.ma\/ro\/wp-json\/wp\/v2\/media\/248"}],"wp:attachment":[{"href":"https:\/\/roscar.ma\/ro\/wp-json\/wp\/v2\/media?parent=2111"}],"curies":[{"name":"wp","href":"https:\/\/api.w.org\/{rel}","templated":true}]}}