{"id":2052,"date":"2025-07-17T11:07:41","date_gmt":"2025-07-17T11:07:41","guid":{"rendered":"https:\/\/roscar.ma\/?page_id=2052"},"modified":"2025-07-24T20:12:38","modified_gmt":"2025-07-24T20:12:38","slug":"inchirieri-auto-rabat","status":"publish","type":"page","link":"https:\/\/roscar.ma\/ro\/inchirieri-auto-rabat\/","title":{"rendered":"\u00cenchirieri Auto Rabat"},"content":{"rendered":"<h2>\u00cenchirieri Auto Rabat de la RosCar<\/h2>\n<p>Marocul este o \u021bar\u0103 cu o combina\u021bie uimitoare de frumuse\u021be de\u0219ertic\u0103, peisaje marine \u0219i arhitectur\u0103 magnific\u0103 pe care nu o pute\u021bi g\u0103si nic\u0103ieri altundeva. Deci, atunci c\u00e2nd planifica\u021bi o excursie \u00een Africa de Nord, ar fi bine s\u0103 v\u0103 face\u021bi timp s\u0103 v\u0103 scufunda\u021bi complet \u00een paradisul musulman. Dar, de asemenea, trebuie s\u0103 \u00eenchiria\u021bi o ma\u0219in\u0103 \u00een Rabat pentru a v\u0103 face aventura mai convenabil\u0103 cu:<\/p>\n<ul>\n<li>O selec\u021bie larg\u0103 de vehicule (orice tip, pre\u021b sau culoare)<\/li>\n<li>Multe extra \u0219i caracteristici pot fi g\u0103site<\/li>\n<li>\u00cenchirieri de ma\u0219ini pe termen scurt \u0219i lung<\/li>\n<li>Rezerv\u0103ri \u00een 24 de ore cu o interfa\u021b\u0103 u\u0219or de utilizat.<\/li>\n<\/ul>\n<p>Ce este RosCar? Este un site cu caracteristici excelente pentru compararea pre\u021burilor, sortarea dup\u0103 criteriile dorite \u0219i rezervarea rapid\u0103. Rezerva\u021bi acum \u0219i confirma\u021bi-v\u0103 rezervarea prin card (se solicit\u0103 p\u00e2n\u0103 la 20% din valoarea comenzii).<\/p>\n<h2>Ghidul RosCar pentru \u00eenchirierea de ma\u0219ini Rabat<\/h2>\n<p>De\u0219i aceast\u0103 \u021bar\u0103 nu seam\u0103n\u0103 deloc cu str\u0103zile europene sau americane cu care suntem obi\u0219nui\u021bi, experien\u021ba de c\u0103l\u0103torie viitoare va fi destul de similar\u0103. Acela\u0219i lucru este valabil \u0219i pentru \u00eenchirierea de ma\u0219ini \u00een Rabat, cu excep\u021bia a dou\u0103 subtilit\u0103\u021bi care sunt rapid rezolvate.<\/p>\n<h3>1. Care este tipul dumneavoastr\u0103?<\/h3>\n<p>Nu rezerva\u021bi primul vehicul pe care \u00eel g\u0103si\u021bi. Mai bine sorta\u021bi lista prin filtrele de c\u0103utare \u00een func\u021bie de tipurile disponibile:<\/p>\n<ul>\n<li>Standard sau Compact<\/li>\n<li>SUV sau Crossover<\/li>\n<li>Van sau Minivan<\/li>\n<li>Mini sau Economy (Cea potrivit\u0103 pentru \u00eenchirierea ma\u0219inilor ieftine \u00een Rabat)<\/li>\n<li>Decapotabil\u0103 sau Lux.<\/li>\n<\/ul>\n<h3>2. Servicii suplimentare<\/h3>\n<p>Serviciile suplimentare sunt o modalitate bun\u0103 de a v\u0103 personaliza experien\u021ba de condus \u00een func\u021bie de nevoile dvs. unice. Iat\u0103 c\u00e2teva din care s\u0103 alege\u021bi:<\/p>\n<ul>\n<li>Transmisie: Dori\u021bi un condus relaxat? Alege\u021bi o transmisie automat\u0103.<\/li>\n<li>Cartela SIM: Smartphone-ul t\u0103u are nevoie de una pentru a evita s\u0103 pl\u0103te\u0219ti taxe excesive de roaming.<\/li>\n<li>Scaun pentru copii: Minorii sau copiii \u00een v\u00e2rst\u0103 de p\u00e2n\u0103 la 10 ani au nevoie de un sistem de re\u021binere.<\/li>\n<li>Kilometraj nelimitat: Cu aceast\u0103 caracteristic\u0103, tot Marocul este deschis pentru dvs.<\/li>\n<li>F\u0103r\u0103 card de credit: La fel ca metoda tradi\u021bional\u0103, dar f\u0103r\u0103 card de credit.<\/li>\n<li>Model garantat: O op\u021biune obligatorie pentru cei care au avut o experien\u021b\u0103 proast\u0103.<\/li>\n<li>Anulare gratuit\u0103: Trebuie utilizat\u0103 la timp (cu cel pu\u021bin 48 de ore \u00eenainte de data \u00eenceperii).<\/li>\n<li>\u0218ofer suplimentar: Las\u0103-\u021bi prietenul s\u0103 conduc\u0103.<\/li>\n<li>F\u0103r\u0103 depozit: Evita\u021bi comisioanele bancare inutile prin blocarea f\u0103r\u0103 depozit pe cardurile de credit.<\/li>\n<li>Asigurare suplimentar\u0103: O caracteristic\u0103 de care are nevoie toat\u0103 lumea f\u0103r\u0103 excep\u021bie. Trece\u021bi la Super CDW sau Full Coverage \u0219i relaxa\u021bi-v\u0103.<\/li>\n<\/ul>\n<blockquote class=\"check\">\n<h2>\u00cenchirieri auto Rabat: Ghid<\/h2>\n<p>RosCar lucreaz\u0103 pentru a v\u0103 oferi experien\u021be de c\u0103l\u0103torie uimitoare de la Pick-up la Drop-off. De aceea, rezervarea cu noi este c\u00e2t se poate de u\u0219oar\u0103:<\/p>\n<ol>\n<li>Introduce\u021bi detaliile: preluare, returnare \u0219i date.<\/li>\n<li>Merge\u021bi la filtre \u0219i selecta\u021bi c\u00e2teva pe care le g\u0103si\u021bi atractive \u0219i ob\u021bine\u021bi o list\u0103.<\/li>\n<li>Rezerva\u021bi acum.<\/li>\n<li>Ad\u0103uga\u021bi informa\u021bii.<\/li>\n<li>Pl\u0103ti\u021bi acum.<\/li>\n<\/ol>\n<p>\u00cenchirierile de ma\u0219ini Rabat nu pot fi confirmate f\u0103r\u0103 un card bancar. Dup\u0103 plata garan\u021biei (maximum 20% din sum\u0103), ve\u021bi fi recompensat cu un certificat de confirmare a rezerv\u0103rii.<\/p><\/blockquote>\n<h2>\u00cenchirieri Auto Rabat Pre\u021b<\/h2>\n<p>Pre\u021burile din capitala Marocului nu vi se vor p\u0103rea prea scumpe, dar sunt totu\u0219i mai mari dec\u00e2t media european\u0103:<\/p>\n<ul>\n<li>Economic pentru 20-30 $\/zi<\/li>\n<li>Standard pentru $35-50\/zi<\/li>\n<li>SUV pentru 50-70 $\/zi<\/li>\n<li>Lux pentru 80 $\/zi.<\/li>\n<\/ul>\n<p>\u00cenchirierea unei ma\u0219ini \u00een Rabat va fi mai ieftin\u0103 dac\u0103:<\/p>\n<ul>\n<li>Evita\u021bi \u00eenchirierea de ma\u0219ini pe termen scurt<\/li>\n<li>Stabili\u021bi data de \u00eencepere pentru mijlocul s\u0103pt\u0103m\u00e2nii<\/li>\n<li>Rezerva\u021bi \u00een avans<\/li>\n<li>Alege\u021bi tipul potrivit de vehicul.<\/li>\n<\/ul>\n<p>Compara\u021bi pre\u021bul pentru a g\u0103si cea mai bun\u0103 valoare:<\/p>\n<h3>Tabel cu pre\u021buri pentru \u00eenchirierea ma\u0219inilor \u00een Rabat, Maroc<\/h3>\n<table border=\"1\">\n<thead>\n<tr>\n<th>Model ma\u0219in\u0103<\/th>\n<th>Tip caroserie<\/th>\n<th>Pre\u021b pe zi (sezon sc\u0103zut)<\/th>\n<th>Pre\u021b pe zi (sezon mare)<\/th>\n<th>Pasageri<\/th>\n<th>Capacitate bagaje<\/th>\n<\/tr>\n<\/thead>\n<tbody>\n<tr>\n<td>Hyundai i10<\/td>\n<td>Hatchback<\/td>\n<td>21 \u20ac<\/td>\n<td>29 \u20ac<\/td>\n<td>4<\/td>\n<td>1<\/td>\n<\/tr>\n<tr>\n<td>Dacia Logan<\/td>\n<td>Sedan<\/td>\n<td>23 \u20ac<\/td>\n<td>32 \u20ac<\/td>\n<td>5<\/td>\n<td>2<\/td>\n<\/tr>\n<tr>\n<td>Peugeot 208<\/td>\n<td>Hatchback<\/td>\n<td>24 \u20ac<\/td>\n<td>34 \u20ac<\/td>\n<td>5<\/td>\n<td>2<\/td>\n<\/tr>\n<tr>\n<td>Renault Clio<\/td>\n<td>Hatchback<\/td>\n<td>26 \u20ac<\/td>\n<td>36 \u20ac<\/td>\n<td>5<\/td>\n<td>2<\/td>\n<\/tr>\n<tr>\n<td>Volkswagen Golf<\/td>\n<td>Hatchback<\/td>\n<td>30 \u20ac<\/td>\n<td>42 \u20ac<\/td>\n<td>5<\/td>\n<td>3<\/td>\n<\/tr>\n<tr>\n<td>Citro\u00ebn C-Elys\u00e9e<\/td>\n<td>Sedan<\/td>\n<td>25 \u20ac<\/td>\n<td>35 \u20ac<\/td>\n<td>5<\/td>\n<td>3<\/td>\n<\/tr>\n<tr>\n<td>Renault Captur<\/td>\n<td>Crossover<\/td>\n<td>32 \u20ac<\/td>\n<td>44 \u20ac<\/td>\n<td>5<\/td>\n<td>3<\/td>\n<\/tr>\n<tr>\n<td>Dacia Duster<\/td>\n<td>SUV<\/td>\n<td>36 \u20ac<\/td>\n<td>48 \u20ac<\/td>\n<td>5<\/td>\n<td>3<\/td>\n<\/tr>\n<tr>\n<td>Hyundai Tucson<\/td>\n<td>SUV<\/td>\n<td>52 \u20ac<\/td>\n<td>66 \u20ac<\/td>\n<td>5<\/td>\n<td>4<\/td>\n<\/tr>\n<tr>\n<td>Peugeot 3008<\/td>\n<td>SUV<\/td>\n<td>55 \u20ac<\/td>\n<td>70 \u20ac<\/td>\n<td>5<\/td>\n<td>4<\/td>\n<\/tr>\n<\/tbody>\n<\/table>\n        <div class=\"rpc-chart\">\n            <h3>Fluctua\u021bii sezoniere ale pre\u021burilor de \u00eenchiriere auto \u00een Rabat: analize bazate pe rezerv\u0103ri reale<\/h3>\n            <div><p>Tabelul de mai jos prezint\u0103 dinamica modific\u0103rilor pre\u021burilor medii de \u00eenchiriere auto \u00een Rabat \u00een ultimii trei ani. Sursa informa\u021biilor este reprezentat\u0103 de comenzile reale plasate prin intermediul platformei roscar.ma, un serviciu care reune\u0219te ofertele companiilor locale de \u00eenchiriere verificate, f\u0103r\u0103 intermediari.<\/p>\n<p>Analiza acoper\u0103 o gam\u0103 larg\u0103 de vehicule: de la modele compacte de ora\u0219 la SUV-uri confortabile, decapotabile \u0219i ma\u0219ini premium. Aceast\u0103 abordare ofer\u0103 o imagine obiectiv\u0103 a modului \u00een care pre\u021burile se modific\u0103 \u00een func\u021bie de sezon \u0219i de activitatea turistic\u0103.<\/p>\n<p>Ne baz\u0103m pe mul\u021bi ani de experien\u021b\u0103 \u00een colaborarea cu c\u0103l\u0103torii \u0219i actualiz\u0103m constant datele noastre pe baza tendin\u021belor pie\u021bei. Acest lucru ofer\u0103 utilizatorilor informa\u021bii practice \u0219i fiabile pentru a-i ajuta s\u0103-\u0219i planifice bugetul \u0219i s\u0103 aleag\u0103 momentul cel mai avantajos pentru a \u00eenchiria o ma\u0219in\u0103 \u00een capitala Marocului.<\/p>\n<\/div>\n            <div class=\"rpc-chart-bars\">\n                                    <div class=\"rpc-chart-column\">\n                        <div class=\"rpc-chart-inner\" style=\"height: 28.301886792453%\">\n                            <div class=\"rpc-chart-column-value\">15 \u20ac<\/div>\n                            <div class=\"rpc-chart-month\">JAN<\/div>\n                        <\/div>\n                    <\/div>\n                                    <div class=\"rpc-chart-column\">\n                        <div class=\"rpc-chart-inner\" style=\"height: 26.415094339623%\">\n                            <div class=\"rpc-chart-column-value\">14 \u20ac<\/div>\n                            <div class=\"rpc-chart-month\">FEB<\/div>\n                        <\/div>\n                    <\/div>\n                                    <div class=\"rpc-chart-column\">\n                        <div class=\"rpc-chart-inner\" style=\"height: 24.528301886792%\">\n                            <div class=\"rpc-chart-column-value\">13 \u20ac<\/div>\n                            <div class=\"rpc-chart-month\">MAR<\/div>\n                        <\/div>\n                    <\/div>\n                                    <div class=\"rpc-chart-column\">\n                        <div class=\"rpc-chart-inner\" style=\"height: 39.622641509434%\">\n                            <div class=\"rpc-chart-column-value\">21 \u20ac<\/div>\n                            <div class=\"rpc-chart-month\">APR<\/div>\n                        <\/div>\n                    <\/div>\n                                    <div class=\"rpc-chart-column\">\n                        <div class=\"rpc-chart-inner\" style=\"height: 32.075471698113%\">\n                            <div class=\"rpc-chart-column-value\">17 \u20ac<\/div>\n                            <div class=\"rpc-chart-month\">MAY<\/div>\n                        <\/div>\n                    <\/div>\n                                    <div class=\"rpc-chart-column\">\n                        <div class=\"rpc-chart-inner\" style=\"height: 32.075471698113%\">\n                            <div class=\"rpc-chart-column-value\">17 \u20ac<\/div>\n                            <div class=\"rpc-chart-month\">JUN<\/div>\n                        <\/div>\n                    <\/div>\n                                    <div class=\"rpc-chart-column\">\n                        <div class=\"rpc-chart-inner\" style=\"height: 49.056603773585%\">\n                            <div class=\"rpc-chart-column-value\">26 \u20ac<\/div>\n                            <div class=\"rpc-chart-month\">JUL<\/div>\n                        <\/div>\n                    <\/div>\n                                    <div class=\"rpc-chart-column\">\n                        <div class=\"rpc-chart-inner\" style=\"height: 62.264150943396%\">\n                            <div class=\"rpc-chart-column-value\">33 \u20ac<\/div>\n                            <div class=\"rpc-chart-month\">AUG<\/div>\n                        <\/div>\n                    <\/div>\n                                    <div class=\"rpc-chart-column\">\n                        <div class=\"rpc-chart-inner\" style=\"height: 47.169811320755%\">\n                            <div class=\"rpc-chart-column-value\">25 \u20ac<\/div>\n                            <div class=\"rpc-chart-month\">SEP<\/div>\n                        <\/div>\n                    <\/div>\n                                    <div class=\"rpc-chart-column\">\n                        <div class=\"rpc-chart-inner\" style=\"height: 37.735849056604%\">\n                            <div class=\"rpc-chart-column-value\">20 \u20ac<\/div>\n                            <div class=\"rpc-chart-month\">OCT<\/div>\n                        <\/div>\n                    <\/div>\n                                    <div class=\"rpc-chart-column\">\n                        <div class=\"rpc-chart-inner\" style=\"height: 45.283018867925%\">\n                            <div class=\"rpc-chart-column-value\">24 \u20ac<\/div>\n                            <div class=\"rpc-chart-month\">NOV<\/div>\n                        <\/div>\n                    <\/div>\n                                    <div class=\"rpc-chart-column\">\n                        <div class=\"rpc-chart-inner\" style=\"height: 37.735849056604%\">\n                            <div class=\"rpc-chart-column-value\">20 \u20ac<\/div>\n                            <div class=\"rpc-chart-month\">DEC<\/div>\n                        <\/div>\n                    <\/div>\n                            <\/div>\n        <\/div>\n        \n<h2>\u00cenchirieri Auto Rabat: Documente<\/h2>\n<p>Pentru a semna contractul \u0219i a v\u0103 ridica vehiculul, ve\u021bi avea nevoie de mai multe documente (\u00een limba englez\u0103 \u0219i 100% valabile):<\/p>\n<ol>\n<li>Permis de conducere<\/li>\n<li>pa\u0219aport<\/li>\n<li>Card de credit (op\u021bional).<\/li>\n<\/ol>\n<p>\u00cenchirierea de ma\u0219ini Rabat este alegerea ideal\u0103 pentru o c\u0103l\u0103torie confortabil\u0103 \u0219i f\u0103r\u0103 griji \u00een Maroc.<\/p>\n","protected":false},"excerpt":{"rendered":"<p>\u00cenchirieri Auto Rabat de la RosCar Marocul este o \u021bar\u0103 cu o combina\u021bie uimitoare de frumuse\u021be de\u0219ertic\u0103, peisaje marine \u0219i arhitectur\u0103 magnific\u0103 pe care nu o pute\u021bi g\u0103si nic\u0103ieri altundeva. Deci, atunci c\u00e2nd planifica\u021bi o excursie \u00een Africa de Nord, ar fi bine s\u0103 v\u0103 face\u021bi timp s\u0103 v\u0103 scufunda\u021bi complet \u00een paradisul musulman. Dar, [&hellip;]<\/p>\n","protected":false},"author":1,"featured_media":219,"parent":0,"menu_order":0,"comment_status":"closed","ping_status":"closed","template":"","meta":{"footnotes":""},"class_list":["post-2052","page","type-page","status-publish","has-post-thumbnail",""],"_links":{"self":[{"href":"https:\/\/roscar.ma\/ro\/wp-json\/wp\/v2\/pages\/2052","targetHints":{"allow":["GET"]}}],"collection":[{"href":"https:\/\/roscar.ma\/ro\/wp-json\/wp\/v2\/pages"}],"about":[{"href":"https:\/\/roscar.ma\/ro\/wp-json\/wp\/v2\/types\/page"}],"author":[{"embeddable":true,"href":"https:\/\/roscar.ma\/ro\/wp-json\/wp\/v2\/users\/1"}],"replies":[{"embeddable":true,"href":"https:\/\/roscar.ma\/ro\/wp-json\/wp\/v2\/comments?post=2052"}],"version-history":[{"count":0,"href":"https:\/\/roscar.ma\/ro\/wp-json\/wp\/v2\/pages\/2052\/revisions"}],"wp:featuredmedia":[{"embeddable":true,"href":"https:\/\/roscar.ma\/ro\/wp-json\/wp\/v2\/media\/219"}],"wp:attachment":[{"href":"https:\/\/roscar.ma\/ro\/wp-json\/wp\/v2\/media?parent=2052"}],"curies":[{"name":"wp","href":"https:\/\/api.w.org\/{rel}","templated":true}]}}