{"id":1755,"date":"2025-07-17T11:01:21","date_gmt":"2025-07-17T11:01:21","guid":{"rendered":"https:\/\/roscar.ma\/?page_id=1755"},"modified":"2025-07-24T06:54:44","modified_gmt":"2025-07-24T06:54:44","slug":"inchirieri-auto-marrakech","status":"publish","type":"page","link":"https:\/\/roscar.ma\/ro\/inchirieri-auto-marrakech\/","title":{"rendered":"\u00cenchirieri Auto Marrakech"},"content":{"rendered":"<h2>\u00cenchirieri Auto Marrakech de la RosCar<\/h2>\n<p>\u021a\u0103rile din Africa de Nord au o capacitate uimitoare de a \u00eenc\u00e2nta turi\u0219tii din \u00eentreaga lume cu obiceiurile \u0219i peisajele lor colorate. Poate c\u0103 este vorba de cultur\u0103, de buc\u0103t\u0103ria local\u0103 unic\u0103 sau de frumuse\u021bea din via\u021ba de zi cu zi. Dar \u0219tim sigur c\u0103 trebuie s\u0103 \u00eenchiria\u021bi o ma\u0219in\u0103 \u00een Marrakech pentru a v\u0103 apropia de o imersiune complet\u0103 \u00een Maroc. De ce ar trebui s\u0103 rezerva\u021bi un vehicul prin RosCar? Exist\u0103 patru r\u0103spunsuri:<\/p>\n<ul>\n<li>\u00cenchiriere de ma\u0219ini pe termen lung sau scurt<\/li>\n<li>Fiecare ofert\u0103 este cea mai bun\u0103 valoare pe care o pute\u021bi g\u0103si<\/li>\n<li>Este singura modalitate de a c\u0103l\u0103tori \u00een confort<\/li>\n<li>Pre\u021buri ieftine \u0219i multe op\u021biuni din care s\u0103 alege\u021bi.<\/li>\n<\/ul>\n<p>Vrei s\u0103 ob\u021bii una pentru tine? Atunci Rezerva\u021bi acum \u0219i ve\u021bi primi o rezervare gata \u00een c\u00e2teva minute.<\/p>\n<h2>\u00cenchirieri Auto Marrakech: Ghid<\/h2>\n<p>S-ar putea s\u0103 crede\u021bi \u00een mod eronat c\u0103 \u00eenchirierea de ma\u0219ini \u00een Marrakech este un tip complet diferit de serviciu care are o procedur\u0103 unic\u0103 care necesit\u0103 anumite cuno\u0219tin\u021be. Cu toate acestea, ave\u021bi nevoie doar de dou\u0103 minute pentru a v\u0103 preg\u0103ti.<\/p>\n<h3>Primul minut: Alege\u021bi tipul de vehicul<\/h3>\n<p>Dintre multe tipuri, ave\u021bi nevoie doar de unul care va rezolva toate problemele \u00een aventura viitoare:<\/p>\n<ul>\n<li>Ma\u0219in\u0103 standard<\/li>\n<li>Decapotabil\u0103<\/li>\n<li>Ma\u0219in\u0103 de lux<\/li>\n<li>SUV sau Crossover<\/li>\n<li>Mini\/Economy (\u00eenchiriere de ma\u0219ini ieftine \u00een Marrakesh)<\/li>\n<li>Minivan sau Van.<\/li>\n<\/ul>\n<h3>Al doilea minut: Alege\u021bi servicii suplimentare<\/h3>\n<p>Multe op\u021biuni sunt aici pentru a alege din, dar ave\u021bi nevoie doar de una (sau mai multe):<\/p>\n<ul>\n<li>Kilometraj nelimitat: Chiar \u0219i cele mai \u00eendep\u0103rtate ora\u0219e din Maroc pot fi explorate.<\/li>\n<li>F\u0103r\u0103 depozit: Bugetul dvs. este mai liber atunci c\u00e2nd vine vorba de blocarea f\u0103r\u0103 depozit pe cardurile de credit.<\/li>\n<li>Model garantat: A\u021bi rezervat un Volkswagen Passat? Ob\u021bine\u021bi Passat-ul!<\/li>\n<li>Transmisie: Nu este manual\u0103, dar o automat\u0103 este recomandat\u0103 \u00een orice situa\u021bie.<\/li>\n<li>Asigurare suplimentar\u0103: Acesta este tipul de upgrade pe care nu \u00eel vei regreta. \u00cencerca\u021bi Full Coverage\/Super CDW dac\u0103 este disponibil.<\/li>\n<li>F\u0103r\u0103 card de credit: Folosi\u021bi numerar sau orice alt card bancar.<\/li>\n<li>Cartela SIM: O conexiune stabil\u0103 la un pre\u021b ieftin este principala prioritate a c\u0103l\u0103toriilor \u00een 2025.<\/li>\n<li>\u0218ofer suplimentar: S\u0103 sper\u0103m c\u0103 prietenul dvs. are permis de conducere.<\/li>\n<li>Scaun pentru copii: Fiecare persoan\u0103 sub 10 ani trebuie s\u0103 aib\u0103 unul.<\/li>\n<li>Anulare gratuit\u0103: Suma pl\u0103tit\u0103 \u00een avans va fi returnat\u0103 \u00een contul dvs. Func\u021bioneaz\u0103 doar cu 48 de ore \u00eenainte de dat\u0103<\/li>\n<\/ul>\n<blockquote class=\"info\">\n<h2>\u00cenchirieri Auto Marrakech \u00een detalii<\/h2>\n<p>V-a\u021bi decis deja asupra tipului de vehicul \u0219i a serviciilor suplimentare? \u00cenchirieri auto Marrakech pot fi acum rezervate:<\/p>\n<ol>\n<li>Seta\u021bi datele \u0219i loca\u021biile pe pagina principal\u0103.<\/li>\n<li>Face\u021bi clic pe Filtre, selecta\u021bi-le pe cele dorite.<\/li>\n<li>Ob\u021bine\u021bi lista \u0219i g\u0103si\u021bi-o pe cea mai bun\u0103. Rezerva\u021bi acum.<\/li>\n<li>Formularul pop-up trebuie completat.<\/li>\n<li>Pl\u0103ti\u021bi acum.<\/li>\n<\/ol>\n<p>Fiecare rezervare RosCar poate fi confirmat\u0103 numai prin plata \u00een avans. De regul\u0103, aceasta reprezint\u0103 doar o mic\u0103 parte din sum\u0103 \u0219i se face cu u\u0219urin\u021b\u0103 cu orice card.<\/p><\/blockquote>\n<h2>\u00cenchirieri Auto Marrakech Pre\u021b<\/h2>\n<p>Pre\u021burile medii pe care le pute\u021bi g\u0103si online sunt:<\/p>\n<ul>\n<li>15-25 $\/zi pentru Economy sau Mini<\/li>\n<li>30-40 $\/zi pentru Standard<\/li>\n<li>40-60 $\/zi pentru SUV, Crossover, Minivan sau 4&#215;4<\/li>\n<li>$80+\/zi pentru decapotabil\u0103 sau de lux<\/li>\n<\/ul>\n<p>\u00cenchirierea unei ma\u0219ini \u00een Marrakech va fi mai ieftin\u0103 dac\u0103:<\/p>\n<ul>\n<li>A\u021bi reu\u0219it s\u0103 face\u021bi o rezervare timpurie<\/li>\n<li>Monitoriza\u021bi ofertele RosCar<\/li>\n<li>Rezerva\u021bi la mijlocul s\u0103pt\u0103m\u00e2nii<\/li>\n<li>Prefera\u021bi \u00eenchirierea de ma\u0219ini pe termen lung<\/li>\n<li>Alege\u021bi tipul potrivit pentru nevoile \u0219i bugetul dvs.<\/li>\n<\/ul>\n<p>Iat\u0103 cum s\u0103 compara\u021bi pre\u021burile:<\/p>\n<h3>Tabel cu pre\u021buri pentru \u00eenchirierea ma\u0219inilor \u00een Marrakech, Maroc<\/h3>\n<table border=\"1\">\n<thead>\n<tr>\n<th>Model de ma\u0219in\u0103<\/th>\n<th>Tip caroserie<\/th>\n<th>Pre\u021b pe zi (sezon sc\u0103zut)<\/th>\n<th>Pre\u021b pe zi (sezon mare)<\/th>\n<th>Pasageri<\/th>\n<th>Capacitate bagaje<\/th>\n<\/tr>\n<\/thead>\n<tbody>\n<tr>\n<td>Fiat Panda<\/td>\n<td>Hatchback<\/td>\n<td>20 \u20ac<\/td>\n<td>28 \u20ac<\/td>\n<td>4<\/td>\n<td>1<\/td>\n<\/tr>\n<tr>\n<td>Kia Picanto<\/td>\n<td>Hatchback<\/td>\n<td>22 \u20ac<\/td>\n<td>30 \u20ac<\/td>\n<td>4<\/td>\n<td>1<\/td>\n<\/tr>\n<tr>\n<td>Dacia Logan<\/td>\n<td>Sedan<\/td>\n<td>24 \u20ac<\/td>\n<td>34 \u20ac<\/td>\n<td>5<\/td>\n<td>2<\/td>\n<\/tr>\n<tr>\n<td>Peugeot 208<\/td>\n<td>Hatchback<\/td>\n<td>26 \u20ac<\/td>\n<td>36 \u20ac<\/td>\n<td>5<\/td>\n<td>2<\/td>\n<\/tr>\n<tr>\n<td>Renault Clio<\/td>\n<td>Hatchback<\/td>\n<td>27 \u20ac<\/td>\n<td>38 \u20ac<\/td>\n<td>5<\/td>\n<td>2<\/td>\n<\/tr>\n<tr>\n<td>Citro\u00ebn C-Elys\u00e9e<\/td>\n<td>Sedan<\/td>\n<td>28 \u20ac<\/td>\n<td>39 \u20ac<\/td>\n<td>5<\/td>\n<td>3<\/td>\n<\/tr>\n<tr>\n<td>Dacia Duster<\/td>\n<td>SUV<\/td>\n<td>37 \u20ac<\/td>\n<td>49 \u20ac<\/td>\n<td>5<\/td>\n<td>3<\/td>\n<\/tr>\n<tr>\n<td>Hyundai Kona<\/td>\n<td>Crossover<\/td>\n<td>40 \u20ac<\/td>\n<td>52 \u20ac<\/td>\n<td>5<\/td>\n<td>3<\/td>\n<\/tr>\n<tr>\n<td>Renault Kadjar<\/td>\n<td>SUV<\/td>\n<td>50 \u20ac<\/td>\n<td>65 \u20ac<\/td>\n<td>5<\/td>\n<td>4<\/td>\n<\/tr>\n<tr>\n<td>Peugeot 3008<\/td>\n<td>SUV<\/td>\n<td>55 \u20ac<\/td>\n<td>70 \u20ac<\/td>\n<td>5<\/td>\n<td>4<\/td>\n<\/tr>\n<\/tbody>\n<\/table>\n        <div class=\"rpc-chart\">\n            <h3>Modific\u0103ri sezoniere ale pre\u021burilor pentru \u00eenchirierea ma\u0219inilor \u00een Marrakech: date analitice fiabile bazate pe rezerv\u0103ri reale<\/h3>\n            <div><p>Mai jos sunt prezentate date analitice despre modificarea costului mediu al \u00eenchirierii unei ma\u0219ini \u00een Marrakech pe parcursul celor trei ani r\u0103ma\u0219i. Toate informa\u021biile se bazeaz\u0103 pe tranzac\u021bii reale efectuate prin intermediul platformei roscar.ma.<\/p>\n<p>Cercetarea acoper\u0103 toate categoriile majore de ma\u0219ini - de la modele economice la SUV-uri, decapotabile \u0219i clasa premium. O acoperire at\u00e2t de larg\u0103 face posibil\u0103 formularea unei imagini complete a schimb\u0103rilor \u00een bog\u0103\u021bie pe parcursul sezoanelor turistice \u0219i a obiceiurilor de consum.<\/p>\n<p>Este clar c\u0103 v\u0103 recomand\u0103m s\u0103 v\u0103 rezerva\u021bi ma\u0219ina din timp, atunci c\u00e2nd pre\u021burile \u0219i costurile sunt la cel mai bun nivel. Informa\u021biile fiabile de la RosCar Maroc sunt ghidul dvs. pentru un transfer confortabil \u0219i sigur \u00een Marrakech.<\/p>\n<\/div>\n            <div class=\"rpc-chart-bars\">\n                                    <div class=\"rpc-chart-column\">\n                        <div class=\"rpc-chart-inner\" style=\"height: 30.769230769231%\">\n                            <div class=\"rpc-chart-column-value\">16 \u20ac<\/div>\n                            <div class=\"rpc-chart-month\">JAN<\/div>\n                        <\/div>\n                    <\/div>\n                                    <div class=\"rpc-chart-column\">\n                        <div class=\"rpc-chart-inner\" style=\"height: 28.846153846154%\">\n                            <div class=\"rpc-chart-column-value\">15 \u20ac<\/div>\n                            <div class=\"rpc-chart-month\">FEB<\/div>\n                        <\/div>\n                    <\/div>\n                                    <div class=\"rpc-chart-column\">\n                        <div class=\"rpc-chart-inner\" style=\"height: 26.923076923077%\">\n                            <div class=\"rpc-chart-column-value\">14 \u20ac<\/div>\n                            <div class=\"rpc-chart-month\">MAR<\/div>\n                        <\/div>\n                    <\/div>\n                                    <div class=\"rpc-chart-column\">\n                        <div class=\"rpc-chart-inner\" style=\"height: 42.307692307692%\">\n                            <div class=\"rpc-chart-column-value\">22 \u20ac<\/div>\n                            <div class=\"rpc-chart-month\">APR<\/div>\n                        <\/div>\n                    <\/div>\n                                    <div class=\"rpc-chart-column\">\n                        <div class=\"rpc-chart-inner\" style=\"height: 32.692307692308%\">\n                            <div class=\"rpc-chart-column-value\">17 \u20ac<\/div>\n                            <div class=\"rpc-chart-month\">MAY<\/div>\n                        <\/div>\n                    <\/div>\n                                    <div class=\"rpc-chart-column\">\n                        <div class=\"rpc-chart-inner\" style=\"height: 30.769230769231%\">\n                            <div class=\"rpc-chart-column-value\">16 \u20ac<\/div>\n                            <div class=\"rpc-chart-month\">JUN<\/div>\n                        <\/div>\n                    <\/div>\n                                    <div class=\"rpc-chart-column\">\n                        <div class=\"rpc-chart-inner\" style=\"height: 50%\">\n                            <div class=\"rpc-chart-column-value\">26 \u20ac<\/div>\n                            <div class=\"rpc-chart-month\">JUL<\/div>\n                        <\/div>\n                    <\/div>\n                                    <div class=\"rpc-chart-column\">\n                        <div class=\"rpc-chart-inner\" style=\"height: 61.538461538462%\">\n                            <div class=\"rpc-chart-column-value\">32 \u20ac<\/div>\n                            <div class=\"rpc-chart-month\">AUG<\/div>\n                        <\/div>\n                    <\/div>\n                                    <div class=\"rpc-chart-column\">\n                        <div class=\"rpc-chart-inner\" style=\"height: 42.307692307692%\">\n                            <div class=\"rpc-chart-column-value\">22 \u20ac<\/div>\n                            <div class=\"rpc-chart-month\">SEP<\/div>\n                        <\/div>\n                    <\/div>\n                                    <div class=\"rpc-chart-column\">\n                        <div class=\"rpc-chart-inner\" style=\"height: 36.538461538462%\">\n                            <div class=\"rpc-chart-column-value\">19 \u20ac<\/div>\n                            <div class=\"rpc-chart-month\">OCT<\/div>\n                        <\/div>\n                    <\/div>\n                                    <div class=\"rpc-chart-column\">\n                        <div class=\"rpc-chart-inner\" style=\"height: 32.692307692308%\">\n                            <div class=\"rpc-chart-column-value\">17 \u20ac<\/div>\n                            <div class=\"rpc-chart-month\">NOV<\/div>\n                        <\/div>\n                    <\/div>\n                                    <div class=\"rpc-chart-column\">\n                        <div class=\"rpc-chart-inner\" style=\"height: 44.230769230769%\">\n                            <div class=\"rpc-chart-column-value\">23 \u20ac<\/div>\n                            <div class=\"rpc-chart-month\">DEC<\/div>\n                        <\/div>\n                    <\/div>\n                            <\/div>\n        <\/div>\n        \n<h2>\u00cenchirieri Auto Marrakech: Documente<\/h2>\n<p>Pentru a v\u0103 ridica vehiculul, este posibil s\u0103 vi se solicite urm\u0103toarele documente:<\/p>\n<ol>\n<li>pa\u0219aport<\/li>\n<li>Permis de conducere<\/li>\n<li>Confirmarea rezerv\u0103rii sau Voucher (RosCar v\u0103 va trimite unul)<\/li>\n<li>Card de credit.<\/li>\n<\/ol>\n<p>Nu ave\u021bi un card de credit? Atunci folosi\u021bi filtrele pentru a g\u0103si op\u021biunea de \u00eenchiriere de care ave\u021bi nevoie. \u00cenchirieri auto Marrakech este un serviciu indispensabil care v\u0103 permite s\u0103 vede\u021bi nu numai Marrakech, ci \u0219i \u00eentregul Maroc.<\/p>\n","protected":false},"excerpt":{"rendered":"<p>\u00cenchirieri Auto Marrakech de la RosCar \u021a\u0103rile din Africa de Nord au o capacitate uimitoare de a \u00eenc\u00e2nta turi\u0219tii din \u00eentreaga lume cu obiceiurile \u0219i peisajele lor colorate. Poate c\u0103 este vorba de cultur\u0103, de buc\u0103t\u0103ria local\u0103 unic\u0103 sau de frumuse\u021bea din via\u021ba de zi cu zi. Dar \u0219tim sigur c\u0103 trebuie s\u0103 \u00eenchiria\u021bi o [&hellip;]<\/p>\n","protected":false},"author":1,"featured_media":188,"parent":0,"menu_order":0,"comment_status":"closed","ping_status":"closed","template":"","meta":{"footnotes":""},"class_list":["post-1755","page","type-page","status-publish","has-post-thumbnail",""],"_links":{"self":[{"href":"https:\/\/roscar.ma\/ro\/wp-json\/wp\/v2\/pages\/1755","targetHints":{"allow":["GET"]}}],"collection":[{"href":"https:\/\/roscar.ma\/ro\/wp-json\/wp\/v2\/pages"}],"about":[{"href":"https:\/\/roscar.ma\/ro\/wp-json\/wp\/v2\/types\/page"}],"author":[{"embeddable":true,"href":"https:\/\/roscar.ma\/ro\/wp-json\/wp\/v2\/users\/1"}],"replies":[{"embeddable":true,"href":"https:\/\/roscar.ma\/ro\/wp-json\/wp\/v2\/comments?post=1755"}],"version-history":[{"count":1,"href":"https:\/\/roscar.ma\/ro\/wp-json\/wp\/v2\/pages\/1755\/revisions"}],"predecessor-version":[{"id":1760,"href":"https:\/\/roscar.ma\/ro\/wp-json\/wp\/v2\/pages\/1755\/revisions\/1760"}],"wp:featuredmedia":[{"embeddable":true,"href":"https:\/\/roscar.ma\/ro\/wp-json\/wp\/v2\/media\/188"}],"wp:attachment":[{"href":"https:\/\/roscar.ma\/ro\/wp-json\/wp\/v2\/media?parent=1755"}],"curies":[{"name":"wp","href":"https:\/\/api.w.org\/{rel}","templated":true}]}}