{"id":1746,"date":"2025-07-23T08:46:35","date_gmt":"2025-07-23T08:46:35","guid":{"rendered":"https:\/\/roscar.ma\/?page_id=1746"},"modified":"2025-07-24T06:52:27","modified_gmt":"2025-07-24T06:52:27","slug":"inchirieri-auto-maroc-fara-depozit","status":"publish","type":"page","link":"https:\/\/roscar.ma\/ro\/inchirieri-auto-maroc-fara-depozit\/","title":{"rendered":"\u00cenchirieri Auto Maroc F\u0103r\u0103 Depozit"},"content":{"rendered":"<h2>\u00cenchirieri Auto Maroc F\u0103r\u0103 Depozit de la RosCar<\/h2>\n<p>Spre deosebire de \u00eenchirierile tradi\u021bionale, \u00eenchirierea unei ma\u0219ini \u00een Maroc f\u0103r\u0103 garan\u021bie ofer\u0103 o list\u0103 impresionant\u0103 de avantaje care nu pot fi ignorate:<\/p>\n<ul>\n<li>F\u0103r\u0103 riscul unor conflicte ulterioare (Unele companii \u00eencearc\u0103 s\u0103 re\u021bin\u0103 bani pentru zg\u00e2rieturi minore, combustibil sau alte detalii)<\/li>\n<li>Mult mai simplu (\u0219i rapid) de preluat sau returnat<\/li>\n<li>Necesit\u0103 mai pu\u021bini bani<\/li>\n<li>F\u0103r\u0103 blocarea unui depozit pe cardul de credit<\/li>\n<li>Experien\u021b\u0103 f\u0103r\u0103 stres<\/li>\n<\/ul>\n<p>Aceasta este doar una dintre numeroasele op\u021biuni de filtrare disponibile pe RosCar. \u00cencearc\u0103-le \u0219i g\u0103se\u0219te ma\u0219ina ideal\u0103 \u00een c\u00e2teva minute. Rezerv\u0103 acum.<\/p>\n<blockquote class=\"check\">\n<h2>Cum s\u0103 \u00eenchiriezi o ma\u0219in\u0103 \u00een Maroc f\u0103r\u0103 garan\u021bie?<\/h2>\n<p>Orice \u0219ofer cu v\u00e2rsta \u00eentre 21 \u0219i 25 de ani \u0219i cu documentele necesare (Pa\u0219aport \u0219i Permis de conducere) poate \u00eenchiria o ma\u0219in\u0103 \u00een Maroc f\u0103r\u0103 garan\u021bie astfel:<\/p>\n<ol>\n<li>Apas\u0103 pe filtrul &#8222;<strong>F\u0103r\u0103 garan\u021bie<\/strong>&#8221; pentru a vedea lista.<\/li>\n<li>R\u0103sfoie\u0219te ofertele disponibile, alege cea mai bun\u0103 \u0219i apas\u0103 Rezerv\u0103 acum.<\/li>\n<li>Verific\u0103 cerin\u021bele \u0219i selecteaz\u0103 tipul de asigurare.<\/li>\n<li>Selecteaz\u0103 serviciile suplimentare \u0219i apas\u0103 &#8222;Continu\u0103&#8221;.<\/li>\n<li>Completeaz\u0103 informa\u021biile despre \u0219ofer.<\/li>\n<li>Confirm\u0103 rezervarea.<\/li>\n<\/ol>\n<p>\u00cenchirierea f\u0103r\u0103 garan\u021bie sau orice alt tip de rezervare trebuie confirmat\u0103 printr-un card bancar. Nu se va re\u021bine mai mult de 20% ca avans.<\/p><\/blockquote>\n<h3>Tabel cu pre\u021buri pentru \u00eenchirieri auto \u00een Maroc f\u0103r\u0103 garan\u021bie<\/h3>\n<table>\n<thead>\n<tr>\n<th>Model ma\u0219in\u0103<\/th>\n<th>Tip caroserie<\/th>\n<th>Pre\u021b pe zi (sezon redus)<\/th>\n<th>Pre\u021b pe zi (sezon de v\u00e2rf)<\/th>\n<th>Pasageri<\/th>\n<th>Capacitate portbagaj<\/th>\n<\/tr>\n<\/thead>\n<tbody>\n<tr>\n<td>Chevrolet Spark<\/td>\n<td>Hatchback<\/td>\n<td>19 \u20ac<\/td>\n<td>26 \u20ac<\/td>\n<td>4<\/td>\n<td>1<\/td>\n<\/tr>\n<tr>\n<td>Hyundai Grand i10<\/td>\n<td>Hatchback<\/td>\n<td>21 \u20ac<\/td>\n<td>28 \u20ac<\/td>\n<td>4<\/td>\n<td>1<\/td>\n<\/tr>\n<tr>\n<td>Skoda Fabia<\/td>\n<td>Hatchback<\/td>\n<td>23 \u20ac<\/td>\n<td>31 \u20ac<\/td>\n<td>5<\/td>\n<td>2<\/td>\n<\/tr>\n<tr>\n<td>Peugeot 2008<\/td>\n<td>Crossover<\/td>\n<td>26 \u20ac<\/td>\n<td>35 \u20ac<\/td>\n<td>5<\/td>\n<td>2<\/td>\n<\/tr>\n<tr>\n<td>Volkswagen Golf<\/td>\n<td>Hatchback<\/td>\n<td>27 \u20ac<\/td>\n<td>36 \u20ac<\/td>\n<td>5<\/td>\n<td>2<\/td>\n<\/tr>\n<tr>\n<td>Toyota Yaris Sedan<\/td>\n<td>Sedan<\/td>\n<td>28 \u20ac<\/td>\n<td>37 \u20ac<\/td>\n<td>5<\/td>\n<td>3<\/td>\n<\/tr>\n<tr>\n<td>Nissan Sunny<\/td>\n<td>Sedan<\/td>\n<td>29 \u20ac<\/td>\n<td>38 \u20ac<\/td>\n<td>5<\/td>\n<td>3<\/td>\n<\/tr>\n<tr>\n<td>Renault Arkana<\/td>\n<td>Crossover<\/td>\n<td>35 \u20ac<\/td>\n<td>45 \u20ac<\/td>\n<td>5<\/td>\n<td>3<\/td>\n<\/tr>\n<tr>\n<td>MG ZS<\/td>\n<td>SUV<\/td>\n<td>39 \u20ac<\/td>\n<td>49 \u20ac<\/td>\n<td>5<\/td>\n<td>3<\/td>\n<\/tr>\n<tr>\n<td>Volkswagen Tiguan<\/td>\n<td>SUV<\/td>\n<td>55 \u20ac<\/td>\n<td>69 \u20ac<\/td>\n<td>5<\/td>\n<td>4<\/td>\n<\/tr>\n<\/tbody>\n<\/table>\n","protected":false},"excerpt":{"rendered":"<p>\u00cenchirieri Auto Maroc F\u0103r\u0103 Depozit de la RosCar Spre deosebire de \u00eenchirierile tradi\u021bionale, \u00eenchirierea unei ma\u0219ini \u00een Maroc f\u0103r\u0103 garan\u021bie ofer\u0103 o list\u0103 impresionant\u0103 de avantaje care nu pot fi ignorate: F\u0103r\u0103 riscul unor conflicte ulterioare (Unele companii \u00eencearc\u0103 s\u0103 re\u021bin\u0103 bani pentru zg\u00e2rieturi minore, combustibil sau alte detalii) Mult mai simplu (\u0219i rapid) de [&hellip;]<\/p>\n","protected":false},"author":1,"featured_media":1285,"parent":0,"menu_order":0,"comment_status":"closed","ping_status":"closed","template":"","meta":{"footnotes":""},"class_list":["post-1746","page","type-page","status-publish","has-post-thumbnail",""],"_links":{"self":[{"href":"https:\/\/roscar.ma\/ro\/wp-json\/wp\/v2\/pages\/1746","targetHints":{"allow":["GET"]}}],"collection":[{"href":"https:\/\/roscar.ma\/ro\/wp-json\/wp\/v2\/pages"}],"about":[{"href":"https:\/\/roscar.ma\/ro\/wp-json\/wp\/v2\/types\/page"}],"author":[{"embeddable":true,"href":"https:\/\/roscar.ma\/ro\/wp-json\/wp\/v2\/users\/1"}],"replies":[{"embeddable":true,"href":"https:\/\/roscar.ma\/ro\/wp-json\/wp\/v2\/comments?post=1746"}],"version-history":[{"count":2,"href":"https:\/\/roscar.ma\/ro\/wp-json\/wp\/v2\/pages\/1746\/revisions"}],"predecessor-version":[{"id":1759,"href":"https:\/\/roscar.ma\/ro\/wp-json\/wp\/v2\/pages\/1746\/revisions\/1759"}],"wp:featuredmedia":[{"embeddable":true,"href":"https:\/\/roscar.ma\/ro\/wp-json\/wp\/v2\/media\/1285"}],"wp:attachment":[{"href":"https:\/\/roscar.ma\/ro\/wp-json\/wp\/v2\/media?parent=1746"}],"curies":[{"name":"wp","href":"https:\/\/api.w.org\/{rel}","templated":true}]}}