{"id":1568,"date":"2025-07-17T10:09:50","date_gmt":"2025-07-17T10:09:50","guid":{"rendered":"https:\/\/roscar.ma\/?page_id=1568"},"modified":"2025-07-23T18:29:53","modified_gmt":"2025-07-23T18:29:53","slug":"despre-noi","status":"publish","type":"page","link":"https:\/\/roscar.ma\/ro\/despre-noi\/","title":{"rendered":"Despre noi"},"content":{"rendered":"<p>RosCar Morocco este un serviciu modern de \u00eenchiriere de ma\u0219ini \u00een Maroc, care func\u021bioneaz\u0103 din 2022. Nu suntem o companie de \u00eenchiriere de ma\u0219ini, ci mai degrab\u0103 un agregator online convenabil, care reune\u0219te cele mai bune oferte de la parteneri locali din toat\u0103 \u021bara.<\/p>\n<p>Pe site-ul nostru roscar.ma ve\u021bi g\u0103si peste 200 de ma\u0219ini verificate, de diferite clase &#8211; de la modele compacte de ora\u0219 la SUV-uri confortabile. Facem procesul de rezervare c\u00e2t mai simplu \u0219i accesibil posibil: pute\u021bi \u00eenchiria o ma\u0219in\u0103 f\u0103r\u0103 depozit \u0219i f\u0103r\u0103 card de credit.<\/p>\n<p>Obiectivul nostru este de a oferi c\u0103l\u0103torilor o modalitate flexibil\u0103 \u0219i rentabil\u0103 de a se deplasa \u00een Maroc, baz\u00e2ndu-ne pe experien\u021ba \u0219i fiabilitatea companiilor locale. Alege\u021bi RosCar Maroc \u0219i pleca\u021bi \u00eentr-o c\u0103l\u0103torie confortabil\u0103!<\/p>\n","protected":false},"excerpt":{"rendered":"<p>RosCar Morocco este un serviciu modern de \u00eenchiriere de ma\u0219ini \u00een Maroc, care func\u021bioneaz\u0103 din 2022. Nu suntem o companie de \u00eenchiriere de ma\u0219ini, ci mai degrab\u0103 un agregator online convenabil, care reune\u0219te cele mai bune oferte de la parteneri locali din toat\u0103 \u021bara. Pe site-ul nostru roscar.ma ve\u021bi g\u0103si peste 200 de ma\u0219ini verificate, [&hellip;]<\/p>\n","protected":false},"author":2,"featured_media":0,"parent":0,"menu_order":0,"comment_status":"closed","ping_status":"closed","template":"","meta":{"footnotes":""},"class_list":["post-1568","page","type-page","status-publish",""],"_links":{"self":[{"href":"https:\/\/roscar.ma\/ro\/wp-json\/wp\/v2\/pages\/1568","targetHints":{"allow":["GET"]}}],"collection":[{"href":"https:\/\/roscar.ma\/ro\/wp-json\/wp\/v2\/pages"}],"about":[{"href":"https:\/\/roscar.ma\/ro\/wp-json\/wp\/v2\/types\/page"}],"author":[{"embeddable":true,"href":"https:\/\/roscar.ma\/ro\/wp-json\/wp\/v2\/users\/2"}],"replies":[{"embeddable":true,"href":"https:\/\/roscar.ma\/ro\/wp-json\/wp\/v2\/comments?post=1568"}],"version-history":[{"count":0,"href":"https:\/\/roscar.ma\/ro\/wp-json\/wp\/v2\/pages\/1568\/revisions"}],"wp:attachment":[{"href":"https:\/\/roscar.ma\/ro\/wp-json\/wp\/v2\/media?parent=1568"}],"curies":[{"name":"wp","href":"https:\/\/api.w.org\/{rel}","templated":true}]}}