{"id":1306,"date":"2025-07-17T10:56:33","date_gmt":"2025-07-17T10:56:33","guid":{"rendered":"https:\/\/roscar.ma\/?page_id=1306"},"modified":"2025-07-23T09:42:39","modified_gmt":"2025-07-23T09:42:39","slug":"inchirieri-auto-casablanca","status":"publish","type":"page","link":"https:\/\/roscar.ma\/ro\/inchirieri-auto-casablanca\/","title":{"rendered":"\u00cenchirieri Auto Casablanca"},"content":{"rendered":"<h2>\u00cenchirieri Auto Casablanca de la RosCar<\/h2>\n<p>Principalul ora\u0219 economic \u0219i cultural al Marocului este \u00eentotdeauna un \u00eenceput bun pentru o c\u0103l\u0103torie minunat\u0103 \u00een Africa de Nord. Cultura arab\u0103 unic\u0103, mii de ani de istorie \u00een arhitectura modern\u0103, tradi\u021biile \u0219i m\u00e2ncarea delicioas\u0103 sunt planul t\u0103u de ac\u021biune. Dar mai \u00eent\u00e2i trebuie s\u0103 \u00eenchiria\u021bi o ma\u0219in\u0103 \u00een Casablanca. Exist\u0103 mai multe motive pentru a alege c\u0103l\u0103toria cu ma\u0219ina aici:<\/p>\n<ul>\n<li>Este mult mai confortabil dec\u00e2t transportul public<\/li>\n<li>Reduceri, pre\u021buri ieftine \u0219i multe op\u021biuni (unele dintre ele sunt gratuite)<\/li>\n<li>U\u0219or de g\u0103sit cea potrivit\u0103<\/li>\n<li>Libertate total\u0103 de mi\u0219care.<\/li>\n<\/ul>\n<p>RosCar are o procedur\u0103 de rezervare surprinz\u0103tor de simpl\u0103. Doar Rezerva\u021bi acum, ad\u0103uga\u021bi cardul dvs. pentru plat\u0103 \u0219i a\u021bi terminat.<\/p>\n<h2>\u00cenchirieri Auto Casablanca: Ghidul<\/h2>\n<p>\u00cenchirierea de ma\u0219ini ieftine \u00een Casablanca nu este fic\u021biune, ci realitatea fiec\u0103rei persoane care cunoa\u0219te c\u00e2teva reguli. Urma\u021bi-le \u0219i ve\u021bi ajunge la rezultatul dorit f\u0103r\u0103 dezam\u0103gire.<\/p>\n<h3>1. Alege\u021bi tipul potrivit<\/h3>\n<p>Activ\u00e2nd filtrele, pute\u021bi forma cu u\u0219urin\u021b\u0103 o list\u0103 de oferte dup\u0103 unul dintre tipuri:<\/p>\n<ul>\n<li>SUV sau Crossover<\/li>\n<li>Ma\u0219in\u0103 standard<\/li>\n<li>Ma\u0219in\u0103 economic\u0103<\/li>\n<li>Ma\u0219in\u0103 compact\u0103<\/li>\n<li>Ma\u0219in\u0103 mini<\/li>\n<li>Decapotabil\u0103<\/li>\n<li>Minivan, Van \u0219i altele.<\/li>\n<\/ul>\n<h3>2. Utiliza\u021bi op\u021biuni suplimentare<\/h3>\n<p>\u00cenchirierea de ma\u0219ini \u00een Casablanca poate veni cu unul sau mai multe servicii suplimentare (pl\u0103tite sau gratuite):<\/p>\n<ul>\n<li>Model garantat: F\u0103r\u0103 surprize nepl\u0103cute atunci c\u00e2nd v\u0103 ridica\u021bi vehiculul.<\/li>\n<li>Transmisie: Nu te g\u00e2ndi de dou\u0103 ori, ia una automat\u0103.<\/li>\n<li>Asigurare suplimentar\u0103: O caracteristic\u0103 pl\u0103tit\u0103 care elimin\u0103 riscurile financiare cu Full Coverage sau SuperCDW.<\/li>\n<li>\u0218ofer suplimentar: \u0218tia\u021bi c\u0103 pute\u021bi ad\u0103uga o persoan\u0103 la contract?<\/li>\n<li>Scaun pentru copii: Exist\u0103 p\u00e2n\u0103 la patru tipuri de sisteme de re\u021binere pentru copiii de orice v\u00e2rst\u0103.<\/li>\n<li>Anulare gratuit\u0103: Ave\u021bi la dispozi\u021bie cel pu\u021bin 48 de ore pentru a v\u0103 anula comanda.<\/li>\n<li>Kilometraj nelimitat: O caracteristic\u0103 gratuit\u0103 cu mile gratuite.<\/li>\n<li>F\u0103r\u0103 depozit: Toat\u0103 lumea iube\u0219te c\u00e2nd vine vorba de blocaje f\u0103r\u0103 depozit pe cardurile de credit.<\/li>\n<li>F\u0103r\u0103 card de credit: Poate veni cu cerin\u021be suplimentare pentru controalele de securitate.<\/li>\n<li>Cartela SIM: Internet mobil de mare vitez\u0103 \u00eentotdeauna la \u00eendem\u00e2n\u0103.<\/li>\n<\/ul>\n<blockquote class=\"info\">\n<h2>\u00cenchirieri Auto Casablanca: Rezervarea prin RosCar<\/h2>\n<p>\u00cenchirieri auto Casablanca poate p\u0103rea unul dintre cele mai simple servicii de c\u0103l\u0103torie pe care le-a\u021bi luat vreodat\u0103:<\/p>\n<ol>\n<li>Seta\u021bi loca\u021biile \u0219i datele.<\/li>\n<li>Seta\u021bi filtrele de c\u0103utare (Tip, op\u021biuni \u0219i multe altele)<\/li>\n<li>Rezerva\u021bi acum orice vehicul din list\u0103.<\/li>\n<li>Completa\u021bi formularul cu detalii.<\/li>\n<li>Confirma\u021bi.<\/li>\n<\/ol>\n<p>Cererea va fi considerat\u0103 confirmat\u0103 numai dup\u0103 plata \u00een avans (14-20% din sum\u0103) prin Pay Now. Card de debit sau de credit acceptat pe RosCar.<\/p><\/blockquote>\n<h2>Pre\u021b \u00cenchirieri Auto Casablanca<\/h2>\n<p>Iat\u0103 pre\u021burile aproximative pe care le pute\u021bi g\u0103si \u00een acest ora\u0219:<\/p>\n<ul>\n<li>15-25 $ pentru Mini-Economy<\/li>\n<li>$30-40 pentru Compact-Standard<\/li>\n<li>$40-60 pentru Minivan, decapotabil\u0103, Crossover, sau SUV<\/li>\n<li>$70+ pentru Lux.<\/li>\n<\/ul>\n<p>\u00cenchirierea ma\u0219inilor \u00een Casablanca poate fi mai mult sau mai pu\u021bin costisitoare cu p\u00e2n\u0103 la 40% \u00een func\u021bie de urm\u0103torii factori:<\/p>\n<ul>\n<li>Num\u0103rul de zile rezervate (ar fi bine s\u0103 lua\u021bi o ma\u0219in\u0103 de \u00eenchiriat pe termen lung)<\/li>\n<li>Locul de preluare (aeroport, ora\u0219 sau livrare)<\/li>\n<li>Sezonul \u0219i volumul de munc\u0103 al companiei<\/li>\n<li>Serviciile suplimentare incluse.<\/li>\n<\/ul>\n<p>Iat\u0103 cum s\u0103 compara\u021bi pre\u021bul:<\/p>\n<h3>Tabel cu pre\u021burile pentru \u00eenchirierea de ma\u0219ini \u00een Casablanca, Maroc<\/h3>\n<table border=\"1\">\n<thead>\n<tr>\n<th>Modelul ma\u0219inii<\/th>\n<th>Tip caroserie<\/th>\n<th>Pre\u021b pe zi (sezon sc\u0103zut)<\/th>\n<th>Pre\u021b pe zi (sezon mare)<\/th>\n<th>Pasageri<\/th>\n<th>Capacitate bagaje<\/th>\n<\/tr>\n<\/thead>\n<tbody>\n<tr>\n<td>Kia Picanto<\/td>\n<td>Hatchback<\/td>\n<td>20 \u20ac<\/td>\n<td>27 \u20ac<\/td>\n<td>4<\/td>\n<td>1<\/td>\n<\/tr>\n<tr>\n<td>Dacia Logan<\/td>\n<td>Sedan<\/td>\n<td>22 \u20ac<\/td>\n<td>30 \u20ac<\/td>\n<td>5<\/td>\n<td>2<\/td>\n<\/tr>\n<tr>\n<td>Renault Clio<\/td>\n<td>Hatchback<\/td>\n<td>25 \u20ac<\/td>\n<td>34 \u20ac<\/td>\n<td>5<\/td>\n<td>2<\/td>\n<\/tr>\n<tr>\n<td>Hyundai i20<\/td>\n<td>Hatchback<\/td>\n<td>24 \u20ac<\/td>\n<td>33 \u20ac<\/td>\n<td>5<\/td>\n<td>2<\/td>\n<\/tr>\n<tr>\n<td>Volkswagen Polo<\/td>\n<td>Hatchback<\/td>\n<td>26 \u20ac<\/td>\n<td>36 \u20ac<\/td>\n<td>5<\/td>\n<td>2<\/td>\n<\/tr>\n<tr>\n<td>Citro\u00ebn C-Elys\u00e9e<\/td>\n<td>Sedan<\/td>\n<td>27 \u20ac<\/td>\n<td>37 \u20ac<\/td>\n<td>5<\/td>\n<td>3<\/td>\n<\/tr>\n<tr>\n<td>Peugeot 301<\/td>\n<td>Sedan<\/td>\n<td>28 \u20ac<\/td>\n<td>38 \u20ac<\/td>\n<td>5<\/td>\n<td>3<\/td>\n<\/tr>\n<tr>\n<td>Dacia Duster<\/td>\n<td>SUV<\/td>\n<td>35 \u20ac<\/td>\n<td>46 \u20ac<\/td>\n<td>5<\/td>\n<td>3<\/td>\n<\/tr>\n<tr>\n<td>Renault Kadjar<\/td>\n<td>SUV<\/td>\n<td>48 \u20ac<\/td>\n<td>60 \u20ac<\/td>\n<td>5<\/td>\n<td>4<\/td>\n<\/tr>\n<tr>\n<td>Peugeot 3008<\/td>\n<td>SUV<\/td>\n<td>54 \u20ac<\/td>\n<td>68 \u20ac<\/td>\n<td>5<\/td>\n<td>4<\/td>\n<\/tr>\n<\/tbody>\n<\/table>\n        <div class=\"rpc-chart\">\n            <h3>Modific\u0103ri sezoniere ale pre\u021burilor de \u00eenchiriere auto \u00een Casablanca: prezentare general\u0103 pe baza rezerv\u0103rilor confirmate<\/h3>\n            <div><p>\u00cen ultimii trei ani, exper\u021bii roscar.ma au analizat \u00een mod sistematic modific\u0103rile costului mediu de \u00eenchiriere auto \u00een Casablanca. Datele se bazeaz\u0103 exclusiv pe comenzi reale plasate prin intermediul platformei noastre, care coopereaz\u0103 cu companii locale de \u00eenchiriere auto de \u00eencredere.<\/p>\n<p>Monitorizarea acoper\u0103 toate categoriile de vehicule: de la modele compacte de ora\u0219 la SUV-uri, decapotabile \u0219i ma\u0219ini executive. Acest lucru ne permite s\u0103 urm\u0103rim cu exactitate tendin\u021bele sezoniere \u0219i s\u0103 prevedem fluctua\u021biile pre\u021burilor \u00een func\u021bie de cerere \u0219i de perioadele turistice.<\/p>\n<p>Cu mul\u021bi ani de experien\u021b\u0103 \u00een domeniul \u00eenchirierii de ma\u0219ini \u00een Maroc, actualiz\u0103m periodic informa\u021biile pentru a oferi utilizatorilor date actualizate \u0219i fiabile. Acest lucru este deosebit de important pentru cei care planific\u0103 o c\u0103l\u0103torie la Casablanca \u0219i caut\u0103 condi\u021bii favorabile pentru transport.<\/p>\n<\/div>\n            <div class=\"rpc-chart-bars\">\n                                    <div class=\"rpc-chart-column\">\n                        <div class=\"rpc-chart-inner\" style=\"height: 30.188679245283%\">\n                            <div class=\"rpc-chart-column-value\">16 \u20ac<\/div>\n                            <div class=\"rpc-chart-month\">JAN<\/div>\n                        <\/div>\n                    <\/div>\n                                    <div class=\"rpc-chart-column\">\n                        <div class=\"rpc-chart-inner\" style=\"height: 28.301886792453%\">\n                            <div class=\"rpc-chart-column-value\">15 \u20ac<\/div>\n                            <div class=\"rpc-chart-month\">FEB<\/div>\n                        <\/div>\n                    <\/div>\n                                    <div class=\"rpc-chart-column\">\n                        <div class=\"rpc-chart-inner\" style=\"height: 30.188679245283%\">\n                            <div class=\"rpc-chart-column-value\">16 \u20ac<\/div>\n                            <div class=\"rpc-chart-month\">MAR<\/div>\n                        <\/div>\n                    <\/div>\n                                    <div class=\"rpc-chart-column\">\n                        <div class=\"rpc-chart-inner\" style=\"height: 39.622641509434%\">\n                            <div class=\"rpc-chart-column-value\">21 \u20ac<\/div>\n                            <div class=\"rpc-chart-month\">APR<\/div>\n                        <\/div>\n                    <\/div>\n                                    <div class=\"rpc-chart-column\">\n                        <div class=\"rpc-chart-inner\" style=\"height: 32.075471698113%\">\n                            <div class=\"rpc-chart-column-value\">17 \u20ac<\/div>\n                            <div class=\"rpc-chart-month\">MAY<\/div>\n                        <\/div>\n                    <\/div>\n                                    <div class=\"rpc-chart-column\">\n                        <div class=\"rpc-chart-inner\" style=\"height: 33.962264150943%\">\n                            <div class=\"rpc-chart-column-value\">18 \u20ac<\/div>\n                            <div class=\"rpc-chart-month\">JUN<\/div>\n                        <\/div>\n                    <\/div>\n                                    <div class=\"rpc-chart-column\">\n                        <div class=\"rpc-chart-inner\" style=\"height: 54.716981132075%\">\n                            <div class=\"rpc-chart-column-value\">29 \u20ac<\/div>\n                            <div class=\"rpc-chart-month\">JUL<\/div>\n                        <\/div>\n                    <\/div>\n                                    <div class=\"rpc-chart-column\">\n                        <div class=\"rpc-chart-inner\" style=\"height: 62.264150943396%\">\n                            <div class=\"rpc-chart-column-value\">33 \u20ac<\/div>\n                            <div class=\"rpc-chart-month\">AUG<\/div>\n                        <\/div>\n                    <\/div>\n                                    <div class=\"rpc-chart-column\">\n                        <div class=\"rpc-chart-inner\" style=\"height: 43.396226415094%\">\n                            <div class=\"rpc-chart-column-value\">23 \u20ac<\/div>\n                            <div class=\"rpc-chart-month\">SEP<\/div>\n                        <\/div>\n                    <\/div>\n                                    <div class=\"rpc-chart-column\">\n                        <div class=\"rpc-chart-inner\" style=\"height: 39.622641509434%\">\n                            <div class=\"rpc-chart-column-value\">21 \u20ac<\/div>\n                            <div class=\"rpc-chart-month\">OCT<\/div>\n                        <\/div>\n                    <\/div>\n                                    <div class=\"rpc-chart-column\">\n                        <div class=\"rpc-chart-inner\" style=\"height: 33.962264150943%\">\n                            <div class=\"rpc-chart-column-value\">18 \u20ac<\/div>\n                            <div class=\"rpc-chart-month\">NOV<\/div>\n                        <\/div>\n                    <\/div>\n                                    <div class=\"rpc-chart-column\">\n                        <div class=\"rpc-chart-inner\" style=\"height: 41.509433962264%\">\n                            <div class=\"rpc-chart-column-value\">22 \u20ac<\/div>\n                            <div class=\"rpc-chart-month\">DEC<\/div>\n                        <\/div>\n                    <\/div>\n                            <\/div>\n        <\/div>\n        \n<h2>\u00cenchirieri Auto Casablanca: Documente<\/h2>\n<p>Doar c\u00e2teva documente pe care \u0219oferul trebuie s\u0103 le aib\u0103 pentru a-\u0219i ridica ma\u0219ina \u00eenchiriat\u0103:<\/p>\n<ol>\n<li>Permis de conducere<\/li>\n<li>pa\u0219aport<\/li>\n<li>Card de credit (depozit, credit sau verificare a identit\u0103\u021bii)<\/li>\n<li>Voucher (v\u0103 vom trimite unul odat\u0103 cu confirmarea rezerv\u0103rii).<\/li>\n<\/ol>\n","protected":false},"excerpt":{"rendered":"<p>\u00cenchirieri Auto Casablanca de la RosCar Principalul ora\u0219 economic \u0219i cultural al Marocului este \u00eentotdeauna un \u00eenceput bun pentru o c\u0103l\u0103torie minunat\u0103 \u00een Africa de Nord. Cultura arab\u0103 unic\u0103, mii de ani de istorie \u00een arhitectura modern\u0103, tradi\u021biile \u0219i m\u00e2ncarea delicioas\u0103 sunt planul t\u0103u de ac\u021biune. Dar mai \u00eent\u00e2i trebuie s\u0103 \u00eenchiria\u021bi o ma\u0219in\u0103 \u00een [&hellip;]<\/p>\n","protected":false},"author":1,"featured_media":157,"parent":0,"menu_order":0,"comment_status":"closed","ping_status":"closed","template":"","meta":{"footnotes":""},"class_list":["post-1306","page","type-page","status-publish","has-post-thumbnail",""],"_links":{"self":[{"href":"https:\/\/roscar.ma\/ro\/wp-json\/wp\/v2\/pages\/1306","targetHints":{"allow":["GET"]}}],"collection":[{"href":"https:\/\/roscar.ma\/ro\/wp-json\/wp\/v2\/pages"}],"about":[{"href":"https:\/\/roscar.ma\/ro\/wp-json\/wp\/v2\/types\/page"}],"author":[{"embeddable":true,"href":"https:\/\/roscar.ma\/ro\/wp-json\/wp\/v2\/users\/1"}],"replies":[{"embeddable":true,"href":"https:\/\/roscar.ma\/ro\/wp-json\/wp\/v2\/comments?post=1306"}],"version-history":[{"count":1,"href":"https:\/\/roscar.ma\/ro\/wp-json\/wp\/v2\/pages\/1306\/revisions"}],"predecessor-version":[{"id":1307,"href":"https:\/\/roscar.ma\/ro\/wp-json\/wp\/v2\/pages\/1306\/revisions\/1307"}],"wp:featuredmedia":[{"embeddable":true,"href":"https:\/\/roscar.ma\/ro\/wp-json\/wp\/v2\/media\/157"}],"wp:attachment":[{"href":"https:\/\/roscar.ma\/ro\/wp-json\/wp\/v2\/media?parent=1306"}],"curies":[{"name":"wp","href":"https:\/\/api.w.org\/{rel}","templated":true}]}}