{"id":1091,"date":"2025-07-17T09:45:33","date_gmt":"2025-07-17T09:45:33","guid":{"rendered":"https:\/\/roscar.ma\/?page_id=1091"},"modified":"2025-07-25T10:45:34","modified_gmt":"2025-07-25T10:45:34","slug":"inchiriere-auto-maroc","status":"publish","type":"page","link":"https:\/\/roscar.ma\/ro\/","title":{"rendered":"\u00cenchirieri Auto Maroc"},"content":{"rendered":"<h2>\u00cenchirieri Auto Maroc de la RosCar<\/h2>\n<p>Mii de ani de istorie \u0219i vechi tradi\u021bii arabe atrag milioane de turi\u0219ti ca un magnet. Aici, pute\u021bi g\u0103si sunetele marii Sahara \u0219i ale Oceanului Atlantic, precum \u0219i culturi moderne \u0219i preistorice, al\u0103turi de condi\u021bii excelente pentru orice tip de c\u0103l\u0103torie. Dar trebuie s\u0103 \u00eenchiriez o ma\u0219in\u0103 \u00een Maroc? Poate c\u0103 aceasta nu este singura op\u021biune disponibil\u0103, dar este una cu unele avantaje clare:<\/p>\n<ul>\n<li>Libertate de mi\u0219care oriunde dori\u021bi<\/li>\n<li>Confort ridicat \u0219i confort de neegalat<\/li>\n<li>Selec\u021bie larg\u0103 de vehicule<\/li>\n<li>Sunt disponibile \u00eenchirieri de ma\u0219ini pe termen scurt sau lung.<\/li>\n<\/ul>\n<p>Dori\u021bi s\u0103 porni\u021bi la drum c\u00e2t mai cur\u00e2nd posibil? Rezerva\u021bi acum orice ma\u0219in\u0103 dori\u021bi pe RosCar: c\u00e2teva clicuri, completa\u021bi un formular standard \u0219i efectua\u021bi o plat\u0103 \u00een avans pentru confirmare.<\/p>\n<h2>\u00cen drum spre o ma\u0219in\u0103 de \u00eenchiriat \u00een Maroc<\/h2>\n<p>Aceasta este o sarcin\u0103 care nu trebuie gr\u0103bit\u0103, dar nici nu trebuie am\u00e2nat\u0103 p\u00e2n\u0103 m\u00e2ine. Prin urmare, citi\u021bi un mic ghid preg\u0103titor pe drumul c\u0103tre \u00eenchirierea unei ma\u0219ini \u00een Maroc.<\/p>\n<h3>1. G\u0103si\u021bi tipul potrivit<\/h3>\n<p>Un vehicul ales prost nu v\u0103 va aduce pl\u0103cerea sau confortul dorit. Arunca\u021bi o privire la list\u0103 \u0219i g\u00e2ndi\u021bi-v\u0103 care dintre aceste tipuri sun\u0103 ca solu\u021bia dvs:<\/p>\n<ul>\n<li>Economic sau Mini (\u00cenchiriere auto ieftin\u0103 \u00een Maroc)<\/li>\n<li>Standard<\/li>\n<li>SUV sau Crossover<\/li>\n<li>De lux<\/li>\n<li>Decapotabil\u0103<\/li>\n<li>Van sau Minivan.<\/li>\n<\/ul>\n<h3>2. Servicii suplimentare<\/h3>\n<p>Nu toate aceste caracteristici suplimentare sunt pl\u0103tite, dar fiecare dintre ele este o alegere excelent\u0103:<\/p>\n<ul>\n<li>Anulare gratuit\u0103: Aceast\u0103 op\u021biune trebuie utilizat\u0103 la timp (p\u00e2n\u0103 la 48 de ore \u00eenainte de plecare).<\/li>\n<li>F\u0103r\u0103 depozit: Cea mai bun\u0103 caracteristic\u0103 pentru c\u0103l\u0103torii cu buget redus este c\u0103 nu are depozit re\u021binut pe cardurile de credit.<\/li>\n<li>Model garantat: Ob\u021bine\u021bi cel pu\u021bin ceea ce a\u021bi rezervat.<\/li>\n<li>Scaun pentru copii: O cerin\u021b\u0103 legal\u0103 pentru c\u0103l\u0103toriile cu copii de 10 ani sau mai mici la bord.<\/li>\n<li>Asigurare suplimentar\u0103: Pl\u0103ti\u021bi \u00een plus pentru Super CDW \u0219i Full Coverage pentru lini\u0219te.<\/li>\n<li>Cartela SIM: Lua\u021bi una pentru a v\u0103 bucura de internet de mare vitez\u0103.<\/li>\n<li>\u0218ofer suplimentar: Kilometri mai bucuro\u0219i cu un prieten la volan.<\/li>\n<li>Transmisie: C\u0103uta\u021bi o automat\u0103 pentru c\u0103l\u0103torii relaxate.<\/li>\n<li>Kilometraj nelimitat: Vederi nelimitate ascunse \u00een spatele de\u0219erturilor \u0219i peisajelor marine.<\/li>\n<\/ul>\n<blockquote class=\"check\">\n<h3>RosCar Morocco \u00eenchirieri auto \u00een detalii<\/h3>\n<p>G\u0103se\u0219te-\u021bi c\u00e2teva minute pentru a lua Maroc \u00eenchirieri auto:<\/p>\n<ol>\n<li>Seta\u021bi loca\u021biile de preluare \u0219i de predare.<\/li>\n<li>Specifica\u021bi datele de \u00eenceput \u0219i de sf\u00e2r\u0219it.<\/li>\n<li>Face\u021bi clic pe &#8222;Filtre&#8221; pentru a selecta suplimentele dorite.<\/li>\n<li>Face\u021bi clic pe &#8222;Vizualizare&#8221; pentru a ob\u021bine o list\u0103.<\/li>\n<li>Rezerva\u021bi acum.<\/li>\n<li>Completa\u021bi formularul \u0219i pl\u0103ti\u021bi acum.<\/li>\n<\/ol>\n<p>Odat\u0103 ajuns pe pagina de checkout, trebuie s\u0103 introduce\u021bi un card pentru o plat\u0103 \u00een avans de 20%. Nu v\u0103 face\u021bi griji, datele dvs. bancare sunt \u00een siguran\u021b\u0103.<\/p><\/blockquote>\n<h2>Costul unei ma\u0219ini de \u00eenchiriat \u00een Maroc<\/h2>\n<p>Iat\u0103 c\u00e2teva exemple pentru a v\u0103 ajuta s\u0103 \u00een\u021belege\u021bi pre\u021bul de \u00eenchiriere a unei ma\u0219ini \u00een Maroc:<\/p>\n<ul>\n<li>20-30 $ pentru Mini sau Economy<\/li>\n<li>45-55 $ pentru Standard sau Minivan<\/li>\n<li>50-70 de dolari pentru SUV sau Crossover<\/li>\n<li>de la 80 $ pentru Luxury sau Convertible.<\/li>\n<\/ul>\n<p>Dar pute\u021bi \u00eencerca s\u0103 o ob\u021bine\u021bi mai ieftin:<\/p>\n<ul>\n<li>Lua\u021bi o ma\u0219in\u0103 de \u00eenchiriat pe termen lung (5 zile sau mai mult)<\/li>\n<li>Stabili\u021bi data de \u00eencepere pentru mijlocul s\u0103pt\u0103m\u00e2nii<\/li>\n<li>Compara\u021bi nu numai dup\u0103 pre\u021b, ci \u0219i dup\u0103 echipament<\/li>\n<li>Rezerva\u021bi online cu mult timp \u00eenainte.<\/li>\n<\/ul>\n<p>Mai multe despre compararea pre\u021burilor:<\/p>\n<h3>Tabel cu pre\u021buri pentru \u00eenchirierea unei ma\u0219ini \u00een Maroc<\/h3>\n<table border=\"1\" cellspacing=\"0\" cellpadding=\"8\">\n<thead>\n<tr>\n<th>Modelul ma\u0219inii<\/th>\n<th>Tip caroserie<\/th>\n<th>Pre\u021b pe zi (sezon sc\u0103zut)<\/th>\n<th>Pre\u021b pe zi (sezon mare)<\/th>\n<th>Pasageri<\/th>\n<th>Capacitate bagaje<\/th>\n<\/tr>\n<\/thead>\n<tbody>\n<tr>\n<td>Dacia Logan<\/td>\n<td>Sedan<\/td>\n<td>23 \u20ac<\/td>\n<td>30 \u20ac<\/td>\n<td>5<\/td>\n<td>2<\/td>\n<\/tr>\n<tr>\n<td>Kia Picanto<\/td>\n<td>Hatchback<\/td>\n<td>20 \u20ac<\/td>\n<td>28 \u20ac<\/td>\n<td>4<\/td>\n<td>1<\/td>\n<\/tr>\n<tr>\n<td>Renault Clio<\/td>\n<td>Hatchback<\/td>\n<td>25 \u20ac<\/td>\n<td>35 \u20ac<\/td>\n<td>5<\/td>\n<td>2<\/td>\n<\/tr>\n<tr>\n<td>Dacia Duster<\/td>\n<td>SUV<\/td>\n<td>35 \u20ac<\/td>\n<td>45 \u20ac<\/td>\n<td>5<\/td>\n<td>3<\/td>\n<\/tr>\n<tr>\n<td>Hyundai Tucson<\/td>\n<td>SUV<\/td>\n<td>50 \u20ac<\/td>\n<td>65 \u20ac<\/td>\n<td>5<\/td>\n<td>4<\/td>\n<\/tr>\n<tr>\n<td>Peugeot 208<\/td>\n<td>Hatchback<\/td>\n<td>22 \u20ac<\/td>\n<td>32 \u20ac<\/td>\n<td>5<\/td>\n<td>2<\/td>\n<\/tr>\n<tr>\n<td>Volkswagen Polo<\/td>\n<td>Hatchback<\/td>\n<td>26 \u20ac<\/td>\n<td>36 \u20ac<\/td>\n<td>5<\/td>\n<td>2<\/td>\n<\/tr>\n<tr>\n<td>Citro\u00ebn C-Elys\u00e9e<\/td>\n<td>Sedan<\/td>\n<td>24 \u20ac<\/td>\n<td>34 \u20ac<\/td>\n<td>5<\/td>\n<td>3<\/td>\n<\/tr>\n<tr>\n<td>Fiat Tipo<\/td>\n<td>Sedan<\/td>\n<td>27 \u20ac<\/td>\n<td>37 \u20ac<\/td>\n<td>5<\/td>\n<td>3<\/td>\n<\/tr>\n<tr>\n<td>Renault Captur<\/td>\n<td>Crossover<\/td>\n<td>33 \u20ac<\/td>\n<td>43 \u20ac<\/td>\n<td>5<\/td>\n<td>3<\/td>\n<\/tr>\n<\/tbody>\n<\/table>\n        <div class=\"rpc-chart\">\n            <h3>Pre\u021buri sezoniere de \u00eenchiriere auto \u00een Maroc<\/h3>\n            <div><p>Tabelul de mai jos prezint\u0103 o analiz\u0103 a modific\u0103rilor pre\u021burilor medii de \u00eenchiriere auto \u00een Maroc \u00een ultimii trei ani. Informa\u021biile se bazeaz\u0103 pe rezerv\u0103ri reale efectuate prin intermediul roscar.ma, un site specializat \u00een \u00eenchirierea de ma\u0219ini f\u0103r\u0103 intermediari. Datele acoper\u0103 toate clasele de autoturisme (de la modele de ora\u0219 accesibile la SUV-uri, decapotabile \u0219i segmentul premium).<\/p>\n<p>Datorit\u0103 experien\u021bei noastre de mul\u021bi ani de lucru cu c\u0103l\u0103torii \u0219i monitoriz\u0103rii regulate a pie\u021bei, ne-am format o viziune obiectiv\u0103 asupra fluctua\u021biilor sezoniere ale pre\u021burilor de \u00eenchiriere. Analiza noastr\u0103 va fi util\u0103 pentru oricine planific\u0103 o c\u0103l\u0103torie \u00een Maroc: pute\u021bi alege \u00een avans perioada \u00een care \u00eenchirierea unei ma\u0219ini va fi cea mai avantajoas\u0103.<\/p>\n<p>V\u0103 recomand\u0103m s\u0103 utiliza\u021bi informa\u021biile verificate \u0219i sfaturile practice ale RosCar Morocco pentru a v\u0103 face c\u0103l\u0103toria confortabil\u0103, sigur\u0103 \u0219i economic\u0103.<\/p>\n<\/div>\n            <div class=\"rpc-chart-bars\">\n                                    <div class=\"rpc-chart-column\">\n                        <div class=\"rpc-chart-inner\" style=\"height: 28.846153846154%\">\n                            <div class=\"rpc-chart-column-value\">15 \u20ac<\/div>\n                            <div class=\"rpc-chart-month\">JAN<\/div>\n                        <\/div>\n                    <\/div>\n                                    <div class=\"rpc-chart-column\">\n                        <div class=\"rpc-chart-inner\" style=\"height: 28.846153846154%\">\n                            <div class=\"rpc-chart-column-value\">15 \u20ac<\/div>\n                            <div class=\"rpc-chart-month\">FEB<\/div>\n                        <\/div>\n                    <\/div>\n                                    <div class=\"rpc-chart-column\">\n                        <div class=\"rpc-chart-inner\" style=\"height: 32.692307692308%\">\n                            <div class=\"rpc-chart-column-value\">17 \u20ac<\/div>\n                            <div class=\"rpc-chart-month\">MAR<\/div>\n                        <\/div>\n                    <\/div>\n                                    <div class=\"rpc-chart-column\">\n                        <div class=\"rpc-chart-inner\" style=\"height: 42.307692307692%\">\n                            <div class=\"rpc-chart-column-value\">22 \u20ac<\/div>\n                            <div class=\"rpc-chart-month\">APR<\/div>\n                        <\/div>\n                    <\/div>\n                                    <div class=\"rpc-chart-column\">\n                        <div class=\"rpc-chart-inner\" style=\"height: 32.692307692308%\">\n                            <div class=\"rpc-chart-column-value\">17 \u20ac<\/div>\n                            <div class=\"rpc-chart-month\">MAY<\/div>\n                        <\/div>\n                    <\/div>\n                                    <div class=\"rpc-chart-column\">\n                        <div class=\"rpc-chart-inner\" style=\"height: 30.769230769231%\">\n                            <div class=\"rpc-chart-column-value\">16 \u20ac<\/div>\n                            <div class=\"rpc-chart-month\">JUN<\/div>\n                        <\/div>\n                    <\/div>\n                                    <div class=\"rpc-chart-column\">\n                        <div class=\"rpc-chart-inner\" style=\"height: 55.769230769231%\">\n                            <div class=\"rpc-chart-column-value\">29 \u20ac<\/div>\n                            <div class=\"rpc-chart-month\">JUL<\/div>\n                        <\/div>\n                    <\/div>\n                                    <div class=\"rpc-chart-column\">\n                        <div class=\"rpc-chart-inner\" style=\"height: 61.538461538462%\">\n                            <div class=\"rpc-chart-column-value\">32 \u20ac<\/div>\n                            <div class=\"rpc-chart-month\">AUG<\/div>\n                        <\/div>\n                    <\/div>\n                                    <div class=\"rpc-chart-column\">\n                        <div class=\"rpc-chart-inner\" style=\"height: 38.461538461538%\">\n                            <div class=\"rpc-chart-column-value\">20 \u20ac<\/div>\n                            <div class=\"rpc-chart-month\">SEP<\/div>\n                        <\/div>\n                    <\/div>\n                                    <div class=\"rpc-chart-column\">\n                        <div class=\"rpc-chart-inner\" style=\"height: 36.538461538462%\">\n                            <div class=\"rpc-chart-column-value\">19 \u20ac<\/div>\n                            <div class=\"rpc-chart-month\">OCT<\/div>\n                        <\/div>\n                    <\/div>\n                                    <div class=\"rpc-chart-column\">\n                        <div class=\"rpc-chart-inner\" style=\"height: 32.692307692308%\">\n                            <div class=\"rpc-chart-column-value\">17 \u20ac<\/div>\n                            <div class=\"rpc-chart-month\">NOV<\/div>\n                        <\/div>\n                    <\/div>\n                                    <div class=\"rpc-chart-column\">\n                        <div class=\"rpc-chart-inner\" style=\"height: 44.230769230769%\">\n                            <div class=\"rpc-chart-column-value\">23 \u20ac<\/div>\n                            <div class=\"rpc-chart-month\">DEC<\/div>\n                        <\/div>\n                    <\/div>\n                            <\/div>\n        <\/div>\n        \n<h2>\u00cenchiriere Auto Maroc: Documente<\/h2>\n<p>Ave\u021bi peste 21 (sau 25) de ani \u0219i ceva experien\u021b\u0103 de conducere? Atunci ave\u021bi nevoie doar de trei documente pentru a \u00eenchiria o ma\u0219in\u0103 \u00een Maroc:<\/p>\n<ol>\n<li>Pa\u0219aport<\/li>\n<li>permis de conducere<\/li>\n<li>Card de credit (op\u021bional).<\/li>\n<\/ol>\n<p>De asemenea, ave\u021bi nevoie de un Voucher (certificat de rezervare), dar ve\u021bi primi unul imediat dup\u0103 confirmarea rezerv\u0103rii.<\/p>\n","protected":false},"excerpt":{"rendered":"<p>\u00cenchirieri Auto Maroc de la RosCar Mii de ani de istorie \u0219i vechi tradi\u021bii arabe atrag milioane de turi\u0219ti ca un magnet. Aici, pute\u021bi g\u0103si sunetele marii Sahara \u0219i ale Oceanului Atlantic, precum \u0219i culturi moderne \u0219i preistorice, al\u0103turi de condi\u021bii excelente pentru orice tip de c\u0103l\u0103torie. Dar trebuie s\u0103 \u00eenchiriez o ma\u0219in\u0103 \u00een Maroc? [&hellip;]<\/p>\n","protected":false},"author":1,"featured_media":127,"parent":0,"menu_order":0,"comment_status":"closed","ping_status":"closed","template":"","meta":{"footnotes":""},"class_list":["post-1091","page","type-page","status-publish","has-post-thumbnail",""],"_links":{"self":[{"href":"https:\/\/roscar.ma\/ro\/wp-json\/wp\/v2\/pages\/1091","targetHints":{"allow":["GET"]}}],"collection":[{"href":"https:\/\/roscar.ma\/ro\/wp-json\/wp\/v2\/pages"}],"about":[{"href":"https:\/\/roscar.ma\/ro\/wp-json\/wp\/v2\/types\/page"}],"author":[{"embeddable":true,"href":"https:\/\/roscar.ma\/ro\/wp-json\/wp\/v2\/users\/1"}],"replies":[{"embeddable":true,"href":"https:\/\/roscar.ma\/ro\/wp-json\/wp\/v2\/comments?post=1091"}],"version-history":[{"count":2,"href":"https:\/\/roscar.ma\/ro\/wp-json\/wp\/v2\/pages\/1091\/revisions"}],"predecessor-version":[{"id":2079,"href":"https:\/\/roscar.ma\/ro\/wp-json\/wp\/v2\/pages\/1091\/revisions\/2079"}],"wp:featuredmedia":[{"embeddable":true,"href":"https:\/\/roscar.ma\/ro\/wp-json\/wp\/v2\/media\/127"}],"wp:attachment":[{"href":"https:\/\/roscar.ma\/ro\/wp-json\/wp\/v2\/media?parent=1091"}],"curies":[{"name":"wp","href":"https:\/\/api.w.org\/{rel}","templated":true}]}}