{"id":2529,"date":"2025-07-17T11:33:38","date_gmt":"2025-07-17T11:33:38","guid":{"rendered":"https:\/\/roscar.ma\/?page_id=2529"},"modified":"2025-07-26T19:37:20","modified_gmt":"2025-07-26T19:37:20","slug":"aluguer-de-carros-tanger","status":"publish","type":"page","link":"https:\/\/roscar.ma\/pt-pt\/aluguer-de-carros-tanger\/","title":{"rendered":"Aluguer De Carros T\u00e2nger"},"content":{"rendered":"<h2>Aluguer De Carros T\u00e2nger a partir de RosCar<\/h2>\n<p>O norte de Marrocos \u00e9 onde dois continentes (Europa e \u00c1frica) se encontram, onde o clima \u00e9 quente 365 dias por ano, e sempre mem\u00f3rias brilhantes. Aqui pode alugar um carro em T\u00e2nger e levar a sua viagem a um n\u00edvel totalmente novo:<\/p>\n<ul>\n<li>Menos gastos com transportes p\u00fablicos ou t\u00e1xis<\/li>\n<li>Liberdade para se deslocar quando quiser<\/li>\n<li>Facilidade de levantamento e reserva 24\/7<\/li>\n<li>Pre\u00e7os baratos com alta qualidade.<\/li>\n<\/ul>\n<p>Ainda \u00e0 procura do melhor valor por cada d\u00f3lar gasto? Ent\u00e3o procure o seu ve\u00edculo no RosCar, reserve e utilize o cart\u00e3o para confirma\u00e7\u00e3o (at\u00e9 20% do valor). Sim, \u00e9 assim t\u00e3o f\u00e1cil.<\/p>\n<h2>Aluguer De Carros T\u00e2nger: O Guia<\/h2>\n<p>Escolher o carro certo para alugar em T\u00e2nger pode n\u00e3o parecer uma tarefa f\u00e1cil, tendo em conta o seu or\u00e7amento, estilo de viagem e necessidades. Mas dois passos s\u00e3o suficientes para o levar onde quer ir.<\/p>\n<h3>1. Tipo de ve\u00edculo<\/h3>\n<p>Deve ser espa\u00e7oso ou compacto, barato ou caro? Utilize os filtros para escolher o seu:<\/p>\n<ul>\n<li>Carro econ\u00f3mico<\/li>\n<li>Autom\u00f3vel compacto<\/li>\n<li>SUV ou Crossover<\/li>\n<li>Mini autom\u00f3vel<\/li>\n<li>Autom\u00f3vel de s\u00e9rie<\/li>\n<li>Autom\u00f3vel de luxo<\/li>\n<li>Descapot\u00e1vel<\/li>\n<li>Carrinha, monovolume e muito mais.<\/li>\n<\/ul>\n<h3>2. Servi\u00e7os adicionais<\/h3>\n<p>Esta pode ser a forma mais f\u00e1cil e econ\u00f3mica de melhorar a qualidade das suas viagens com as seguintes carater\u00edsticas:<\/p>\n<ul>\n<li>Cancelamento gratuito: Esta op\u00e7\u00e3o s\u00f3 pode ser utilizada 48 horas antes da data de in\u00edcio.<\/li>\n<li>Sem cart\u00e3o de cr\u00e9dito: H\u00e1 sempre muitos ve\u00edculos \u00e0 escolha.<\/li>\n<li>Cart\u00e3o SIM: Toda a gente precisa de internet r\u00e1pida ou chamadas quando viaja.<\/li>\n<li>Condutor adicional: \u00c9 sempre bom ter algu\u00e9m pronto a conduzir por si.<\/li>\n<li>Quilometragem ilimitada: Um \u00f3timo complemento para um aluguel de carro barato em T\u00e2nger.<\/li>\n<li>Sem dep\u00f3sito: Pode ser 10-15% mais caro, mas vem sem bloqueio de dep\u00f3sito em cart\u00f5es de cr\u00e9dito.<\/li>\n<li>Cadeira de crian\u00e7a: As crian\u00e7as com menos de 10 anos s\u00f3 podem ser transportadas num sistema de reten\u00e7\u00e3o para crian\u00e7as (fila de tr\u00e1s).<\/li>\n<li>Seguro adicional: N\u00e3o precisa de se preocupar com a liberdade financeira com o SuperCDW ou a Cobertura Total.<\/li>\n<li>Modelo garantido: Reservou um Toyota Corolla? Receber\u00e1 exatamente o Toyota Corolla.<\/li>\n<li>Transmiss\u00e3o: Manual vs. Autom\u00e1tica. Barato vs. Confort\u00e1vel.<\/li>\n<\/ul>\n<blockquote class=\"info\">\n<h2>Aluguer de autom\u00f3veis em T\u00e2nger: Reserva<\/h2>\n<p>Disp\u00f5e de cinco minutos? Ent\u00e3o pode alugar qualquer ve\u00edculo na RosCar da seguinte forma:<\/p>\n<ol>\n<li>Especifique as datas de in\u00edcio e fim, bem como as localiza\u00e7\u00f5es.<\/li>\n<li>V\u00e1 aos filtros e clique nos que lhe interessam. Obtenha uma lista.<\/li>\n<li>Selecione o seu carro atrav\u00e9s de Reservar Agora.<\/li>\n<li>Selecione o tipo de pagamento, seguro e carater\u00edsticas extra no formul\u00e1rio.<\/li>\n<li>Adicione outras informa\u00e7\u00f5es e Confirme.<\/li>\n<li>Pague Agora.<\/li>\n<\/ol>\n<p>O aluguer de carros em T\u00e2nger pode ser reservado por qualquer pessoa com carta de condu\u00e7\u00e3o (mais de 21 anos) e um cart\u00e3o banc\u00e1rio (at\u00e9 20% para pagamento de confirma\u00e7\u00e3o). 80% do restante \u00e9 pago no local, por qualquer m\u00e9todo que tenha especificado no formul\u00e1rio.<\/p><\/blockquote>\n<h2>Aluguer De Carros T\u00e2nger pre\u00e7o<\/h2>\n<p>Nesta parte do Marrocos, voc\u00ea pode encontrar pre\u00e7os bastante baixos para o aluguer de autom\u00f3veis em T\u00e2nger:<\/p>\n<ul>\n<li>$15-20 para Econ\u00f3mico ou Mini<\/li>\n<li>$25-30 para Standard<\/li>\n<li>$35-50 para Minivan, SUV, 4&#215;4, ou Crossover<\/li>\n<li>$60+ para Luxo ou Descapot\u00e1vel.<\/li>\n<\/ul>\n<p>Em plena \u00e9poca tur\u00edstica, os pre\u00e7os podem aumentar at\u00e9 60%, ou mesmo mais. Por conseguinte, deve ter em conta as seguintes dicas para reduzir os custos:<\/p>\n<ul>\n<li>Reserve o mais cedo poss\u00edvel<\/li>\n<li>Escolha um tipo de ve\u00edculo que n\u00e3o ponha em causa o seu or\u00e7amento<\/li>\n<li>Procure carater\u00edsticas gratuitas (sem dep\u00f3sito, sem cart\u00e3o de cr\u00e9dito, quilometragem ilimitada, etc.)<\/li>\n<li>Especificar a data de in\u00edcio para o meio da semana.<\/li>\n<\/ul>\n<p>Deve tamb\u00e9m comparar o pre\u00e7o:<\/p>\n<h3>Tabela de pre\u00e7os para aluguer de autom\u00f3veis em T\u00e2nger, Marrocos<\/h3>\n<table>\n<thead>\n<tr>\n<th>Modelo do ve\u00edculo<\/th>\n<th>Tipo de carro\u00e7aria<\/th>\n<th>Pre\u00e7o por dia (\u00e9poca baixa)<\/th>\n<th>Pre\u00e7o por dia (\u00e9poca alta)<\/th>\n<th>Passageiros<\/th>\n<th>Capacidade de bagagem<\/th>\n<\/tr>\n<\/thead>\n<tbody>\n<tr>\n<td>Fiat Panda<\/td>\n<td>Hatchback<\/td>\n<td>20 \u20ac<\/td>\n<td>27 \u20ac<\/td>\n<td>4<\/td>\n<td>1<\/td>\n<\/tr>\n<tr>\n<td>Kia Picanto<\/td>\n<td>Porta-bagagens<\/td>\n<td>22 \u20ac<\/td>\n<td>29 \u20ac<\/td>\n<td>4<\/td>\n<td>1<\/td>\n<\/tr>\n<tr>\n<td>Dacia Logan<\/td>\n<td>Sedan<\/td>\n<td>24 \u20ac<\/td>\n<td>32 \u20ac<\/td>\n<td>5<\/td>\n<td>2<\/td>\n<\/tr>\n<tr>\n<td>Peugeot 208<\/td>\n<td>Hatchback<\/td>\n<td>26 \u20ac<\/td>\n<td>35 \u20ac<\/td>\n<td>5<\/td>\n<td>2<\/td>\n<\/tr>\n<tr>\n<td>Renault Clio<\/td>\n<td>Hatchback<\/td>\n<td>27 \u20ac<\/td>\n<td>36 \u20ac<\/td>\n<td>5<\/td>\n<td>2<\/td>\n<\/tr>\n<tr>\n<td>Citro\u00ebn C-Elys\u00e9e<\/td>\n<td>Sedan<\/td>\n<td>29 \u20ac<\/td>\n<td>39 \u20ac<\/td>\n<td>5<\/td>\n<td>3<\/td>\n<\/tr>\n<tr>\n<td>Hyundai i20<\/td>\n<td>Hatchback<\/td>\n<td>28 \u20ac<\/td>\n<td>38 \u20ac<\/td>\n<td>5<\/td>\n<td>2<\/td>\n<\/tr>\n<tr>\n<td>Dacia Duster<\/td>\n<td>SUV<\/td>\n<td>38 \u20ac<\/td>\n<td>49 \u20ac<\/td>\n<td>5<\/td>\n<td>3<\/td>\n<\/tr>\n<tr>\n<td>Renault Kadjar<\/td>\n<td>SUV<\/td>\n<td>50 \u20ac<\/td>\n<td>62 \u20ac<\/td>\n<td>5<\/td>\n<td>4<\/td>\n<\/tr>\n<tr>\n<td>Peugeot 3008<\/td>\n<td>SUV<\/td>\n<td>55 \u20ac<\/td>\n<td>70 \u20ac<\/td>\n<td>5<\/td>\n<td>4<\/td>\n<\/tr>\n<\/tbody>\n<\/table>\n        <div class=\"rpc-chart\">\n            <h3>Como mudam os pre\u00e7os de aluguer de carros em T\u00e2nger: uma vis\u00e3o geral baseada em reservas reais<\/h3>\n            <div><p>Nos \u00faltimos tr\u00eas anos, a roscar.ma tem vindo a monitorizar os pre\u00e7os de aluguer de autom\u00f3veis em T\u00e2nger. Todos os dados aqui apresentados s\u00e3o baseados em reservas reais, o que nos permite formar uma imagem fi\u00e1vel das flutua\u00e7\u00f5es sazonais dos pre\u00e7os de aluguer.<\/p>\n<p>A an\u00e1lise inclui v\u00e1rias categorias de autom\u00f3veis - desde modelos compactos a SUV, descapot\u00e1veis e autom\u00f3veis de luxo. Isto permite-nos ver como a atividade tur\u00edstica e a \u00e9poca do ano afectam os pre\u00e7os.<\/p>\n<p>Os especialistas da RosCar Morocco t\u00eam uma vasta experi\u00eancia no atendimento ao cliente em Marrocos e oferecem informa\u00e7\u00f5es verificadas que ser\u00e3o \u00fateis para qualquer pessoa que planeie uma viagem a T\u00e2nger e queira planear eficazmente os seus custos de transporte.<\/p>\n<\/div>\n            <div class=\"rpc-chart-bars\">\n                                    <div class=\"rpc-chart-column\">\n                        <div class=\"rpc-chart-inner\" style=\"height: 24.528301886792%\">\n                            <div class=\"rpc-chart-column-value\">13 \u20ac<\/div>\n                            <div class=\"rpc-chart-month\">JAN<\/div>\n                        <\/div>\n                    <\/div>\n                                    <div class=\"rpc-chart-column\">\n                        <div class=\"rpc-chart-inner\" style=\"height: 26.415094339623%\">\n                            <div class=\"rpc-chart-column-value\">14 \u20ac<\/div>\n                            <div class=\"rpc-chart-month\">FEB<\/div>\n                        <\/div>\n                    <\/div>\n                                    <div class=\"rpc-chart-column\">\n                        <div class=\"rpc-chart-inner\" style=\"height: 28.301886792453%\">\n                            <div class=\"rpc-chart-column-value\">15 \u20ac<\/div>\n                            <div class=\"rpc-chart-month\">MAR<\/div>\n                        <\/div>\n                    <\/div>\n                                    <div class=\"rpc-chart-column\">\n                        <div class=\"rpc-chart-inner\" style=\"height: 45.283018867925%\">\n                            <div class=\"rpc-chart-column-value\">24 \u20ac<\/div>\n                            <div class=\"rpc-chart-month\">APR<\/div>\n                        <\/div>\n                    <\/div>\n                                    <div class=\"rpc-chart-column\">\n                        <div class=\"rpc-chart-inner\" style=\"height: 32.075471698113%\">\n                            <div class=\"rpc-chart-column-value\">17 \u20ac<\/div>\n                            <div class=\"rpc-chart-month\">MAY<\/div>\n                        <\/div>\n                    <\/div>\n                                    <div class=\"rpc-chart-column\">\n                        <div class=\"rpc-chart-inner\" style=\"height: 30.188679245283%\">\n                            <div class=\"rpc-chart-column-value\">16 \u20ac<\/div>\n                            <div class=\"rpc-chart-month\">JUN<\/div>\n                        <\/div>\n                    <\/div>\n                                    <div class=\"rpc-chart-column\">\n                        <div class=\"rpc-chart-inner\" style=\"height: 52.830188679245%\">\n                            <div class=\"rpc-chart-column-value\">28 \u20ac<\/div>\n                            <div class=\"rpc-chart-month\">JUL<\/div>\n                        <\/div>\n                    <\/div>\n                                    <div class=\"rpc-chart-column\">\n                        <div class=\"rpc-chart-inner\" style=\"height: 62.264150943396%\">\n                            <div class=\"rpc-chart-column-value\">33 \u20ac<\/div>\n                            <div class=\"rpc-chart-month\">AUG<\/div>\n                        <\/div>\n                    <\/div>\n                                    <div class=\"rpc-chart-column\">\n                        <div class=\"rpc-chart-inner\" style=\"height: 39.622641509434%\">\n                            <div class=\"rpc-chart-column-value\">21 \u20ac<\/div>\n                            <div class=\"rpc-chart-month\">SEP<\/div>\n                        <\/div>\n                    <\/div>\n                                    <div class=\"rpc-chart-column\">\n                        <div class=\"rpc-chart-inner\" style=\"height: 35.849056603774%\">\n                            <div class=\"rpc-chart-column-value\">19 \u20ac<\/div>\n                            <div class=\"rpc-chart-month\">OCT<\/div>\n                        <\/div>\n                    <\/div>\n                                    <div class=\"rpc-chart-column\">\n                        <div class=\"rpc-chart-inner\" style=\"height: 32.075471698113%\">\n                            <div class=\"rpc-chart-column-value\">17 \u20ac<\/div>\n                            <div class=\"rpc-chart-month\">NOV<\/div>\n                        <\/div>\n                    <\/div>\n                                    <div class=\"rpc-chart-column\">\n                        <div class=\"rpc-chart-inner\" style=\"height: 41.509433962264%\">\n                            <div class=\"rpc-chart-column-value\">22 \u20ac<\/div>\n                            <div class=\"rpc-chart-month\">DEC<\/div>\n                        <\/div>\n                    <\/div>\n                            <\/div>\n        <\/div>\n        \n<h2>Alugar um autom\u00f3vel em T\u00e2nger: Documentos<\/h2>\n<p>Marrocos \u00e9 um pa\u00eds aberto e acess\u00edvel a turistas de todo o mundo. Por conseguinte, apenas s\u00e3o necess\u00e1rios documentos normais para o aluguer:<\/p>\n<ol>\n<li>Carta de condu\u00e7\u00e3o (\u00e9 necess\u00e1rio ter 2 anos de experi\u00eancia)<\/li>\n<li>Passaporte ou bilhete de identidade<\/li>\n<li>Voucher ou certificado de reserva<\/li>\n<li>Cart\u00e3o de cr\u00e9dito (opcional).<\/li>\n<\/ol>\n","protected":false},"excerpt":{"rendered":"<p>Aluguer De Carros T\u00e2nger a partir de RosCar O norte de Marrocos \u00e9 onde dois continentes (Europa e \u00c1frica) se encontram, onde o clima \u00e9 quente 365 dias por ano, e sempre mem\u00f3rias brilhantes. Aqui pode alugar um carro em T\u00e2nger e levar a sua viagem a um n\u00edvel totalmente novo: Menos gastos com transportes [&hellip;]<\/p>\n","protected":false},"author":1,"featured_media":290,"parent":0,"menu_order":0,"comment_status":"closed","ping_status":"closed","template":"","meta":{"footnotes":""},"class_list":["post-2529","page","type-page","status-publish","has-post-thumbnail",""],"_links":{"self":[{"href":"https:\/\/roscar.ma\/pt-pt\/wp-json\/wp\/v2\/pages\/2529","targetHints":{"allow":["GET"]}}],"collection":[{"href":"https:\/\/roscar.ma\/pt-pt\/wp-json\/wp\/v2\/pages"}],"about":[{"href":"https:\/\/roscar.ma\/pt-pt\/wp-json\/wp\/v2\/types\/page"}],"author":[{"embeddable":true,"href":"https:\/\/roscar.ma\/pt-pt\/wp-json\/wp\/v2\/users\/1"}],"replies":[{"embeddable":true,"href":"https:\/\/roscar.ma\/pt-pt\/wp-json\/wp\/v2\/comments?post=2529"}],"version-history":[{"count":1,"href":"https:\/\/roscar.ma\/pt-pt\/wp-json\/wp\/v2\/pages\/2529\/revisions"}],"predecessor-version":[{"id":2530,"href":"https:\/\/roscar.ma\/pt-pt\/wp-json\/wp\/v2\/pages\/2529\/revisions\/2530"}],"wp:featuredmedia":[{"embeddable":true,"href":"https:\/\/roscar.ma\/pt-pt\/wp-json\/wp\/v2\/media\/290"}],"wp:attachment":[{"href":"https:\/\/roscar.ma\/pt-pt\/wp-json\/wp\/v2\/media?parent=2529"}],"curies":[{"name":"wp","href":"https:\/\/api.w.org\/{rel}","templated":true}]}}