{"id":2159,"date":"2025-07-17T11:30:24","date_gmt":"2025-07-17T11:30:24","guid":{"rendered":"https:\/\/roscar.ma\/?page_id=2159"},"modified":"2025-07-26T11:52:32","modified_gmt":"2025-07-26T11:52:32","slug":"aluguer-de-carros-agadir","status":"publish","type":"page","link":"https:\/\/roscar.ma\/pt-pt\/aluguer-de-carros-agadir\/","title":{"rendered":"Aluguer De Carros Agadir"},"content":{"rendered":"<h2>Aluguer De Carros Agadir de RosCar<\/h2>\n<p>Marrocos \u00e9 um pa\u00eds com uma vibra\u00e7\u00e3o \u00fanica, paisagens vibrantes e dezenas de requintadas cidades resort costeiras. \u00c9 o lugar perfeito para aqueles que procuram algo mais do que apenas relaxar na praia. E h\u00e1 apenas uma maneira de ir se voc\u00ea estiver olhando para tirar o m\u00e1ximo proveito de sua viagem e obter o seu preenchimento de sensa\u00e7\u00f5es vivas: aluguer de autom\u00f3veis Agadir. Preparado para alugar o seu? Ent\u00e3o reserva j\u00e1 com a RosCar e poder\u00e1s:<\/p>\n<ul>\n<li>Escolher as melhores ofertas com condi\u00e7\u00f5es vantajosas para todos<\/li>\n<li>Equipar op\u00e7\u00f5es extra que tornam a vida melhor e mais f\u00e1cil<\/li>\n<li>Seguir o seu caminho \u00fanico sem estar preso ao hor\u00e1rio de outra pessoa<\/li>\n<li>Aproveitar os pre\u00e7os baixos para alugueres de longa dura\u00e7\u00e3o.<\/li>\n<\/ul>\n<h2>Aluguer De Carros Agadir: O guia<\/h2>\n<p>Antes de clicar no bot\u00e3o &#8220;Reservar agora&#8221;, sugerimos-lhe que leia uma breve introdu\u00e7\u00e3o. Este \u00e9 o caminho de milhares de viajantes activos de todo o mundo, o que lhe permite tomar o que n\u00e3o vai se arrepender.<\/p>\n<h3>1. Escolha o tipo de ve\u00edculo que se adapta ao seu or\u00e7amento e objetivos<\/h3>\n<p>Aluguer de carros baratos em Agadir est\u00e1 dispon\u00edvel apenas para aqueles que escolhem o tipo certo:<\/p>\n<ul>\n<li>Carro normal (mais vendido em Marrocos)<\/li>\n<li>Crossover ou SUV<\/li>\n<li>Mini carro ou carro econ\u00f3mico<\/li>\n<li>Minivan ou Van<\/li>\n<li>Descapot\u00e1vel, de luxo ou outros.<\/li>\n<\/ul>\n<h3>2. E quanto aos servi\u00e7os adicionais?<\/h3>\n<p>Esta \u00e9 a parte da reserva que muitos turistas muitas vezes ignoram, mas depois arrependem-se de n\u00e3o lhe terem prestado mais aten\u00e7\u00e3o. Talvez haja aqui algo que torne o seu aluguer de carro em Agadir melhor:<\/p>\n<ul>\n<li>Um seguro adicional: Os riscos financeiros ser\u00e3o menores se tiver pago um upgrade para a Cobertura Total ou SuperCDW.<\/li>\n<li>Cancelamento gratuito: No caso de n\u00e3o estar 100% seguro dos seus planos.<\/li>\n<li>Quilometragem ilimitada: Zero taxas de cancelamento para infinitas oportunidades de viagem.<\/li>\n<li>Sem dep\u00f3sito: N\u00e3o precisa de reduzir o seu or\u00e7amento, experimente os bloqueios sem dep\u00f3sito nos cart\u00f5es de cr\u00e9dito.<\/li>\n<li>Modelo garantido: Ser\u00e1 reservado o mesmo autom\u00f3vel, sem excep\u00e7\u00f5es.<\/li>\n<li>Transmiss\u00e3o: N\u00e3o ficar\u00e1 surpreendido ao saber que recomendamos uma transmiss\u00e3o autom\u00e1tica.<\/li>\n<li>Sem cart\u00e3o de cr\u00e9dito: Muitos ve\u00edculos bons est\u00e3o dispon\u00edveis com esta carater\u00edstica gratuita.<\/li>\n<li>Cart\u00e3o SIM: Viajar em 2025 \u00e9 imposs\u00edvel sem uma liga\u00e7\u00e3o \u00e0 Internet est\u00e1vel e barata.<\/li>\n<li>Condutor adicional: Selecione esta op\u00e7\u00e3o se quiser deixar um amigo conduzir na estrada.<\/li>\n<li>Cadeira de crian\u00e7a: Em Marrocos, as crian\u00e7as com menos de 10 anos t\u00eam de usar um sistema de reten\u00e7\u00e3o para crian\u00e7as.<\/li>\n<\/ul>\n<blockquote class=\"check\">\n<h2>Aluguer de autom\u00f3veis em Agadir: Guia<\/h2>\n<p>Tem carta de condu\u00e7\u00e3o e mais de 21 anos de idade? Ent\u00e3o v\u00e1 buscar o aluguer de autom\u00f3veis em Agadir o mais rapidamente poss\u00edvel:<\/p>\n<ol>\n<li>Especifique locais e datas.<\/li>\n<li>V\u00e1 aos filtros para personalizar a sua pesquisa.<\/li>\n<li>Encontrou o ve\u00edculo desejado na lista? Reserve agora.<\/li>\n<li>Adicione servi\u00e7os adicionais ou tipo de seguro (se precisar de um upgrade).<\/li>\n<li>Preencha os dados do seu condutor.<\/li>\n<li>Confirme.<\/li>\n<\/ol>\n<p>A confirma\u00e7\u00e3o da reserva na RosCar \u00e9 efectuada atrav\u00e9s de um cart\u00e3o banc\u00e1rio, que requer cerca de um quinto do pagamento do aluguer. O voucher (confirma\u00e7\u00e3o da reserva) ser\u00e1 enviado assim que o pagamento for creditado.<\/p><\/blockquote>\n<h2>Pre\u00e7o do aluguer de um carro em Agadir<\/h2>\n<p>O custo de um dia de condu\u00e7\u00e3o de um ve\u00edculo alugado \u00e9 de:<\/p>\n<ul>\n<li>$15-20 para Econ\u00f3mico\/Mini<\/li>\n<li>$25-35 para Standard\/Compacto<\/li>\n<li>$40-60 para Crossover\/SUV\/Minivan<\/li>\n<li>$80+ para Luxo\/Convers\u00edvel.<\/li>\n<\/ul>\n<p>Estes s\u00e3o apenas valores aproximados, calculados em m\u00e9dia ao longo do ano. Alugar um carro em Agadir ser\u00e1 mais barato se:<\/p>\n<ul>\n<li>Ficar longe de \u00e9pocas de \u00faltima hora ou feriados<\/li>\n<li>Procurar um aluguer de longa dura\u00e7\u00e3o<\/li>\n<li>Recolher o ve\u00edculo na cidade (aeroporto ou transfer \u00e9 mais caro)<\/li>\n<li>fizer uma reserva atempada (10-20 dias antes do in\u00edcio).<\/li>\n<\/ul>\n<p>Recomendamos tamb\u00e9m que compare o pre\u00e7o:<\/p>\n<h3>Tabela de pre\u00e7os para aluguer de autom\u00f3veis em Agadir, Marrocos<\/h3>\n<table border=\"1\" cellspacing=\"0\" cellpadding=\"0\">\n<thead>\n<tr>\n<th>Modelo do carro<\/th>\n<th>Tipo de carro\u00e7aria<\/th>\n<th>Pre\u00e7o por dia (\u00e9poca baixa)<\/th>\n<th>Pre\u00e7o por dia (\u00e9poca alta)<\/th>\n<th>Passageiros<\/th>\n<th>Capacidade de bagagem<\/th>\n<\/tr>\n<\/thead>\n<tbody>\n<tr>\n<td>Fiat Panda<\/td>\n<td>Hatchback<\/td>\n<td>19 \u20ac<\/td>\n<td>25 \u20ac<\/td>\n<td>4<\/td>\n<td>1<\/td>\n<\/tr>\n<tr>\n<td>Kia Picanto<\/td>\n<td>Hatchback<\/td>\n<td>21 \u20ac<\/td>\n<td>28 \u20ac<\/td>\n<td>4<\/td>\n<td>1<\/td>\n<\/tr>\n<tr>\n<td>Dacia Logan<\/td>\n<td>Sedan<\/td>\n<td>23 \u20ac<\/td>\n<td>31 \u20ac<\/td>\n<td>5<\/td>\n<td>2<\/td>\n<\/tr>\n<tr>\n<td>Hyundai i20<\/td>\n<td>Porta-bagagens<\/td>\n<td>25 \u20ac<\/td>\n<td>34 \u20ac<\/td>\n<td>5<\/td>\n<td>2<\/td>\n<\/tr>\n<tr>\n<td>Peugeot 208<\/td>\n<td>Hatchback<\/td>\n<td>26 \u20ac<\/td>\n<td>35 \u20ac<\/td>\n<td>5<\/td>\n<td>2<\/td>\n<\/tr>\n<tr>\n<td>Renault Clio<\/td>\n<td>Hatchback<\/td>\n<td>27 \u20ac<\/td>\n<td>37 \u20ac<\/td>\n<td>5<\/td>\n<td>2<\/td>\n<\/tr>\n<tr>\n<td>Citro\u00ebn C-Elys\u00e9e<\/td>\n<td>Sedan<\/td>\n<td>28 \u20ac<\/td>\n<td>38 \u20ac<\/td>\n<td>5<\/td>\n<td>3<\/td>\n<\/tr>\n<tr>\n<td>Renault Captur<\/td>\n<td>Crossover<\/td>\n<td>33 \u20ac<\/td>\n<td>44 \u20ac<\/td>\n<td>5<\/td>\n<td>3<\/td>\n<\/tr>\n<tr>\n<td>Dacia Duster<\/td>\n<td>SUV<\/td>\n<td>37 \u20ac<\/td>\n<td>48 \u20ac<\/td>\n<td>5<\/td>\n<td>3<\/td>\n<\/tr>\n<tr>\n<td>Peugeot 3008<\/td>\n<td>SUV<\/td>\n<td>54 \u20ac<\/td>\n<td>68 \u20ac<\/td>\n<td>5<\/td>\n<td>4<\/td>\n<\/tr>\n<\/tbody>\n<\/table>\n        <div class=\"rpc-chart\">\n            <h3>Altera\u00e7\u00f5es sazonais nos pre\u00e7os de aluguer de autom\u00f3veis em Agadir: an\u00e1lise real com base nas reservas<\/h3>\n            <div><p>Nos \u00faltimos tr\u00eas anos, a equipa da roscar.ma tem vindo a recolher e analisar dados sobre o custo m\u00e9dio de aluguer de um carro em Agadir. Todos os resultados s\u00e3o baseados em reservas reais efectuadas atrav\u00e9s da plataforma, que trabalha exclusivamente com parceiros locais de confian\u00e7a.<\/p>\n<p>O estudo tem em conta todas as categorias de carros - desde modelos urbanos compactos a SUVs espa\u00e7osos, descapot\u00e1veis e carros de classe executiva. Esta abordagem permite identificar com precis\u00e3o as tend\u00eancias sazonais de pre\u00e7os e fornecer aos clientes as informa\u00e7\u00f5es mais \u00fateis para planearem a sua viagem.<\/p>\n<p>Os especialistas da RosCar Morocco t\u00eam um profundo conhecimento do mercado de aluguer de autom\u00f3veis em Marrocos e trabalham diariamente para atualizar as estat\u00edsticas. Isto garante que os utilizadores n\u00e3o recebem apenas m\u00e9dias, mas informa\u00e7\u00f5es fi\u00e1veis e pr\u00e1ticas que correspondem \u00e0s condi\u00e7\u00f5es reais.<\/p>\n<\/div>\n            <div class=\"rpc-chart-bars\">\n                                    <div class=\"rpc-chart-column\">\n                        <div class=\"rpc-chart-inner\" style=\"height: 27.659574468085%\">\n                            <div class=\"rpc-chart-column-value\">13 \u20ac<\/div>\n                            <div class=\"rpc-chart-month\">JAN<\/div>\n                        <\/div>\n                    <\/div>\n                                    <div class=\"rpc-chart-column\">\n                        <div class=\"rpc-chart-inner\" style=\"height: 29.787234042553%\">\n                            <div class=\"rpc-chart-column-value\">14 \u20ac<\/div>\n                            <div class=\"rpc-chart-month\">FEB<\/div>\n                        <\/div>\n                    <\/div>\n                                    <div class=\"rpc-chart-column\">\n                        <div class=\"rpc-chart-inner\" style=\"height: 27.659574468085%\">\n                            <div class=\"rpc-chart-column-value\">13 \u20ac<\/div>\n                            <div class=\"rpc-chart-month\">MAR<\/div>\n                        <\/div>\n                    <\/div>\n                                    <div class=\"rpc-chart-column\">\n                        <div class=\"rpc-chart-inner\" style=\"height: 38.297872340426%\">\n                            <div class=\"rpc-chart-column-value\">18 \u20ac<\/div>\n                            <div class=\"rpc-chart-month\">APR<\/div>\n                        <\/div>\n                    <\/div>\n                                    <div class=\"rpc-chart-column\">\n                        <div class=\"rpc-chart-inner\" style=\"height: 29.787234042553%\">\n                            <div class=\"rpc-chart-column-value\">14 \u20ac<\/div>\n                            <div class=\"rpc-chart-month\">MAY<\/div>\n                        <\/div>\n                    <\/div>\n                                    <div class=\"rpc-chart-column\">\n                        <div class=\"rpc-chart-inner\" style=\"height: 27.659574468085%\">\n                            <div class=\"rpc-chart-column-value\">13 \u20ac<\/div>\n                            <div class=\"rpc-chart-month\">JUN<\/div>\n                        <\/div>\n                    <\/div>\n                                    <div class=\"rpc-chart-column\">\n                        <div class=\"rpc-chart-inner\" style=\"height: 46.808510638298%\">\n                            <div class=\"rpc-chart-column-value\">22 \u20ac<\/div>\n                            <div class=\"rpc-chart-month\">JUL<\/div>\n                        <\/div>\n                    <\/div>\n                                    <div class=\"rpc-chart-column\">\n                        <div class=\"rpc-chart-inner\" style=\"height: 57.446808510638%\">\n                            <div class=\"rpc-chart-column-value\">27 \u20ac<\/div>\n                            <div class=\"rpc-chart-month\">AUG<\/div>\n                        <\/div>\n                    <\/div>\n                                    <div class=\"rpc-chart-column\">\n                        <div class=\"rpc-chart-inner\" style=\"height: 31.914893617021%\">\n                            <div class=\"rpc-chart-column-value\">15 \u20ac<\/div>\n                            <div class=\"rpc-chart-month\">SEP<\/div>\n                        <\/div>\n                    <\/div>\n                                    <div class=\"rpc-chart-column\">\n                        <div class=\"rpc-chart-inner\" style=\"height: 38.297872340426%\">\n                            <div class=\"rpc-chart-column-value\">18 \u20ac<\/div>\n                            <div class=\"rpc-chart-month\">OCT<\/div>\n                        <\/div>\n                    <\/div>\n                                    <div class=\"rpc-chart-column\">\n                        <div class=\"rpc-chart-inner\" style=\"height: 31.914893617021%\">\n                            <div class=\"rpc-chart-column-value\">15 \u20ac<\/div>\n                            <div class=\"rpc-chart-month\">NOV<\/div>\n                        <\/div>\n                    <\/div>\n                                    <div class=\"rpc-chart-column\">\n                        <div class=\"rpc-chart-inner\" style=\"height: 40.425531914894%\">\n                            <div class=\"rpc-chart-column-value\">19 \u20ac<\/div>\n                            <div class=\"rpc-chart-month\">DEC<\/div>\n                        <\/div>\n                    <\/div>\n                            <\/div>\n        <\/div>\n        \n<h2>Aluguer De Carros Agadir: Documentos<\/h2>\n<p>Para alugar um autom\u00f3vel em Agadir, \u00e9 necess\u00e1rio ter entre 21 e 25 anos de idade, alguma experi\u00eancia de condu\u00e7\u00e3o e os seguintes documentos<\/p>\n<ol>\n<li>Cart\u00e3o de cr\u00e9dito (facultativo)<\/li>\n<li>Passaporte<\/li>\n<li>Voucher\/Certificado de reserva<\/li>\n<li>Carta de condu\u00e7\u00e3o (ou IDP).<\/li>\n<\/ol>\n<p>O aluguer de autom\u00f3veis em Agadir \u00e9 um servi\u00e7o indispens\u00e1vel para os turistas que querem ver n\u00e3o s\u00f3 Agadir, mas todo o Marrocos.<\/p>\n","protected":false},"excerpt":{"rendered":"<p>Aluguer De Carros Agadir de RosCar Marrocos \u00e9 um pa\u00eds com uma vibra\u00e7\u00e3o \u00fanica, paisagens vibrantes e dezenas de requintadas cidades resort costeiras. \u00c9 o lugar perfeito para aqueles que procuram algo mais do que apenas relaxar na praia. E h\u00e1 apenas uma maneira de ir se voc\u00ea estiver olhando para tirar o m\u00e1ximo proveito [&hellip;]<\/p>\n","protected":false},"author":1,"featured_media":800,"parent":0,"menu_order":0,"comment_status":"closed","ping_status":"closed","template":"","meta":{"footnotes":""},"class_list":["post-2159","page","type-page","status-publish","has-post-thumbnail",""],"_links":{"self":[{"href":"https:\/\/roscar.ma\/pt-pt\/wp-json\/wp\/v2\/pages\/2159","targetHints":{"allow":["GET"]}}],"collection":[{"href":"https:\/\/roscar.ma\/pt-pt\/wp-json\/wp\/v2\/pages"}],"about":[{"href":"https:\/\/roscar.ma\/pt-pt\/wp-json\/wp\/v2\/types\/page"}],"author":[{"embeddable":true,"href":"https:\/\/roscar.ma\/pt-pt\/wp-json\/wp\/v2\/users\/1"}],"replies":[{"embeddable":true,"href":"https:\/\/roscar.ma\/pt-pt\/wp-json\/wp\/v2\/comments?post=2159"}],"version-history":[{"count":2,"href":"https:\/\/roscar.ma\/pt-pt\/wp-json\/wp\/v2\/pages\/2159\/revisions"}],"predecessor-version":[{"id":2161,"href":"https:\/\/roscar.ma\/pt-pt\/wp-json\/wp\/v2\/pages\/2159\/revisions\/2161"}],"wp:featuredmedia":[{"embeddable":true,"href":"https:\/\/roscar.ma\/pt-pt\/wp-json\/wp\/v2\/media\/800"}],"wp:attachment":[{"href":"https:\/\/roscar.ma\/pt-pt\/wp-json\/wp\/v2\/media?parent=2159"}],"curies":[{"name":"wp","href":"https:\/\/api.w.org\/{rel}","templated":true}]}}