{"id":2050,"date":"2025-07-17T11:07:41","date_gmt":"2025-07-17T11:07:41","guid":{"rendered":"https:\/\/roscar.ma\/?page_id=2050"},"modified":"2025-07-24T20:05:29","modified_gmt":"2025-07-24T20:05:29","slug":"aluguer-de-carros-rabat","status":"publish","type":"page","link":"https:\/\/roscar.ma\/pt-pt\/aluguer-de-carros-rabat\/","title":{"rendered":"Aluguer De Carros Rabat"},"content":{"rendered":"<h2>Aluguer De Carros Rabat a partir de RosCar<\/h2>\n<p>Marrocos \u00e9 um pa\u00eds com uma incr\u00edvel combina\u00e7\u00e3o de beleza des\u00e9rtica, paisagens mar\u00edtimas e arquitetura magn\u00edfica que n\u00e3o se encontra em nenhum outro lugar. Por isso, ao planear uma viagem ao Norte de \u00c1frica, \u00e9 melhor reservar algum tempo para mergulhar totalmente no para\u00edso mu\u00e7ulmano. Mas tamb\u00e9m \u00e9 necess\u00e1rio alugar um carro em Rabat para tornar a sua aventura mais conveniente:<\/p>\n<ul>\n<li>Uma grande sele\u00e7\u00e3o de ve\u00edculos (qualquer tipo, pre\u00e7o ou cor)<\/li>\n<li>Muitos extras e carater\u00edsticas que podem ser encontrados<\/li>\n<li>Aluguer de autom\u00f3veis de curta e longa dura\u00e7\u00e3o<\/li>\n<li>Reservas 24 horas por dia com uma interface de f\u00e1cil utiliza\u00e7\u00e3o.<\/li>\n<\/ul>\n<p>O que \u00e9 o RosCar? \u00c9 um s\u00edtio com excelentes funcionalidades para comparar pre\u00e7os, ordenar por crit\u00e9rios desejados e reservar rapidamente. Reserve agora e confirme a sua reserva atrav\u00e9s de cart\u00e3o (\u00e9 necess\u00e1rio um dep\u00f3sito de at\u00e9 20% do valor da encomenda).<\/p>\n<h2>O guia RosCar para o aluguer de autom\u00f3veis em Rabat<\/h2>\n<p>Embora este pa\u00eds n\u00e3o se pare\u00e7a em nada com as ruas europeias ou americanas a que estamos habituados, a experi\u00eancia de viagem que se avizinha ser\u00e1 bastante semelhante. O mesmo se passa com o aluguer de autom\u00f3veis em Rabat, com exce\u00e7\u00e3o de duas subtilezas que se resolvem rapidamente.<\/p>\n<h3>1. Qual \u00e9 o seu tipo?<\/h3>\n<p>N\u00e3o reserve o primeiro ve\u00edculo que encontrar. \u00c9 melhor ordenar a lista atrav\u00e9s dos filtros de pesquisa por tipos dispon\u00edveis:<\/p>\n<ul>\n<li>Standard ou Compacto<\/li>\n<li>SUV ou Crossover<\/li>\n<li>Van ou Minivan<\/li>\n<li>Mini ou Econ\u00f3mico (o mais adequado para um aluguer de autom\u00f3vel barato em Rabat)<\/li>\n<li>Descapot\u00e1vel ou de luxo.<\/li>\n<\/ul>\n<h3>2. Extras<\/h3>\n<p>Os servi\u00e7os adicionais s\u00e3o uma boa maneira de personalizar a sua experi\u00eancia de condu\u00e7\u00e3o de acordo com as suas necessidades exclusivas. Aqui est\u00e3o alguns para escolher:<\/p>\n<ul>\n<li>Transmiss\u00e3o: Quer uma condu\u00e7\u00e3o descontra\u00edda? Escolha uma transmiss\u00e3o autom\u00e1tica.<\/li>\n<li>Cart\u00e3o SIM: O seu smartphone precisa de um cart\u00e3o SIM para evitar pagar taxas de roaming excessivas.<\/li>\n<li>Cadeira de crian\u00e7a: Os menores ou crian\u00e7as at\u00e9 aos 10 anos de idade necessitam de um sistema de reten\u00e7\u00e3o.<\/li>\n<li>Quil\u00f3metros ilimitados: Com esta carater\u00edstica, todo o Marrocos est\u00e1 aberto para si.<\/li>\n<li>Sem cart\u00e3o de cr\u00e9dito: Tal como no m\u00e9todo tradicional, mas sem cart\u00e3o de cr\u00e9dito.<\/li>\n<li>Modelo garantido: Uma op\u00e7\u00e3o imprescind\u00edvel para quem j\u00e1 teve uma m\u00e1 experi\u00eancia.<\/li>\n<li>Cancelamento gratuito: Deve ser utilizado dentro do prazo (pelo menos 48 horas antes da data de in\u00edcio).<\/li>\n<li>Motorista adicional: Deixe seu amigo dirigir.<\/li>\n<li>Sem dep\u00f3sito: Evite taxas banc\u00e1rias desnecess\u00e1rias atrav\u00e9s do bloqueio sem dep\u00f3sito nos cart\u00f5es de cr\u00e9dito.<\/li>\n<li>Seguro adicional: Uma funcionalidade de que todos precisam, sem exce\u00e7\u00e3o. Actualize para Super CDW ou Cobertura total e relaxe.<\/li>\n<\/ul>\n<blockquote class=\"check\">\n<h2>Aluguer De Carros Rabat: Um guia<\/h2>\n<p>RosCar trabalha para lhe proporcionar experi\u00eancias de viagem fant\u00e1sticas desde o levantamento at\u00e9 \u00e0 entrega. \u00c9 por isso que reservar connosco \u00e9 t\u00e3o f\u00e1cil como pode ser:<\/p>\n<ol>\n<li>Insira os detalhes: recolha, entrega e datas.<\/li>\n<li>Ir para os filtros e selecionar alguns que lhe pare\u00e7am atractivos, e obter uma lista.<\/li>\n<li>Reservar agora.<\/li>\n<li>Adicionar informa\u00e7\u00e3o.<\/li>\n<li>Pagar agora.<\/li>\n<\/ol>\n<p>O aluguer de carros em Rabat n\u00e3o pode ser confirmado sem um cart\u00e3o banc\u00e1rio. Ap\u00f3s o pagamento da cau\u00e7\u00e3o (m\u00e1ximo 20% do montante), ser-lhe-\u00e1 entregue um certificado de confirma\u00e7\u00e3o da reserva.<\/p><\/blockquote>\n<h2>Aluguer De Carros Rabat Pre\u00e7o<\/h2>\n<p>Os pre\u00e7os na capital de Marrocos n\u00e3o lhe parecer\u00e3o demasiado caros, mas continuam a ser mais elevados do que a m\u00e9dia europeia:<\/p>\n<ul>\n<li>Econ\u00f3mico por 20-30 d\u00f3lares\/dia<\/li>\n<li>Standard por $35-50\/dia<\/li>\n<li>SUV por $50-70\/dia<\/li>\n<li>Luxo por 80$\/dia.<\/li>\n<\/ul>\n<p>O aluguer de autom\u00f3veis em Rabat ser\u00e1 mais barato se:<\/p>\n<ul>\n<li>Evitar o aluguer de autom\u00f3veis a curto prazo<\/li>\n<li>Definir a data de in\u00edcio para o meio da semana<\/li>\n<li>reservar com anteced\u00eancia<\/li>\n<li>Escolher o tipo de ve\u00edculo correto.<\/li>\n<\/ul>\n<p>Comparar o pre\u00e7o para encontrar o melhor valor:<\/p>\n<h3>Tabela de pre\u00e7os para aluguer de autom\u00f3veis em Rabat, Marrocos<\/h3>\n<table border=\"1\">\n<thead>\n<tr>\n<th>Modelo de carro<\/th>\n<th>Tipo de carro\u00e7aria<\/th>\n<th>Pre\u00e7o por dia (\u00e9poca baixa)<\/th>\n<th>Pre\u00e7o por dia (\u00e9poca alta)<\/th>\n<th>Passageiros<\/th>\n<th>Capacidade de bagagem<\/th>\n<\/tr>\n<\/thead>\n<tbody>\n<tr>\n<td>Hyundai i10<\/td>\n<td>Hatchback<\/td>\n<td>21 \u20ac<\/td>\n<td>29 \u20ac<\/td>\n<td>4<\/td>\n<td>1<\/td>\n<\/tr>\n<tr>\n<td>Dacia Logan<\/td>\n<td>Sedan<\/td>\n<td>23 \u20ac<\/td>\n<td>32 \u20ac<\/td>\n<td>5<\/td>\n<td>2<\/td>\n<\/tr>\n<tr>\n<td>Peugeot 208<\/td>\n<td>Hatchback<\/td>\n<td>24 \u20ac<\/td>\n<td>34 \u20ac<\/td>\n<td>5<\/td>\n<td>2<\/td>\n<\/tr>\n<tr>\n<td>Renault Clio<\/td>\n<td>Hatchback<\/td>\n<td>26 \u20ac<\/td>\n<td>36 \u20ac<\/td>\n<td>5<\/td>\n<td>2<\/td>\n<\/tr>\n<tr>\n<td>Volkswagen Golf<\/td>\n<td>Hatchback<\/td>\n<td>30 \u20ac<\/td>\n<td>42 \u20ac<\/td>\n<td>5<\/td>\n<td>3<\/td>\n<\/tr>\n<tr>\n<td>Citro\u00ebn C-Elys\u00e9e<\/td>\n<td>Sedan<\/td>\n<td>25 \u20ac<\/td>\n<td>35 \u20ac<\/td>\n<td>5<\/td>\n<td>3<\/td>\n<\/tr>\n<tr>\n<td>Renault Captur<\/td>\n<td>Crossover<\/td>\n<td>32 \u20ac<\/td>\n<td>44 \u20ac<\/td>\n<td>5<\/td>\n<td>3<\/td>\n<\/tr>\n<tr>\n<td>Dacia Duster<\/td>\n<td>SUV<\/td>\n<td>36 \u20ac<\/td>\n<td>48 \u20ac<\/td>\n<td>5<\/td>\n<td>3<\/td>\n<\/tr>\n<tr>\n<td>Hyundai Tucson<\/td>\n<td>SUV<\/td>\n<td>52 \u20ac<\/td>\n<td>66 \u20ac<\/td>\n<td>5<\/td>\n<td>4<\/td>\n<\/tr>\n<tr>\n<td>Peugeot 3008<\/td>\n<td>SUV<\/td>\n<td>55 \u20ac<\/td>\n<td>70 \u20ac<\/td>\n<td>5<\/td>\n<td>4<\/td>\n<\/tr>\n<\/tbody>\n<\/table>\n        <div class=\"rpc-chart\">\n            <h3>Flutua\u00e7\u00f5es sazonais nos pre\u00e7os de aluguer de carros em Rabat: an\u00e1lise baseada em reservas reais<\/h3>\n            <div><p>A tabela abaixo mostra a din\u00e2mica das mudan\u00e7as nos pre\u00e7os m\u00e9dios de aluguer de carros em Rabat nos \u00faltimos tr\u00eas anos. A fonte de informa\u00e7\u00e3o s\u00e3o encomendas reais feitas atrav\u00e9s da plataforma roscar.ma, um servi\u00e7o que re\u00fane ofertas de empresas de aluguer locais verificadas, sem intermedi\u00e1rios.<\/p>\n<p>A an\u00e1lise abrange uma ampla gama de ve\u00edculos: desde modelos compactos urbanos a confort\u00e1veis SUV, descapot\u00e1veis e carros premium. Esta abordagem fornece uma imagem objetiva de como os pre\u00e7os variam consoante a \u00e9poca do ano e a atividade tur\u00edstica.<\/p>\n<p>Contamos com muitos anos de experi\u00eancia a trabalhar com viajantes e atualizamos constantemente os nossos dados com base nas tend\u00eancias do mercado. Isto fornece aos utilizadores informa\u00e7\u00f5es pr\u00e1ticas e fi\u00e1veis para os ajudar a planear o seu or\u00e7amento e a escolher a altura mais vantajosa para alugar um carro na capital marroquina.<\/p>\n<\/div>\n            <div class=\"rpc-chart-bars\">\n                                    <div class=\"rpc-chart-column\">\n                        <div class=\"rpc-chart-inner\" style=\"height: 28.301886792453%\">\n                            <div class=\"rpc-chart-column-value\">15 \u20ac<\/div>\n                            <div class=\"rpc-chart-month\">JAN<\/div>\n                        <\/div>\n                    <\/div>\n                                    <div class=\"rpc-chart-column\">\n                        <div class=\"rpc-chart-inner\" style=\"height: 26.415094339623%\">\n                            <div class=\"rpc-chart-column-value\">14 \u20ac<\/div>\n                            <div class=\"rpc-chart-month\">FEB<\/div>\n                        <\/div>\n                    <\/div>\n                                    <div class=\"rpc-chart-column\">\n                        <div class=\"rpc-chart-inner\" style=\"height: 24.528301886792%\">\n                            <div class=\"rpc-chart-column-value\">13 \u20ac<\/div>\n                            <div class=\"rpc-chart-month\">MAR<\/div>\n                        <\/div>\n                    <\/div>\n                                    <div class=\"rpc-chart-column\">\n                        <div class=\"rpc-chart-inner\" style=\"height: 39.622641509434%\">\n                            <div class=\"rpc-chart-column-value\">21 \u20ac<\/div>\n                            <div class=\"rpc-chart-month\">APR<\/div>\n                        <\/div>\n                    <\/div>\n                                    <div class=\"rpc-chart-column\">\n                        <div class=\"rpc-chart-inner\" style=\"height: 32.075471698113%\">\n                            <div class=\"rpc-chart-column-value\">17 \u20ac<\/div>\n                            <div class=\"rpc-chart-month\">MAY<\/div>\n                        <\/div>\n                    <\/div>\n                                    <div class=\"rpc-chart-column\">\n                        <div class=\"rpc-chart-inner\" style=\"height: 32.075471698113%\">\n                            <div class=\"rpc-chart-column-value\">17 \u20ac<\/div>\n                            <div class=\"rpc-chart-month\">JUN<\/div>\n                        <\/div>\n                    <\/div>\n                                    <div class=\"rpc-chart-column\">\n                        <div class=\"rpc-chart-inner\" style=\"height: 49.056603773585%\">\n                            <div class=\"rpc-chart-column-value\">26 \u20ac<\/div>\n                            <div class=\"rpc-chart-month\">JUL<\/div>\n                        <\/div>\n                    <\/div>\n                                    <div class=\"rpc-chart-column\">\n                        <div class=\"rpc-chart-inner\" style=\"height: 62.264150943396%\">\n                            <div class=\"rpc-chart-column-value\">33 \u20ac<\/div>\n                            <div class=\"rpc-chart-month\">AUG<\/div>\n                        <\/div>\n                    <\/div>\n                                    <div class=\"rpc-chart-column\">\n                        <div class=\"rpc-chart-inner\" style=\"height: 47.169811320755%\">\n                            <div class=\"rpc-chart-column-value\">25 \u20ac<\/div>\n                            <div class=\"rpc-chart-month\">SEP<\/div>\n                        <\/div>\n                    <\/div>\n                                    <div class=\"rpc-chart-column\">\n                        <div class=\"rpc-chart-inner\" style=\"height: 37.735849056604%\">\n                            <div class=\"rpc-chart-column-value\">20 \u20ac<\/div>\n                            <div class=\"rpc-chart-month\">OCT<\/div>\n                        <\/div>\n                    <\/div>\n                                    <div class=\"rpc-chart-column\">\n                        <div class=\"rpc-chart-inner\" style=\"height: 45.283018867925%\">\n                            <div class=\"rpc-chart-column-value\">24 \u20ac<\/div>\n                            <div class=\"rpc-chart-month\">NOV<\/div>\n                        <\/div>\n                    <\/div>\n                                    <div class=\"rpc-chart-column\">\n                        <div class=\"rpc-chart-inner\" style=\"height: 37.735849056604%\">\n                            <div class=\"rpc-chart-column-value\">20 \u20ac<\/div>\n                            <div class=\"rpc-chart-month\">DEC<\/div>\n                        <\/div>\n                    <\/div>\n                            <\/div>\n        <\/div>\n        \n<h2>Aluguer De Carros Rabat: Documentos<\/h2>\n<p>Para assinar o contrato e levantar o seu ve\u00edculo, precisa de v\u00e1rios documentos (em ingl\u00eas e 100% v\u00e1lidos):<\/p>\n<ol>\n<li>Carta de condu\u00e7\u00e3o<\/li>\n<li>Passaporte<\/li>\n<li>Cart\u00e3o de cr\u00e9dito (opcional).<\/li>\n<\/ol>\n<p>O aluguer de autom\u00f3veis em Rabat \u00e9 a escolha ideal para uma viagem confort\u00e1vel e despreocupada em Marrocos.<\/p>\n","protected":false},"excerpt":{"rendered":"<p>Aluguer De Carros Rabat a partir de RosCar Marrocos \u00e9 um pa\u00eds com uma incr\u00edvel combina\u00e7\u00e3o de beleza des\u00e9rtica, paisagens mar\u00edtimas e arquitetura magn\u00edfica que n\u00e3o se encontra em nenhum outro lugar. Por isso, ao planear uma viagem ao Norte de \u00c1frica, \u00e9 melhor reservar algum tempo para mergulhar totalmente no para\u00edso mu\u00e7ulmano. Mas tamb\u00e9m [&hellip;]<\/p>\n","protected":false},"author":1,"featured_media":218,"parent":0,"menu_order":0,"comment_status":"closed","ping_status":"closed","template":"","meta":{"footnotes":""},"class_list":["post-2050","page","type-page","status-publish","has-post-thumbnail",""],"_links":{"self":[{"href":"https:\/\/roscar.ma\/pt-pt\/wp-json\/wp\/v2\/pages\/2050","targetHints":{"allow":["GET"]}}],"collection":[{"href":"https:\/\/roscar.ma\/pt-pt\/wp-json\/wp\/v2\/pages"}],"about":[{"href":"https:\/\/roscar.ma\/pt-pt\/wp-json\/wp\/v2\/types\/page"}],"author":[{"embeddable":true,"href":"https:\/\/roscar.ma\/pt-pt\/wp-json\/wp\/v2\/users\/1"}],"replies":[{"embeddable":true,"href":"https:\/\/roscar.ma\/pt-pt\/wp-json\/wp\/v2\/comments?post=2050"}],"version-history":[{"count":0,"href":"https:\/\/roscar.ma\/pt-pt\/wp-json\/wp\/v2\/pages\/2050\/revisions"}],"wp:featuredmedia":[{"embeddable":true,"href":"https:\/\/roscar.ma\/pt-pt\/wp-json\/wp\/v2\/media\/218"}],"wp:attachment":[{"href":"https:\/\/roscar.ma\/pt-pt\/wp-json\/wp\/v2\/media?parent=2050"}],"curies":[{"name":"wp","href":"https:\/\/api.w.org\/{rel}","templated":true}]}}