{"id":1693,"date":"2025-07-17T11:01:21","date_gmt":"2025-07-17T11:01:21","guid":{"rendered":"https:\/\/roscar.ma\/?page_id=1693"},"modified":"2025-07-24T06:50:48","modified_gmt":"2025-07-24T06:50:48","slug":"aluguer-de-carros-marraquexe","status":"publish","type":"page","link":"https:\/\/roscar.ma\/pt-pt\/aluguer-de-carros-marraquexe\/","title":{"rendered":"Aluguer De Carros Marraquexe"},"content":{"rendered":"<h2>Aluguer De Carros Marraquexe a partir de RosCar<\/h2>\n<p>Os pa\u00edses do Norte de \u00c1frica t\u00eam uma capacidade incr\u00edvel de encantar turistas de todo o mundo com os seus costumes e paisagens coloridas. Talvez seja a cultura, ou a culin\u00e1ria local \u00fanica, ou a beleza no dia a dia. Mas sabemos com certeza que \u00e9 preciso alugar um carro em Marrakech para ficar mais pr\u00f3ximo de uma imers\u00e3o total em Marrocos. Por que reservar um ve\u00edculo atrav\u00e9s da RosCar? H\u00e1 quatro respostas:<\/p>\n<ul>\n<li>Aluguer de autom\u00f3veis a longo ou a curto prazo<\/li>\n<li>Cada oferta \u00e9 o melhor pre\u00e7o que pode encontrar<\/li>\n<li>\u00c9 a \u00fanica forma de viajar com conforto<\/li>\n<li>Pre\u00e7os baixos e muitas op\u00e7\u00f5es \u00e0 escolha.<\/li>\n<\/ul>\n<p>Quer comprar um para si? Ent\u00e3o, reserve agora e receber\u00e1 uma reserva pronta em poucos minutos.<\/p>\n<h2>Aluguer De Carros Marraquexe: Guia<\/h2>\n<p>Pode pensar erradamente que o aluguer de carros em Marraquexe \u00e9 um tipo de servi\u00e7o completamente diferente que tem um procedimento \u00fanico que requer certos conhecimentos. No entanto, s\u00f3 precisa de dois minutos para se preparar.<\/p>\n<h3>Primeiro minuto: Escolher o tipo de ve\u00edculo<\/h3>\n<p>Entre muitos tipos, s\u00f3 precisa de um que resolva todos os problemas da aventura que se aproxima:<\/p>\n<ul>\n<li>Carro normal<\/li>\n<li>Descapot\u00e1vel<\/li>\n<li>Carro de luxo<\/li>\n<li>SUV ou Crossover<\/li>\n<li>Mini\/Economia (Aluguer de carros baratos em Marraquexe)<\/li>\n<li>Minivan ou carrinha.<\/li>\n<\/ul>\n<h3>Segundo minuto: Escolher servi\u00e7os adicionais<\/h3>\n<p>Existem muitas op\u00e7\u00f5es para escolher, mas s\u00f3 precisa de uma (ou v\u00e1rias):<\/p>\n<ul>\n<li>Quil\u00f3metros ilimitados: At\u00e9 as cidades mais remotas de Marrocos podem ser exploradas.<\/li>\n<li>Sem dep\u00f3sito: O seu or\u00e7amento \u00e9 mais livre quando se trata de bloqueios sem dep\u00f3sito nos cart\u00f5es de cr\u00e9dito.<\/li>\n<li>Modelo garantido: Reservou um Volkswagen Passat? Obtenha o Passat!<\/li>\n<li>Transmiss\u00e3o: N\u00e3o \u00e9 um manual, mas um autom\u00e1tico \u00e9 recomendado em qualquer situa\u00e7\u00e3o.<\/li>\n<li>Seguro adicional: Este \u00e9 o tipo de atualiza\u00e7\u00e3o de que n\u00e3o se arrepender\u00e1. Experimente a Cobertura Total\/Super CDW, se dispon\u00edvel.<\/li>\n<li>Sem cart\u00e3o de cr\u00e9dito: Utilize dinheiro ou qualquer outro cart\u00e3o banc\u00e1rio.<\/li>\n<li>Cart\u00e3o SIM: Uma liga\u00e7\u00e3o est\u00e1vel a um pre\u00e7o barato \u00e9 a principal prioridade das viagens em 2025.<\/li>\n<li>Condutor adicional: Com sorte, o seu amigo tem carta de condu\u00e7\u00e3o.<\/li>\n<li>Cadeira de crian\u00e7a: Cada pessoa com menos de 10 anos deve ter uma.<\/li>\n<li>Cancelamento gratuito: O montante pr\u00e9-pago ser\u00e1 devolvido \u00e0 sua conta. S\u00f3 funciona 48 horas antes da data<\/li>\n<\/ul>\n<blockquote class=\"info\">\n<h2>Aluguer De Carros Marraquexe em pormenor<\/h2>\n<p>J\u00e1 decidiu o tipo de ve\u00edculo e os servi\u00e7os adicionais? O aluguer de autom\u00f3veis em Marraquexe pode agora ser reservado:<\/p>\n<ol>\n<li>Defina as datas e locais na p\u00e1gina principal.<\/li>\n<li>Clique em Filtros, selecione os desejados.<\/li>\n<li>Obtenha a lista e encontre o melhor. Reservar agora.<\/li>\n<li>O formul\u00e1rio pop-up deve ser preenchido.<\/li>\n<li>Pagar agora.<\/li>\n<\/ol>\n<p>Cada reserva RosCar s\u00f3 pode ser confirmada por pr\u00e9-pagamento. Em regra, trata-se apenas de uma pequena parte do montante e \u00e9 facilmente efectuado com qualquer cart\u00e3o.<\/p><\/blockquote>\n<h2>Aluguer De Carros Marrakech Pre\u00e7o<\/h2>\n<p>Os pre\u00e7os m\u00e9dios que pode encontrar online s\u00e3o:<\/p>\n<ul>\n<li>$15-25\/dia para Econ\u00f3mico ou Mini<\/li>\n<li>$30-40\/dia para Standard<\/li>\n<li>$40-60\/dia para SUV, Crossover, Minivan ou 4&#215;4<\/li>\n<li>$80+\/dia para Descapot\u00e1vel ou Luxo<\/li>\n<\/ul>\n<p>O aluguer de carros em Marraquexe ser\u00e1 mais barato se:<\/p>\n<ul>\n<li>Conseguiu fazer uma reserva antecipada<\/li>\n<li>Monitorizar as ofertas da RosCar<\/li>\n<li>Reservar a meio da semana<\/li>\n<li>preferir um aluguer de longa dura\u00e7\u00e3o<\/li>\n<li>Escolher o tipo certo para as suas necessidades e or\u00e7amento.<\/li>\n<\/ul>\n<p>Eis como comparar os pre\u00e7os:<\/p>\n<h3>Tabela de pre\u00e7os para aluguer de autom\u00f3veis em Marrakech, Marrocos<\/h3>\n<table border=\"1\">\n<thead>\n<tr>\n<th>Modelo de carro<\/th>\n<th>Tipo de carro\u00e7aria<\/th>\n<th>Pre\u00e7o por dia (\u00e9poca baixa)<\/th>\n<th>Pre\u00e7o por dia (\u00e9poca alta)<\/th>\n<th>Passageiros<\/th>\n<th>Capacidade de bagagem<\/th>\n<\/tr>\n<\/thead>\n<tbody>\n<tr>\n<td>Fiat Panda<\/td>\n<td>Hatchback<\/td>\n<td>20 \u20ac<\/td>\n<td>28 \u20ac<\/td>\n<td>4<\/td>\n<td>1<\/td>\n<\/tr>\n<tr>\n<td>Kia Picanto<\/td>\n<td>Porta-bagagens<\/td>\n<td>22 \u20ac<\/td>\n<td>30 \u20ac<\/td>\n<td>4<\/td>\n<td>1<\/td>\n<\/tr>\n<tr>\n<td>Dacia Logan<\/td>\n<td>Sedan<\/td>\n<td>24 \u20ac<\/td>\n<td>34 \u20ac<\/td>\n<td>5<\/td>\n<td>2<\/td>\n<\/tr>\n<tr>\n<td>Peugeot 208<\/td>\n<td>Hatchback<\/td>\n<td>26 \u20ac<\/td>\n<td>36 \u20ac<\/td>\n<td>5<\/td>\n<td>2<\/td>\n<\/tr>\n<tr>\n<td>Renault Clio<\/td>\n<td>Hatchback<\/td>\n<td>27 \u20ac<\/td>\n<td>38 \u20ac<\/td>\n<td>5<\/td>\n<td>2<\/td>\n<\/tr>\n<tr>\n<td>Citro\u00ebn C-Elys\u00e9e<\/td>\n<td>Sedan<\/td>\n<td>28 \u20ac<\/td>\n<td>39 \u20ac<\/td>\n<td>5<\/td>\n<td>3<\/td>\n<\/tr>\n<tr>\n<td>Dacia Duster<\/td>\n<td>SUV<\/td>\n<td>37 \u20ac<\/td>\n<td>49 \u20ac<\/td>\n<td>5<\/td>\n<td>3<\/td>\n<\/tr>\n<tr>\n<td>Hyundai Kona<\/td>\n<td>Crossover<\/td>\n<td>40 \u20ac<\/td>\n<td>52 \u20ac<\/td>\n<td>5<\/td>\n<td>3<\/td>\n<\/tr>\n<tr>\n<td>Renault Kadjar<\/td>\n<td>SUV<\/td>\n<td>50 \u20ac<\/td>\n<td>65 \u20ac<\/td>\n<td>5<\/td>\n<td>4<\/td>\n<\/tr>\n<tr>\n<td>Peugeot 3008<\/td>\n<td>SUV<\/td>\n<td>55 \u20ac<\/td>\n<td>70 \u20ac<\/td>\n<td>5<\/td>\n<td>4<\/td>\n<\/tr>\n<\/tbody>\n<\/table>\n        <div class=\"rpc-chart\">\n            <h3>Altera\u00e7\u00f5es sazonais dos pre\u00e7os de aluguer de autom\u00f3veis em Marraquexe: an\u00e1lise fi\u00e1vel baseada em reservas reais<\/h3>\n            <div><p>Abaixo est\u00e3o os dados anal\u00edticos sobre a mudan\u00e7a no custo m\u00e9dio de aluguer de carros em Marraquexe durante os \u00faltimos tr\u00eas anos. Todas as informa\u00e7\u00f5es s\u00e3o baseadas em transac\u00e7\u00f5es reais efectuadas atrav\u00e9s da plataforma roscar.ma.<\/p>\n<p>A pesquisa abrange todas as principais categorias de autom\u00f3veis - desde modelos econ\u00f3micos a SUVs, descapot\u00e1veis e classe premium. Uma cobertura t\u00e3o ampla torna poss\u00edvel formular um quadro completo das mudan\u00e7as no patrim\u00f3nio ao longo das esta\u00e7\u00f5es tur\u00edsticas e dos h\u00e1bitos de consumo.<\/p>\n<p>\u00c9 evidente que \u00e9 aconselh\u00e1vel reservar o seu ve\u00edculo com anteced\u00eancia, quando os pre\u00e7os e os custos s\u00e3o os melhores. As informa\u00e7\u00f5es fi\u00e1veis da RosCar Morocco s\u00e3o o seu guia para um transfer confort\u00e1vel e seguro em Marraquexe.<\/p>\n<\/div>\n            <div class=\"rpc-chart-bars\">\n                                    <div class=\"rpc-chart-column\">\n                        <div class=\"rpc-chart-inner\" style=\"height: 30.769230769231%\">\n                            <div class=\"rpc-chart-column-value\">16 \u20ac<\/div>\n                            <div class=\"rpc-chart-month\">JAN<\/div>\n                        <\/div>\n                    <\/div>\n                                    <div class=\"rpc-chart-column\">\n                        <div class=\"rpc-chart-inner\" style=\"height: 28.846153846154%\">\n                            <div class=\"rpc-chart-column-value\">15 \u20ac<\/div>\n                            <div class=\"rpc-chart-month\">FEB<\/div>\n                        <\/div>\n                    <\/div>\n                                    <div class=\"rpc-chart-column\">\n                        <div class=\"rpc-chart-inner\" style=\"height: 26.923076923077%\">\n                            <div class=\"rpc-chart-column-value\">14 \u20ac<\/div>\n                            <div class=\"rpc-chart-month\">MAR<\/div>\n                        <\/div>\n                    <\/div>\n                                    <div class=\"rpc-chart-column\">\n                        <div class=\"rpc-chart-inner\" style=\"height: 42.307692307692%\">\n                            <div class=\"rpc-chart-column-value\">22 \u20ac<\/div>\n                            <div class=\"rpc-chart-month\">APR<\/div>\n                        <\/div>\n                    <\/div>\n                                    <div class=\"rpc-chart-column\">\n                        <div class=\"rpc-chart-inner\" style=\"height: 32.692307692308%\">\n                            <div class=\"rpc-chart-column-value\">17 \u20ac<\/div>\n                            <div class=\"rpc-chart-month\">MAY<\/div>\n                        <\/div>\n                    <\/div>\n                                    <div class=\"rpc-chart-column\">\n                        <div class=\"rpc-chart-inner\" style=\"height: 30.769230769231%\">\n                            <div class=\"rpc-chart-column-value\">16 \u20ac<\/div>\n                            <div class=\"rpc-chart-month\">JUN<\/div>\n                        <\/div>\n                    <\/div>\n                                    <div class=\"rpc-chart-column\">\n                        <div class=\"rpc-chart-inner\" style=\"height: 50%\">\n                            <div class=\"rpc-chart-column-value\">26 \u20ac<\/div>\n                            <div class=\"rpc-chart-month\">JUL<\/div>\n                        <\/div>\n                    <\/div>\n                                    <div class=\"rpc-chart-column\">\n                        <div class=\"rpc-chart-inner\" style=\"height: 61.538461538462%\">\n                            <div class=\"rpc-chart-column-value\">32 \u20ac<\/div>\n                            <div class=\"rpc-chart-month\">AUG<\/div>\n                        <\/div>\n                    <\/div>\n                                    <div class=\"rpc-chart-column\">\n                        <div class=\"rpc-chart-inner\" style=\"height: 42.307692307692%\">\n                            <div class=\"rpc-chart-column-value\">22 \u20ac<\/div>\n                            <div class=\"rpc-chart-month\">SEP<\/div>\n                        <\/div>\n                    <\/div>\n                                    <div class=\"rpc-chart-column\">\n                        <div class=\"rpc-chart-inner\" style=\"height: 36.538461538462%\">\n                            <div class=\"rpc-chart-column-value\">19 \u20ac<\/div>\n                            <div class=\"rpc-chart-month\">OCT<\/div>\n                        <\/div>\n                    <\/div>\n                                    <div class=\"rpc-chart-column\">\n                        <div class=\"rpc-chart-inner\" style=\"height: 32.692307692308%\">\n                            <div class=\"rpc-chart-column-value\">17 \u20ac<\/div>\n                            <div class=\"rpc-chart-month\">NOV<\/div>\n                        <\/div>\n                    <\/div>\n                                    <div class=\"rpc-chart-column\">\n                        <div class=\"rpc-chart-inner\" style=\"height: 44.230769230769%\">\n                            <div class=\"rpc-chart-column-value\">23 \u20ac<\/div>\n                            <div class=\"rpc-chart-month\">DEC<\/div>\n                        <\/div>\n                    <\/div>\n                            <\/div>\n        <\/div>\n        \n<h2>Aluguer De Carros Marraquexe: Documentos<\/h2>\n<p>Para levantar o seu ve\u00edculo, podem ser-lhe pedidos os seguintes documentos:<\/p>\n<ol>\n<li>Passaporte<\/li>\n<li>Carta de condu\u00e7\u00e3o<\/li>\n<li>Confirma\u00e7\u00e3o da reserva ou Voucher (a RosCar enviar-lhe-\u00e1 um)<\/li>\n<li>Cart\u00e3o de cr\u00e9dito.<\/li>\n<\/ol>\n<p>N\u00e3o tem um cart\u00e3o de cr\u00e9dito? Ent\u00e3o utilize os filtros para encontrar a op\u00e7\u00e3o de aluguer que necessita. O aluguer de carros em Marraquexe \u00e9 um servi\u00e7o indispens\u00e1vel que lhe permite conhecer n\u00e3o s\u00f3 Marraquexe, mas tamb\u00e9m todo o Marrocos.<\/p>\n","protected":false},"excerpt":{"rendered":"<p>Aluguer De Carros Marraquexe a partir de RosCar Os pa\u00edses do Norte de \u00c1frica t\u00eam uma capacidade incr\u00edvel de encantar turistas de todo o mundo com os seus costumes e paisagens coloridas. Talvez seja a cultura, ou a culin\u00e1ria local \u00fanica, ou a beleza no dia a dia. Mas sabemos com certeza que \u00e9 preciso [&hellip;]<\/p>\n","protected":false},"author":1,"featured_media":187,"parent":0,"menu_order":0,"comment_status":"closed","ping_status":"closed","template":"","meta":{"footnotes":""},"class_list":["post-1693","page","type-page","status-publish","has-post-thumbnail",""],"_links":{"self":[{"href":"https:\/\/roscar.ma\/pt-pt\/wp-json\/wp\/v2\/pages\/1693","targetHints":{"allow":["GET"]}}],"collection":[{"href":"https:\/\/roscar.ma\/pt-pt\/wp-json\/wp\/v2\/pages"}],"about":[{"href":"https:\/\/roscar.ma\/pt-pt\/wp-json\/wp\/v2\/types\/page"}],"author":[{"embeddable":true,"href":"https:\/\/roscar.ma\/pt-pt\/wp-json\/wp\/v2\/users\/1"}],"replies":[{"embeddable":true,"href":"https:\/\/roscar.ma\/pt-pt\/wp-json\/wp\/v2\/comments?post=1693"}],"version-history":[{"count":3,"href":"https:\/\/roscar.ma\/pt-pt\/wp-json\/wp\/v2\/pages\/1693\/revisions"}],"predecessor-version":[{"id":1754,"href":"https:\/\/roscar.ma\/pt-pt\/wp-json\/wp\/v2\/pages\/1693\/revisions\/1754"}],"wp:featuredmedia":[{"embeddable":true,"href":"https:\/\/roscar.ma\/pt-pt\/wp-json\/wp\/v2\/media\/187"}],"wp:attachment":[{"href":"https:\/\/roscar.ma\/pt-pt\/wp-json\/wp\/v2\/media?parent=1693"}],"curies":[{"name":"wp","href":"https:\/\/api.w.org\/{rel}","templated":true}]}}