{"id":1562,"date":"2025-07-17T10:09:50","date_gmt":"2025-07-17T10:09:50","guid":{"rendered":"https:\/\/roscar.ma\/?page_id=1562"},"modified":"2025-07-23T18:29:30","modified_gmt":"2025-07-23T18:29:30","slug":"sobre-nos","status":"publish","type":"page","link":"https:\/\/roscar.ma\/pt-pt\/sobre-nos\/","title":{"rendered":"Sobre n\u00f3s"},"content":{"rendered":"<p>A RosCar Morocco \u00e9 um servi\u00e7o moderno de aluguer de autom\u00f3veis em Marrocos que opera desde 2022. N\u00e3o somos uma empresa de aluguer de autom\u00f3veis, mas sim um agregador online conveniente que re\u00fane as melhores ofertas de parceiros locais em todo o pa\u00eds.<\/p>\n<p>No nosso site roscar.ma, encontrar\u00e1 mais de 200 autom\u00f3veis comprovados de v\u00e1rias classes &#8211; desde modelos compactos urbanos a SUV confort\u00e1veis. Tornamos o processo de reserva o mais simples e acess\u00edvel poss\u00edvel: pode alugar um carro sem dep\u00f3sito e sem cart\u00e3o de cr\u00e9dito.<\/p>\n<p>O nosso objetivo \u00e9 proporcionar aos viajantes uma forma flex\u00edvel e econ\u00f3mica de se deslocarem em Marrocos, contando com a experi\u00eancia e a fiabilidade das empresas locais. Escolha a RosCar Morocco e fa\u00e7a uma viagem com conforto!<\/p>\n","protected":false},"excerpt":{"rendered":"<p>A RosCar Morocco \u00e9 um servi\u00e7o moderno de aluguer de autom\u00f3veis em Marrocos que opera desde 2022. N\u00e3o somos uma empresa de aluguer de autom\u00f3veis, mas sim um agregador online conveniente que re\u00fane as melhores ofertas de parceiros locais em todo o pa\u00eds. No nosso site roscar.ma, encontrar\u00e1 mais de 200 autom\u00f3veis comprovados de v\u00e1rias [&hellip;]<\/p>\n","protected":false},"author":2,"featured_media":0,"parent":0,"menu_order":0,"comment_status":"closed","ping_status":"closed","template":"","meta":{"footnotes":""},"class_list":["post-1562","page","type-page","status-publish",""],"_links":{"self":[{"href":"https:\/\/roscar.ma\/pt-pt\/wp-json\/wp\/v2\/pages\/1562","targetHints":{"allow":["GET"]}}],"collection":[{"href":"https:\/\/roscar.ma\/pt-pt\/wp-json\/wp\/v2\/pages"}],"about":[{"href":"https:\/\/roscar.ma\/pt-pt\/wp-json\/wp\/v2\/types\/page"}],"author":[{"embeddable":true,"href":"https:\/\/roscar.ma\/pt-pt\/wp-json\/wp\/v2\/users\/2"}],"replies":[{"embeddable":true,"href":"https:\/\/roscar.ma\/pt-pt\/wp-json\/wp\/v2\/comments?post=1562"}],"version-history":[{"count":0,"href":"https:\/\/roscar.ma\/pt-pt\/wp-json\/wp\/v2\/pages\/1562\/revisions"}],"wp:attachment":[{"href":"https:\/\/roscar.ma\/pt-pt\/wp-json\/wp\/v2\/media?parent=1562"}],"curies":[{"name":"wp","href":"https:\/\/api.w.org\/{rel}","templated":true}]}}