{"id":1360,"date":"2025-07-23T08:46:35","date_gmt":"2025-07-23T08:46:35","guid":{"rendered":"https:\/\/roscar.ma\/?page_id=1360"},"modified":"2025-07-23T13:47:54","modified_gmt":"2025-07-23T13:47:54","slug":"aluguer-de-carros-marrocos-sem-deposito","status":"publish","type":"page","link":"https:\/\/roscar.ma\/pt-pt\/aluguer-de-carros-marrocos-sem-deposito\/","title":{"rendered":"Aluguer De Carros Marrocos Sem Dep\u00f3sito"},"content":{"rendered":"<h2>Aluguer De Carros Marrocos Sem Dep\u00f3sito com a RosCar<\/h2>\n<p>Ao contr\u00e1rio do tradicional, o aluguer de carros em Marrocos sem dep\u00f3sito pode oferecer uma lista impressionante de vantagens que n\u00e3o podem ser ignoradas:<\/p>\n<ul>\n<li>Sem risco de disputas no futuro (algumas empresas tentam cobrar-lhe dinheiro por pequenos arranh\u00f5es, gasolina ou outras nuances)<\/li>\n<li>Muito mais f\u00e1cil (e r\u00e1pido) de levantar ou devolver<\/li>\n<li>Requer menos dinheiro<\/li>\n<li>N\u00e3o bloqueia o dep\u00f3sito no cart\u00e3o de cr\u00e9dito<\/li>\n<li>Experi\u00eancia sem stress.<\/li>\n<\/ul>\n<p>Esta \u00e9 apenas uma das muitas funcionalidades que pode encontrar nos filtros da RosCar. Experimente e encontre o seu ve\u00edculo ideal em minutos. Reserve agora.<\/p>\n<blockquote class=\"check\">\n<h2>Como alugar um carro em Marrocos sem dep\u00f3sito?<\/h2>\n<p>Todos os condutores com idade entre 21 e 25 anos e que possuam os documentos necess\u00e1rios (passaporte e carta de condu\u00e7\u00e3o) podem alugar um carro em Marrocos sem dep\u00f3sito da seguinte forma:<\/p>\n<ol>\n<li>Clique no filtro \u00abSem dep\u00f3sito\u00bb para obter uma lista.<\/li>\n<li>Navegue por v\u00e1rias ofertas, encontre a melhor e clique em \u00abReservar agora\u00bb.<\/li>\n<li>Verifique os requisitos e selecione o tipo de seguro.<\/li>\n<li>Selecione servi\u00e7os adicionais e clique em \u00abContinuar\u00bb.<\/li>\n<li>Adicione as informa\u00e7\u00f5es do motorista.<\/li>\n<li>Confirme.<\/li>\n<\/ol>\n<p>Nenhum dep\u00f3sito, ou qualquer outro tipo de aluguer, deve ser confirmado atrav\u00e9s do seu cart\u00e3o banc\u00e1rio. N\u00e3o ser\u00e1 debitado mais do que 20% como pagamento antecipado.<\/p><\/blockquote>\n<h3>Tabela de pre\u00e7os de aluguel de carros no Marrocos sem dep\u00f3sito<\/h3>\n<table>\n<thead>\n<tr>\n<th>Modelo do carro<\/th>\n<th>Tipo de carroceria<\/th>\n<th>Pre\u00e7o por dia (baixa temporada)<\/th>\n<th>Pre\u00e7o por dia (alta temporada)<\/th>\n<th>Passageiros<\/th>\n<th>Capacidade de bagagem<\/th>\n<\/tr>\n<\/thead>\n<tbody>\n<tr>\n<td>Chevrolet Spark<\/td>\n<td>Hatchback<\/td>\n<td>19 \u20ac<\/td>\n<td>26 \u20ac<\/td>\n<td>4<\/td>\n<td>1<\/td>\n<\/tr>\n<tr>\n<td>Hyundai Grand i10<\/td>\n<td>Hatchback<\/td>\n<td>21 \u20ac<\/td>\n<td>28 \u20ac<\/td>\n<td>4<\/td>\n<td>1<\/td>\n<\/tr>\n<tr>\n<td>Skoda Fabia<\/td>\n<td>Hatchback<\/td>\n<td>23 \u20ac<\/td>\n<td>31 \u20ac<\/td>\n<td>5<\/td>\n<td>2<\/td>\n<\/tr>\n<tr>\n<td>Peugeot 2008<\/td>\n<td>Crossover<\/td>\n<td>26 \u20ac<\/td>\n<td>35 \u20ac<\/td>\n<td>5<\/td>\n<td>2<\/td>\n<\/tr>\n<tr>\n<td>Volkswagen Golf<\/td>\n<td>Hatchback<\/td>\n<td>27 \u20ac<\/td>\n<td>36 \u20ac<\/td>\n<td>5<\/td>\n<td>2<\/td>\n<\/tr>\n<tr>\n<td>Toyota Yaris Sedan<\/td>\n<td>Sed\u00e3<\/td>\n<td>28 \u20ac<\/td>\n<td>37 \u20ac<\/td>\n<td>5<\/td>\n<td>3<\/td>\n<\/tr>\n<tr>\n<td>Nissan Sunny<\/td>\n<td>Sed\u00e3<\/td>\n<td>29 \u20ac<\/td>\n<td>38 \u20ac<\/td>\n<td>5<\/td>\n<td>3<\/td>\n<\/tr>\n<tr>\n<td>Renault Arkana<\/td>\n<td>Crossover<\/td>\n<td>35 \u20ac<\/td>\n<td>45 \u20ac<\/td>\n<td>5<\/td>\n<td>3<\/td>\n<\/tr>\n<tr>\n<td>MG ZS<\/td>\n<td>SUV<\/td>\n<td>39 \u20ac<\/td>\n<td>49 \u20ac<\/td>\n<td>5<\/td>\n<td>3<\/td>\n<\/tr>\n<tr>\n<td>Volkswagen Tiguan<\/td>\n<td>SUV<\/td>\n<td>55 \u20ac<\/td>\n<td>69 \u20ac<\/td>\n<td>5<\/td>\n<td>4<\/td>\n<\/tr>\n<\/tbody>\n<\/table>\n","protected":false},"excerpt":{"rendered":"<p>Aluguer De Carros Marrocos Sem Dep\u00f3sito com a RosCar Ao contr\u00e1rio do tradicional, o aluguer de carros em Marrocos sem dep\u00f3sito pode oferecer uma lista impressionante de vantagens que n\u00e3o podem ser ignoradas: Sem risco de disputas no futuro (algumas empresas tentam cobrar-lhe dinheiro por pequenos arranh\u00f5es, gasolina ou outras nuances) Muito mais f\u00e1cil (e [&hellip;]<\/p>\n","protected":false},"author":1,"featured_media":1284,"parent":0,"menu_order":0,"comment_status":"closed","ping_status":"closed","template":"","meta":{"footnotes":""},"class_list":["post-1360","page","type-page","status-publish","has-post-thumbnail",""],"_links":{"self":[{"href":"https:\/\/roscar.ma\/pt-pt\/wp-json\/wp\/v2\/pages\/1360","targetHints":{"allow":["GET"]}}],"collection":[{"href":"https:\/\/roscar.ma\/pt-pt\/wp-json\/wp\/v2\/pages"}],"about":[{"href":"https:\/\/roscar.ma\/pt-pt\/wp-json\/wp\/v2\/types\/page"}],"author":[{"embeddable":true,"href":"https:\/\/roscar.ma\/pt-pt\/wp-json\/wp\/v2\/users\/1"}],"replies":[{"embeddable":true,"href":"https:\/\/roscar.ma\/pt-pt\/wp-json\/wp\/v2\/comments?post=1360"}],"version-history":[{"count":0,"href":"https:\/\/roscar.ma\/pt-pt\/wp-json\/wp\/v2\/pages\/1360\/revisions"}],"wp:featuredmedia":[{"embeddable":true,"href":"https:\/\/roscar.ma\/pt-pt\/wp-json\/wp\/v2\/media\/1284"}],"wp:attachment":[{"href":"https:\/\/roscar.ma\/pt-pt\/wp-json\/wp\/v2\/media?parent=1360"}],"curies":[{"name":"wp","href":"https:\/\/api.w.org\/{rel}","templated":true}]}}