{"id":1303,"date":"2025-07-17T10:56:33","date_gmt":"2025-07-17T10:56:33","guid":{"rendered":"https:\/\/roscar.ma\/?page_id=1303"},"modified":"2025-07-23T09:38:28","modified_gmt":"2025-07-23T09:38:28","slug":"aluguer-de-carros-casablanca","status":"publish","type":"page","link":"https:\/\/roscar.ma\/pt-pt\/aluguer-de-carros-casablanca\/","title":{"rendered":"Aluguer De Carros Casablanca"},"content":{"rendered":"<h2>Aluguer De Carros Casablanca a partir de RosCar<\/h2>\n<p>A principal cidade econ\u00f3mica e cultural de Marrocos \u00e9 sempre um bom come\u00e7o para uma grande viagem ao Norte de \u00c1frica. Cultura \u00e1rabe \u00fanica, milhares de anos de hist\u00f3ria na arquitetura moderna, tradi\u00e7\u00f5es e comida deliciosa s\u00e3o o seu plano de a\u00e7\u00e3o. Mas primeiro precisa de alugar um carro em Casablanca. H\u00e1 v\u00e1rias raz\u00f5es para escolher viajar de carro aqui:<\/p>\n<ul>\n<li>\u00c9 muito mais c\u00f3modo do que os transportes p\u00fablicos<\/li>\n<li>Descontos, pre\u00e7os baratos e muitas op\u00e7\u00f5es (algumas delas s\u00e3o gratuitas)<\/li>\n<li>\u00c9 f\u00e1cil encontrar a op\u00e7\u00e3o correta<\/li>\n<li>total liberdade de movimentos.<\/li>\n<\/ul>\n<p>RosCar tem um procedimento de reserva surpreendentemente simples. Basta reservar agora, adicionar o seu cart\u00e3o para pagamento e j\u00e1 est\u00e1.<\/p>\n<h2>Aluguer De Carros Casablanca: O Guia<\/h2>\n<p>O aluguer de carros baratos em Casablanca n\u00e3o \u00e9 fic\u00e7\u00e3o, mas a realidade de qualquer pessoa que conhe\u00e7a algumas regras. Siga-as e chegar\u00e1 ao resultado desejado sem desilus\u00f5es.<\/p>\n<h3>1. Escolher o tipo certo<\/h3>\n<p>Ao ativar os filtros, pode facilmente formar uma lista de ofertas por um dos tipos:<\/p>\n<ul>\n<li>SUV ou Crossover<\/li>\n<li>Autom\u00f3vel de s\u00e9rie<\/li>\n<li>Autom\u00f3vel econ\u00f3mico<\/li>\n<li>Autom\u00f3vel compacto<\/li>\n<li>Mini autom\u00f3vel<\/li>\n<li>Descapot\u00e1vel<\/li>\n<li>Minivan, carrinha e outros.<\/li>\n<\/ul>\n<h3>2. Utilizar op\u00e7\u00f5es extra<\/h3>\n<p>O aluguer de autom\u00f3veis em Casablanca pode vir acompanhado de um ou mais servi\u00e7os adicionais (pagos ou gratuitos):<\/p>\n<ul>\n<li>Modelo garantido: Sem surpresas desagrad\u00e1veis no momento do levantamento do ve\u00edculo.<\/li>\n<li>Transmiss\u00e3o: N\u00e3o pense duas vezes, escolha uma autom\u00e1tica.<\/li>\n<li>Seguro adicional: Um recurso pago que elimina riscos financeiros com Cobertura Total ou SuperCDW.<\/li>\n<li>Condutor adicional: Sabia que pode adicionar uma pessoa ao contrato?<\/li>\n<li>Cadeira de crian\u00e7a: Existem at\u00e9 quatro tipos de sistemas de reten\u00e7\u00e3o para crian\u00e7as de qualquer idade.<\/li>\n<li>Cancelamento gratuito: Disp\u00f5e de um m\u00ednimo de 48 horas para cancelar a sua encomenda.<\/li>\n<li>Quil\u00f3metros ilimitados: Uma funcionalidade gratuita com milhas gr\u00e1tis.<\/li>\n<li>Sem dep\u00f3sito: Toda a gente adora quando se trata de bloqueios sem dep\u00f3sito nos cart\u00f5es de cr\u00e9dito.<\/li>\n<li>Sem cart\u00e3o de cr\u00e9dito: Pode vir com requisitos adicionais para verifica\u00e7\u00f5es de seguran\u00e7a.<\/li>\n<li>Cart\u00e3o SIM: Internet m\u00f3vel de alta velocidade sempre \u00e0 m\u00e3o.<\/li>\n<\/ul>\n<blockquote class=\"info\">\n<h2>Aluguer de autom\u00f3veis em Casablanca: Reservar atrav\u00e9s da RosCar<\/h2>\n<p>O aluguer de autom\u00f3veis em Casablanca pode parecer um dos servi\u00e7os de viagem mais simples que alguma vez contratou:<\/p>\n<ol>\n<li>Defina locais e datas.<\/li>\n<li>Defina filtros de pesquisa (Tipo, op\u00e7\u00f5es e mais).<\/li>\n<li>Reserve agora qualquer ve\u00edculo da lista.<\/li>\n<li>Preenchao formul\u00e1rio com detalhes.<\/li>\n<li>Confirme.<\/li>\n<\/ol>\n<p>O pedido ser\u00e1 considerado confirmado apenas ap\u00f3s o pr\u00e9-pagamento (14-20% do montante) atrav\u00e9s do Pay Now. Aceita-se cart\u00e3o de d\u00e9bito ou cr\u00e9dito na RosCar.<\/p><\/blockquote>\n<h2>Pre\u00e7o do aluguer de um carro em Casablanca<\/h2>\n<p>Aqui est\u00e3o os pre\u00e7os aproximados que pode encontrar nesta cidade:<\/p>\n<ul>\n<li>$15-25 para Mini-Economy<\/li>\n<li>$30-40 para Compacto-Padr\u00e3o<\/li>\n<li>$40-60 para Minivan, Convers\u00edvel, Crossover ou SUV<\/li>\n<li>$70+ para Luxo.<\/li>\n<\/ul>\n<p>O aluguer de carros em Casablanca pode ser mais ou menos caro at\u00e9 40%, dependendo dos seguintes factores:<\/p>\n<ul>\n<li>N\u00famero de dias reservados (\u00e9 melhor alugar um carro de longa dura\u00e7\u00e3o)<\/li>\n<li>Local de levantamento (aeroporto, cidade ou entrega)<\/li>\n<li>\u00c9poca do ano e volume de trabalho da empresa<\/li>\n<li>Servi\u00e7os adicionais inclu\u00eddos.<\/li>\n<\/ul>\n<p>Veja aqui como comparar o pre\u00e7o:<\/p>\n<h3>Tabela de pre\u00e7os para aluguer de autom\u00f3veis em Casablanca, Marrocos<\/h3>\n<table border=\"1\">\n<thead>\n<tr>\n<th>Modelo do carro<\/th>\n<th>Tipo de carro\u00e7aria<\/th>\n<th>Pre\u00e7o por dia (\u00e9poca baixa)<\/th>\n<th>Pre\u00e7o por dia (\u00e9poca alta)<\/th>\n<th>Passageiros<\/th>\n<th>Capacidade de bagagem<\/th>\n<\/tr>\n<\/thead>\n<tbody>\n<tr>\n<td>Kia Picanto<\/td>\n<td>Hatchback<\/td>\n<td>20 \u20ac<\/td>\n<td>27 \u20ac<\/td>\n<td>4<\/td>\n<td>1<\/td>\n<\/tr>\n<tr>\n<td>Dacia Logan<\/td>\n<td>Sedan<\/td>\n<td>22 \u20ac<\/td>\n<td>30 \u20ac<\/td>\n<td>5<\/td>\n<td>2<\/td>\n<\/tr>\n<tr>\n<td>Renault Clio<\/td>\n<td>Porta-bagagens<\/td>\n<td>25 \u20ac<\/td>\n<td>34 \u20ac<\/td>\n<td>5<\/td>\n<td>2<\/td>\n<\/tr>\n<tr>\n<td>Hyundai i20<\/td>\n<td>Hatchback<\/td>\n<td>24 \u20ac<\/td>\n<td>33 \u20ac<\/td>\n<td>5<\/td>\n<td>2<\/td>\n<\/tr>\n<tr>\n<td>Volkswagen Polo<\/td>\n<td>Hatchback<\/td>\n<td>26 \u20ac<\/td>\n<td>36 \u20ac<\/td>\n<td>5<\/td>\n<td>2<\/td>\n<\/tr>\n<tr>\n<td>Citro\u00ebn C-Elys\u00e9e<\/td>\n<td>Sedan<\/td>\n<td>27 \u20ac<\/td>\n<td>37 \u20ac<\/td>\n<td>5<\/td>\n<td>3<\/td>\n<\/tr>\n<tr>\n<td>Peugeot 301<\/td>\n<td>Sedan<\/td>\n<td>28 \u20ac<\/td>\n<td>38 \u20ac<\/td>\n<td>5<\/td>\n<td>3<\/td>\n<\/tr>\n<tr>\n<td>Dacia Duster<\/td>\n<td>SUV<\/td>\n<td>35 \u20ac<\/td>\n<td>46 \u20ac<\/td>\n<td>5<\/td>\n<td>3<\/td>\n<\/tr>\n<tr>\n<td>Renault Kadjar<\/td>\n<td>SUV<\/td>\n<td>48 \u20ac<\/td>\n<td>60 \u20ac<\/td>\n<td>5<\/td>\n<td>4<\/td>\n<\/tr>\n<tr>\n<td>Peugeot 3008<\/td>\n<td>SUV<\/td>\n<td>54 \u20ac<\/td>\n<td>68 \u20ac<\/td>\n<td>5<\/td>\n<td>4<\/td>\n<\/tr>\n<\/tbody>\n<\/table>\n        <div class=\"rpc-chart\">\n            <h3>Altera\u00e7\u00f5es sazonais nos pre\u00e7os de aluguer de autom\u00f3veis em Casablanca: vis\u00e3o geral com base em reservas confirmadas<\/h3>\n            <div><p>Nos \u00faltimos tr\u00eas anos, os especialistas da roscar.ma analisaram sistematicamente as mudan\u00e7as no custo m\u00e9dio de aluguer de carros em Casablanca. Os dados baseiam-se exclusivamente em encomendas reais feitas atrav\u00e9s da nossa plataforma, que coopera com empresas de aluguer de autom\u00f3veis locais fi\u00e1veis.<\/p>\n<p>A monitoriza\u00e7\u00e3o abrange todas as categorias de ve\u00edculos: desde modelos urbanos compactos a SUVs, descapot\u00e1veis e carros executivos. Isto permite-nos seguir com precis\u00e3o as tend\u00eancias sazonais e prever as flutua\u00e7\u00f5es de pre\u00e7os em fun\u00e7\u00e3o da procura e dos per\u00edodos tur\u00edsticos.<\/p>\n<p>Com muitos anos de experi\u00eancia no dom\u00ednio do aluguer de autom\u00f3veis em Marrocos, actualizamos regularmente as informa\u00e7\u00f5es para fornecer aos utilizadores dados actualizados e fi\u00e1veis. Isto \u00e9 especialmente importante para aqueles que planeiam uma viagem a Casablanca e procuram condi\u00e7\u00f5es favor\u00e1veis para o transporte.<\/p>\n<\/div>\n            <div class=\"rpc-chart-bars\">\n                                    <div class=\"rpc-chart-column\">\n                        <div class=\"rpc-chart-inner\" style=\"height: 30.188679245283%\">\n                            <div class=\"rpc-chart-column-value\">16 \u20ac<\/div>\n                            <div class=\"rpc-chart-month\">JAN<\/div>\n                        <\/div>\n                    <\/div>\n                                    <div class=\"rpc-chart-column\">\n                        <div class=\"rpc-chart-inner\" style=\"height: 28.301886792453%\">\n                            <div class=\"rpc-chart-column-value\">15 \u20ac<\/div>\n                            <div class=\"rpc-chart-month\">FEB<\/div>\n                        <\/div>\n                    <\/div>\n                                    <div class=\"rpc-chart-column\">\n                        <div class=\"rpc-chart-inner\" style=\"height: 30.188679245283%\">\n                            <div class=\"rpc-chart-column-value\">16 \u20ac<\/div>\n                            <div class=\"rpc-chart-month\">MAR<\/div>\n                        <\/div>\n                    <\/div>\n                                    <div class=\"rpc-chart-column\">\n                        <div class=\"rpc-chart-inner\" style=\"height: 39.622641509434%\">\n                            <div class=\"rpc-chart-column-value\">21 \u20ac<\/div>\n                            <div class=\"rpc-chart-month\">APR<\/div>\n                        <\/div>\n                    <\/div>\n                                    <div class=\"rpc-chart-column\">\n                        <div class=\"rpc-chart-inner\" style=\"height: 32.075471698113%\">\n                            <div class=\"rpc-chart-column-value\">17 \u20ac<\/div>\n                            <div class=\"rpc-chart-month\">MAY<\/div>\n                        <\/div>\n                    <\/div>\n                                    <div class=\"rpc-chart-column\">\n                        <div class=\"rpc-chart-inner\" style=\"height: 33.962264150943%\">\n                            <div class=\"rpc-chart-column-value\">18 \u20ac<\/div>\n                            <div class=\"rpc-chart-month\">JUN<\/div>\n                        <\/div>\n                    <\/div>\n                                    <div class=\"rpc-chart-column\">\n                        <div class=\"rpc-chart-inner\" style=\"height: 54.716981132075%\">\n                            <div class=\"rpc-chart-column-value\">29 \u20ac<\/div>\n                            <div class=\"rpc-chart-month\">JUL<\/div>\n                        <\/div>\n                    <\/div>\n                                    <div class=\"rpc-chart-column\">\n                        <div class=\"rpc-chart-inner\" style=\"height: 62.264150943396%\">\n                            <div class=\"rpc-chart-column-value\">33 \u20ac<\/div>\n                            <div class=\"rpc-chart-month\">AUG<\/div>\n                        <\/div>\n                    <\/div>\n                                    <div class=\"rpc-chart-column\">\n                        <div class=\"rpc-chart-inner\" style=\"height: 43.396226415094%\">\n                            <div class=\"rpc-chart-column-value\">23 \u20ac<\/div>\n                            <div class=\"rpc-chart-month\">SEP<\/div>\n                        <\/div>\n                    <\/div>\n                                    <div class=\"rpc-chart-column\">\n                        <div class=\"rpc-chart-inner\" style=\"height: 39.622641509434%\">\n                            <div class=\"rpc-chart-column-value\">21 \u20ac<\/div>\n                            <div class=\"rpc-chart-month\">OCT<\/div>\n                        <\/div>\n                    <\/div>\n                                    <div class=\"rpc-chart-column\">\n                        <div class=\"rpc-chart-inner\" style=\"height: 33.962264150943%\">\n                            <div class=\"rpc-chart-column-value\">18 \u20ac<\/div>\n                            <div class=\"rpc-chart-month\">NOV<\/div>\n                        <\/div>\n                    <\/div>\n                                    <div class=\"rpc-chart-column\">\n                        <div class=\"rpc-chart-inner\" style=\"height: 41.509433962264%\">\n                            <div class=\"rpc-chart-column-value\">22 \u20ac<\/div>\n                            <div class=\"rpc-chart-month\">DEC<\/div>\n                        <\/div>\n                    <\/div>\n                            <\/div>\n        <\/div>\n        \n<h2>Aluguer De Carros Casablanca: Documentos<\/h2>\n<p>Apenas alguns documentos que o condutor deve ter para levantar o seu carro de aluguer:<\/p>\n<ol>\n<li>Carta de condu\u00e7\u00e3o<\/li>\n<li>Passaporte<\/li>\n<li>Cart\u00e3o de cr\u00e9dito (dep\u00f3sito, cr\u00e9dito ou controlo de identidade)<\/li>\n<li>Voucher (enviar-lhe-emos um com a confirma\u00e7\u00e3o da sua reserva).<\/li>\n<\/ol>\n","protected":false},"excerpt":{"rendered":"<p>Aluguer De Carros Casablanca a partir de RosCar A principal cidade econ\u00f3mica e cultural de Marrocos \u00e9 sempre um bom come\u00e7o para uma grande viagem ao Norte de \u00c1frica. Cultura \u00e1rabe \u00fanica, milhares de anos de hist\u00f3ria na arquitetura moderna, tradi\u00e7\u00f5es e comida deliciosa s\u00e3o o seu plano de a\u00e7\u00e3o. Mas primeiro precisa de alugar [&hellip;]<\/p>\n","protected":false},"author":1,"featured_media":156,"parent":0,"menu_order":0,"comment_status":"closed","ping_status":"closed","template":"","meta":{"footnotes":""},"class_list":["post-1303","page","type-page","status-publish","has-post-thumbnail",""],"_links":{"self":[{"href":"https:\/\/roscar.ma\/pt-pt\/wp-json\/wp\/v2\/pages\/1303","targetHints":{"allow":["GET"]}}],"collection":[{"href":"https:\/\/roscar.ma\/pt-pt\/wp-json\/wp\/v2\/pages"}],"about":[{"href":"https:\/\/roscar.ma\/pt-pt\/wp-json\/wp\/v2\/types\/page"}],"author":[{"embeddable":true,"href":"https:\/\/roscar.ma\/pt-pt\/wp-json\/wp\/v2\/users\/1"}],"replies":[{"embeddable":true,"href":"https:\/\/roscar.ma\/pt-pt\/wp-json\/wp\/v2\/comments?post=1303"}],"version-history":[{"count":2,"href":"https:\/\/roscar.ma\/pt-pt\/wp-json\/wp\/v2\/pages\/1303\/revisions"}],"predecessor-version":[{"id":1305,"href":"https:\/\/roscar.ma\/pt-pt\/wp-json\/wp\/v2\/pages\/1303\/revisions\/1305"}],"wp:featuredmedia":[{"embeddable":true,"href":"https:\/\/roscar.ma\/pt-pt\/wp-json\/wp\/v2\/media\/156"}],"wp:attachment":[{"href":"https:\/\/roscar.ma\/pt-pt\/wp-json\/wp\/v2\/media?parent=1303"}],"curies":[{"name":"wp","href":"https:\/\/api.w.org\/{rel}","templated":true}]}}